{"id":18,"date":"2020-10-22T10:12:09","date_gmt":"2020-10-22T10:12:09","guid":{"rendered":"http:\/\/catedra.us.es\/catedraautismo\/?page_id=18"},"modified":"2023-03-20T18:45:43","modified_gmt":"2023-03-20T18:45:43","slug":"la-catedra","status":"publish","type":"page","link":"https:\/\/catedra.us.es\/catedraautismo\/la-catedra\/","title":{"rendered":"La C\u00e1tedra"},"content":{"rendered":"\n<h2><img loading=\"lazy\" class=\"size-medium wp-image-290 aligncenter\" src=\"https:\/\/catedra.us.es\/catedraautismo\/wp-content\/uploads\/2022\/08\/Logo-Catedra-Autismo-300x67.png\" alt=\"\" width=\"300\" height=\"67\" srcset=\"https:\/\/catedra.us.es\/catedraautismo\/wp-content\/uploads\/2022\/08\/Logo-Catedra-Autismo-300x67.png 300w, https:\/\/catedra.us.es\/catedraautismo\/wp-content\/uploads\/2022\/08\/Logo-Catedra-Autismo-768x172.png 768w, https:\/\/catedra.us.es\/catedraautismo\/wp-content\/uploads\/2022\/08\/Logo-Catedra-Autismo.png 908w\" sizes=\"(max-width: 300px) 100vw, 300px\" \/><\/h2>\r\n<h2>\u00a0<\/h2>\r\n<h2>Presentaci\u00f3n y Objetivos<\/h2>\n\n\n\n<p>La C\u00e1tedra de Autismo de la Universidad de Sevilla tiene por objetivo fundamental la promoci\u00f3n de actividades docentes y de investigaci\u00f3n interdisciplinar vinculada a los trastornos del espectro del autismo. Dentro de este \u00e1mbito se establecen los siguientes objetivos generales:<\/p>\n\n\n\n<p><\/p>\n\n\n\n<ul><li>El impulso a actividades de I+D+i, que aborden las necesidades identificadas desde las personas con autismo y sus familias y orientadas a lograr un impacto relevante y significativo en su calidad de vida.<\/li><li>La promoci\u00f3n de actividades y cursos de formaci\u00f3n en el seno de la Universidad de Sevilla para la mejora de la capacitaci\u00f3n del alumnado en este campo.<\/li><li>La organizaci\u00f3n de foros de encuentro entre personas del mundo acad\u00e9mico, de las instituciones p\u00fablicas y privadas, empresas, el sector asociativo, estudiantes y\/o cualesquiera otras personas o entidades directa o indirectamente relacionadas con el autismo.<\/li><li>El asesoramiento y apoyo a la Universidad de Sevilla en la atenci\u00f3n al alumnado con autismo, as\u00ed como facilitar su acceso a la educaci\u00f3n superior y su salida hacia el mercado laboral.<\/li><\/ul>\n\n\n\n<h2>\u00a0<\/h2>\r\n<h2>\u00c1mbitos de inter\u00e9s y Proyectos<\/h2>\n\n\n\n<p>En la actualidad son \u00e1mbitos de inter\u00e9s:<\/p>\n\n\n\n<ul><li>Impacto de los servicios y apoyos en la calidad de vida<\/li><li>Inclusi\u00f3n educativa<\/li><li>Inserci\u00f3n profesional de las personas con autismo<\/li><li>Desarrollo del lenguaje en autismo.<\/li><li>Accesibilidad cognitiva<\/li><li>Tecnolog\u00edas aplicadas al autismo<\/li><\/ul>\n\n\n\n<p><\/p>\n\n\n\n<p><\/p>\n\n\n\n<p>&nbsp;<\/p>\n","protected":false},"excerpt":{"rendered":"<p>\u00a0 Presentaci\u00f3n y Objetivos La C\u00e1tedra de Autismo de la Universidad de Sevilla tiene por objetivo fundamental la promoci\u00f3n de actividades docentes y de investigaci\u00f3n interdisciplinar vinculada a los trastornos del espectro del autismo. Dentro de este \u00e1mbito se establecen los siguientes objetivos generales: El impulso a actividades de I+D+i, que aborden las necesidades identificadas [&hellip;]<\/p>\n","protected":false},"author":1,"featured_media":0,"parent":0,"menu_order":0,"comment_status":"closed","ping_status":"closed","template":"","meta":[],"_links":{"self":[{"href":"https:\/\/catedra.us.es\/catedraautismo\/wp-json\/wp\/v2\/pages\/18"}],"collection":[{"href":"https:\/\/catedra.us.es\/catedraautismo\/wp-json\/wp\/v2\/pages"}],"about":[{"href":"https:\/\/catedra.us.es\/catedraautismo\/wp-json\/wp\/v2\/types\/page"}],"author":[{"embeddable":true,"href":"https:\/\/catedra.us.es\/catedraautismo\/wp-json\/wp\/v2\/users\/1"}],"replies":[{"embeddable":true,"href":"https:\/\/catedra.us.es\/catedraautismo\/wp-json\/wp\/v2\/comments?post=18"}],"version-history":[{"count":8,"href":"https:\/\/catedra.us.es\/catedraautismo\/wp-json\/wp\/v2\/pages\/18\/revisions"}],"predecessor-version":[{"id":386,"href":"https:\/\/catedra.us.es\/catedraautismo\/wp-json\/wp\/v2\/pages\/18\/revisions\/386"}],"wp:attachment":[{"href":"https:\/\/catedra.us.es\/catedraautismo\/wp-json\/wp\/v2\/media?parent=18"}],"curies":[{"name":"wp","href":"https:\/\/api.w.org\/{rel}","templated":true}]}}