{"id":22,"date":"2020-10-22T10:13:12","date_gmt":"2020-10-22T10:13:12","guid":{"rendered":"http:\/\/catedra.us.es\/catedraautismo\/?page_id=22"},"modified":"2022-08-21T06:58:56","modified_gmt":"2022-08-21T06:58:56","slug":"universidad-de-sevilla","status":"publish","type":"page","link":"https:\/\/catedra.us.es\/catedraautismo\/universidad-de-sevilla\/","title":{"rendered":"Universidad de Sevilla"},"content":{"rendered":"\r\n<p><img loading=\"lazy\" class=\" wp-image-284 aligncenter\" src=\"https:\/\/catedra.us.es\/catedraautismo\/wp-content\/uploads\/2022\/08\/logo-labdicole-300x170.png\" alt=\"\" width=\"212\" height=\"120\" srcset=\"https:\/\/catedra.us.es\/catedraautismo\/wp-content\/uploads\/2022\/08\/logo-labdicole-300x170.png 300w, https:\/\/catedra.us.es\/catedraautismo\/wp-content\/uploads\/2022\/08\/logo-labdicole.png 711w\" sizes=\"(max-width: 212px) 100vw, 212px\" \/><\/p>\r\n\r\n\r\n\r\n<h2>\u00a0<\/h2>\r\n<h2><strong>El Laboratorio de Diversidad, Cognici\u00f3<\/strong><strong>n y Le<\/strong><strong>ng<\/strong><strong>uaje de la Universidad de Sevilla<\/strong><\/h2>\r\n\r\n\r\n\r\n<p>El Laboratorio de Diversidad, Cognici\u00f3n y Lenguaje es un grupo de investigaci\u00f3n reconocido en el marco del Plan Andaluz de Investigaci\u00f3n, Desarrollo e Innovaci\u00f3n (PAIDI). Su \u00e1mbito de estudio es la investigaci\u00f3n b\u00e1sica y aplicada en el desarrollo del lenguaje oral y escrito en poblaciones especiales o at\u00edpicas como las personas con trastornos del espectro del autismo, los hijos de familias inmigrantes, las personas con trastornos del lenguaje, o ni\u00f1os y adultos con sordera.<\/p>\r\n\r\n\r\n\r\n\r\n\r\n<p>Los investigadores y las investigadoras de este grupo han desarrollado numerosos proyectos relacionados con la atenci\u00f3n y el apoyo educativo al alumnado con autismo y la calidad de vida\u00a0<\/p>\r\n<p>en personas adultas con autismo.<\/p>\r\n\r\n\r\n\r\n\r\n\r\n<p>En la siguiente p\u00e1gina puede encontrar una descripci\u00f3n m\u00e1s detallada de sus m\u00faltiples proyectos nacionales e internacionales, as\u00ed como las principales publicaciones de los integrantes del equipo: <a href=\"http:\/\/instituciona.us.es\/dcptea\" target=\"_blank\" rel=\"noreferrer noopener\" data-type=\"URL\" data-id=\"http:\/\/instituciona.us.es\/dcptea\">instituciona.us.es\/dcptea<\/a>.<\/p>\r\n<p>&nbsp;<\/p>\r\n\r\n\r\n\r\n<p><br \/><iframe loading=\"lazy\" title=\"YouTube video player\" src=\"https:\/\/www.youtube.com\/embed\/vqwOcYlF5oo\" width=\"850\" height=\"500\" frameborder=\"0\" allowfullscreen=\"allowfullscreen\"><\/iframe><\/p>\r\n","protected":false},"excerpt":{"rendered":"<p>\u00a0 El Laboratorio de Diversidad, Cognici\u00f3n y Lenguaje de la Universidad de Sevilla El Laboratorio de Diversidad, Cognici\u00f3n y Lenguaje es un grupo de investigaci\u00f3n reconocido en el marco del Plan Andaluz de Investigaci\u00f3n, Desarrollo e Innovaci\u00f3n (PAIDI). Su \u00e1mbito de estudio es la investigaci\u00f3n b\u00e1sica y aplicada en el desarrollo del lenguaje oral y [&hellip;]<\/p>\n","protected":false},"author":1,"featured_media":0,"parent":0,"menu_order":0,"comment_status":"closed","ping_status":"closed","template":"","meta":[],"_links":{"self":[{"href":"https:\/\/catedra.us.es\/catedraautismo\/wp-json\/wp\/v2\/pages\/22"}],"collection":[{"href":"https:\/\/catedra.us.es\/catedraautismo\/wp-json\/wp\/v2\/pages"}],"about":[{"href":"https:\/\/catedra.us.es\/catedraautismo\/wp-json\/wp\/v2\/types\/page"}],"author":[{"embeddable":true,"href":"https:\/\/catedra.us.es\/catedraautismo\/wp-json\/wp\/v2\/users\/1"}],"replies":[{"embeddable":true,"href":"https:\/\/catedra.us.es\/catedraautismo\/wp-json\/wp\/v2\/comments?post=22"}],"version-history":[{"count":12,"href":"https:\/\/catedra.us.es\/catedraautismo\/wp-json\/wp\/v2\/pages\/22\/revisions"}],"predecessor-version":[{"id":287,"href":"https:\/\/catedra.us.es\/catedraautismo\/wp-json\/wp\/v2\/pages\/22\/revisions\/287"}],"wp:attachment":[{"href":"https:\/\/catedra.us.es\/catedraautismo\/wp-json\/wp\/v2\/media?parent=22"}],"curies":[{"name":"wp","href":"https:\/\/api.w.org\/{rel}","templated":true}]}}