{"id":25,"date":"2020-10-22T10:13:33","date_gmt":"2020-10-22T10:13:33","guid":{"rendered":"http:\/\/catedra.us.es\/catedraautismo\/?page_id=25"},"modified":"2021-10-25T09:05:30","modified_gmt":"2021-10-25T09:05:30","slug":"autismo-sevilla","status":"publish","type":"page","link":"https:\/\/catedra.us.es\/catedraautismo\/autismo-sevilla\/","title":{"rendered":"Autismo Sevilla"},"content":{"rendered":"<p>[vc_row][vc_column width=\u00bb2\/3&#8243;][vc_column_text]Autismo Sevilla es una asociaci\u00f3n de familias de personas con trastorno del espectro del autismo en la provincia de Sevilla, constituida hace m\u00e1s de 40 a\u00f1os y con 25 a\u00f1os desarrollando servicios especializados para personas con autismo y sus familias.<\/p>\r\n<p>\r\n\r\n<br \/>Cuenta con una red de servicios y apoyos que dan respuesta a todo el ciclo vital de las personas en el espectro del autismo y sus familias. Autismo Sevilla se ha consolidado como centro integral de recursos para ofrecer informaci\u00f3n, orientaci\u00f3n, asesoramiento y formaci\u00f3n a las personas en el espectro del autismo, sus familias, profesionales y entidades de toda la provincia.<br \/>Adem\u00e1s, trabaja por un cambio social que garantice la convivencia y los derechos de las personas en el espectro del autismo y sus familias, que les permita participar en su entorno comunitario cercano y en la red de recursos existente.<\/p>\r\n<p>\r\n\r\n<br \/>Para m\u00e1s informaci\u00f3n: <a href=\"https:\/\/www.autismosevilla.org\" target=\"_blank\" rel=\"noreferrer noopener\">www.autismosevilla.org<\/a><\/p>\r\n<p>[\/vc_column_text][\/vc_column][vc_column width=\u00bb1\/3&#8243;][vc_single_image image=\u00bb174&#8243; img_size=\u00bblarge\u00bb][\/vc_column][\/vc_row]<\/p>","protected":false},"excerpt":{"rendered":"<p>[vc_row][vc_column width=\u00bb2\/3&#8243;][vc_column_text]Autismo Sevilla es una asociaci\u00f3n de familias de personas con trastorno del espectro del autismo en la provincia de Sevilla, constituida hace m\u00e1s de 40 a\u00f1os y con 25 a\u00f1os desarrollando servicios especializados para personas con autismo y sus familias. Cuenta con una red de servicios y apoyos que dan respuesta a todo el [&hellip;]<\/p>\n","protected":false},"author":1,"featured_media":0,"parent":0,"menu_order":0,"comment_status":"closed","ping_status":"closed","template":"","meta":[],"_links":{"self":[{"href":"https:\/\/catedra.us.es\/catedraautismo\/wp-json\/wp\/v2\/pages\/25"}],"collection":[{"href":"https:\/\/catedra.us.es\/catedraautismo\/wp-json\/wp\/v2\/pages"}],"about":[{"href":"https:\/\/catedra.us.es\/catedraautismo\/wp-json\/wp\/v2\/types\/page"}],"author":[{"embeddable":true,"href":"https:\/\/catedra.us.es\/catedraautismo\/wp-json\/wp\/v2\/users\/1"}],"replies":[{"embeddable":true,"href":"https:\/\/catedra.us.es\/catedraautismo\/wp-json\/wp\/v2\/comments?post=25"}],"version-history":[{"count":6,"href":"https:\/\/catedra.us.es\/catedraautismo\/wp-json\/wp\/v2\/pages\/25\/revisions"}],"predecessor-version":[{"id":176,"href":"https:\/\/catedra.us.es\/catedraautismo\/wp-json\/wp\/v2\/pages\/25\/revisions\/176"}],"wp:attachment":[{"href":"https:\/\/catedra.us.es\/catedraautismo\/wp-json\/wp\/v2\/media?parent=25"}],"curies":[{"name":"wp","href":"https:\/\/api.w.org\/{rel}","templated":true}]}}