{"id":383,"date":"2023-03-20T18:46:33","date_gmt":"2023-03-20T18:46:33","guid":{"rendered":"https:\/\/catedra.us.es\/catedraautismo\/?page_id=383"},"modified":"2025-01-28T19:46:06","modified_gmt":"2025-01-28T19:46:06","slug":"redes-sociales","status":"publish","type":"page","link":"https:\/\/catedra.us.es\/catedraautismo\/redes-sociales\/","title":{"rendered":"Redes Sociales"},"content":{"rendered":"\n<p>Puedes obtener m\u00e1s informaci\u00f3n sobre lo que hacemos, las actividades que organizamos y las \u00faltimas noticias sobre autismo, sigui\u00e9ndonos en nuestras Redes Sociales en <strong>@CatedraAutismo<\/strong> <\/p>\n\n\n<div class=\"wp-block-image\">\n<figure class=\"aligncenter size-full is-resized\"><img loading=\"lazy\" src=\"https:\/\/catedra.us.es\/catedraautismo\/wp-content\/uploads\/2023\/03\/IG-1.jpg\" alt=\"\" class=\"wp-image-384\" width=\"100\" height=\"99\" srcset=\"https:\/\/catedra.us.es\/catedraautismo\/wp-content\/uploads\/2023\/03\/IG-1.jpg 254w, https:\/\/catedra.us.es\/catedraautismo\/wp-content\/uploads\/2023\/03\/IG-1-150x150.jpg 150w\" sizes=\"(max-width: 100px) 100vw, 100px\" \/><\/figure><\/div>\n\n\n<p class=\"has-text-align-center\"> <a rel=\"noreferrer noopener\" href=\"http:\/\/www.instagram.com\/catedraautismo\/\" data-type=\"URL\" data-id=\"www.instagram.com\/catedraautismo\/\" target=\"_blank\">Haz click aqu\u00ed para acceder a nuestra cuenta en Instagram<\/a><\/p>\n\n\n\n<p><\/p>\n\n\n<div class=\"wp-block-image\">\n<figure class=\"aligncenter size-large is-resized\"><img loading=\"lazy\" src=\"https:\/\/catedra.us.es\/catedraautismo\/wp-content\/uploads\/2025\/01\/LinkedIn_icon.svg_-1024x1024.png\" alt=\"\" class=\"wp-image-660\" width=\"98\" height=\"98\" srcset=\"https:\/\/catedra.us.es\/catedraautismo\/wp-content\/uploads\/2025\/01\/LinkedIn_icon.svg_-1024x1024.png 1024w, https:\/\/catedra.us.es\/catedraautismo\/wp-content\/uploads\/2025\/01\/LinkedIn_icon.svg_-300x300.png 300w, https:\/\/catedra.us.es\/catedraautismo\/wp-content\/uploads\/2025\/01\/LinkedIn_icon.svg_-150x150.png 150w, https:\/\/catedra.us.es\/catedraautismo\/wp-content\/uploads\/2025\/01\/LinkedIn_icon.svg_-768x768.png 768w, https:\/\/catedra.us.es\/catedraautismo\/wp-content\/uploads\/2025\/01\/LinkedIn_icon.svg_.png 1200w\" sizes=\"(max-width: 98px) 100vw, 98px\" \/><\/figure><\/div>\n\n\n<p class=\"has-text-align-center\"><a href=\"https:\/\/www.linkedin.com\/in\/c%C3%A1tedra-de-autismo-220a87336\/\"> <\/a> <a rel=\"noreferrer noopener\" href=\"https:\/\/www.linkedin.com\/in\/c%C3%A1tedra-de-autismo-220a87336\/\" target=\"_blank\">Haz click aqu\u00ed para acceder a nuestra cuenta en LinkedIn<\/a><\/p>\n\n\n\n<p><\/p>\n\n\n<div class=\"wp-block-image\">\n<figure class=\"aligncenter size-full is-resized\"><img loading=\"lazy\" src=\"https:\/\/catedra.us.es\/catedraautismo\/wp-content\/uploads\/2025\/01\/tiktok-1.png\" alt=\"\" class=\"wp-image-669\" width=\"105\" height=\"106\" srcset=\"https:\/\/catedra.us.es\/catedraautismo\/wp-content\/uploads\/2025\/01\/tiktok-1.png 224w, https:\/\/catedra.us.es\/catedraautismo\/wp-content\/uploads\/2025\/01\/tiktok-1-150x150.png 150w\" sizes=\"(max-width: 105px) 100vw, 105px\" \/><\/figure><\/div>\n\n\n<p class=\"has-text-align-center\"><a rel=\"noreferrer noopener\" href=\"https:\/\/www.tiktok.com\/@catedraautismo\" data-type=\"URL\" data-id=\"https:\/\/www.tiktok.com\/@catedraautismo\" target=\"_blank\">Haz click aqu\u00ed para acceder a nuestra cuenta de TikTok<\/a><\/p>\n\n\n\n<p><\/p>\n\n\n<div class=\"wp-block-image\">\n<figure class=\"aligncenter size-large is-resized\"><img loading=\"lazy\" src=\"https:\/\/catedra.us.es\/catedraautismo\/wp-content\/uploads\/2025\/01\/Bluesky_Logo.svg_-1024x905.png\" alt=\"\" class=\"wp-image-672\" width=\"109\" height=\"95\" srcset=\"https:\/\/catedra.us.es\/catedraautismo\/wp-content\/uploads\/2025\/01\/Bluesky_Logo.svg_-1024x905.png 1024w, https:\/\/catedra.us.es\/catedraautismo\/wp-content\/uploads\/2025\/01\/Bluesky_Logo.svg_-300x265.png 300w, https:\/\/catedra.us.es\/catedraautismo\/wp-content\/uploads\/2025\/01\/Bluesky_Logo.svg_-768x679.png 768w, https:\/\/catedra.us.es\/catedraautismo\/wp-content\/uploads\/2025\/01\/Bluesky_Logo.svg_.png 1159w\" sizes=\"(max-width: 109px) 100vw, 109px\" \/><\/figure><\/div>\n\n\n<p class=\"has-text-align-center\"><a rel=\"noreferrer noopener\" href=\"https:\/\/bsky.app\/profile\/catedraautismo.bsky.social\" data-type=\"URL\" data-id=\"https:\/\/bsky.app\/profile\/catedraautismo.bsky.social\" target=\"_blank\">Haz click aqu\u00ed para acceder a nuestra cuenta de Bluesky<\/a><\/p>\n","protected":false},"excerpt":{"rendered":"<p>Puedes obtener m\u00e1s informaci\u00f3n sobre lo que hacemos, las actividades que organizamos y las \u00faltimas noticias sobre autismo, sigui\u00e9ndonos en nuestras Redes Sociales en @CatedraAutismo Haz click aqu\u00ed para acceder a nuestra cuenta en Instagram Haz click aqu\u00ed para acceder a nuestra cuenta en LinkedIn Haz click aqu\u00ed para acceder a nuestra cuenta de TikTok [&hellip;]<\/p>\n","protected":false},"author":2,"featured_media":0,"parent":0,"menu_order":0,"comment_status":"closed","ping_status":"closed","template":"","meta":[],"_links":{"self":[{"href":"https:\/\/catedra.us.es\/catedraautismo\/wp-json\/wp\/v2\/pages\/383"}],"collection":[{"href":"https:\/\/catedra.us.es\/catedraautismo\/wp-json\/wp\/v2\/pages"}],"about":[{"href":"https:\/\/catedra.us.es\/catedraautismo\/wp-json\/wp\/v2\/types\/page"}],"author":[{"embeddable":true,"href":"https:\/\/catedra.us.es\/catedraautismo\/wp-json\/wp\/v2\/users\/2"}],"replies":[{"embeddable":true,"href":"https:\/\/catedra.us.es\/catedraautismo\/wp-json\/wp\/v2\/comments?post=383"}],"version-history":[{"count":8,"href":"https:\/\/catedra.us.es\/catedraautismo\/wp-json\/wp\/v2\/pages\/383\/revisions"}],"predecessor-version":[{"id":674,"href":"https:\/\/catedra.us.es\/catedraautismo\/wp-json\/wp\/v2\/pages\/383\/revisions\/674"}],"wp:attachment":[{"href":"https:\/\/catedra.us.es\/catedraautismo\/wp-json\/wp\/v2\/media?parent=383"}],"curies":[{"name":"wp","href":"https:\/\/api.w.org\/{rel}","templated":true}]}}