{"id":584,"date":"2025-01-13T20:12:37","date_gmt":"2025-01-13T20:12:37","guid":{"rendered":"https:\/\/catedra.us.es\/catedraautismo\/?page_id=584"},"modified":"2025-01-13T20:12:39","modified_gmt":"2025-01-13T20:12:39","slug":"mas-alla-de-neurodiversia","status":"publish","type":"page","link":"https:\/\/catedra.us.es\/catedraautismo\/mas-alla-de-neurodiversia\/","title":{"rendered":"M\u00e1s all\u00e1 de Neurodiversia"},"content":{"rendered":"\n<p>\u00bfEscuchas nuestro podcast #Neurodiversia y te gustar\u00eda saber m\u00e1s sobre los temas que tratamos? Aqu\u00ed puedes hacerlo.<br><br><strong>M\u00e1s All\u00e1 de Neurodiversia<\/strong> es un espacio creado para profundizar en los temas que abordamos en nuestro programa de radio. Aqu\u00ed encontrar\u00e1s art\u00edculos, reflexiones y documentos complementarios que ampl\u00edan las conversaciones sobre autismo. <\/p>\n\n\n\n<p>Este blog es una invitaci\u00f3n a explorar con mayor detalle las experiencias, investigaciones y matices que quiz\u00e1s no caben en cada episodio, pero que merecen ser contados. Nuestra meta es construir un puente entre el conocimiento y la comprensi\u00f3n, promoviendo un di\u00e1logo enriquecedor y emp\u00e1tico sobre la neurodiversidad.<br><\/p>\n\n\n<div class=\"wp-block-image\">\n<figure class=\"aligncenter size-large is-resized\"><img loading=\"lazy\" src=\"https:\/\/catedra.us.es\/catedraautismo\/wp-content\/uploads\/2025\/01\/Mas-alla-de-Neurodiversia-1024x1024.jpg\" alt=\"\" class=\"wp-image-585\" width=\"379\" height=\"379\" srcset=\"https:\/\/catedra.us.es\/catedraautismo\/wp-content\/uploads\/2025\/01\/Mas-alla-de-Neurodiversia-1024x1024.jpg 1024w, https:\/\/catedra.us.es\/catedraautismo\/wp-content\/uploads\/2025\/01\/Mas-alla-de-Neurodiversia-300x300.jpg 300w, https:\/\/catedra.us.es\/catedraautismo\/wp-content\/uploads\/2025\/01\/Mas-alla-de-Neurodiversia-150x150.jpg 150w, https:\/\/catedra.us.es\/catedraautismo\/wp-content\/uploads\/2025\/01\/Mas-alla-de-Neurodiversia-768x768.jpg 768w, https:\/\/catedra.us.es\/catedraautismo\/wp-content\/uploads\/2025\/01\/Mas-alla-de-Neurodiversia.jpg 1080w\" sizes=\"(max-width: 379px) 100vw, 379px\" \/><\/figure><\/div>","protected":false},"excerpt":{"rendered":"<p>\u00bfEscuchas nuestro podcast #Neurodiversia y te gustar\u00eda saber m\u00e1s sobre los temas que tratamos? Aqu\u00ed puedes hacerlo. M\u00e1s All\u00e1 de Neurodiversia es un espacio creado para profundizar en los temas que abordamos en nuestro programa de radio. Aqu\u00ed encontrar\u00e1s art\u00edculos, reflexiones y documentos complementarios que ampl\u00edan las conversaciones sobre autismo. Este blog es una invitaci\u00f3n [&hellip;]<\/p>\n","protected":false},"author":2,"featured_media":0,"parent":0,"menu_order":0,"comment_status":"closed","ping_status":"closed","template":"","meta":[],"_links":{"self":[{"href":"https:\/\/catedra.us.es\/catedraautismo\/wp-json\/wp\/v2\/pages\/584"}],"collection":[{"href":"https:\/\/catedra.us.es\/catedraautismo\/wp-json\/wp\/v2\/pages"}],"about":[{"href":"https:\/\/catedra.us.es\/catedraautismo\/wp-json\/wp\/v2\/types\/page"}],"author":[{"embeddable":true,"href":"https:\/\/catedra.us.es\/catedraautismo\/wp-json\/wp\/v2\/users\/2"}],"replies":[{"embeddable":true,"href":"https:\/\/catedra.us.es\/catedraautismo\/wp-json\/wp\/v2\/comments?post=584"}],"version-history":[{"count":1,"href":"https:\/\/catedra.us.es\/catedraautismo\/wp-json\/wp\/v2\/pages\/584\/revisions"}],"predecessor-version":[{"id":586,"href":"https:\/\/catedra.us.es\/catedraautismo\/wp-json\/wp\/v2\/pages\/584\/revisions\/586"}],"wp:attachment":[{"href":"https:\/\/catedra.us.es\/catedraautismo\/wp-json\/wp\/v2\/media?parent=584"}],"curies":[{"name":"wp","href":"https:\/\/api.w.org\/{rel}","templated":true}]}}