{"id":686,"date":"2025-02-08T19:43:43","date_gmt":"2025-02-08T19:43:43","guid":{"rendered":"https:\/\/catedra.us.es\/catedraautismo\/?page_id=686"},"modified":"2025-06-30T09:39:58","modified_gmt":"2025-06-30T09:39:58","slug":"equipo-de-validadores","status":"publish","type":"page","link":"https:\/\/catedra.us.es\/catedraautismo\/equipo-de-validadores\/","title":{"rendered":"Equipo de Validadores"},"content":{"rendered":"\n<h2>\u00bfQu\u00e9 es?<\/h2>\n\n\n\n<p>El curso <strong>\u201cEquipo de validadores en Lectura F\u00e1cil y Entornos Accesibles\u201d<\/strong> es una formaci\u00f3n online dise\u00f1ada para capacitar a equipos formados por personas con autismo y profesionales. Su objetivo es ense\u00f1ar a adaptar, validar y evaluar materiales en lectura f\u00e1cil, as\u00ed como analizar la accesibilidad cognitiva de los entornos f\u00edsicos.<\/p>\n\n\n\n<p>El enfoque principal se centra en la <strong>accesibilidad cognitiva<\/strong> y el <strong>dise\u00f1o universal<\/strong>, garantizando que la informaci\u00f3n y los espacios sean realmente comprensibles y accesibles para todas las personas, especialmente para quienes tienen diversidad cognitiva.<\/p>\n\n\n\n<p>Esta iniciativa cuenta con el respaldo econ\u00f3mico y social de la <strong><a href=\"https:\/\/www.fundaciononce.es\/es\" target=\"_blank\" rel=\"noreferrer noopener\">Fundaci\u00f3n ONCE<\/a><\/strong> y el <strong><a href=\"https:\/\/www.dsca.gob.es\/es\" target=\"_blank\" rel=\"noreferrer noopener\">Ministerio de Derechos Sociales y Agenda 2030<\/a><\/strong>, entidades comprometidas con la inclusi\u00f3n real y la accesibilidad universal.<\/p>\n\n\n\n<hr class=\"wp-block-separator has-alpha-channel-opacity\"\/>\n\n\n\n<h2>\u00bfQui\u00e9n organiza e imparte el curso?<\/h2>\n\n\n\n<p>Este curso se desarrolla en el marco de la <strong>C\u00e1tedra de Autismo de la Universidad de Sevilla<\/strong>, proyecto dedicado a la investigaci\u00f3n, formaci\u00f3n y sensibilizaci\u00f3n sobre el autismo y la accesibilidad.<\/p>\n\n\n\n<p>La formaci\u00f3n est\u00e1 impartida por un equipo multidisciplinar que combina docentes universitarios y profesionales expertos en accesibilidad de entornos, lectura f\u00e1cil y validaci\u00f3n de materiales, con amplia experiencia en el trabajo con personas con autismo.<\/p>\n\n\n\n<hr class=\"wp-block-separator has-alpha-channel-opacity\"\/>\n\n\n\n<h2>\u00bfA qui\u00e9n est\u00e1 dirigido?<\/h2>\n\n\n\n<p>Est\u00e1 dirigido a equipos de entre tres y cinco personas formados por personas autistas y profesionales de entidades que forman parte de la <a href=\"https:\/\/autismo.org.es\/\" target=\"_blank\" rel=\"noreferrer noopener\"><strong>Confederaci\u00f3n<\/strong> <strong>Autismo Espa\u00f1a<\/strong><\/a>. El aprendizaje colaborativo es clave, por lo que no se admiten inscripciones individuales.<\/p>\n\n\n\n<p>Para aprovechar al m\u00e1ximo la formaci\u00f3n, los participantes deben:<\/p>\n\n\n\n<ul><li>Ser capaces de leer y comprender textos en lectura f\u00e1cil.<\/li><li>Asistir a las clases online semanales de tres horas.<\/li><li>Tener disponibilidad para trabajar en equipo y realizar tareas fuera del horario de clase.<\/li><li>Contar con ordenador y conexi\u00f3n a Internet estable.<\/li><\/ul>\n\n\n\n<hr class=\"wp-block-separator has-alpha-channel-opacity\"\/>\n\n\n\n<h2>Modalidad y contenido del curso<\/h2>\n\n\n\n<p>El curso se imparte completamente <strong>online<\/strong>, a trav\u00e9s del <a href=\"https:\/\/formacioncampusautismo.es\/cursos\/validadores-lectura-facil-accesibles-tercera-edicion\/\" target=\"_blank\" rel=\"noreferrer noopener\">Campus Virtual de Autismo Espa\u00f1a<\/a>, facilitando la participaci\u00f3n desde cualquier lugar. Las sesiones semanales tienen una duraci\u00f3n de tres horas, normalmente por la ma\u00f1ana.<\/p>\n\n\n\n<p>Durante el curso, los equipos aprender\u00e1n a:<\/p>\n\n\n\n<ul><li>Comprender los principios de accesibilidad cognitiva y dise\u00f1o universal.<\/li><li>Adaptar y validar textos en lectura f\u00e1cil para garantizar su comprensi\u00f3n.<\/li><li>Evaluar la accesibilidad y legibilidad de espacios y entornos f\u00edsicos.<\/li><li>Trabajar de forma colaborativa para validar materiales y entornos desde la experiencia directa de las personas con autismo.<\/li><\/ul>\n\n\n\n<p>Adem\u00e1s de las clases en directo, los participantes realizan actividades pr\u00e1cticas y un trabajo final que promueve un aprendizaje activo y aplicado.<\/p>\n\n\n\n<hr class=\"wp-block-separator has-alpha-channel-opacity\"\/>\n\n\n\n<h2>\ud83d\udce9 Contacto e informaci\u00f3n adicional<\/h2>\n\n\n\n<p>Para m\u00e1s informaci\u00f3n sobre el curso y futuras convocatorias, puedes visitar la web de <a class=\"\" href=\"https:\/\/autismo.org.es\">Autismo Espa\u00f1a<\/a> o contactar directamente con la <strong>C\u00e1tedra de Autismo de la Universidad de Sevilla<\/strong> en:<br><strong><a>autismo@us.es<\/a><\/strong><\/p>\n","protected":false},"excerpt":{"rendered":"<p>\u00bfQu\u00e9 es? El curso \u201cEquipo de validadores en Lectura F\u00e1cil y Entornos Accesibles\u201d es una formaci\u00f3n online dise\u00f1ada para capacitar a equipos formados por personas con autismo y profesionales. Su objetivo es ense\u00f1ar a adaptar, validar y evaluar materiales en lectura f\u00e1cil, as\u00ed como analizar la accesibilidad cognitiva de los entornos f\u00edsicos. El enfoque principal [&hellip;]<\/p>\n","protected":false},"author":2,"featured_media":0,"parent":0,"menu_order":0,"comment_status":"closed","ping_status":"closed","template":"","meta":[],"_links":{"self":[{"href":"https:\/\/catedra.us.es\/catedraautismo\/wp-json\/wp\/v2\/pages\/686"}],"collection":[{"href":"https:\/\/catedra.us.es\/catedraautismo\/wp-json\/wp\/v2\/pages"}],"about":[{"href":"https:\/\/catedra.us.es\/catedraautismo\/wp-json\/wp\/v2\/types\/page"}],"author":[{"embeddable":true,"href":"https:\/\/catedra.us.es\/catedraautismo\/wp-json\/wp\/v2\/users\/2"}],"replies":[{"embeddable":true,"href":"https:\/\/catedra.us.es\/catedraautismo\/wp-json\/wp\/v2\/comments?post=686"}],"version-history":[{"count":4,"href":"https:\/\/catedra.us.es\/catedraautismo\/wp-json\/wp\/v2\/pages\/686\/revisions"}],"predecessor-version":[{"id":858,"href":"https:\/\/catedra.us.es\/catedraautismo\/wp-json\/wp\/v2\/pages\/686\/revisions\/858"}],"wp:attachment":[{"href":"https:\/\/catedra.us.es\/catedraautismo\/wp-json\/wp\/v2\/media?parent=686"}],"curies":[{"name":"wp","href":"https:\/\/api.w.org\/{rel}","templated":true}]}}