{"id":692,"date":"2025-02-08T19:45:00","date_gmt":"2025-02-08T19:45:00","guid":{"rendered":"https:\/\/catedra.us.es\/catedraautismo\/?page_id=692"},"modified":"2026-02-06T09:08:52","modified_gmt":"2026-02-06T09:08:52","slug":"actividades-de-sensibilizacion","status":"publish","type":"page","link":"https:\/\/catedra.us.es\/catedraautismo\/actividades-de-sensibilizacion\/","title":{"rendered":"Actividades de sensibilizaci\u00f3n"},"content":{"rendered":"\n<p>La sensibilizaci\u00f3n es un componente esencial de nuestro trabajo. Entender el autismo no es solo una cuesti\u00f3n t\u00e9cnica o educativa: es tambi\u00e9n una cuesti\u00f3n social. Promover el conocimiento, desmontar mitos y fomentar la empat\u00eda contribuye de forma directa a crear entornos m\u00e1s justos, accesibles y respetuosos.<\/p>\n\n\n\n<p>Por ello desarrollamos <strong>actividades de sensibilizaci\u00f3n dirigidas a distintos sectores de la comunidad educativa<\/strong>, adaptadas a la edad, el contexto y las necesidades de cada grupo participante.<\/p>\n\n\n\n<p>Estas actividades tienen como objetivos:<\/p>\n\n\n\n<ul><li>Mejorar la comprensi\u00f3n social del autismo<\/li><li>Desmontar estereotipos y creencias err\u00f3neas<\/li><li>Promover el respeto a la diversidad neurol\u00f3gica<\/li><li>Fomentar la empat\u00eda y la comprensi\u00f3n mutua<\/li><li>Ofrecer claves pr\u00e1cticas para la convivencia<\/li><li>Visibilizar la experiencia de las propias personas autistas<\/li><\/ul>\n\n\n\n<p>Trabajamos desde un enfoque participativo, divulgativo y basado en la evidencia, incorporando siempre que es posible la voz directa de personas autistas y sus experiencias.<\/p>\n\n\n\n<p><\/p>\n","protected":false},"excerpt":{"rendered":"<p>La sensibilizaci\u00f3n es un componente esencial de nuestro trabajo. Entender el autismo no es solo una cuesti\u00f3n t\u00e9cnica o educativa: es tambi\u00e9n una cuesti\u00f3n social. Promover el conocimiento, desmontar mitos y fomentar la empat\u00eda contribuye de forma directa a crear entornos m\u00e1s justos, accesibles y respetuosos. Por ello desarrollamos actividades de sensibilizaci\u00f3n dirigidas a distintos [&hellip;]<\/p>\n","protected":false},"author":2,"featured_media":0,"parent":0,"menu_order":0,"comment_status":"closed","ping_status":"closed","template":"","meta":[],"_links":{"self":[{"href":"https:\/\/catedra.us.es\/catedraautismo\/wp-json\/wp\/v2\/pages\/692"}],"collection":[{"href":"https:\/\/catedra.us.es\/catedraautismo\/wp-json\/wp\/v2\/pages"}],"about":[{"href":"https:\/\/catedra.us.es\/catedraautismo\/wp-json\/wp\/v2\/types\/page"}],"author":[{"embeddable":true,"href":"https:\/\/catedra.us.es\/catedraautismo\/wp-json\/wp\/v2\/users\/2"}],"replies":[{"embeddable":true,"href":"https:\/\/catedra.us.es\/catedraautismo\/wp-json\/wp\/v2\/comments?post=692"}],"version-history":[{"count":2,"href":"https:\/\/catedra.us.es\/catedraautismo\/wp-json\/wp\/v2\/pages\/692\/revisions"}],"predecessor-version":[{"id":954,"href":"https:\/\/catedra.us.es\/catedraautismo\/wp-json\/wp\/v2\/pages\/692\/revisions\/954"}],"wp:attachment":[{"href":"https:\/\/catedra.us.es\/catedraautismo\/wp-json\/wp\/v2\/media?parent=692"}],"curies":[{"name":"wp","href":"https:\/\/api.w.org\/{rel}","templated":true}]}}