{"id":695,"date":"2025-02-08T19:45:44","date_gmt":"2025-02-08T19:45:44","guid":{"rendered":"https:\/\/catedra.us.es\/catedraautismo\/?page_id=695"},"modified":"2026-02-06T08:48:17","modified_gmt":"2026-02-06T08:48:17","slug":"pdi-en-universidad","status":"publish","type":"page","link":"https:\/\/catedra.us.es\/catedraautismo\/pdi-en-universidad\/","title":{"rendered":"Formaci\u00f3n para PDI en la Universidad"},"content":{"rendered":"\n<h1>En colaboraci\u00f3n con el ICE \u2013 Instituto de Ciencias de la Educaci\u00f3n (Universidad de Sevilla)<\/h1>\n\n\n\n<p>Desarrollamos programas de formaci\u00f3n especializada dirigidos a profesorado universitario en colaboraci\u00f3n con el <strong>Instituto de Ciencias de la Educaci\u00f3n (ICE) de la Universidad de Sevilla<\/strong>, organismo de referencia en innovaci\u00f3n y mejora de la docencia universitaria.<\/p>\n\n\n\n<p>Estas acciones formativas est\u00e1n orientadas a dotar al personal docente de herramientas pr\u00e1cticas, conocimiento aplicado y estrategias pedag\u00f3gicas inclusivas para favorecer la participaci\u00f3n, el aprendizaje y el \u00e9xito acad\u00e9mico del estudiantado con autismo en el entorno universitario.<\/p>\n\n\n\n<p>Los cursos abordan contenidos clave como:<\/p>\n\n\n\n<ul><li>La comprensi\u00f3n del autismo en la etapa universitaria<\/li><li>Identificaci\u00f3n de barreras en el aula y en la evaluaci\u00f3n<\/li><li>Dise\u00f1o de adaptaciones y ajustes razonables<\/li><li>Estrategias de apoyo al aprendizaje y a la participaci\u00f3n<\/li><li>Creaci\u00f3n de entornos docentes m\u00e1s accesibles e inclusivos<\/li><li>Buenas pr\u00e1cticas en comunicaci\u00f3n y acompa\u00f1amiento acad\u00e9mico<\/li><\/ul>\n\n\n\n<p>La formaci\u00f3n es impartida por especialistas en autismo, profesorado universitario y profesionales con experiencia directa en intervenci\u00f3n y apoyo, incorporando adem\u00e1s la voz y la experiencia de personas autistas.<\/p>\n\n\n\n<p>A trav\u00e9s de esta l\u00ednea de trabajo contribuimos a mejorar la capacitaci\u00f3n docente y a impulsar una universidad m\u00e1s inclusiva, equitativa y basada en la evidencia.<\/p>\n\n\n\n<p><\/p>\n","protected":false},"excerpt":{"rendered":"<p>En colaboraci\u00f3n con el ICE \u2013 Instituto de Ciencias de la Educaci\u00f3n (Universidad de Sevilla) Desarrollamos programas de formaci\u00f3n especializada dirigidos a profesorado universitario en colaboraci\u00f3n con el Instituto de Ciencias de la Educaci\u00f3n (ICE) de la Universidad de Sevilla, organismo de referencia en innovaci\u00f3n y mejora de la docencia universitaria. Estas acciones formativas est\u00e1n [&hellip;]<\/p>\n","protected":false},"author":2,"featured_media":0,"parent":0,"menu_order":0,"comment_status":"closed","ping_status":"closed","template":"","meta":[],"_links":{"self":[{"href":"https:\/\/catedra.us.es\/catedraautismo\/wp-json\/wp\/v2\/pages\/695"}],"collection":[{"href":"https:\/\/catedra.us.es\/catedraautismo\/wp-json\/wp\/v2\/pages"}],"about":[{"href":"https:\/\/catedra.us.es\/catedraautismo\/wp-json\/wp\/v2\/types\/page"}],"author":[{"embeddable":true,"href":"https:\/\/catedra.us.es\/catedraautismo\/wp-json\/wp\/v2\/users\/2"}],"replies":[{"embeddable":true,"href":"https:\/\/catedra.us.es\/catedraautismo\/wp-json\/wp\/v2\/comments?post=695"}],"version-history":[{"count":3,"href":"https:\/\/catedra.us.es\/catedraautismo\/wp-json\/wp\/v2\/pages\/695\/revisions"}],"predecessor-version":[{"id":947,"href":"https:\/\/catedra.us.es\/catedraautismo\/wp-json\/wp\/v2\/pages\/695\/revisions\/947"}],"wp:attachment":[{"href":"https:\/\/catedra.us.es\/catedraautismo\/wp-json\/wp\/v2\/media?parent=695"}],"curies":[{"name":"wp","href":"https:\/\/api.w.org\/{rel}","templated":true}]}}