{"id":697,"date":"2025-02-08T19:46:05","date_gmt":"2025-02-08T19:46:05","guid":{"rendered":"https:\/\/catedra.us.es\/catedraautismo\/?page_id=697"},"modified":"2026-02-06T08:53:18","modified_gmt":"2026-02-06T08:53:18","slug":"docentes-de-secundaria","status":"publish","type":"page","link":"https:\/\/catedra.us.es\/catedraautismo\/docentes-de-secundaria\/","title":{"rendered":"Docentes de Secundaria"},"content":{"rendered":"\n<h2>En colaboraci\u00f3n con el CEP \u2013 Centro de Formaci\u00f3n del Profesorado de Sevilla<\/h2>\n\n\n\n<p>Desarrollamos programas de formaci\u00f3n dirigidos a <strong>docentes de Educaci\u00f3n Secundaria Obligatoria y ense\u00f1anzas postobligatorias<\/strong> en colaboraci\u00f3n con el <strong>Centro de Formaci\u00f3n del Profesorado (CEP) de Sevilla<\/strong>, dentro de las acciones de actualizaci\u00f3n y especializaci\u00f3n docente.<\/p>\n\n\n\n<p>Estos cursos est\u00e1n dise\u00f1ados para ofrecer una base s\u00f3lida y aplicada sobre el autismo en contextos educativos de secundaria, bachillerato, formaci\u00f3n profesional y ense\u00f1anzas art\u00edsticas, proporcionando recursos concretos para la intervenci\u00f3n educativa y la inclusi\u00f3n real en el aula.<\/p>\n\n\n\n<p>Las acciones formativas incluyen:<\/p>\n\n\n\n<ul><li>La comprensi\u00f3n actualizada del autismo<\/li><li>Detecci\u00f3n y An\u00e1lisis de las necesidades educativas en la adolescencia y juventud<\/li><li>Apoyos en el \u00e1mbito acad\u00e9mico y social<\/li><li>Comprensi\u00f3n de las funciones ejecutivas y su impacto en el aprendizaje<\/li><li>Dise\u00f1o de medidas de adaptaci\u00f3n y ajuste metodol\u00f3gico<\/li><li>Estrategias de acompa\u00f1amiento y autonom\u00eda del alumnado<\/li><li>La transici\u00f3n a estudios postobligatorios y universidad<\/li><\/ul>\n\n\n\n<p>La formaci\u00f3n combina contenidos t\u00e9cnicos, experiencias pr\u00e1cticas y testimonios de personas autistas, junto con la participaci\u00f3n de profesionales especializados en educaci\u00f3n e inclusi\u00f3n.<\/p>\n\n\n\n<p>Con esta l\u00ednea de proyectos reforzamos nuestro compromiso con la formaci\u00f3n docente y con la mejora de las oportunidades educativas del alumnado autista en etapas clave de su desarrollo acad\u00e9mico y personal.<\/p>\n\n\n\n<p><\/p>\n\n\n<div class=\"wp-block-image\">\n<figure class=\"aligncenter size-large is-resized\"><img loading=\"lazy\" src=\"https:\/\/catedra.us.es\/catedraautismo\/wp-content\/uploads\/2025\/02\/Curso-CEP-1024x1024.jpg\" alt=\"seis im\u00e1genes en las que podemos ver a personas dando clases y a Pilar y Quino en la esquina inferior izquierda sonriendo\" class=\"wp-image-731\" width=\"439\" height=\"439\" srcset=\"https:\/\/catedra.us.es\/catedraautismo\/wp-content\/uploads\/2025\/02\/Curso-CEP-1024x1024.jpg 1024w, https:\/\/catedra.us.es\/catedraautismo\/wp-content\/uploads\/2025\/02\/Curso-CEP-300x300.jpg 300w, https:\/\/catedra.us.es\/catedraautismo\/wp-content\/uploads\/2025\/02\/Curso-CEP-150x150.jpg 150w, https:\/\/catedra.us.es\/catedraautismo\/wp-content\/uploads\/2025\/02\/Curso-CEP-768x768.jpg 768w, https:\/\/catedra.us.es\/catedraautismo\/wp-content\/uploads\/2025\/02\/Curso-CEP-1536x1536.jpg 1536w, https:\/\/catedra.us.es\/catedraautismo\/wp-content\/uploads\/2025\/02\/Curso-CEP.jpg 2048w\" sizes=\"(max-width: 439px) 100vw, 439px\" \/><\/figure><\/div>","protected":false},"excerpt":{"rendered":"<p>En colaboraci\u00f3n con el CEP \u2013 Centro de Formaci\u00f3n del Profesorado de Sevilla Desarrollamos programas de formaci\u00f3n dirigidos a docentes de Educaci\u00f3n Secundaria Obligatoria y ense\u00f1anzas postobligatorias en colaboraci\u00f3n con el Centro de Formaci\u00f3n del Profesorado (CEP) de Sevilla, dentro de las acciones de actualizaci\u00f3n y especializaci\u00f3n docente. Estos cursos est\u00e1n dise\u00f1ados para ofrecer una [&hellip;]<\/p>\n","protected":false},"author":2,"featured_media":0,"parent":0,"menu_order":0,"comment_status":"closed","ping_status":"closed","template":"","meta":[],"_links":{"self":[{"href":"https:\/\/catedra.us.es\/catedraautismo\/wp-json\/wp\/v2\/pages\/697"}],"collection":[{"href":"https:\/\/catedra.us.es\/catedraautismo\/wp-json\/wp\/v2\/pages"}],"about":[{"href":"https:\/\/catedra.us.es\/catedraautismo\/wp-json\/wp\/v2\/types\/page"}],"author":[{"embeddable":true,"href":"https:\/\/catedra.us.es\/catedraautismo\/wp-json\/wp\/v2\/users\/2"}],"replies":[{"embeddable":true,"href":"https:\/\/catedra.us.es\/catedraautismo\/wp-json\/wp\/v2\/comments?post=697"}],"version-history":[{"count":3,"href":"https:\/\/catedra.us.es\/catedraautismo\/wp-json\/wp\/v2\/pages\/697\/revisions"}],"predecessor-version":[{"id":951,"href":"https:\/\/catedra.us.es\/catedraautismo\/wp-json\/wp\/v2\/pages\/697\/revisions\/951"}],"wp:attachment":[{"href":"https:\/\/catedra.us.es\/catedraautismo\/wp-json\/wp\/v2\/media?parent=697"}],"curies":[{"name":"wp","href":"https:\/\/api.w.org\/{rel}","templated":true}]}}