{"id":966,"date":"2026-03-04T09:04:07","date_gmt":"2026-03-04T09:04:07","guid":{"rendered":"https:\/\/catedra.us.es\/catedraautismo\/?page_id=966"},"modified":"2026-03-04T09:04:09","modified_gmt":"2026-03-04T09:04:09","slug":"fundacion-grupo-azvi","status":"publish","type":"page","link":"https:\/\/catedra.us.es\/catedraautismo\/fundacion-grupo-azvi\/","title":{"rendered":"Fundaci\u00f3n Grupo Azvi"},"content":{"rendered":"\n<p>La Fundaci\u00f3n Grupo Azvi, creada en 2011, canaliza la Responsabilidad Social Corporativa del Grupo mediante proyectos sociales propios y la colaboraci\u00f3n con entidades sin \u00e1nimo de lucro.<\/p>\n\n\n\n<p>Su misi\u00f3n es contribuir al desarrollo integral de la sociedad, promoviendo el respeto al entorno y a las personas, y actuando contra la exclusi\u00f3n social, especialmente a trav\u00e9s de la prevenci\u00f3n con ni\u00f1os, adolescentes y madres.<\/p>\n\n\n\n<p>La Fundaci\u00f3n impulsa programas educativos que favorecen el desarrollo social y mejoran las oportunidades de inserci\u00f3n laboral de los j\u00f3venes.<\/p>\n\n\n\n<p>Adem\u00e1s, apuesta por la formaci\u00f3n y la educaci\u00f3n en valores como base del progreso, fomentando el esfuerzo y el desarrollo de las capacidades individuales.<\/p>\n","protected":false},"excerpt":{"rendered":"<p>La Fundaci\u00f3n Grupo Azvi, creada en 2011, canaliza la Responsabilidad Social Corporativa del Grupo mediante proyectos sociales propios y la colaboraci\u00f3n con entidades sin \u00e1nimo de lucro. Su misi\u00f3n es contribuir al desarrollo integral de la sociedad, promoviendo el respeto al entorno y a las personas, y actuando contra la exclusi\u00f3n social, especialmente a trav\u00e9s [&hellip;]<\/p>\n","protected":false},"author":2,"featured_media":0,"parent":0,"menu_order":0,"comment_status":"closed","ping_status":"closed","template":"","meta":[],"_links":{"self":[{"href":"https:\/\/catedra.us.es\/catedraautismo\/wp-json\/wp\/v2\/pages\/966"}],"collection":[{"href":"https:\/\/catedra.us.es\/catedraautismo\/wp-json\/wp\/v2\/pages"}],"about":[{"href":"https:\/\/catedra.us.es\/catedraautismo\/wp-json\/wp\/v2\/types\/page"}],"author":[{"embeddable":true,"href":"https:\/\/catedra.us.es\/catedraautismo\/wp-json\/wp\/v2\/users\/2"}],"replies":[{"embeddable":true,"href":"https:\/\/catedra.us.es\/catedraautismo\/wp-json\/wp\/v2\/comments?post=966"}],"version-history":[{"count":1,"href":"https:\/\/catedra.us.es\/catedraautismo\/wp-json\/wp\/v2\/pages\/966\/revisions"}],"predecessor-version":[{"id":967,"href":"https:\/\/catedra.us.es\/catedraautismo\/wp-json\/wp\/v2\/pages\/966\/revisions\/967"}],"wp:attachment":[{"href":"https:\/\/catedra.us.es\/catedraautismo\/wp-json\/wp\/v2\/media?parent=966"}],"curies":[{"name":"wp","href":"https:\/\/api.w.org\/{rel}","templated":true}]}}