{"id":511,"date":"2021-06-21T08:28:04","date_gmt":"2021-06-21T08:28:04","guid":{"rendered":"https:\/\/catedra.us.es\/catedracepsa\/?page_id=511"},"modified":"2021-06-24T10:55:26","modified_gmt":"2021-06-24T10:55:26","slug":"actividades-id","status":"publish","type":"page","link":"https:\/\/catedra.us.es\/catedracepsa\/actividades\/actividades-id\/","title":{"rendered":"Actividades de I+D"},"content":{"rendered":"\n<section class=\"wp-block-uagb-section uagb-section__wrap uagb-section__background-image alignfull uagb-block-0677cbab altura613\"><div class=\"uagb-section__overlay\"><\/div><div class=\"uagb-section__inner-wrap\">\n<section class=\"wp-block-uagb-section uagb-section__wrap uagb-section__background-undefined uagb-block-25f38bfd\"><div class=\"uagb-section__overlay\"><\/div><div class=\"uagb-section__inner-wrap\">\n<h5 class=\"has-white-color has-text-color\">NUESTRAS<\/h5>\n\n\n\n<h1 class=\"marginbottomsiete has-white-color has-text-color\" style=\"font-size:60px\">Actividades<br>de I+D<\/h1>\n\n\n\n<p class=\"has-white-color has-text-color\" style=\"font-size:18px\">\u00danete a nuestras actividades de desarrollo<br>e investigaci\u00f3n profesionales que impartimos<br>en la Escuela Superior de Ingenier\u00eda de Sevilla.<\/p>\n<\/div><\/section>\n<\/div><\/section>\n\n\n\n<section class=\"wp-block-uagb-section uagb-section__wrap uagb-section__background-undefined uagb-block-0b8ca32c\"><div class=\"uagb-section__overlay\"><\/div><div class=\"uagb-section__inner-wrap\">\n\t\t\t<div class=\"uagb-post-grid noticiasseccion uagb-post__image-position-top uagb-block-f95a765e   \" data-total=\"1\">\n\n\t\t\t\t<div class=\"uagb-post__items uagb-post__columns-3 is-grid uagb-post__columns-tablet-2 uagb-post__columns-mobile-1 uagb-post__equal-height\">\n\n\t\t\t\t\t\t\t\t<article >\n\t\t\t\t\t\t\t\t\t\t<div class=\"uagb-post__inner-wrap\">\n\t\t\t\t\t\t\t\t\t\t\t\t\t\t\t<div class='uagb-post__image'>\n\t\t\t\t<a href=\"https:\/\/catedra.us.es\/catedracepsa\/2019\/11\/19\/becas-id-para-alumnos-de-grado-y-master\/\" target=\"_self\" rel=\"bookmark noopener noreferrer\"><img width=\"940\" height=\"500\" src=\"https:\/\/catedra.us.es\/catedracepsa\/wp-content\/uploads\/2021\/06\/centro_investigacion_cepsa.jpg\" class=\"attachment-large size-large\" alt=\"\" loading=\"lazy\" srcset=\"https:\/\/catedra.us.es\/catedracepsa\/wp-content\/uploads\/2021\/06\/centro_investigacion_cepsa.jpg 940w, https:\/\/catedra.us.es\/catedracepsa\/wp-content\/uploads\/2021\/06\/centro_investigacion_cepsa-300x160.jpg 300w, https:\/\/catedra.us.es\/catedracepsa\/wp-content\/uploads\/2021\/06\/centro_investigacion_cepsa-768x409.jpg 768w\" sizes=\"(max-width: 940px) 100vw, 940px\" \/>\t\t\t\t<\/a>\n\t\t\t<\/div>\n\t\t\t\t\t\t<div class='uagb-post__text'> \n\t\t\t\t<h3 class=\"uagb-post__title\">\n\t\t\t\t\t<a href=\"https:\/\/catedra.us.es\/catedracepsa\/2019\/11\/19\/becas-id-para-alumnos-de-grado-y-master\/\" target=\"_self\" rel=\"bookmark noopener noreferrer\">Becas I+D para alumnos de Grado y M\u00e1ster<\/a>\n\t\t\t\t<\/h3>\n\t\t\t<\/div>\n\t\t\t\t\t\t<div class='uagb-post__text'> \n\t\t\t<div class=\"uagb-post-grid-byline\">\n\t\t\t\t\t\t\t\t<time datetime=\"2019-11-19T09:02:00+00:00\" class=\"uagb-post__date\">\n\t\t\t\t\t<span class=\"dashicons-calendar dashicons\"><\/span>\n\t\t\t\t\t19 de noviembre de 2019\t\t\t\t<\/time>\n\t\t\t\t\t\t<\/div>\n\t\t\t<\/div>\n\t\t\t\t\t\t\t<div class='uagb-post__text'> \n\t\t\t\t\t<div class=\"uagb-post__excerpt\">\n\t\t\t\t\t\tLa C\u00e1tedra Fundaci\u00f3n Cepsa abre una nueva l\u00ednea de becas para alumnos \u2026\t\t\t\t\t<\/div>\n\t\t\t<\/div>\n\t\t\t\t\t\t\t\t<\/div>\n\t\t\t\t\t\t\t\t\t<\/article>\n\t\t\t\t\t\t\t\t<\/div>\n\t\t\t\t\t\t\t<\/div>\n\t\t\t<\/div><\/section>\n\n\n\n<section class=\"wp-block-uagb-section uagb-section__wrap uagb-section__background-image uagb-block-458a6541 height400\"><div class=\"uagb-section__overlay\"><\/div><div class=\"uagb-section__inner-wrap\">\n<section class=\"wp-block-uagb-section uagb-section__wrap uagb-section__background-undefined uagb-block-1dd5f5c3\"><div class=\"uagb-section__overlay\"><\/div><div class=\"uagb-section__inner-wrap\">\n<h2 class=\"has-text-align-center has-white-color has-text-color\">M\u00c1S ACTIVIDADES<\/h2>\n<\/div><\/section>\n\n\n\n<section class=\"wp-block-uagb-section uagb-section__wrap uagb-section__background-undefined uagb-block-9e8f4d9a\"><div class=\"uagb-section__overlay\"><\/div><div class=\"uagb-section__inner-wrap\">\n<p class=\"has-text-align-center has-white-color has-text-color\">UNA FORMACI\u00d3N DE CALIDAD, CON LOS MEJORES DOCENTES Y PROFESIONALES A TU DISPOSICI\u00d3N. <strong>\u00a1DESARROLLA TU TALENTO CON NOSOTROS!<\/strong><\/p>\n<\/div><\/section>\n<\/div><\/section>\n\n\n\n<section class=\"wp-block-uagb-section uagb-section__wrap uagb-section__background-undefined uagb-block-d6bdcf5c\"><div class=\"uagb-section__overlay\"><\/div><div class=\"uagb-section__inner-wrap\">\n<div class=\"wp-block-buttons alignwide is-content-justification-center\">\n<div class=\"wp-block-button anchoboton\"><a class=\"wp-block-button__link\" href=\"https:\/\/catedra.us.es\/catedracepsa\/actividades\/\">NUESTRA FORMACI\u00d3N<\/a><\/div>\n<\/div>\n<\/div><\/section>\n\n\n\n<section class=\"wp-block-uagb-section uagb-section__wrap uagb-section__background-image uagb-block-9520a642 height400\"><div class=\"uagb-section__overlay\"><\/div><div class=\"uagb-section__inner-wrap\">\n<section class=\"wp-block-uagb-section uagb-section__wrap uagb-section__background-undefined uagb-block-290f1b27\"><div class=\"uagb-section__overlay\"><\/div><div class=\"uagb-section__inner-wrap\">\n<h2 class=\"has-text-align-center has-white-color has-text-color\">PREMIOS, BECAS<br>Y AYUDAS<\/h2>\n<\/div><\/section>\n\n\n\n<section class=\"wp-block-uagb-section uagb-section__wrap uagb-section__background-undefined uagb-block-f81a920c\"><div class=\"uagb-section__overlay\"><\/div><div class=\"uagb-section__inner-wrap\">\n<p class=\"has-text-align-center has-white-color has-text-color\">PARTICIPA EN NUESTRO PROGRAMA DE BECAS<br>Y F\u00d3RMATE CON NOSOTROS<\/p>\n<\/div><\/section>\n<\/div><\/section>\n\n\n\n<section class=\"wp-block-uagb-section uagb-section__wrap uagb-section__background-undefined uagb-block-bff49b5d\"><div class=\"uagb-section__overlay\"><\/div><div class=\"uagb-section__inner-wrap\">\n<div class=\"wp-block-buttons alignwide is-content-justification-center\">\n<div class=\"wp-block-button anchoboton\"><a class=\"wp-block-button__link\" href=\"https:\/\/catedra.us.es\/catedracepsa\/becas-premios-y-ayudas\/\">PREMIOS, BECAS Y AYUDAS<\/a><\/div>\n<\/div>\n<\/div><\/section>\n\n\n\n<section class=\"wp-block-uagb-section uagb-section__wrap uagb-section__background-undefined uagb-block-086f40b3\"><div class=\"uagb-section__overlay\"><\/div><div class=\"uagb-section__inner-wrap\">\n<h2 class=\"has-text-align-center has-black-color has-text-color\">NOTICIAS<\/h2>\n<\/div><\/section>\n\n\n\n<section class=\"wp-block-uagb-section uagb-section__wrap uagb-section__background-undefined uagb-block-0ed69507\"><div class=\"uagb-section__overlay\"><\/div><div class=\"uagb-section__inner-wrap\">\n<p class=\"has-text-align-center\">DESCUBRE LAS \u00daLTIMAS NOTICIAS EN C\u00c1TEDRA FUNDACI\u00d3N CEPSA<\/p>\n<\/div><\/section>\n\n\n\n<section class=\"wp-block-uagb-section uagb-section__wrap uagb-section__background-undefined uagb-block-4029b884\"><div class=\"uagb-section__overlay\"><\/div><div class=\"uagb-section__inner-wrap\">\n\t\t\t<div class=\"uagb-post-grid noticiasseccion uagb-post__image-position-top uagb-block-1b29aae5   \" data-total=\"9\">\n\n\t\t\t\t<div class=\"uagb-post__items uagb-post__columns-3 is-grid uagb-post__columns-tablet-2 uagb-post__columns-mobile-1 uagb-post__equal-height\">\n\n\t\t\t\t\t\t\t\t<article >\n\t\t\t\t\t\t\t\t\t\t<div class=\"uagb-post__inner-wrap\">\n\t\t\t\t\t\t\t\t\t\t\t\t\t\t\t<div class='uagb-post__image'>\n\t\t\t\t<a href=\"https:\/\/catedra.us.es\/catedracepsa\/2025\/11\/03\/mesa-redonda-nuevas-capacitaciones-profesionales-para-la-transicion-energetica\/\" target=\"_self\" rel=\"bookmark noopener noreferrer\"><img width=\"1024\" height=\"669\" src=\"https:\/\/catedra.us.es\/catedracepsa\/wp-content\/uploads\/2025\/11\/Captura-de-pantalla-2025-11-06-182302-1024x669.png\" class=\"attachment-large size-large\" alt=\"\" loading=\"lazy\" srcset=\"https:\/\/catedra.us.es\/catedracepsa\/wp-content\/uploads\/2025\/11\/Captura-de-pantalla-2025-11-06-182302-1024x669.png 1024w, https:\/\/catedra.us.es\/catedracepsa\/wp-content\/uploads\/2025\/11\/Captura-de-pantalla-2025-11-06-182302-300x196.png 300w, https:\/\/catedra.us.es\/catedracepsa\/wp-content\/uploads\/2025\/11\/Captura-de-pantalla-2025-11-06-182302-768x502.png 768w, https:\/\/catedra.us.es\/catedracepsa\/wp-content\/uploads\/2025\/11\/Captura-de-pantalla-2025-11-06-182302.png 1165w\" sizes=\"(max-width: 1024px) 100vw, 1024px\" \/>\t\t\t\t<\/a>\n\t\t\t<\/div>\n\t\t\t\t\t\t<div class='uagb-post__text'> \n\t\t\t\t<h3 class=\"uagb-post__title\">\n\t\t\t\t\t<a href=\"https:\/\/catedra.us.es\/catedracepsa\/2025\/11\/03\/mesa-redonda-nuevas-capacitaciones-profesionales-para-la-transicion-energetica\/\" target=\"_self\" rel=\"bookmark noopener noreferrer\">Mesa redonda \u00abNuevas capacitaciones profesionales para la transici\u00f3n energ\u00e9tica\u00bb.<\/a>\n\t\t\t\t<\/h3>\n\t\t\t<\/div>\n\t\t\t\t\t\t<div class='uagb-post__text'> \n\t\t\t<div class=\"uagb-post-grid-byline\">\n\t\t\t\t\t\t\t\t<time datetime=\"2025-11-03T17:06:00+00:00\" class=\"uagb-post__date\">\n\t\t\t\t\t<span class=\"dashicons-calendar dashicons\"><\/span>\n\t\t\t\t\t3 de noviembre de 2025\t\t\t\t<\/time>\n\t\t\t\t\t\t<\/div>\n\t\t\t<\/div>\n\t\t\t\t\t\t\t<div class='uagb-post__text'> \n\t\t\t\t\t<div class=\"uagb-post__excerpt\">\n\t\t\t\t\t\tEl pr\u00f3ximo dia 10 de noviembre coincidiendo con la inauguraci\u00f3n del Aula \u2026\t\t\t\t\t<\/div>\n\t\t\t<\/div>\n\t\t\t\t\t\t\t\t<\/div>\n\t\t\t\t\t\t\t\t\t<\/article>\n\t\t\t\t\t\t\t\t<article >\n\t\t\t\t\t\t\t\t\t\t<div class=\"uagb-post__inner-wrap\">\n\t\t\t\t\t\t\t\t\t\t\t\t\t\t\t<div class='uagb-post__image'>\n\t\t\t\t<a href=\"https:\/\/catedra.us.es\/catedracepsa\/2025\/10\/29\/convocatoria-xiii-edicion-de-los-premios-a-los-mejores-tfg-y-tfm-catedra-moeve\/\" target=\"_self\" rel=\"bookmark noopener noreferrer\"><img width=\"768\" height=\"538\" src=\"https:\/\/catedra.us.es\/catedracepsa\/wp-content\/uploads\/2025\/10\/Moeve-768x538-1.jpg\" class=\"attachment-large size-large\" alt=\"\" loading=\"lazy\" srcset=\"https:\/\/catedra.us.es\/catedracepsa\/wp-content\/uploads\/2025\/10\/Moeve-768x538-1.jpg 768w, https:\/\/catedra.us.es\/catedracepsa\/wp-content\/uploads\/2025\/10\/Moeve-768x538-1-300x210.jpg 300w\" sizes=\"(max-width: 768px) 100vw, 768px\" \/>\t\t\t\t<\/a>\n\t\t\t<\/div>\n\t\t\t\t\t\t<div class='uagb-post__text'> \n\t\t\t\t<h3 class=\"uagb-post__title\">\n\t\t\t\t\t<a href=\"https:\/\/catedra.us.es\/catedracepsa\/2025\/10\/29\/convocatoria-xiii-edicion-de-los-premios-a-los-mejores-tfg-y-tfm-catedra-moeve\/\" target=\"_self\" rel=\"bookmark noopener noreferrer\">Convocatoria XIII Edici\u00f3n de los Premios a los mejores TFG y TFM C\u00e1tedra Moeve<\/a>\n\t\t\t\t<\/h3>\n\t\t\t<\/div>\n\t\t\t\t\t\t<div class='uagb-post__text'> \n\t\t\t<div class=\"uagb-post-grid-byline\">\n\t\t\t\t\t\t\t\t<time datetime=\"2025-10-29T15:45:35+00:00\" class=\"uagb-post__date\">\n\t\t\t\t\t<span class=\"dashicons-calendar dashicons\"><\/span>\n\t\t\t\t\t29 de octubre de 2025\t\t\t\t<\/time>\n\t\t\t\t\t\t<\/div>\n\t\t\t<\/div>\n\t\t\t\t\t\t\t<div class='uagb-post__text'> \n\t\t\t\t\t<div class=\"uagb-post__excerpt\">\n\t\t\t\t\t\t.\n\n\n\nSe convoca la XIII edici\u00f3n de los premios a los mejores trabajos \u2026\t\t\t\t\t<\/div>\n\t\t\t<\/div>\n\t\t\t\t\t\t\t\t<\/div>\n\t\t\t\t\t\t\t\t\t<\/article>\n\t\t\t\t\t\t\t\t<article >\n\t\t\t\t\t\t\t\t\t\t<div class=\"uagb-post__inner-wrap\">\n\t\t\t\t\t\t\t\t\t\t\t\t\t\t\t<div class='uagb-post__image'>\n\t\t\t\t<a href=\"https:\/\/catedra.us.es\/catedracepsa\/2025\/03\/26\/entrega-de-los-premios-a-los-mejores-tfg-y-tfm-catedra-moeve-xii-edicion\/\" target=\"_self\" rel=\"bookmark noopener noreferrer\"><img width=\"1024\" height=\"768\" src=\"https:\/\/catedra.us.es\/catedracepsa\/wp-content\/uploads\/2025\/03\/PHOTO-2025-03-26-12-47-17-1024x768.jpg\" class=\"attachment-large size-large\" alt=\"\" loading=\"lazy\" srcset=\"https:\/\/catedra.us.es\/catedracepsa\/wp-content\/uploads\/2025\/03\/PHOTO-2025-03-26-12-47-17-1024x768.jpg 1024w, https:\/\/catedra.us.es\/catedracepsa\/wp-content\/uploads\/2025\/03\/PHOTO-2025-03-26-12-47-17-300x225.jpg 300w, https:\/\/catedra.us.es\/catedracepsa\/wp-content\/uploads\/2025\/03\/PHOTO-2025-03-26-12-47-17-768x576.jpg 768w, https:\/\/catedra.us.es\/catedracepsa\/wp-content\/uploads\/2025\/03\/PHOTO-2025-03-26-12-47-17-1536x1152.jpg 1536w, https:\/\/catedra.us.es\/catedracepsa\/wp-content\/uploads\/2025\/03\/PHOTO-2025-03-26-12-47-17.jpg 1600w\" sizes=\"(max-width: 1024px) 100vw, 1024px\" \/>\t\t\t\t<\/a>\n\t\t\t<\/div>\n\t\t\t\t\t\t<div class='uagb-post__text'> \n\t\t\t\t<h3 class=\"uagb-post__title\">\n\t\t\t\t\t<a href=\"https:\/\/catedra.us.es\/catedracepsa\/2025\/03\/26\/entrega-de-los-premios-a-los-mejores-tfg-y-tfm-catedra-moeve-xii-edicion\/\" target=\"_self\" rel=\"bookmark noopener noreferrer\">Visita al Parque Energ\u00e9tico La R\u00e1bida<\/a>\n\t\t\t\t<\/h3>\n\t\t\t<\/div>\n\t\t\t\t\t\t<div class='uagb-post__text'> \n\t\t\t<div class=\"uagb-post-grid-byline\">\n\t\t\t\t\t\t\t\t<time datetime=\"2025-03-26T22:46:00+00:00\" class=\"uagb-post__date\">\n\t\t\t\t\t<span class=\"dashicons-calendar dashicons\"><\/span>\n\t\t\t\t\t26 de marzo de 2025\t\t\t\t<\/time>\n\t\t\t\t\t\t<\/div>\n\t\t\t<\/div>\n\t\t\t\t\t\t\t<div class='uagb-post__text'> \n\t\t\t\t\t<div class=\"uagb-post__excerpt\">\n\t\t\t\t\t\tLos alumnos de las asignaturas de Refino de Petr\u00f3leo del M\u00e1ster de \u2026\t\t\t\t\t<\/div>\n\t\t\t<\/div>\n\t\t\t\t\t\t\t\t<\/div>\n\t\t\t\t\t\t\t\t\t<\/article>\n\t\t\t\t\t\t\t\t<\/div>\n\t\t\t\t\t\t\t<\/div>\n\t\t\t<\/div><\/section>\n\n\n\n<section class=\"wp-block-uagb-section uagb-section__wrap uagb-section__background-undefined uagb-block-e0f5e8b0\"><div class=\"uagb-section__overlay\"><\/div><div class=\"uagb-section__inner-wrap\">\n<div class=\"wp-block-buttons alignwide is-content-justification-center\">\n<div class=\"wp-block-button anchoboton\"><a class=\"wp-block-button__link\" href=\"https:\/\/catedra.us.es\/catedracepsa\/noticias\/\">NOTICIAS<\/a><\/div>\n<\/div>\n<\/div><\/section>\n","protected":false},"excerpt":{"rendered":"","protected":false},"author":1,"featured_media":0,"parent":576,"menu_order":0,"comment_status":"closed","ping_status":"closed","template":"","meta":[],"yoast_head":"<!-- This site is optimized with the Yoast SEO plugin v17.2 - https:\/\/yoast.com\/wordpress\/plugins\/seo\/ -->\n<title>Actividades de I+D - Catedra Cepsa<\/title>\n<meta name=\"robots\" content=\"index, follow, max-snippet:-1, max-image-preview:large, max-video-preview:-1\" \/>\n<link rel=\"canonical\" href=\"https:\/\/catedra.comunicaweb.info\/actividades\/actividades-id\/\" \/>\n<meta property=\"og:locale\" content=\"es_ES\" \/>\n<meta property=\"og:type\" content=\"article\" \/>\n<meta property=\"og:title\" content=\"Actividades de I+D - Catedra Cepsa\" \/>\n<meta property=\"og:url\" content=\"https:\/\/catedra.comunicaweb.info\/actividades\/actividades-id\/\" \/>\n<meta property=\"og:site_name\" content=\"Catedra Cepsa\" \/>\n<meta property=\"article:modified_time\" content=\"2021-06-24T10:55:26+00:00\" \/>\n<meta name=\"twitter:card\" content=\"summary_large_image\" \/>\n<meta name=\"twitter:label1\" content=\"Tiempo de lectura\" \/>\n\t<meta name=\"twitter:data1\" content=\"1 minuto\" \/>\n<script type=\"application\/ld+json\" class=\"yoast-schema-graph\">{\"@context\":\"https:\/\/schema.org\",\"@graph\":[{\"@type\":\"WebSite\",\"@id\":\"https:\/\/catedra.us.es\/catedracepsa\/#website\",\"url\":\"https:\/\/catedra.us.es\/catedracepsa\/\",\"name\":\"Catedra Cepsa\",\"description\":\"\",\"potentialAction\":[{\"@type\":\"SearchAction\",\"target\":{\"@type\":\"EntryPoint\",\"urlTemplate\":\"https:\/\/catedra.us.es\/catedracepsa\/?s={search_term_string}\"},\"query-input\":\"required name=search_term_string\"}],\"inLanguage\":\"es\"},{\"@type\":\"WebPage\",\"@id\":\"https:\/\/catedra.comunicaweb.info\/actividades\/actividades-id\/#webpage\",\"url\":\"https:\/\/catedra.comunicaweb.info\/actividades\/actividades-id\/\",\"name\":\"Actividades de I+D - Catedra Cepsa\",\"isPartOf\":{\"@id\":\"https:\/\/catedra.us.es\/catedracepsa\/#website\"},\"datePublished\":\"2021-06-21T08:28:04+00:00\",\"dateModified\":\"2021-06-24T10:55:26+00:00\",\"breadcrumb\":{\"@id\":\"https:\/\/catedra.comunicaweb.info\/actividades\/actividades-id\/#breadcrumb\"},\"inLanguage\":\"es\",\"potentialAction\":[{\"@type\":\"ReadAction\",\"target\":[\"https:\/\/catedra.comunicaweb.info\/actividades\/actividades-id\/\"]}]},{\"@type\":\"BreadcrumbList\",\"@id\":\"https:\/\/catedra.comunicaweb.info\/actividades\/actividades-id\/#breadcrumb\",\"itemListElement\":[{\"@type\":\"ListItem\",\"position\":1,\"name\":\"Portada\",\"item\":\"https:\/\/catedra.us.es\/catedracepsa\/\"},{\"@type\":\"ListItem\",\"position\":2,\"name\":\"Actividades\",\"item\":\"https:\/\/catedra.us.es\/catedracepsa\/actividades\/\"},{\"@type\":\"ListItem\",\"position\":3,\"name\":\"Actividades de I+D\"}]}]}<\/script>\n<!-- \/ Yoast SEO plugin. -->","yoast_head_json":{"title":"Actividades de I+D - Catedra Cepsa","robots":{"index":"index","follow":"follow","max-snippet":"max-snippet:-1","max-image-preview":"max-image-preview:large","max-video-preview":"max-video-preview:-1"},"canonical":"https:\/\/catedra.comunicaweb.info\/actividades\/actividades-id\/","og_locale":"es_ES","og_type":"article","og_title":"Actividades de I+D - Catedra Cepsa","og_url":"https:\/\/catedra.comunicaweb.info\/actividades\/actividades-id\/","og_site_name":"Catedra Cepsa","article_modified_time":"2021-06-24T10:55:26+00:00","twitter_card":"summary_large_image","twitter_misc":{"Tiempo de lectura":"1 minuto"},"schema":{"@context":"https:\/\/schema.org","@graph":[{"@type":"WebSite","@id":"https:\/\/catedra.us.es\/catedracepsa\/#website","url":"https:\/\/catedra.us.es\/catedracepsa\/","name":"Catedra Cepsa","description":"","potentialAction":[{"@type":"SearchAction","target":{"@type":"EntryPoint","urlTemplate":"https:\/\/catedra.us.es\/catedracepsa\/?s={search_term_string}"},"query-input":"required name=search_term_string"}],"inLanguage":"es"},{"@type":"WebPage","@id":"https:\/\/catedra.comunicaweb.info\/actividades\/actividades-id\/#webpage","url":"https:\/\/catedra.comunicaweb.info\/actividades\/actividades-id\/","name":"Actividades de I+D - Catedra Cepsa","isPartOf":{"@id":"https:\/\/catedra.us.es\/catedracepsa\/#website"},"datePublished":"2021-06-21T08:28:04+00:00","dateModified":"2021-06-24T10:55:26+00:00","breadcrumb":{"@id":"https:\/\/catedra.comunicaweb.info\/actividades\/actividades-id\/#breadcrumb"},"inLanguage":"es","potentialAction":[{"@type":"ReadAction","target":["https:\/\/catedra.comunicaweb.info\/actividades\/actividades-id\/"]}]},{"@type":"BreadcrumbList","@id":"https:\/\/catedra.comunicaweb.info\/actividades\/actividades-id\/#breadcrumb","itemListElement":[{"@type":"ListItem","position":1,"name":"Portada","item":"https:\/\/catedra.us.es\/catedracepsa\/"},{"@type":"ListItem","position":2,"name":"Actividades","item":"https:\/\/catedra.us.es\/catedracepsa\/actividades\/"},{"@type":"ListItem","position":3,"name":"Actividades de I+D"}]}]}},"uagb_featured_image_src":{"full":false,"thumbnail":false,"medium":false,"medium_large":false,"large":false,"1536x1536":false,"2048x2048":false},"uagb_author_info":{"display_name":"Master","author_link":"https:\/\/catedra.us.es\/catedracepsa\/author\/plantill\/"},"uagb_comment_info":0,"uagb_excerpt":null,"_links":{"self":[{"href":"https:\/\/catedra.us.es\/catedracepsa\/wp-json\/wp\/v2\/pages\/511"}],"collection":[{"href":"https:\/\/catedra.us.es\/catedracepsa\/wp-json\/wp\/v2\/pages"}],"about":[{"href":"https:\/\/catedra.us.es\/catedracepsa\/wp-json\/wp\/v2\/types\/page"}],"author":[{"embeddable":true,"href":"https:\/\/catedra.us.es\/catedracepsa\/wp-json\/wp\/v2\/users\/1"}],"replies":[{"embeddable":true,"href":"https:\/\/catedra.us.es\/catedracepsa\/wp-json\/wp\/v2\/comments?post=511"}],"version-history":[{"count":0,"href":"https:\/\/catedra.us.es\/catedracepsa\/wp-json\/wp\/v2\/pages\/511\/revisions"}],"up":[{"embeddable":true,"href":"https:\/\/catedra.us.es\/catedracepsa\/wp-json\/wp\/v2\/pages\/576"}],"wp:attachment":[{"href":"https:\/\/catedra.us.es\/catedracepsa\/wp-json\/wp\/v2\/media?parent=511"}],"curies":[{"name":"wp","href":"https:\/\/api.w.org\/{rel}","templated":true}]}}