{"id":1499,"date":"2022-02-18T11:42:53","date_gmt":"2022-02-18T11:42:53","guid":{"rendered":"http:\/\/catedra.us.es\/catedraemvisesa\/?page_id=1499"},"modified":"2023-01-24T12:48:07","modified_gmt":"2023-01-24T12:48:07","slug":"vivienda-us","status":"publish","type":"page","link":"https:\/\/catedra.us.es\/catedraemvisesa\/investigacion\/vivienda-us\/","title":{"rendered":"La vivienda en la US &#8211; OLD"},"content":{"rendered":"\t\t<div data-elementor-type=\"wp-page\" data-elementor-id=\"1499\" class=\"elementor elementor-1499\" data-elementor-settings=\"[]\">\n\t\t\t\t\t\t<div class=\"elementor-inner\">\n\t\t\t\t\t\t\t<div class=\"elementor-section-wrap\">\n\t\t\t\t\t\t\t<section class=\"elementor-section elementor-top-section elementor-element elementor-element-57ec9f7 elementor-section-full_width cabecera elementor-section-height-default elementor-section-height-default\" data-id=\"57ec9f7\" data-element_type=\"section\" data-settings=\"{&quot;background_background&quot;:&quot;classic&quot;}\">\n\t\t\t\t\t\t<div class=\"elementor-container elementor-column-gap-default\">\n\t\t\t\t\t\t\t<div class=\"elementor-row\">\n\t\t\t\t\t<div class=\"elementor-column elementor-col-100 elementor-top-column elementor-element elementor-element-dfc8935\" data-id=\"dfc8935\" data-element_type=\"column\">\n\t\t\t<div class=\"elementor-column-wrap elementor-element-populated\">\n\t\t\t\t\t\t\t<div class=\"elementor-widget-wrap\">\n\t\t\t\t\t\t<div class=\"elementor-element elementor-element-b048f44 elementor-widget elementor-widget-text-editor\" data-id=\"b048f44\" data-element_type=\"widget\" data-widget_type=\"text-editor.default\">\n\t\t\t\t<div class=\"elementor-widget-container\">\n\t\t\t\t\t<div class=\"elementor-text-editor elementor-clearfix\"><p><strong>INVESTIGACI\u00d3N<\/strong><\/p><\/div>\n\t\t\t\t<\/div>\n\t\t\t\t<\/div>\n\t\t\t\t<div class=\"elementor-element elementor-element-39fdba4 elementor-widget elementor-widget-heading\" data-id=\"39fdba4\" data-element_type=\"widget\" data-widget_type=\"heading.default\">\n\t\t\t\t<div class=\"elementor-widget-container\">\n\t\t\t<h1 class=\"elementor-heading-title elementor-size-default\">La vivienda en la US<\/h1>\t\t<\/div>\n\t\t\t\t<\/div>\n\t\t\t\t<div class=\"elementor-element elementor-element-4625f6b elementor-widget elementor-widget-text-editor\" data-id=\"4625f6b\" data-element_type=\"widget\" data-widget_type=\"text-editor.default\">\n\t\t\t\t<div class=\"elementor-widget-container\">\n\t\t\t\t\t<div class=\"elementor-text-editor elementor-clearfix\"><p>&#8211;<\/p><\/div>\n\t\t\t\t<\/div>\n\t\t\t\t<\/div>\n\t\t\t\t\t\t<\/div>\n\t\t\t\t\t<\/div>\n\t\t<\/div>\n\t\t\t\t\t\t\t\t<\/div>\n\t\t\t\t\t<\/div>\n\t\t<\/section>\n\t\t\t\t<section class=\"elementor-section elementor-top-section elementor-element elementor-element-5f12b7e grillaitems elementor-section-boxed elementor-section-height-default elementor-section-height-default\" data-id=\"5f12b7e\" data-element_type=\"section\" data-settings=\"{&quot;background_background&quot;:&quot;classic&quot;}\">\n\t\t\t\t\t\t<div class=\"elementor-container elementor-column-gap-default\">\n\t\t\t\t\t\t\t<div class=\"elementor-row\">\n\t\t\t\t\t<div class=\"make-column-clickable-elementor elementor-column elementor-col-25 elementor-top-column elementor-element elementor-element-2eb04a6 item\" style=\"cursor: pointer;\" data-column-clickable=\"https:\/\/catedra.us.es\/catedraemvisesa\/investigacion\/vivienda-us\/vivienda-ciudad\/\" data-column-clickable-blank=\"_self\" data-id=\"2eb04a6\" data-element_type=\"column\" data-settings=\"{&quot;background_background&quot;:&quot;classic&quot;}\">\n\t\t\t<div class=\"elementor-column-wrap elementor-element-populated\">\n\t\t\t\t\t<div class=\"elementor-background-overlay\"><\/div>\n\t\t\t\t\t\t\t<div class=\"elementor-widget-wrap\">\n\t\t\t\t\t\t<div class=\"elementor-element elementor-element-3e88645 elementor-widget elementor-widget-heading\" data-id=\"3e88645\" data-element_type=\"widget\" data-widget_type=\"heading.default\">\n\t\t\t\t<div class=\"elementor-widget-container\">\n\t\t\t<h3 class=\"elementor-heading-title elementor-size-default\">Vivienda y ciudad<\/h3>\t\t<\/div>\n\t\t\t\t<\/div>\n\t\t\t\t\t\t<\/div>\n\t\t\t\t\t<\/div>\n\t\t<\/div>\n\t\t\t\t<div class=\"elementor-column elementor-col-25 elementor-top-column elementor-element elementor-element-d45a80d item\" data-id=\"d45a80d\" data-element_type=\"column\" data-settings=\"{&quot;background_background&quot;:&quot;classic&quot;}\">\n\t\t\t<div class=\"elementor-column-wrap elementor-element-populated\">\n\t\t\t\t\t<div class=\"elementor-background-overlay\"><\/div>\n\t\t\t\t\t\t\t<div class=\"elementor-widget-wrap\">\n\t\t\t\t\t\t<div class=\"elementor-element elementor-element-594e4f5 elementor-widget elementor-widget-heading\" data-id=\"594e4f5\" data-element_type=\"widget\" data-widget_type=\"heading.default\">\n\t\t\t\t<div class=\"elementor-widget-container\">\n\t\t\t<h3 class=\"elementor-heading-title elementor-size-default\">Rehabilitar<\/h3>\t\t<\/div>\n\t\t\t\t<\/div>\n\t\t\t\t\t\t<\/div>\n\t\t\t\t\t<\/div>\n\t\t<\/div>\n\t\t\t\t<div class=\"elementor-column elementor-col-25 elementor-top-column elementor-element elementor-element-e49ab5d item\" data-id=\"e49ab5d\" data-element_type=\"column\" data-settings=\"{&quot;background_background&quot;:&quot;classic&quot;}\">\n\t\t\t<div class=\"elementor-column-wrap elementor-element-populated\">\n\t\t\t\t\t<div class=\"elementor-background-overlay\"><\/div>\n\t\t\t\t\t\t\t<div class=\"elementor-widget-wrap\">\n\t\t\t\t\t\t<div class=\"elementor-element elementor-element-629e545 elementor-widget elementor-widget-heading\" data-id=\"629e545\" data-element_type=\"widget\" data-widget_type=\"heading.default\">\n\t\t\t\t<div class=\"elementor-widget-container\">\n\t\t\t<h3 class=\"elementor-heading-title elementor-size-default\">Historia y teor\u00eda de la vivienda<\/h3>\t\t<\/div>\n\t\t\t\t<\/div>\n\t\t\t\t\t\t<\/div>\n\t\t\t\t\t<\/div>\n\t\t<\/div>\n\t\t\t\t<div class=\"elementor-column elementor-col-25 elementor-top-column elementor-element elementor-element-8c55b20 item\" data-id=\"8c55b20\" data-element_type=\"column\" data-settings=\"{&quot;background_background&quot;:&quot;classic&quot;}\">\n\t\t\t<div class=\"elementor-column-wrap elementor-element-populated\">\n\t\t\t\t\t<div class=\"elementor-background-overlay\"><\/div>\n\t\t\t\t\t\t\t<div class=\"elementor-widget-wrap\">\n\t\t\t\t\t\t<div class=\"elementor-element elementor-element-17c9193 elementor-widget elementor-widget-heading\" data-id=\"17c9193\" data-element_type=\"widget\" data-widget_type=\"heading.default\">\n\t\t\t\t<div class=\"elementor-widget-container\">\n\t\t\t<h3 class=\"elementor-heading-title elementor-size-default\">Nuevas formas de habitar<\/h3>\t\t<\/div>\n\t\t\t\t<\/div>\n\t\t\t\t\t\t<\/div>\n\t\t\t\t\t<\/div>\n\t\t<\/div>\n\t\t\t\t\t\t\t\t<\/div>\n\t\t\t\t\t<\/div>\n\t\t<\/section>\n\t\t\t\t<section class=\"elementor-section elementor-top-section elementor-element elementor-element-34f7165 grillaitems elementor-section-boxed elementor-section-height-default elementor-section-height-default\" data-id=\"34f7165\" data-element_type=\"section\" data-settings=\"{&quot;background_background&quot;:&quot;classic&quot;}\">\n\t\t\t\t\t\t<div class=\"elementor-container elementor-column-gap-default\">\n\t\t\t\t\t\t\t<div class=\"elementor-row\">\n\t\t\t\t\t<div class=\"elementor-column elementor-col-25 elementor-top-column elementor-element elementor-element-eff333c item\" data-id=\"eff333c\" data-element_type=\"column\" data-settings=\"{&quot;background_background&quot;:&quot;classic&quot;}\">\n\t\t\t<div class=\"elementor-column-wrap elementor-element-populated\">\n\t\t\t\t\t<div class=\"elementor-background-overlay\"><\/div>\n\t\t\t\t\t\t\t<div class=\"elementor-widget-wrap\">\n\t\t\t\t\t\t<div class=\"elementor-element elementor-element-706c948 elementor-widget elementor-widget-heading\" data-id=\"706c948\" data-element_type=\"widget\" data-widget_type=\"heading.default\">\n\t\t\t\t<div class=\"elementor-widget-container\">\n\t\t\t<h3 class=\"elementor-heading-title elementor-size-default\">Sociolog\u00eda, econom\u00eda y gesti\u00f3n<\/h3>\t\t<\/div>\n\t\t\t\t<\/div>\n\t\t\t\t\t\t<\/div>\n\t\t\t\t\t<\/div>\n\t\t<\/div>\n\t\t\t\t<div class=\"elementor-column elementor-col-25 elementor-top-column elementor-element elementor-element-3611c6a item\" data-id=\"3611c6a\" data-element_type=\"column\" data-settings=\"{&quot;background_background&quot;:&quot;classic&quot;}\">\n\t\t\t<div class=\"elementor-column-wrap elementor-element-populated\">\n\t\t\t\t\t<div class=\"elementor-background-overlay\"><\/div>\n\t\t\t\t\t\t\t<div class=\"elementor-widget-wrap\">\n\t\t\t\t\t\t<div class=\"elementor-element elementor-element-81788c8 elementor-widget elementor-widget-heading\" data-id=\"81788c8\" data-element_type=\"widget\" data-widget_type=\"heading.default\">\n\t\t\t\t<div class=\"elementor-widget-container\">\n\t\t\t<h3 class=\"elementor-heading-title elementor-size-default\">Energ\u00eda y sostenibilidad<\/h3>\t\t<\/div>\n\t\t\t\t<\/div>\n\t\t\t\t\t\t<\/div>\n\t\t\t\t\t<\/div>\n\t\t<\/div>\n\t\t\t\t<div class=\"elementor-column elementor-col-25 elementor-top-column elementor-element elementor-element-c4a8fe2 item\" data-id=\"c4a8fe2\" data-element_type=\"column\" data-settings=\"{&quot;background_background&quot;:&quot;classic&quot;}\">\n\t\t\t<div class=\"elementor-column-wrap elementor-element-populated\">\n\t\t\t\t\t<div class=\"elementor-background-overlay\"><\/div>\n\t\t\t\t\t\t\t<div class=\"elementor-widget-wrap\">\n\t\t\t\t\t\t<div class=\"elementor-element elementor-element-810d4f0 elementor-widget elementor-widget-heading\" data-id=\"810d4f0\" data-element_type=\"widget\" data-widget_type=\"heading.default\">\n\t\t\t\t<div class=\"elementor-widget-container\">\n\t\t\t<h3 class=\"elementor-heading-title elementor-size-default\">Construcci\u00f3n y tecnolog\u00eda<\/h3>\t\t<\/div>\n\t\t\t\t<\/div>\n\t\t\t\t\t\t<\/div>\n\t\t\t\t\t<\/div>\n\t\t<\/div>\n\t\t\t\t<div class=\"elementor-column elementor-col-25 elementor-top-column elementor-element elementor-element-ced652a item\" data-id=\"ced652a\" data-element_type=\"column\" data-settings=\"{&quot;background_background&quot;:&quot;classic&quot;}\">\n\t\t\t<div class=\"elementor-column-wrap elementor-element-populated\">\n\t\t\t\t\t<div class=\"elementor-background-overlay\"><\/div>\n\t\t\t\t\t\t\t<div class=\"elementor-widget-wrap\">\n\t\t\t\t\t\t<div class=\"elementor-element elementor-element-f1f3086 elementor-widget elementor-widget-heading\" data-id=\"f1f3086\" data-element_type=\"widget\" data-widget_type=\"heading.default\">\n\t\t\t\t<div class=\"elementor-widget-container\">\n\t\t\t<h3 class=\"elementor-heading-title elementor-size-default\">Ver todos<\/h3>\t\t<\/div>\n\t\t\t\t<\/div>\n\t\t\t\t\t\t<\/div>\n\t\t\t\t\t<\/div>\n\t\t<\/div>\n\t\t\t\t\t\t\t\t<\/div>\n\t\t\t\t\t<\/div>\n\t\t<\/section>\n\t\t\t\t\t\t<\/div>\n\t\t\t\t\t\t<\/div>\n\t\t\t\t\t<\/div>\n\t\t","protected":false},"excerpt":{"rendered":"<p>INVESTIGACI\u00d3N La vivienda en la US &#8211; Vivienda y ciudad Rehabilitar Historia y teor\u00eda de la vivienda Nuevas formas de habitar Sociolog\u00eda, econom\u00eda y gesti\u00f3n Energ\u00eda y sostenibilidad Construcci\u00f3n y tecnolog\u00eda Ver todos<\/p>\n","protected":false},"author":5,"featured_media":0,"parent":1763,"menu_order":0,"comment_status":"closed","ping_status":"closed","template":"","meta":{"site-sidebar-layout":"no-sidebar","site-content-layout":"page-builder","ast-global-header-display":"","ast-main-header-display":"","ast-hfb-above-header-display":"","ast-hfb-below-header-display":"","ast-hfb-mobile-header-display":"","site-post-title":"disabled","ast-breadcrumbs-content":"","ast-featured-img":"disabled","footer-sml-layout":"","theme-transparent-header-meta":"","adv-header-id-meta":"","stick-header-meta":"","header-above-stick-meta":"","header-main-stick-meta":"","header-below-stick-meta":""},"yoast_head":"<title>La vivienda en la US - OLD - C\u00e1tedra Vivienda<\/title>\n<meta name=\"description\" content=\"La vivienda en la US. Investigaci\u00f3n. Desarrollo. Optimizaci\u00f3n de los recursos. Innovaci\u00f3n. C\u00e1tedra Vivienda-EMVISESA\" \/>\n<meta name=\"robots\" content=\"index, follow, max-snippet:-1, max-image-preview:large, max-video-preview:-1\" \/>\n<link rel=\"canonical\" href=\"https:\/\/catedra.us.es\/catedraemvisesa\/investigacion\/vivienda-us\/\" \/>\n<meta property=\"og:locale\" content=\"es_ES\" \/>\n<meta property=\"og:type\" content=\"article\" \/>\n<meta property=\"og:title\" content=\"La vivienda en la US - OLD - C\u00e1tedra Vivienda\" \/>\n<meta property=\"og:description\" content=\"La vivienda en la US. Investigaci\u00f3n. Desarrollo. Optimizaci\u00f3n de los recursos. Innovaci\u00f3n. C\u00e1tedra Vivienda-EMVISESA\" \/>\n<meta property=\"og:url\" content=\"https:\/\/catedra.us.es\/catedraemvisesa\/investigacion\/vivienda-us\/\" \/>\n<meta property=\"og:site_name\" content=\"C\u00e1tedra Vivienda\" \/>\n<meta property=\"article:modified_time\" content=\"2023-01-24T12:48:07+00:00\" \/>\n<meta name=\"twitter:card\" content=\"summary_large_image\" \/>\n<meta name=\"twitter:label1\" content=\"Tiempo de lectura\" \/>\n\t<meta name=\"twitter:data1\" content=\"1 minuto\" \/>\n<script type=\"application\/ld+json\" class=\"yoast-schema-graph\">{\"@context\":\"https:\/\/schema.org\",\"@graph\":[{\"@type\":\"WebPage\",\"@id\":\"https:\/\/catedra.us.es\/catedraemvisesa\/investigacion\/vivienda-us\/\",\"url\":\"https:\/\/catedra.us.es\/catedraemvisesa\/investigacion\/vivienda-us\/\",\"name\":\"La vivienda en la US - OLD - C\u00e1tedra Vivienda\",\"isPartOf\":{\"@id\":\"https:\/\/catedra.us.es\/catedraemvisesa\/#website\"},\"datePublished\":\"2022-02-18T11:42:53+00:00\",\"dateModified\":\"2023-01-24T12:48:07+00:00\",\"description\":\"La vivienda en la US. Investigaci\u00f3n. Desarrollo. Optimizaci\u00f3n de los recursos. Innovaci\u00f3n. C\u00e1tedra Vivienda-EMVISESA\",\"breadcrumb\":{\"@id\":\"https:\/\/catedra.us.es\/catedraemvisesa\/investigacion\/vivienda-us\/#breadcrumb\"},\"inLanguage\":\"es\",\"potentialAction\":[{\"@type\":\"ReadAction\",\"target\":[\"https:\/\/catedra.us.es\/catedraemvisesa\/investigacion\/vivienda-us\/\"]}]},{\"@type\":\"BreadcrumbList\",\"@id\":\"https:\/\/catedra.us.es\/catedraemvisesa\/investigacion\/vivienda-us\/#breadcrumb\",\"itemListElement\":[{\"@type\":\"ListItem\",\"position\":1,\"name\":\"C\u00e1tedra Vivienda\",\"item\":\"https:\/\/catedra.us.es\/catedraemvisesa\/\"},{\"@type\":\"ListItem\",\"position\":2,\"name\":\"Investigaci\u00f3n\",\"item\":\"https:\/\/catedra.us.es\/catedraemvisesa\/investigacion\/\"},{\"@type\":\"ListItem\",\"position\":3,\"name\":\"La vivienda en la US &#8211; OLD\"}]},{\"@type\":\"WebSite\",\"@id\":\"https:\/\/catedra.us.es\/catedraemvisesa\/#website\",\"url\":\"https:\/\/catedra.us.es\/catedraemvisesa\/\",\"name\":\"C\u00e1tedra Vivienda\",\"description\":\"-\",\"publisher\":{\"@id\":\"https:\/\/catedra.us.es\/catedraemvisesa\/#organization\"},\"potentialAction\":[{\"@type\":\"SearchAction\",\"target\":{\"@type\":\"EntryPoint\",\"urlTemplate\":\"https:\/\/catedra.us.es\/catedraemvisesa\/?s={search_term_string}\"},\"query-input\":\"required name=search_term_string\"}],\"inLanguage\":\"es\"},{\"@type\":\"Organization\",\"@id\":\"https:\/\/catedra.us.es\/catedraemvisesa\/#organization\",\"name\":\"C\u00e1tedra Vivienda EMVISESA - Universidad de Sevilla\",\"url\":\"https:\/\/catedra.us.es\/catedraemvisesa\/\",\"logo\":{\"@type\":\"ImageObject\",\"inLanguage\":\"es\",\"@id\":\"https:\/\/catedra.us.es\/catedraemvisesa\/#\/schema\/logo\/image\/\",\"url\":\"https:\/\/catedra.us.es\/catedraemvisesa\/wp-content\/uploads\/2022\/03\/275125850_112577394700310_3927920400154476459_n.jpeg\",\"contentUrl\":\"https:\/\/catedra.us.es\/catedraemvisesa\/wp-content\/uploads\/2022\/03\/275125850_112577394700310_3927920400154476459_n.jpeg\",\"width\":675,\"height\":675,\"caption\":\"C\u00e1tedra Vivienda EMVISESA - Universidad de Sevilla\"},\"image\":{\"@id\":\"https:\/\/catedra.us.es\/catedraemvisesa\/#\/schema\/logo\/image\/\"}}]}<\/script>","yoast_head_json":{"title":"La vivienda en la US - OLD - C\u00e1tedra Vivienda","description":"La vivienda en la US. Investigaci\u00f3n. Desarrollo. Optimizaci\u00f3n de los recursos. Innovaci\u00f3n. C\u00e1tedra Vivienda-EMVISESA","robots":{"index":"index","follow":"follow","max-snippet":"max-snippet:-1","max-image-preview":"max-image-preview:large","max-video-preview":"max-video-preview:-1"},"canonical":"https:\/\/catedra.us.es\/catedraemvisesa\/investigacion\/vivienda-us\/","og_locale":"es_ES","og_type":"article","og_title":"La vivienda en la US - OLD - C\u00e1tedra Vivienda","og_description":"La vivienda en la US. Investigaci\u00f3n. Desarrollo. Optimizaci\u00f3n de los recursos. Innovaci\u00f3n. C\u00e1tedra Vivienda-EMVISESA","og_url":"https:\/\/catedra.us.es\/catedraemvisesa\/investigacion\/vivienda-us\/","og_site_name":"C\u00e1tedra Vivienda","article_modified_time":"2023-01-24T12:48:07+00:00","twitter_card":"summary_large_image","twitter_misc":{"Tiempo de lectura":"1 minuto"},"schema":{"@context":"https:\/\/schema.org","@graph":[{"@type":"WebPage","@id":"https:\/\/catedra.us.es\/catedraemvisesa\/investigacion\/vivienda-us\/","url":"https:\/\/catedra.us.es\/catedraemvisesa\/investigacion\/vivienda-us\/","name":"La vivienda en la US - OLD - C\u00e1tedra Vivienda","isPartOf":{"@id":"https:\/\/catedra.us.es\/catedraemvisesa\/#website"},"datePublished":"2022-02-18T11:42:53+00:00","dateModified":"2023-01-24T12:48:07+00:00","description":"La vivienda en la US. Investigaci\u00f3n. Desarrollo. Optimizaci\u00f3n de los recursos. Innovaci\u00f3n. C\u00e1tedra Vivienda-EMVISESA","breadcrumb":{"@id":"https:\/\/catedra.us.es\/catedraemvisesa\/investigacion\/vivienda-us\/#breadcrumb"},"inLanguage":"es","potentialAction":[{"@type":"ReadAction","target":["https:\/\/catedra.us.es\/catedraemvisesa\/investigacion\/vivienda-us\/"]}]},{"@type":"BreadcrumbList","@id":"https:\/\/catedra.us.es\/catedraemvisesa\/investigacion\/vivienda-us\/#breadcrumb","itemListElement":[{"@type":"ListItem","position":1,"name":"C\u00e1tedra Vivienda","item":"https:\/\/catedra.us.es\/catedraemvisesa\/"},{"@type":"ListItem","position":2,"name":"Investigaci\u00f3n","item":"https:\/\/catedra.us.es\/catedraemvisesa\/investigacion\/"},{"@type":"ListItem","position":3,"name":"La vivienda en la US &#8211; OLD"}]},{"@type":"WebSite","@id":"https:\/\/catedra.us.es\/catedraemvisesa\/#website","url":"https:\/\/catedra.us.es\/catedraemvisesa\/","name":"C\u00e1tedra Vivienda","description":"-","publisher":{"@id":"https:\/\/catedra.us.es\/catedraemvisesa\/#organization"},"potentialAction":[{"@type":"SearchAction","target":{"@type":"EntryPoint","urlTemplate":"https:\/\/catedra.us.es\/catedraemvisesa\/?s={search_term_string}"},"query-input":"required name=search_term_string"}],"inLanguage":"es"},{"@type":"Organization","@id":"https:\/\/catedra.us.es\/catedraemvisesa\/#organization","name":"C\u00e1tedra Vivienda EMVISESA - Universidad de Sevilla","url":"https:\/\/catedra.us.es\/catedraemvisesa\/","logo":{"@type":"ImageObject","inLanguage":"es","@id":"https:\/\/catedra.us.es\/catedraemvisesa\/#\/schema\/logo\/image\/","url":"https:\/\/catedra.us.es\/catedraemvisesa\/wp-content\/uploads\/2022\/03\/275125850_112577394700310_3927920400154476459_n.jpeg","contentUrl":"https:\/\/catedra.us.es\/catedraemvisesa\/wp-content\/uploads\/2022\/03\/275125850_112577394700310_3927920400154476459_n.jpeg","width":675,"height":675,"caption":"C\u00e1tedra Vivienda EMVISESA - Universidad de Sevilla"},"image":{"@id":"https:\/\/catedra.us.es\/catedraemvisesa\/#\/schema\/logo\/image\/"}}]}},"_links":{"self":[{"href":"https:\/\/catedra.us.es\/catedraemvisesa\/wp-json\/wp\/v2\/pages\/1499"}],"collection":[{"href":"https:\/\/catedra.us.es\/catedraemvisesa\/wp-json\/wp\/v2\/pages"}],"about":[{"href":"https:\/\/catedra.us.es\/catedraemvisesa\/wp-json\/wp\/v2\/types\/page"}],"author":[{"embeddable":true,"href":"https:\/\/catedra.us.es\/catedraemvisesa\/wp-json\/wp\/v2\/users\/5"}],"replies":[{"embeddable":true,"href":"https:\/\/catedra.us.es\/catedraemvisesa\/wp-json\/wp\/v2\/comments?post=1499"}],"version-history":[{"count":23,"href":"https:\/\/catedra.us.es\/catedraemvisesa\/wp-json\/wp\/v2\/pages\/1499\/revisions"}],"predecessor-version":[{"id":3044,"href":"https:\/\/catedra.us.es\/catedraemvisesa\/wp-json\/wp\/v2\/pages\/1499\/revisions\/3044"}],"up":[{"embeddable":true,"href":"https:\/\/catedra.us.es\/catedraemvisesa\/wp-json\/wp\/v2\/pages\/1763"}],"wp:attachment":[{"href":"https:\/\/catedra.us.es\/catedraemvisesa\/wp-json\/wp\/v2\/media?parent=1499"}],"curies":[{"name":"wp","href":"https:\/\/api.w.org\/{rel}","templated":true}]}}