{"id":1711,"date":"2022-02-25T09:14:21","date_gmt":"2022-02-25T09:14:21","guid":{"rendered":"http:\/\/catedra.us.es\/catedraemvisesa\/?page_id=1711"},"modified":"2022-03-15T12:07:57","modified_gmt":"2022-03-15T12:07:57","slug":"aviso-legal","status":"publish","type":"page","link":"https:\/\/catedra.us.es\/catedraemvisesa\/legal\/aviso-legal\/","title":{"rendered":"Aviso legal"},"content":{"rendered":"<p>En cumplimiento de lo previsto en la Ley 34\/2002, de 11 de julio, de Servicios de la Sociedad de la Informaci\u00f3n y de Comercio Electr\u00f3nico, as\u00ed como en otras normas de legal aplicaci\u00f3n, se pone en conocimiento de los usuarios de la Web sic.us.es los siguientes datos de informaci\u00f3n general:<\/p>\n<ol>\n<li>\u00a0El presente portal constituye el Sitio Oficial en Internet del Servicio de Inform\u00e1tica y Comunicaciones de la UNIVERSIDAD DE SEVILLA. Ha sido creado y es mantenido a instancias de la \u201cUNIVERSIDAD DE SEVILLA\u201d, quien es su propietaria, as\u00ed como de aquellos nombres de dominio que a \u00e9l conducen.<\/li>\n<li>\u00a0La UNIVERSIDAD DE SEVILLA es una instituci\u00f3n p\u00fablica educativa que fue creada por la Ley 29\/79, de 30 de octubre (B.O.E. de 31 de octubre de 1979).<\/li>\n<li>La UNIVERSIDAD DE SEVILLA est\u00e1 provista de C.I.F. n\u00ba Q-4118001-I<\/li>\n<li>La sede de la UNIVERSIDAD DE SEVILLA se encuentra en: C\/ S. Fernando, 4 (C.P. 41004) SEVILLA ESPA\u00d1A<\/li>\n<li>Los usuarios del presente portal podr\u00e1n establecer una comunicaci\u00f3n directa y efectiva con la UNIVERSIDAD DE SEVILLA mediante comunicaci\u00f3n escrita remitida a su domicilio social, indicado en el punto 4 de los que componen esta Informaci\u00f3n General, as\u00ed como utilizando cualquiera de los siguientes medios:<br \/>\nTfnos de Contactos: Centralita exterior: 954551000<br \/>\nInformaci\u00f3n Telef\u00f3nica del Servicio para Alumnos: 954485797 \/ 954485776<br \/>\nUnidad de Informaci\u00f3n General de la Universidad de Sevilla: 954556999<br \/>\nFax del Registro General: 954211294<\/li>\n<\/ol>\n","protected":false},"excerpt":{"rendered":"<p>En cumplimiento de lo previsto en la Ley 34\/2002, de 11 de julio, de Servicios de la Sociedad de la Informaci\u00f3n y de Comercio Electr\u00f3nico, as\u00ed como en otras normas de legal aplicaci\u00f3n, se pone en conocimiento de los usuarios de la Web sic.us.es los siguientes datos de informaci\u00f3n general: \u00a0El presente portal constituye el &hellip;<\/p>\n<p class=\"read-more\"> <a class=\"\" href=\"https:\/\/catedra.us.es\/catedraemvisesa\/legal\/aviso-legal\/\"> <span class=\"screen-reader-text\">Aviso legal<\/span> Leer m\u00e1s &raquo;<\/a><\/p>\n","protected":false},"author":5,"featured_media":0,"parent":1708,"menu_order":0,"comment_status":"closed","ping_status":"closed","template":"","meta":{"site-sidebar-layout":"default","site-content-layout":"default","ast-global-header-display":"","ast-main-header-display":"","ast-hfb-above-header-display":"","ast-hfb-below-header-display":"","ast-hfb-mobile-header-display":"","site-post-title":"","ast-breadcrumbs-content":"","ast-featured-img":"","footer-sml-layout":"","theme-transparent-header-meta":"","adv-header-id-meta":"","stick-header-meta":"","header-above-stick-meta":"","header-main-stick-meta":"","header-below-stick-meta":""},"yoast_head":"<title>Aviso legal - C\u00e1tedra Vivienda<\/title>\n<meta name=\"description\" content=\"En cumplimiento de lo previsto en la Ley 34\/2002, de 11 de julio, de Servicios de la Sociedad de la Informaci\u00f3n y de Comercio Electr\u00f3nico...\" \/>\n<meta name=\"robots\" content=\"index, follow, max-snippet:-1, max-image-preview:large, max-video-preview:-1\" \/>\n<link rel=\"canonical\" href=\"https:\/\/catedra.us.es\/catedraemvisesa\/legal\/aviso-legal\/\" \/>\n<meta property=\"og:locale\" content=\"es_ES\" \/>\n<meta property=\"og:type\" content=\"article\" \/>\n<meta property=\"og:title\" content=\"Aviso legal - C\u00e1tedra Vivienda\" \/>\n<meta property=\"og:description\" content=\"En cumplimiento de lo previsto en la Ley 34\/2002, de 11 de julio, de Servicios de la Sociedad de la Informaci\u00f3n y de Comercio Electr\u00f3nico...\" \/>\n<meta property=\"og:url\" content=\"https:\/\/catedra.us.es\/catedraemvisesa\/legal\/aviso-legal\/\" \/>\n<meta property=\"og:site_name\" content=\"C\u00e1tedra Vivienda\" \/>\n<meta property=\"article:modified_time\" content=\"2022-03-15T12:07:57+00:00\" \/>\n<meta name=\"twitter:card\" content=\"summary_large_image\" \/>\n<meta name=\"twitter:label1\" content=\"Tiempo de lectura\" \/>\n\t<meta name=\"twitter:data1\" content=\"1 minuto\" \/>\n<script type=\"application\/ld+json\" class=\"yoast-schema-graph\">{\"@context\":\"https:\/\/schema.org\",\"@graph\":[{\"@type\":\"WebPage\",\"@id\":\"https:\/\/catedra.us.es\/catedraemvisesa\/legal\/aviso-legal\/\",\"url\":\"https:\/\/catedra.us.es\/catedraemvisesa\/legal\/aviso-legal\/\",\"name\":\"Aviso legal - C\u00e1tedra Vivienda\",\"isPartOf\":{\"@id\":\"https:\/\/catedra.us.es\/catedraemvisesa\/#website\"},\"datePublished\":\"2022-02-25T09:14:21+00:00\",\"dateModified\":\"2022-03-15T12:07:57+00:00\",\"description\":\"En cumplimiento de lo previsto en la Ley 34\/2002, de 11 de julio, de Servicios de la Sociedad de la Informaci\u00f3n y de Comercio Electr\u00f3nico...\",\"breadcrumb\":{\"@id\":\"https:\/\/catedra.us.es\/catedraemvisesa\/legal\/aviso-legal\/#breadcrumb\"},\"inLanguage\":\"es\",\"potentialAction\":[{\"@type\":\"ReadAction\",\"target\":[\"https:\/\/catedra.us.es\/catedraemvisesa\/legal\/aviso-legal\/\"]}]},{\"@type\":\"BreadcrumbList\",\"@id\":\"https:\/\/catedra.us.es\/catedraemvisesa\/legal\/aviso-legal\/#breadcrumb\",\"itemListElement\":[{\"@type\":\"ListItem\",\"position\":1,\"name\":\"C\u00e1tedra Vivienda\",\"item\":\"https:\/\/catedra.us.es\/catedraemvisesa\/\"},{\"@type\":\"ListItem\",\"position\":2,\"name\":\"Legal\",\"item\":\"https:\/\/catedra.us.es\/catedraemvisesa\/legal\/\"},{\"@type\":\"ListItem\",\"position\":3,\"name\":\"Aviso legal\"}]},{\"@type\":\"WebSite\",\"@id\":\"https:\/\/catedra.us.es\/catedraemvisesa\/#website\",\"url\":\"https:\/\/catedra.us.es\/catedraemvisesa\/\",\"name\":\"C\u00e1tedra Vivienda\",\"description\":\"-\",\"publisher\":{\"@id\":\"https:\/\/catedra.us.es\/catedraemvisesa\/#organization\"},\"potentialAction\":[{\"@type\":\"SearchAction\",\"target\":{\"@type\":\"EntryPoint\",\"urlTemplate\":\"https:\/\/catedra.us.es\/catedraemvisesa\/?s={search_term_string}\"},\"query-input\":\"required name=search_term_string\"}],\"inLanguage\":\"es\"},{\"@type\":\"Organization\",\"@id\":\"https:\/\/catedra.us.es\/catedraemvisesa\/#organization\",\"name\":\"C\u00e1tedra Vivienda EMVISESA - Universidad de Sevilla\",\"url\":\"https:\/\/catedra.us.es\/catedraemvisesa\/\",\"logo\":{\"@type\":\"ImageObject\",\"inLanguage\":\"es\",\"@id\":\"https:\/\/catedra.us.es\/catedraemvisesa\/#\/schema\/logo\/image\/\",\"url\":\"https:\/\/catedra.us.es\/catedraemvisesa\/wp-content\/uploads\/2022\/03\/275125850_112577394700310_3927920400154476459_n.jpeg\",\"contentUrl\":\"https:\/\/catedra.us.es\/catedraemvisesa\/wp-content\/uploads\/2022\/03\/275125850_112577394700310_3927920400154476459_n.jpeg\",\"width\":675,\"height\":675,\"caption\":\"C\u00e1tedra Vivienda EMVISESA - Universidad de Sevilla\"},\"image\":{\"@id\":\"https:\/\/catedra.us.es\/catedraemvisesa\/#\/schema\/logo\/image\/\"}}]}<\/script>","yoast_head_json":{"title":"Aviso legal - C\u00e1tedra Vivienda","description":"En cumplimiento de lo previsto en la Ley 34\/2002, de 11 de julio, de Servicios de la Sociedad de la Informaci\u00f3n y de Comercio Electr\u00f3nico...","robots":{"index":"index","follow":"follow","max-snippet":"max-snippet:-1","max-image-preview":"max-image-preview:large","max-video-preview":"max-video-preview:-1"},"canonical":"https:\/\/catedra.us.es\/catedraemvisesa\/legal\/aviso-legal\/","og_locale":"es_ES","og_type":"article","og_title":"Aviso legal - C\u00e1tedra Vivienda","og_description":"En cumplimiento de lo previsto en la Ley 34\/2002, de 11 de julio, de Servicios de la Sociedad de la Informaci\u00f3n y de Comercio Electr\u00f3nico...","og_url":"https:\/\/catedra.us.es\/catedraemvisesa\/legal\/aviso-legal\/","og_site_name":"C\u00e1tedra Vivienda","article_modified_time":"2022-03-15T12:07:57+00:00","twitter_card":"summary_large_image","twitter_misc":{"Tiempo de lectura":"1 minuto"},"schema":{"@context":"https:\/\/schema.org","@graph":[{"@type":"WebPage","@id":"https:\/\/catedra.us.es\/catedraemvisesa\/legal\/aviso-legal\/","url":"https:\/\/catedra.us.es\/catedraemvisesa\/legal\/aviso-legal\/","name":"Aviso legal - C\u00e1tedra Vivienda","isPartOf":{"@id":"https:\/\/catedra.us.es\/catedraemvisesa\/#website"},"datePublished":"2022-02-25T09:14:21+00:00","dateModified":"2022-03-15T12:07:57+00:00","description":"En cumplimiento de lo previsto en la Ley 34\/2002, de 11 de julio, de Servicios de la Sociedad de la Informaci\u00f3n y de Comercio Electr\u00f3nico...","breadcrumb":{"@id":"https:\/\/catedra.us.es\/catedraemvisesa\/legal\/aviso-legal\/#breadcrumb"},"inLanguage":"es","potentialAction":[{"@type":"ReadAction","target":["https:\/\/catedra.us.es\/catedraemvisesa\/legal\/aviso-legal\/"]}]},{"@type":"BreadcrumbList","@id":"https:\/\/catedra.us.es\/catedraemvisesa\/legal\/aviso-legal\/#breadcrumb","itemListElement":[{"@type":"ListItem","position":1,"name":"C\u00e1tedra Vivienda","item":"https:\/\/catedra.us.es\/catedraemvisesa\/"},{"@type":"ListItem","position":2,"name":"Legal","item":"https:\/\/catedra.us.es\/catedraemvisesa\/legal\/"},{"@type":"ListItem","position":3,"name":"Aviso legal"}]},{"@type":"WebSite","@id":"https:\/\/catedra.us.es\/catedraemvisesa\/#website","url":"https:\/\/catedra.us.es\/catedraemvisesa\/","name":"C\u00e1tedra Vivienda","description":"-","publisher":{"@id":"https:\/\/catedra.us.es\/catedraemvisesa\/#organization"},"potentialAction":[{"@type":"SearchAction","target":{"@type":"EntryPoint","urlTemplate":"https:\/\/catedra.us.es\/catedraemvisesa\/?s={search_term_string}"},"query-input":"required name=search_term_string"}],"inLanguage":"es"},{"@type":"Organization","@id":"https:\/\/catedra.us.es\/catedraemvisesa\/#organization","name":"C\u00e1tedra Vivienda EMVISESA - Universidad de Sevilla","url":"https:\/\/catedra.us.es\/catedraemvisesa\/","logo":{"@type":"ImageObject","inLanguage":"es","@id":"https:\/\/catedra.us.es\/catedraemvisesa\/#\/schema\/logo\/image\/","url":"https:\/\/catedra.us.es\/catedraemvisesa\/wp-content\/uploads\/2022\/03\/275125850_112577394700310_3927920400154476459_n.jpeg","contentUrl":"https:\/\/catedra.us.es\/catedraemvisesa\/wp-content\/uploads\/2022\/03\/275125850_112577394700310_3927920400154476459_n.jpeg","width":675,"height":675,"caption":"C\u00e1tedra Vivienda EMVISESA - Universidad de Sevilla"},"image":{"@id":"https:\/\/catedra.us.es\/catedraemvisesa\/#\/schema\/logo\/image\/"}}]}},"_links":{"self":[{"href":"https:\/\/catedra.us.es\/catedraemvisesa\/wp-json\/wp\/v2\/pages\/1711"}],"collection":[{"href":"https:\/\/catedra.us.es\/catedraemvisesa\/wp-json\/wp\/v2\/pages"}],"about":[{"href":"https:\/\/catedra.us.es\/catedraemvisesa\/wp-json\/wp\/v2\/types\/page"}],"author":[{"embeddable":true,"href":"https:\/\/catedra.us.es\/catedraemvisesa\/wp-json\/wp\/v2\/users\/5"}],"replies":[{"embeddable":true,"href":"https:\/\/catedra.us.es\/catedraemvisesa\/wp-json\/wp\/v2\/comments?post=1711"}],"version-history":[{"count":2,"href":"https:\/\/catedra.us.es\/catedraemvisesa\/wp-json\/wp\/v2\/pages\/1711\/revisions"}],"predecessor-version":[{"id":1713,"href":"https:\/\/catedra.us.es\/catedraemvisesa\/wp-json\/wp\/v2\/pages\/1711\/revisions\/1713"}],"up":[{"embeddable":true,"href":"https:\/\/catedra.us.es\/catedraemvisesa\/wp-json\/wp\/v2\/pages\/1708"}],"wp:attachment":[{"href":"https:\/\/catedra.us.es\/catedraemvisesa\/wp-json\/wp\/v2\/media?parent=1711"}],"curies":[{"name":"wp","href":"https:\/\/api.w.org\/{rel}","templated":true}]}}