{"id":1724,"date":"2022-02-25T09:36:38","date_gmt":"2022-02-25T09:36:38","guid":{"rendered":"http:\/\/catedra.us.es\/catedraemvisesa\/?page_id=1724"},"modified":"2023-01-30T12:53:11","modified_gmt":"2023-01-30T12:53:11","slug":"practicas-empresa","status":"publish","type":"page","link":"https:\/\/catedra.us.es\/catedraemvisesa\/formacion\/practicas-empresa\/","title":{"rendered":"Pr\u00e1cticas de empresa"},"content":{"rendered":"\t\t<div data-elementor-type=\"wp-page\" data-elementor-id=\"1724\" class=\"elementor elementor-1724\" data-elementor-settings=\"[]\">\n\t\t\t\t\t\t<div class=\"elementor-inner\">\n\t\t\t\t\t\t\t<div class=\"elementor-section-wrap\">\n\t\t\t\t\t\t\t<section class=\"elementor-section elementor-top-section elementor-element elementor-element-57ec9f7 elementor-section-full_width elementor-section-height-min-height cabecera elementor-section-height-default elementor-section-items-middle\" data-id=\"57ec9f7\" data-element_type=\"section\" data-settings=\"{&quot;background_background&quot;:&quot;classic&quot;}\">\n\t\t\t\t\t\t<div class=\"elementor-container elementor-column-gap-default\">\n\t\t\t\t\t\t\t<div class=\"elementor-row\">\n\t\t\t\t\t<div class=\"elementor-column elementor-col-100 elementor-top-column elementor-element elementor-element-dfc8935\" data-id=\"dfc8935\" data-element_type=\"column\">\n\t\t\t<div class=\"elementor-column-wrap elementor-element-populated\">\n\t\t\t\t\t\t\t<div class=\"elementor-widget-wrap\">\n\t\t\t\t\t\t<div class=\"elementor-element elementor-element-39fdba4 elementor-widget elementor-widget-heading\" data-id=\"39fdba4\" data-element_type=\"widget\" data-widget_type=\"heading.default\">\n\t\t\t\t<div class=\"elementor-widget-container\">\n\t\t\t<h1 class=\"elementor-heading-title elementor-size-default\">Pr\u00e1cticas de empresa<\/h1>\t\t<\/div>\n\t\t\t\t<\/div>\n\t\t\t\t\t\t<\/div>\n\t\t\t\t\t<\/div>\n\t\t<\/div>\n\t\t\t\t\t\t\t\t<\/div>\n\t\t\t\t\t<\/div>\n\t\t<\/section>\n\t\t\t\t<section class=\"elementor-section elementor-top-section elementor-element elementor-element-bd7d940 elementor-section-boxed elementor-section-height-default elementor-section-height-default\" data-id=\"bd7d940\" data-element_type=\"section\" data-settings=\"{&quot;background_background&quot;:&quot;classic&quot;}\">\n\t\t\t\t\t\t<div class=\"elementor-container elementor-column-gap-default\">\n\t\t\t\t\t\t\t<div class=\"elementor-row\">\n\t\t\t\t\t<div class=\"elementor-column elementor-col-100 elementor-top-column elementor-element elementor-element-f10525b\" data-id=\"f10525b\" data-element_type=\"column\">\n\t\t\t<div class=\"elementor-column-wrap elementor-element-populated\">\n\t\t\t\t\t\t\t<div class=\"elementor-widget-wrap\">\n\t\t\t\t\t\t<div class=\"elementor-element elementor-element-e474714 elementor-widget elementor-widget-text-editor\" data-id=\"e474714\" data-element_type=\"widget\" data-widget_type=\"text-editor.default\">\n\t\t\t\t<div class=\"elementor-widget-container\">\n\t\t\t\t\t<div class=\"elementor-text-editor elementor-clearfix\"><p>Las pr\u00e1cticas de empresa permiten complementar la formaci\u00f3n reglada de los estudiantes de la Universidad de Sevilla y acercarlos a la vida profesional antes y despu\u00e9s de terminar sus estudios de Grado y\/o M\u00e1ster.\u00a0<\/p><p>Es una gran oportunidad para que los futuros profesionales del sector adquieran habilidades y conocimientos pr\u00e1cticos que impulsen su \u00e9xito en un mundo laboral cada vez m\u00e1s competitivo. Por ello, durante el desarrollo de las pr\u00e1cticas, los estudiantes contar\u00e1n con la tutela tanto de la Universidad como de la propia Empresa, para garantizar el \u00e9xito de las mismas.\u00a0<\/p><p>En las modalidades de Pr\u00e1cticas Curriculares y Extracurriculares,\u00a0 <a href=\"https:\/\/www.emvisesa.org\/\" target=\"_blank\" rel=\"noopener\">EMVISESA:Empresa Municipal de Vivienda, Suelo y Equipamiento de Sevilla, S.A.<\/a> oferta varias pr\u00e1cticas a lo largo de todo el a\u00f1o acad\u00e9mico para diferentes titulaciones a trav\u00e9s de las diferentes facultades\/Escuelas T\u00e9cnicas de la Universidad de Sevilla.\u00a0<\/p><p>\u00a0<\/p><\/div>\n\t\t\t\t<\/div>\n\t\t\t\t<\/div>\n\t\t\t\t\t\t<\/div>\n\t\t\t\t\t<\/div>\n\t\t<\/div>\n\t\t\t\t\t\t\t\t<\/div>\n\t\t\t\t\t<\/div>\n\t\t<\/section>\n\t\t\t\t<section class=\"elementor-section elementor-top-section elementor-element elementor-element-f22126d elementor-section-boxed elementor-section-height-default elementor-section-height-default\" data-id=\"f22126d\" data-element_type=\"section\" data-settings=\"{&quot;background_background&quot;:&quot;classic&quot;}\">\n\t\t\t\t\t\t<div class=\"elementor-container elementor-column-gap-default\">\n\t\t\t\t\t\t\t<div class=\"elementor-row\">\n\t\t\t\t\t<div class=\"elementor-column elementor-col-33 elementor-top-column elementor-element elementor-element-39c246d\" data-id=\"39c246d\" data-element_type=\"column\">\n\t\t\t<div class=\"elementor-column-wrap elementor-element-populated\">\n\t\t\t\t\t\t\t<div class=\"elementor-widget-wrap\">\n\t\t\t\t\t\t<div class=\"elementor-element elementor-element-5f90caf subrayado subrayadoizda elementor-widget elementor-widget-heading\" data-id=\"5f90caf\" data-element_type=\"widget\" data-widget_type=\"heading.default\">\n\t\t\t\t<div class=\"elementor-widget-container\">\n\t\t\t<h3 class=\"elementor-heading-title elementor-size-default\">Curriculares<\/h3>\t\t<\/div>\n\t\t\t\t<\/div>\n\t\t\t\t\t\t<\/div>\n\t\t\t\t\t<\/div>\n\t\t<\/div>\n\t\t\t\t<div class=\"elementor-column elementor-col-66 elementor-top-column elementor-element elementor-element-f9bcb38\" data-id=\"f9bcb38\" data-element_type=\"column\">\n\t\t\t<div class=\"elementor-column-wrap elementor-element-populated\">\n\t\t\t\t\t\t\t<div class=\"elementor-widget-wrap\">\n\t\t\t\t\t\t<div class=\"elementor-element elementor-element-3b67a20 acordeon elementor-widget elementor-widget-accordion\" data-id=\"3b67a20\" data-element_type=\"widget\" data-widget_type=\"accordion.default\">\n\t\t\t\t<div class=\"elementor-widget-container\">\n\t\t\t\t\t<div class=\"elementor-accordion\" role=\"tablist\">\n\t\t\t\t\t\t\t<div class=\"elementor-accordion-item\">\n\t\t\t\t\t<div id=\"elementor-tab-title-6221\" class=\"elementor-tab-title\" data-tab=\"1\" role=\"tab\" aria-controls=\"elementor-tab-content-6221\">\n\t\t\t\t\t\t\t\t\t\t\t\t\t<span class=\"elementor-accordion-icon elementor-accordion-icon-left\" aria-hidden=\"true\">\n\t\t\t\t\t\t\t\t\t\t\t\t\t\t\t<span class=\"elementor-accordion-icon-closed\"><i class=\"fas fa-plus\"><\/i><\/span>\n\t\t\t\t\t\t\t\t<span class=\"elementor-accordion-icon-opened\"><i class=\"fas fa-minus\"><\/i><\/span>\n\t\t\t\t\t\t\t\t\t\t\t\t\t\t<\/span>\n\t\t\t\t\t\t\t\t\t\t\t\t<a class=\"elementor-accordion-title\" href=\"\"><\/a>\n\t\t\t\t\t<\/div>\n\t\t\t\t\t<div id=\"elementor-tab-content-6221\" class=\"elementor-tab-content elementor-clearfix\" data-tab=\"1\" role=\"tabpanel\" aria-labelledby=\"elementor-tab-title-6221\"><\/div>\n\t\t\t\t<\/div>\n\t\t\t\t\t<\/div>\n\t\t\t\t<\/div>\n\t\t\t\t<\/div>\n\t\t\t\t\t\t<\/div>\n\t\t\t\t\t<\/div>\n\t\t<\/div>\n\t\t\t\t\t\t\t\t<\/div>\n\t\t\t\t\t<\/div>\n\t\t<\/section>\n\t\t\t\t<section class=\"elementor-section elementor-top-section elementor-element elementor-element-9ee00d8 elementor-section-boxed elementor-section-height-default elementor-section-height-default\" data-id=\"9ee00d8\" data-element_type=\"section\" data-settings=\"{&quot;background_background&quot;:&quot;classic&quot;}\">\n\t\t\t\t\t\t<div class=\"elementor-container elementor-column-gap-default\">\n\t\t\t\t\t\t\t<div class=\"elementor-row\">\n\t\t\t\t\t<div class=\"elementor-column elementor-col-33 elementor-top-column elementor-element elementor-element-32cba14\" data-id=\"32cba14\" data-element_type=\"column\">\n\t\t\t<div class=\"elementor-column-wrap elementor-element-populated\">\n\t\t\t\t\t\t\t<div class=\"elementor-widget-wrap\">\n\t\t\t\t\t\t<div class=\"elementor-element elementor-element-e458296 subrayado subrayadoizda elementor-widget elementor-widget-heading\" data-id=\"e458296\" data-element_type=\"widget\" data-widget_type=\"heading.default\">\n\t\t\t\t<div class=\"elementor-widget-container\">\n\t\t\t<h3 class=\"elementor-heading-title elementor-size-default\">Extracurriculares<\/h3>\t\t<\/div>\n\t\t\t\t<\/div>\n\t\t\t\t\t\t<\/div>\n\t\t\t\t\t<\/div>\n\t\t<\/div>\n\t\t\t\t<div class=\"elementor-column elementor-col-66 elementor-top-column elementor-element elementor-element-d6d6e72\" data-id=\"d6d6e72\" data-element_type=\"column\">\n\t\t\t<div class=\"elementor-column-wrap elementor-element-populated\">\n\t\t\t\t\t\t\t<div class=\"elementor-widget-wrap\">\n\t\t\t\t\t\t<div class=\"elementor-element elementor-element-3295c67 acordeon elementor-widget elementor-widget-accordion\" data-id=\"3295c67\" data-element_type=\"widget\" data-widget_type=\"accordion.default\">\n\t\t\t\t<div class=\"elementor-widget-container\">\n\t\t\t\t\t<div class=\"elementor-accordion\" role=\"tablist\">\n\t\t\t\t\t\t\t<div class=\"elementor-accordion-item\">\n\t\t\t\t\t<div id=\"elementor-tab-title-5301\" class=\"elementor-tab-title\" data-tab=\"1\" role=\"tab\" aria-controls=\"elementor-tab-content-5301\">\n\t\t\t\t\t\t\t\t\t\t\t\t\t<span class=\"elementor-accordion-icon elementor-accordion-icon-left\" aria-hidden=\"true\">\n\t\t\t\t\t\t\t\t\t\t\t\t\t\t\t<span class=\"elementor-accordion-icon-closed\"><i class=\"fas fa-plus\"><\/i><\/span>\n\t\t\t\t\t\t\t\t<span class=\"elementor-accordion-icon-opened\"><i class=\"fas fa-minus\"><\/i><\/span>\n\t\t\t\t\t\t\t\t\t\t\t\t\t\t<\/span>\n\t\t\t\t\t\t\t\t\t\t\t\t<a class=\"elementor-accordion-title\" href=\"\">Curso 2021\/2022<\/a>\n\t\t\t\t\t<\/div>\n\t\t\t\t\t<div id=\"elementor-tab-content-5301\" class=\"elementor-tab-content elementor-clearfix\" data-tab=\"1\" role=\"tabpanel\" aria-labelledby=\"elementor-tab-title-5301\"><p><span style=\"color: var(--ast-global-color-3); font-size: 1rem;\">A 21\/04\/2022 dan comienzo las pr\u00e1cticas extracurriculares que oferta EMVISESA a estudiantes de Grado\/M\u00e1ster en Arquitectura, en la Convocatoria Ref. n\u00ba 334985. Habiendo sido adjudicada a <b>Francisco Javier Carrillo Pe\u00f1a<\/b>.<\/span><\/p>\n<p style=\"line-height: normal; margin: 0cm 0cm 0cm 35.4pt;\">\n<\/p><\/div>\n\t\t\t\t<\/div>\n\t\t\t\t\t<\/div>\n\t\t\t\t<\/div>\n\t\t\t\t<\/div>\n\t\t\t\t<div class=\"elementor-element elementor-element-0299eed acordeon elementor-widget elementor-widget-accordion\" data-id=\"0299eed\" data-element_type=\"widget\" data-widget_type=\"accordion.default\">\n\t\t\t\t<div class=\"elementor-widget-container\">\n\t\t\t\t\t<div class=\"elementor-accordion\" role=\"tablist\">\n\t\t\t\t\t\t\t<div class=\"elementor-accordion-item\">\n\t\t\t\t\t<div id=\"elementor-tab-title-2721\" class=\"elementor-tab-title\" data-tab=\"1\" role=\"tab\" aria-controls=\"elementor-tab-content-2721\">\n\t\t\t\t\t\t\t\t\t\t\t\t\t<span class=\"elementor-accordion-icon elementor-accordion-icon-left\" aria-hidden=\"true\">\n\t\t\t\t\t\t\t\t\t\t\t\t\t\t\t<span class=\"elementor-accordion-icon-closed\"><i class=\"fas fa-plus\"><\/i><\/span>\n\t\t\t\t\t\t\t\t<span class=\"elementor-accordion-icon-opened\"><i class=\"fas fa-minus\"><\/i><\/span>\n\t\t\t\t\t\t\t\t\t\t\t\t\t\t<\/span>\n\t\t\t\t\t\t\t\t\t\t\t\t<a class=\"elementor-accordion-title\" href=\"\">Curso 2022\/2023<\/a>\n\t\t\t\t\t<\/div>\n\t\t\t\t\t<div id=\"elementor-tab-content-2721\" class=\"elementor-tab-content elementor-clearfix\" data-tab=\"1\" role=\"tabpanel\" aria-labelledby=\"elementor-tab-title-2721\"><p>A 24\/10\/2022 dan comienzo las pr\u00e1cticas extracurriculares que oferta EMVISESA a estudiantes de Grado\/M\u00e1ster en Arquitectura, en la Convocatoria Ref. n\u00ba 350011. Habiendo sido adjudicada a <strong>Clara Dom\u00ednguez Guti\u00e9rrez<\/strong>.<\/p><p style=\"line-height: normal; margin: 0cm 0cm 0cm 35.4pt;\">\u00a0<\/p><\/div>\n\t\t\t\t<\/div>\n\t\t\t\t\t<\/div>\n\t\t\t\t<\/div>\n\t\t\t\t<\/div>\n\t\t\t\t\t\t<\/div>\n\t\t\t\t\t<\/div>\n\t\t<\/div>\n\t\t\t\t\t\t\t\t<\/div>\n\t\t\t\t\t<\/div>\n\t\t<\/section>\n\t\t\t\t\t\t<\/div>\n\t\t\t\t\t\t<\/div>\n\t\t\t\t\t<\/div>\n\t\t","protected":false},"excerpt":{"rendered":"<p>Pr\u00e1cticas de empresa Las pr\u00e1cticas de empresa permiten complementar la formaci\u00f3n reglada de los estudiantes de la Universidad de Sevilla y acercarlos a la vida profesional antes y despu\u00e9s de terminar sus estudios de Grado y\/o M\u00e1ster.\u00a0 Es una gran oportunidad para que los futuros profesionales del sector adquieran habilidades y conocimientos pr\u00e1cticos que impulsen &hellip;<\/p>\n<p class=\"read-more\"> <a class=\"\" href=\"https:\/\/catedra.us.es\/catedraemvisesa\/formacion\/practicas-empresa\/\"> <span class=\"screen-reader-text\">Pr\u00e1cticas de empresa<\/span> Leer m\u00e1s &raquo;<\/a><\/p>\n","protected":false},"author":5,"featured_media":1866,"parent":1490,"menu_order":0,"comment_status":"closed","ping_status":"closed","template":"","meta":{"site-sidebar-layout":"no-sidebar","site-content-layout":"page-builder","ast-global-header-display":"","ast-main-header-display":"","ast-hfb-above-header-display":"","ast-hfb-below-header-display":"","ast-hfb-mobile-header-display":"","site-post-title":"disabled","ast-breadcrumbs-content":"","ast-featured-img":"disabled","footer-sml-layout":"","theme-transparent-header-meta":"","adv-header-id-meta":"","stick-header-meta":"","header-above-stick-meta":"","header-main-stick-meta":"","header-below-stick-meta":""},"yoast_head":"<title>Pr\u00e1cticas de empresa - C\u00e1tedra Vivienda<\/title>\n<meta name=\"description\" content=\"Las pr\u00e1cticas de empresa permiten complementar la formaci\u00f3n reglada de los estudiantes de la Universidad de Sevilla.\" \/>\n<meta name=\"robots\" content=\"index, follow, max-snippet:-1, max-image-preview:large, max-video-preview:-1\" \/>\n<link rel=\"canonical\" href=\"https:\/\/catedra.us.es\/catedraemvisesa\/formacion\/practicas-empresa\/\" \/>\n<meta property=\"og:locale\" content=\"es_ES\" \/>\n<meta property=\"og:type\" content=\"article\" \/>\n<meta property=\"og:title\" content=\"Pr\u00e1cticas de empresa - C\u00e1tedra Vivienda\" \/>\n<meta property=\"og:description\" content=\"Las pr\u00e1cticas de empresa permiten complementar la formaci\u00f3n reglada de los estudiantes de la Universidad de Sevilla.\" \/>\n<meta property=\"og:url\" content=\"https:\/\/catedra.us.es\/catedraemvisesa\/formacion\/practicas-empresa\/\" \/>\n<meta property=\"og:site_name\" content=\"C\u00e1tedra Vivienda\" \/>\n<meta property=\"article:modified_time\" content=\"2023-01-30T12:53:11+00:00\" \/>\n<meta property=\"og:image\" content=\"https:\/\/catedra.us.es\/catedraemvisesa\/wp-content\/uploads\/2022\/03\/practicas-de-empresa-cabecera.jpg\" \/>\n\t<meta property=\"og:image:width\" content=\"1920\" \/>\n\t<meta property=\"og:image:height\" content=\"410\" \/>\n\t<meta property=\"og:image:type\" content=\"image\/jpeg\" \/>\n<meta name=\"twitter:card\" content=\"summary_large_image\" \/>\n<meta name=\"twitter:label1\" content=\"Tiempo de lectura\" \/>\n\t<meta name=\"twitter:data1\" content=\"1 minuto\" \/>\n<script type=\"application\/ld+json\" class=\"yoast-schema-graph\">{\"@context\":\"https:\/\/schema.org\",\"@graph\":[{\"@type\":\"WebPage\",\"@id\":\"https:\/\/catedra.us.es\/catedraemvisesa\/formacion\/practicas-empresa\/\",\"url\":\"https:\/\/catedra.us.es\/catedraemvisesa\/formacion\/practicas-empresa\/\",\"name\":\"Pr\u00e1cticas de empresa - C\u00e1tedra Vivienda\",\"isPartOf\":{\"@id\":\"https:\/\/catedra.us.es\/catedraemvisesa\/#website\"},\"datePublished\":\"2022-02-25T09:36:38+00:00\",\"dateModified\":\"2023-01-30T12:53:11+00:00\",\"description\":\"Las pr\u00e1cticas de empresa permiten complementar la formaci\u00f3n reglada de los estudiantes de la Universidad de Sevilla.\",\"breadcrumb\":{\"@id\":\"https:\/\/catedra.us.es\/catedraemvisesa\/formacion\/practicas-empresa\/#breadcrumb\"},\"inLanguage\":\"es\",\"potentialAction\":[{\"@type\":\"ReadAction\",\"target\":[\"https:\/\/catedra.us.es\/catedraemvisesa\/formacion\/practicas-empresa\/\"]}]},{\"@type\":\"BreadcrumbList\",\"@id\":\"https:\/\/catedra.us.es\/catedraemvisesa\/formacion\/practicas-empresa\/#breadcrumb\",\"itemListElement\":[{\"@type\":\"ListItem\",\"position\":1,\"name\":\"C\u00e1tedra Vivienda\",\"item\":\"https:\/\/catedra.us.es\/catedraemvisesa\/\"},{\"@type\":\"ListItem\",\"position\":2,\"name\":\"Formaci\u00f3n\",\"item\":\"https:\/\/catedra.us.es\/catedraemvisesa\/formacion\/\"},{\"@type\":\"ListItem\",\"position\":3,\"name\":\"Pr\u00e1cticas de empresa\"}]},{\"@type\":\"WebSite\",\"@id\":\"https:\/\/catedra.us.es\/catedraemvisesa\/#website\",\"url\":\"https:\/\/catedra.us.es\/catedraemvisesa\/\",\"name\":\"C\u00e1tedra Vivienda\",\"description\":\"-\",\"publisher\":{\"@id\":\"https:\/\/catedra.us.es\/catedraemvisesa\/#organization\"},\"potentialAction\":[{\"@type\":\"SearchAction\",\"target\":{\"@type\":\"EntryPoint\",\"urlTemplate\":\"https:\/\/catedra.us.es\/catedraemvisesa\/?s={search_term_string}\"},\"query-input\":\"required name=search_term_string\"}],\"inLanguage\":\"es\"},{\"@type\":\"Organization\",\"@id\":\"https:\/\/catedra.us.es\/catedraemvisesa\/#organization\",\"name\":\"C\u00e1tedra Vivienda EMVISESA - Universidad de Sevilla\",\"url\":\"https:\/\/catedra.us.es\/catedraemvisesa\/\",\"logo\":{\"@type\":\"ImageObject\",\"inLanguage\":\"es\",\"@id\":\"https:\/\/catedra.us.es\/catedraemvisesa\/#\/schema\/logo\/image\/\",\"url\":\"https:\/\/catedra.us.es\/catedraemvisesa\/wp-content\/uploads\/2022\/03\/275125850_112577394700310_3927920400154476459_n.jpeg\",\"contentUrl\":\"https:\/\/catedra.us.es\/catedraemvisesa\/wp-content\/uploads\/2022\/03\/275125850_112577394700310_3927920400154476459_n.jpeg\",\"width\":675,\"height\":675,\"caption\":\"C\u00e1tedra Vivienda EMVISESA - Universidad de Sevilla\"},\"image\":{\"@id\":\"https:\/\/catedra.us.es\/catedraemvisesa\/#\/schema\/logo\/image\/\"}}]}<\/script>","yoast_head_json":{"title":"Pr\u00e1cticas de empresa - C\u00e1tedra Vivienda","description":"Las pr\u00e1cticas de empresa permiten complementar la formaci\u00f3n reglada de los estudiantes de la Universidad de Sevilla.","robots":{"index":"index","follow":"follow","max-snippet":"max-snippet:-1","max-image-preview":"max-image-preview:large","max-video-preview":"max-video-preview:-1"},"canonical":"https:\/\/catedra.us.es\/catedraemvisesa\/formacion\/practicas-empresa\/","og_locale":"es_ES","og_type":"article","og_title":"Pr\u00e1cticas de empresa - C\u00e1tedra Vivienda","og_description":"Las pr\u00e1cticas de empresa permiten complementar la formaci\u00f3n reglada de los estudiantes de la Universidad de Sevilla.","og_url":"https:\/\/catedra.us.es\/catedraemvisesa\/formacion\/practicas-empresa\/","og_site_name":"C\u00e1tedra Vivienda","article_modified_time":"2023-01-30T12:53:11+00:00","og_image":[{"width":1920,"height":410,"url":"https:\/\/catedra.us.es\/catedraemvisesa\/wp-content\/uploads\/2022\/03\/practicas-de-empresa-cabecera.jpg","type":"image\/jpeg"}],"twitter_card":"summary_large_image","twitter_misc":{"Tiempo de lectura":"1 minuto"},"schema":{"@context":"https:\/\/schema.org","@graph":[{"@type":"WebPage","@id":"https:\/\/catedra.us.es\/catedraemvisesa\/formacion\/practicas-empresa\/","url":"https:\/\/catedra.us.es\/catedraemvisesa\/formacion\/practicas-empresa\/","name":"Pr\u00e1cticas de empresa - C\u00e1tedra Vivienda","isPartOf":{"@id":"https:\/\/catedra.us.es\/catedraemvisesa\/#website"},"datePublished":"2022-02-25T09:36:38+00:00","dateModified":"2023-01-30T12:53:11+00:00","description":"Las pr\u00e1cticas de empresa permiten complementar la formaci\u00f3n reglada de los estudiantes de la Universidad de Sevilla.","breadcrumb":{"@id":"https:\/\/catedra.us.es\/catedraemvisesa\/formacion\/practicas-empresa\/#breadcrumb"},"inLanguage":"es","potentialAction":[{"@type":"ReadAction","target":["https:\/\/catedra.us.es\/catedraemvisesa\/formacion\/practicas-empresa\/"]}]},{"@type":"BreadcrumbList","@id":"https:\/\/catedra.us.es\/catedraemvisesa\/formacion\/practicas-empresa\/#breadcrumb","itemListElement":[{"@type":"ListItem","position":1,"name":"C\u00e1tedra Vivienda","item":"https:\/\/catedra.us.es\/catedraemvisesa\/"},{"@type":"ListItem","position":2,"name":"Formaci\u00f3n","item":"https:\/\/catedra.us.es\/catedraemvisesa\/formacion\/"},{"@type":"ListItem","position":3,"name":"Pr\u00e1cticas de empresa"}]},{"@type":"WebSite","@id":"https:\/\/catedra.us.es\/catedraemvisesa\/#website","url":"https:\/\/catedra.us.es\/catedraemvisesa\/","name":"C\u00e1tedra Vivienda","description":"-","publisher":{"@id":"https:\/\/catedra.us.es\/catedraemvisesa\/#organization"},"potentialAction":[{"@type":"SearchAction","target":{"@type":"EntryPoint","urlTemplate":"https:\/\/catedra.us.es\/catedraemvisesa\/?s={search_term_string}"},"query-input":"required name=search_term_string"}],"inLanguage":"es"},{"@type":"Organization","@id":"https:\/\/catedra.us.es\/catedraemvisesa\/#organization","name":"C\u00e1tedra Vivienda EMVISESA - Universidad de Sevilla","url":"https:\/\/catedra.us.es\/catedraemvisesa\/","logo":{"@type":"ImageObject","inLanguage":"es","@id":"https:\/\/catedra.us.es\/catedraemvisesa\/#\/schema\/logo\/image\/","url":"https:\/\/catedra.us.es\/catedraemvisesa\/wp-content\/uploads\/2022\/03\/275125850_112577394700310_3927920400154476459_n.jpeg","contentUrl":"https:\/\/catedra.us.es\/catedraemvisesa\/wp-content\/uploads\/2022\/03\/275125850_112577394700310_3927920400154476459_n.jpeg","width":675,"height":675,"caption":"C\u00e1tedra Vivienda EMVISESA - Universidad de Sevilla"},"image":{"@id":"https:\/\/catedra.us.es\/catedraemvisesa\/#\/schema\/logo\/image\/"}}]}},"_links":{"self":[{"href":"https:\/\/catedra.us.es\/catedraemvisesa\/wp-json\/wp\/v2\/pages\/1724"}],"collection":[{"href":"https:\/\/catedra.us.es\/catedraemvisesa\/wp-json\/wp\/v2\/pages"}],"about":[{"href":"https:\/\/catedra.us.es\/catedraemvisesa\/wp-json\/wp\/v2\/types\/page"}],"author":[{"embeddable":true,"href":"https:\/\/catedra.us.es\/catedraemvisesa\/wp-json\/wp\/v2\/users\/5"}],"replies":[{"embeddable":true,"href":"https:\/\/catedra.us.es\/catedraemvisesa\/wp-json\/wp\/v2\/comments?post=1724"}],"version-history":[{"count":43,"href":"https:\/\/catedra.us.es\/catedraemvisesa\/wp-json\/wp\/v2\/pages\/1724\/revisions"}],"predecessor-version":[{"id":3058,"href":"https:\/\/catedra.us.es\/catedraemvisesa\/wp-json\/wp\/v2\/pages\/1724\/revisions\/3058"}],"up":[{"embeddable":true,"href":"https:\/\/catedra.us.es\/catedraemvisesa\/wp-json\/wp\/v2\/pages\/1490"}],"wp:featuredmedia":[{"embeddable":true,"href":"https:\/\/catedra.us.es\/catedraemvisesa\/wp-json\/wp\/v2\/media\/1866"}],"wp:attachment":[{"href":"https:\/\/catedra.us.es\/catedraemvisesa\/wp-json\/wp\/v2\/media?parent=1724"}],"curies":[{"name":"wp","href":"https:\/\/api.w.org\/{rel}","templated":true}]}}