{"id":1729,"date":"2022-02-25T09:39:51","date_gmt":"2022-02-25T09:39:51","guid":{"rendered":"http:\/\/catedra.us.es\/catedraemvisesa\/?page_id=1729"},"modified":"2023-04-10T08:52:27","modified_gmt":"2023-04-10T08:52:27","slug":"visita-obra","status":"publish","type":"page","link":"https:\/\/catedra.us.es\/catedraemvisesa\/formacion\/visita-obra\/","title":{"rendered":"Visita de obra"},"content":{"rendered":"\t\t<div data-elementor-type=\"wp-page\" data-elementor-id=\"1729\" class=\"elementor elementor-1729\" data-elementor-settings=\"[]\">\n\t\t\t\t\t\t<div class=\"elementor-inner\">\n\t\t\t\t\t\t\t<div class=\"elementor-section-wrap\">\n\t\t\t\t\t\t\t<section class=\"elementor-section elementor-top-section elementor-element elementor-element-57ec9f7 elementor-section-full_width elementor-section-height-min-height cabecera elementor-section-height-default elementor-section-items-middle\" data-id=\"57ec9f7\" data-element_type=\"section\" data-settings=\"{&quot;background_background&quot;:&quot;classic&quot;}\">\n\t\t\t\t\t\t<div class=\"elementor-container elementor-column-gap-default\">\n\t\t\t\t\t\t\t<div class=\"elementor-row\">\n\t\t\t\t\t<div class=\"elementor-column elementor-col-100 elementor-top-column elementor-element elementor-element-dfc8935\" data-id=\"dfc8935\" data-element_type=\"column\">\n\t\t\t<div class=\"elementor-column-wrap elementor-element-populated\">\n\t\t\t\t\t\t\t<div class=\"elementor-widget-wrap\">\n\t\t\t\t\t\t<div class=\"elementor-element elementor-element-39fdba4 elementor-widget elementor-widget-heading\" data-id=\"39fdba4\" data-element_type=\"widget\" data-widget_type=\"heading.default\">\n\t\t\t\t<div class=\"elementor-widget-container\">\n\t\t\t<h1 class=\"elementor-heading-title elementor-size-default\">VisitaS de obra<\/h1>\t\t<\/div>\n\t\t\t\t<\/div>\n\t\t\t\t\t\t<\/div>\n\t\t\t\t\t<\/div>\n\t\t<\/div>\n\t\t\t\t\t\t\t\t<\/div>\n\t\t\t\t\t<\/div>\n\t\t<\/section>\n\t\t\t\t<section class=\"elementor-section elementor-top-section elementor-element elementor-element-bd7d940 elementor-section-boxed elementor-section-height-default elementor-section-height-default\" data-id=\"bd7d940\" data-element_type=\"section\" data-settings=\"{&quot;background_background&quot;:&quot;classic&quot;}\">\n\t\t\t\t\t\t<div class=\"elementor-container elementor-column-gap-default\">\n\t\t\t\t\t\t\t<div class=\"elementor-row\">\n\t\t\t\t\t<div class=\"elementor-column elementor-col-100 elementor-top-column elementor-element elementor-element-f10525b\" data-id=\"f10525b\" data-element_type=\"column\">\n\t\t\t<div class=\"elementor-column-wrap elementor-element-populated\">\n\t\t\t\t\t\t\t<div class=\"elementor-widget-wrap\">\n\t\t\t\t\t\t<div class=\"elementor-element elementor-element-e474714 elementor-widget elementor-widget-text-editor\" data-id=\"e474714\" data-element_type=\"widget\" data-widget_type=\"text-editor.default\">\n\t\t\t\t<div class=\"elementor-widget-container\">\n\t\t\t\t\t<div class=\"elementor-text-editor elementor-clearfix\"><p>La empresa EMVISESA, a trav\u00e9s de la C\u00e1tedra Vivienda, proporciona el acceso al seguimiento de sus obras a estudiantes de 5\u00ba curso. Bajo la supervisi\u00f3n de los t\u00e9cnicos encargados de la direcci\u00f3n de obra, los estudiantes tendr\u00e1n acceso semanal de las mismas pudiendo llevara a cabo el desarrollo y estudio de la documentaci\u00f3n del proyecto.<\/p><p>Esta actividad, junto con la supervisi\u00f3n de los profesores de la asignatura Construcci\u00f3n 6, complementar\u00e1 de manera pr\u00e1ctica la formaci\u00f3n de los futuros egresados en Direcci\u00f3n de obra y otras funciones de supervisi\u00f3n de las distintas fases de ejecuci\u00f3n de un proyecto.<\/p><\/div>\n\t\t\t\t<\/div>\n\t\t\t\t<\/div>\n\t\t\t\t\t\t<\/div>\n\t\t\t\t\t<\/div>\n\t\t<\/div>\n\t\t\t\t\t\t\t\t<\/div>\n\t\t\t\t\t<\/div>\n\t\t<\/section>\n\t\t\t\t<section class=\"elementor-section elementor-top-section elementor-element elementor-element-929e167 elementor-section-boxed elementor-section-height-default elementor-section-height-default\" data-id=\"929e167\" data-element_type=\"section\" data-settings=\"{&quot;background_background&quot;:&quot;classic&quot;}\">\n\t\t\t\t\t\t<div class=\"elementor-container elementor-column-gap-default\">\n\t\t\t\t\t\t\t<div class=\"elementor-row\">\n\t\t\t\t\t<div class=\"elementor-column elementor-col-100 elementor-top-column elementor-element elementor-element-e68c011\" data-id=\"e68c011\" data-element_type=\"column\">\n\t\t\t<div class=\"elementor-column-wrap elementor-element-populated\">\n\t\t\t\t\t\t\t<div class=\"elementor-widget-wrap\">\n\t\t\t\t\t\t<div class=\"elementor-element elementor-element-3e2075d premium-blog-align-left elementor-widget elementor-widget-premium-addon-blog\" data-id=\"3e2075d\" data-element_type=\"widget\" data-widget_type=\"premium-addon-blog.default\">\n\t\t\t\t<div class=\"elementor-widget-container\">\n\t\t\t\t<div class=\"premium-blog\">\r\n\t\t\t\t\t\t\t<div class=\"premium-blog-filter\">\r\n\t\t\t<ul class=\"premium-blog-filters-container\">\r\n\t\t\t\t\t\t\t\t\t<li>\r\n\t\t\t\t\t\t<a href=\"javascript:;\" class=\"category active\" data-filter=\"*\">\r\n\t\t\t\t\t\t\t<span>Todas<\/span>\r\n\t\t\t\t\t\t<\/a>\r\n\t\t\t\t\t<\/li>\r\n\t\t\t\t\t\t\t\t\t\t\t\t\t\t<li>\r\n\t\t\t\t\t\t\t<a href=\"javascript:;\" class=\"category\" data-filter=\"curso-2021-22\">\r\n\t\t\t\t\t\t\t\t<span>Obras Curso 2021\/22<\/span>\r\n\t\t\t\t\t\t\t<\/a>\r\n\t\t\t\t\t\t<\/li>\r\n\t\t\t\t\t\t\t\t\t\t<li>\r\n\t\t\t\t\t\t\t<a href=\"javascript:;\" class=\"category\" data-filter=\"obras-curso-2022-23\">\r\n\t\t\t\t\t\t\t\t<span>Obras Curso 2022\/23<\/span>\r\n\t\t\t\t\t\t\t<\/a>\r\n\t\t\t\t\t\t<\/li>\r\n\t\t\t\t\t\t\t<\/ul>\r\n\t\t<\/div>\r\n\t\t\t\t\t\t<div class=\"premium-blog-wrap premium-blog-even\" data-scroll=\"1\" data-layout=\"even\" data-equal=\"\" data-page=\"1729\">\r\n\t\t\t\t\t<div class=\"premium-blog-post-outer-container obras-curso-2022-23 visitas-de-obra\">\n\t\t\t<div class=\"premium-blog-post-container premium-blog-skin-classic\">\n\t\t\t\t\t\t\t\t\t<div class=\"premium-blog-thumb-effect-wrapper\">\n\t\t\t\t\t\t<div class=\"premium-blog-thumbnail-container premium-blog-none-effect\">\n\t\t\t\t\t\t\t<img decoding=\"async\" width=\"500\" height=\"500\" src=\"https:\/\/catedra.us.es\/catedraemvisesa\/wp-content\/uploads\/2023\/04\/2-500x500.jpg\" class=\"attachment-thumbnail size-thumbnail\" alt=\"\" loading=\"lazy\" \/>\t\t\t\t\t\t<\/div>\n\t\t\t\t\t\t\t\t\t\t\t\t\t<div class=\"premium-blog-thumbnail-overlay\">\n\t\t\t\t\t\t\t\t<a class=\"elementor-icon\" href=\"https:\/\/catedra.us.es\/catedraemvisesa\/2023\/04\/10\/visita-de-obra-de-estudiantes-de-4o-curso-de-grado-en-fundamentos-de-arquitectura\/\" target=\"_self\"><\/a>\n\t\t\t\t\t\t\t<\/div>\n\t\t\t\t\t\t\t\t\t\t\t<\/div>\n\t\t\t\t\t\t\t\t\t\t\t\t<div class=\"premium-blog-content-wrapper \">\n\t\t\t\t\t<div class=\"premium-blog-content-wrapper-inner\">\n\t\t\t\t\t\t<div class=\"premium-blog-inner-container\">\n\t\t\t\t\t\t\t<div class=\"premium-blog-entry-container\">\n\t\t\t\t\t\t\t\t\t\t\t\t\t\t\t\t\t\t<h2 class=\"premium-blog-entry-title\">\n\t\t\t<a href=\"https:\/\/catedra.us.es\/catedraemvisesa\/2023\/04\/10\/visita-de-obra-de-estudiantes-de-4o-curso-de-grado-en-fundamentos-de-arquitectura\/\" target=\"_self\">\n\t\t\t\tVisita de obra a rehabilitaci\u00f3n en el centro de Sevilla\t\t\t<\/a>\n\t\t<\/h2>\n\t\t\t\t<div class=\"premium-blog-entry-meta\">\n\t\t\t\n\t\t\t\n\t\t\t\n\t\t\t\t\t<\/div>\n\t\t\n\t\t\t\t\t\t\t<\/div>\n\t\t\t\t\t\t<\/div>\n\n\t\t\t\t\t\t\t\t\t\t\t\t\t\t\t\t\t<\/div>\n\t\t\t\t<\/div>\n\t\t\t<\/div>\n\t\t<\/div>\n\n\t\t\t\t<div class=\"premium-blog-post-outer-container obras-curso-2022-23 visitas-de-obra\">\n\t\t\t<div class=\"premium-blog-post-container premium-blog-skin-classic\">\n\t\t\t\t\t\t\t\t\t<div class=\"premium-blog-thumb-effect-wrapper\">\n\t\t\t\t\t\t<div class=\"premium-blog-thumbnail-container premium-blog-none-effect\">\n\t\t\t\t\t\t\t<img decoding=\"async\" width=\"500\" height=\"500\" src=\"https:\/\/catedra.us.es\/catedraemvisesa\/wp-content\/uploads\/2023\/03\/1678122872202-e1678360252404-500x500.jpg\" class=\"attachment-thumbnail size-thumbnail\" alt=\"Visita de obra.\" loading=\"lazy\" \/>\t\t\t\t\t\t<\/div>\n\t\t\t\t\t\t\t\t\t\t\t\t\t<div class=\"premium-blog-thumbnail-overlay\">\n\t\t\t\t\t\t\t\t<a class=\"elementor-icon\" href=\"https:\/\/catedra.us.es\/catedraemvisesa\/2023\/03\/09\/curso-academico-2022-23\/\" target=\"_self\"><\/a>\n\t\t\t\t\t\t\t<\/div>\n\t\t\t\t\t\t\t\t\t\t\t<\/div>\n\t\t\t\t\t\t\t\t\t\t\t\t<div class=\"premium-blog-content-wrapper \">\n\t\t\t\t\t<div class=\"premium-blog-content-wrapper-inner\">\n\t\t\t\t\t\t<div class=\"premium-blog-inner-container\">\n\t\t\t\t\t\t\t<div class=\"premium-blog-entry-container\">\n\t\t\t\t\t\t\t\t\t\t\t\t\t\t\t\t\t\t<h2 class=\"premium-blog-entry-title premium-blog-entry-title\">\n\t\t\t<a href=\"https:\/\/catedra.us.es\/catedraemvisesa\/2023\/03\/09\/curso-academico-2022-23\/\" target=\"_self\">\n\t\t\t\tCURSO ACAD\u00c9MICO 2022-23\t\t\t<\/a>\n\t\t<\/h2>\n\t\t\t\t<div class=\"premium-blog-entry-meta\">\n\t\t\t\n\t\t\t\n\t\t\t\n\t\t\t\t\t<\/div>\n\t\t\n\t\t\t\t\t\t\t<\/div>\n\t\t\t\t\t\t<\/div>\n\n\t\t\t\t\t\t\t\t\t\t\t\t\t\t\t\t\t<\/div>\n\t\t\t\t<\/div>\n\t\t\t<\/div>\n\t\t<\/div>\n\n\t\t\t\t<div class=\"premium-blog-post-outer-container curso-2021-22 visitas-de-obra\">\n\t\t\t<div class=\"premium-blog-post-container premium-blog-skin-classic\">\n\t\t\t\t\t\t\t\t\t<div class=\"premium-blog-thumb-effect-wrapper\">\n\t\t\t\t\t\t<div class=\"premium-blog-thumbnail-container premium-blog-none-effect\">\n\t\t\t\t\t\t\t<img decoding=\"async\" width=\"500\" height=\"500\" src=\"https:\/\/catedra.us.es\/catedraemvisesa\/wp-content\/uploads\/2022\/03\/Visita-de-obra-curso-21-22-500x500.jpg\" class=\"attachment-thumbnail size-thumbnail\" alt=\"\" loading=\"lazy\" \/>\t\t\t\t\t\t<\/div>\n\t\t\t\t\t\t\t\t\t\t\t\t\t<div class=\"premium-blog-thumbnail-overlay\">\n\t\t\t\t\t\t\t\t<a class=\"elementor-icon\" href=\"https:\/\/catedra.us.es\/catedraemvisesa\/2022\/03\/07\/curso-academico-2021-22\/\" target=\"_self\"><\/a>\n\t\t\t\t\t\t\t<\/div>\n\t\t\t\t\t\t\t\t\t\t\t<\/div>\n\t\t\t\t\t\t\t\t\t\t\t\t<div class=\"premium-blog-content-wrapper \">\n\t\t\t\t\t<div class=\"premium-blog-content-wrapper-inner\">\n\t\t\t\t\t\t<div class=\"premium-blog-inner-container\">\n\t\t\t\t\t\t\t<div class=\"premium-blog-entry-container\">\n\t\t\t\t\t\t\t\t\t\t\t\t\t\t\t\t\t\t<h2 class=\"premium-blog-entry-title premium-blog-entry-title premium-blog-entry-title\">\n\t\t\t<a href=\"https:\/\/catedra.us.es\/catedraemvisesa\/2022\/03\/07\/curso-academico-2021-22\/\" target=\"_self\">\n\t\t\t\tCURSO ACAD\u00c9MICO 2021-22\t\t\t<\/a>\n\t\t<\/h2>\n\t\t\t\t<div class=\"premium-blog-entry-meta\">\n\t\t\t\n\t\t\t\n\t\t\t\n\t\t\t\t\t<\/div>\n\t\t\n\t\t\t\t\t\t\t<\/div>\n\t\t\t\t\t\t<\/div>\n\n\t\t\t\t\t\t\t\t\t\t\t\t\t\t\t\t\t<\/div>\n\t\t\t\t<\/div>\n\t\t\t<\/div>\n\t\t<\/div>\n\n\t\t\t\t<\/div>\r\n\t<\/div>\r\n\t\t\t\t<\/div>\n\t\t\t\t<\/div>\n\t\t\t\t\t\t<\/div>\n\t\t\t\t\t<\/div>\n\t\t<\/div>\n\t\t\t\t\t\t\t\t<\/div>\n\t\t\t\t\t<\/div>\n\t\t<\/section>\n\t\t\t\t\t\t<\/div>\n\t\t\t\t\t\t<\/div>\n\t\t\t\t\t<\/div>\n\t\t","protected":false},"excerpt":{"rendered":"<p>VisitaS de obra La empresa EMVISESA, a trav\u00e9s de la C\u00e1tedra Vivienda, proporciona el acceso al seguimiento de sus obras a estudiantes de 5\u00ba curso. Bajo la supervisi\u00f3n de los t\u00e9cnicos encargados de la direcci\u00f3n de obra, los estudiantes tendr\u00e1n acceso semanal de las mismas pudiendo llevara a cabo el desarrollo y estudio de la &hellip;<\/p>\n<p class=\"read-more\"> <a class=\"\" href=\"https:\/\/catedra.us.es\/catedraemvisesa\/2022\/03\/07\/curso-academico-2021-22\/\"> <span class=\"screen-reader-text\">CURSO ACAD\u00c9MICO 2021-22<\/span> Leer m\u00e1s &raquo;<\/a><\/p>\n","protected":false},"author":5,"featured_media":0,"parent":1490,"menu_order":0,"comment_status":"closed","ping_status":"closed","template":"","meta":{"site-sidebar-layout":"no-sidebar","site-content-layout":"page-builder","ast-global-header-display":"","ast-main-header-display":"","ast-hfb-above-header-display":"","ast-hfb-below-header-display":"","ast-hfb-mobile-header-display":"","site-post-title":"disabled","ast-breadcrumbs-content":"","ast-featured-img":"disabled","footer-sml-layout":"","theme-transparent-header-meta":"","adv-header-id-meta":"","stick-header-meta":"","header-above-stick-meta":"","header-main-stick-meta":"","header-below-stick-meta":""},"yoast_head":"<title>Visita de obra - C\u00e1tedra Vivienda<\/title>\n<meta name=\"description\" content=\"La empresa EMVISESA, a trav\u00e9s de la C\u00e1tedra Vivienda, proporciona el acceso al seguimiento de sus obras a estudiantes de 5\u00ba curso.\" \/>\n<meta name=\"robots\" content=\"index, follow, max-snippet:-1, max-image-preview:large, max-video-preview:-1\" \/>\n<link rel=\"canonical\" href=\"https:\/\/catedra.us.es\/catedraemvisesa\/formacion\/visita-obra\/\" \/>\n<meta property=\"og:locale\" content=\"es_ES\" \/>\n<meta property=\"og:type\" content=\"article\" \/>\n<meta property=\"og:title\" content=\"Visita de obra - C\u00e1tedra Vivienda\" \/>\n<meta property=\"og:description\" content=\"La empresa EMVISESA, a trav\u00e9s de la C\u00e1tedra Vivienda, proporciona el acceso al seguimiento de sus obras a estudiantes de 5\u00ba curso.\" \/>\n<meta property=\"og:url\" content=\"https:\/\/catedra.us.es\/catedraemvisesa\/formacion\/visita-obra\/\" \/>\n<meta property=\"og:site_name\" content=\"C\u00e1tedra Vivienda\" \/>\n<meta property=\"article:modified_time\" content=\"2023-04-10T08:52:27+00:00\" \/>\n<meta property=\"og:image\" content=\"https:\/\/catedra.us.es\/catedraemvisesa\/wp-content\/uploads\/2023\/03\/1678122872202-e1678360252404-500x500.jpg\" \/>\n<meta name=\"twitter:card\" content=\"summary_large_image\" \/>\n<meta name=\"twitter:label1\" content=\"Tiempo de lectura\" \/>\n\t<meta name=\"twitter:data1\" content=\"1 minuto\" \/>\n<script type=\"application\/ld+json\" class=\"yoast-schema-graph\">{\"@context\":\"https:\/\/schema.org\",\"@graph\":[{\"@type\":\"WebPage\",\"@id\":\"https:\/\/catedra.us.es\/catedraemvisesa\/formacion\/visita-obra\/\",\"url\":\"https:\/\/catedra.us.es\/catedraemvisesa\/formacion\/visita-obra\/\",\"name\":\"Visita de obra - C\u00e1tedra Vivienda\",\"isPartOf\":{\"@id\":\"https:\/\/catedra.us.es\/catedraemvisesa\/#website\"},\"datePublished\":\"2022-02-25T09:39:51+00:00\",\"dateModified\":\"2023-04-10T08:52:27+00:00\",\"description\":\"La empresa EMVISESA, a trav\u00e9s de la C\u00e1tedra Vivienda, proporciona el acceso al seguimiento de sus obras a estudiantes de 5\u00ba curso.\",\"breadcrumb\":{\"@id\":\"https:\/\/catedra.us.es\/catedraemvisesa\/formacion\/visita-obra\/#breadcrumb\"},\"inLanguage\":\"es\",\"potentialAction\":[{\"@type\":\"ReadAction\",\"target\":[\"https:\/\/catedra.us.es\/catedraemvisesa\/formacion\/visita-obra\/\"]}]},{\"@type\":\"BreadcrumbList\",\"@id\":\"https:\/\/catedra.us.es\/catedraemvisesa\/formacion\/visita-obra\/#breadcrumb\",\"itemListElement\":[{\"@type\":\"ListItem\",\"position\":1,\"name\":\"C\u00e1tedra Vivienda\",\"item\":\"https:\/\/catedra.us.es\/catedraemvisesa\/\"},{\"@type\":\"ListItem\",\"position\":2,\"name\":\"Formaci\u00f3n\",\"item\":\"https:\/\/catedra.us.es\/catedraemvisesa\/formacion\/\"},{\"@type\":\"ListItem\",\"position\":3,\"name\":\"Visita de obra\"}]},{\"@type\":\"WebSite\",\"@id\":\"https:\/\/catedra.us.es\/catedraemvisesa\/#website\",\"url\":\"https:\/\/catedra.us.es\/catedraemvisesa\/\",\"name\":\"C\u00e1tedra Vivienda\",\"description\":\"-\",\"publisher\":{\"@id\":\"https:\/\/catedra.us.es\/catedraemvisesa\/#organization\"},\"potentialAction\":[{\"@type\":\"SearchAction\",\"target\":{\"@type\":\"EntryPoint\",\"urlTemplate\":\"https:\/\/catedra.us.es\/catedraemvisesa\/?s={search_term_string}\"},\"query-input\":\"required name=search_term_string\"}],\"inLanguage\":\"es\"},{\"@type\":\"Organization\",\"@id\":\"https:\/\/catedra.us.es\/catedraemvisesa\/#organization\",\"name\":\"C\u00e1tedra Vivienda EMVISESA - Universidad de Sevilla\",\"url\":\"https:\/\/catedra.us.es\/catedraemvisesa\/\",\"logo\":{\"@type\":\"ImageObject\",\"inLanguage\":\"es\",\"@id\":\"https:\/\/catedra.us.es\/catedraemvisesa\/#\/schema\/logo\/image\/\",\"url\":\"https:\/\/catedra.us.es\/catedraemvisesa\/wp-content\/uploads\/2022\/03\/275125850_112577394700310_3927920400154476459_n.jpeg\",\"contentUrl\":\"https:\/\/catedra.us.es\/catedraemvisesa\/wp-content\/uploads\/2022\/03\/275125850_112577394700310_3927920400154476459_n.jpeg\",\"width\":675,\"height\":675,\"caption\":\"C\u00e1tedra Vivienda EMVISESA - Universidad de Sevilla\"},\"image\":{\"@id\":\"https:\/\/catedra.us.es\/catedraemvisesa\/#\/schema\/logo\/image\/\"}}]}<\/script>","yoast_head_json":{"title":"Visita de obra - C\u00e1tedra Vivienda","description":"La empresa EMVISESA, a trav\u00e9s de la C\u00e1tedra Vivienda, proporciona el acceso al seguimiento de sus obras a estudiantes de 5\u00ba curso.","robots":{"index":"index","follow":"follow","max-snippet":"max-snippet:-1","max-image-preview":"max-image-preview:large","max-video-preview":"max-video-preview:-1"},"canonical":"https:\/\/catedra.us.es\/catedraemvisesa\/formacion\/visita-obra\/","og_locale":"es_ES","og_type":"article","og_title":"Visita de obra - C\u00e1tedra Vivienda","og_description":"La empresa EMVISESA, a trav\u00e9s de la C\u00e1tedra Vivienda, proporciona el acceso al seguimiento de sus obras a estudiantes de 5\u00ba curso.","og_url":"https:\/\/catedra.us.es\/catedraemvisesa\/formacion\/visita-obra\/","og_site_name":"C\u00e1tedra Vivienda","article_modified_time":"2023-04-10T08:52:27+00:00","og_image":[{"url":"https:\/\/catedra.us.es\/catedraemvisesa\/wp-content\/uploads\/2023\/03\/1678122872202-e1678360252404-500x500.jpg"}],"twitter_card":"summary_large_image","twitter_misc":{"Tiempo de lectura":"1 minuto"},"schema":{"@context":"https:\/\/schema.org","@graph":[{"@type":"WebPage","@id":"https:\/\/catedra.us.es\/catedraemvisesa\/formacion\/visita-obra\/","url":"https:\/\/catedra.us.es\/catedraemvisesa\/formacion\/visita-obra\/","name":"Visita de obra - C\u00e1tedra Vivienda","isPartOf":{"@id":"https:\/\/catedra.us.es\/catedraemvisesa\/#website"},"datePublished":"2022-02-25T09:39:51+00:00","dateModified":"2023-04-10T08:52:27+00:00","description":"La empresa EMVISESA, a trav\u00e9s de la C\u00e1tedra Vivienda, proporciona el acceso al seguimiento de sus obras a estudiantes de 5\u00ba curso.","breadcrumb":{"@id":"https:\/\/catedra.us.es\/catedraemvisesa\/formacion\/visita-obra\/#breadcrumb"},"inLanguage":"es","potentialAction":[{"@type":"ReadAction","target":["https:\/\/catedra.us.es\/catedraemvisesa\/formacion\/visita-obra\/"]}]},{"@type":"BreadcrumbList","@id":"https:\/\/catedra.us.es\/catedraemvisesa\/formacion\/visita-obra\/#breadcrumb","itemListElement":[{"@type":"ListItem","position":1,"name":"C\u00e1tedra Vivienda","item":"https:\/\/catedra.us.es\/catedraemvisesa\/"},{"@type":"ListItem","position":2,"name":"Formaci\u00f3n","item":"https:\/\/catedra.us.es\/catedraemvisesa\/formacion\/"},{"@type":"ListItem","position":3,"name":"Visita de obra"}]},{"@type":"WebSite","@id":"https:\/\/catedra.us.es\/catedraemvisesa\/#website","url":"https:\/\/catedra.us.es\/catedraemvisesa\/","name":"C\u00e1tedra Vivienda","description":"-","publisher":{"@id":"https:\/\/catedra.us.es\/catedraemvisesa\/#organization"},"potentialAction":[{"@type":"SearchAction","target":{"@type":"EntryPoint","urlTemplate":"https:\/\/catedra.us.es\/catedraemvisesa\/?s={search_term_string}"},"query-input":"required name=search_term_string"}],"inLanguage":"es"},{"@type":"Organization","@id":"https:\/\/catedra.us.es\/catedraemvisesa\/#organization","name":"C\u00e1tedra Vivienda EMVISESA - Universidad de Sevilla","url":"https:\/\/catedra.us.es\/catedraemvisesa\/","logo":{"@type":"ImageObject","inLanguage":"es","@id":"https:\/\/catedra.us.es\/catedraemvisesa\/#\/schema\/logo\/image\/","url":"https:\/\/catedra.us.es\/catedraemvisesa\/wp-content\/uploads\/2022\/03\/275125850_112577394700310_3927920400154476459_n.jpeg","contentUrl":"https:\/\/catedra.us.es\/catedraemvisesa\/wp-content\/uploads\/2022\/03\/275125850_112577394700310_3927920400154476459_n.jpeg","width":675,"height":675,"caption":"C\u00e1tedra Vivienda EMVISESA - Universidad de Sevilla"},"image":{"@id":"https:\/\/catedra.us.es\/catedraemvisesa\/#\/schema\/logo\/image\/"}}]}},"_links":{"self":[{"href":"https:\/\/catedra.us.es\/catedraemvisesa\/wp-json\/wp\/v2\/pages\/1729"}],"collection":[{"href":"https:\/\/catedra.us.es\/catedraemvisesa\/wp-json\/wp\/v2\/pages"}],"about":[{"href":"https:\/\/catedra.us.es\/catedraemvisesa\/wp-json\/wp\/v2\/types\/page"}],"author":[{"embeddable":true,"href":"https:\/\/catedra.us.es\/catedraemvisesa\/wp-json\/wp\/v2\/users\/5"}],"replies":[{"embeddable":true,"href":"https:\/\/catedra.us.es\/catedraemvisesa\/wp-json\/wp\/v2\/comments?post=1729"}],"version-history":[{"count":16,"href":"https:\/\/catedra.us.es\/catedraemvisesa\/wp-json\/wp\/v2\/pages\/1729\/revisions"}],"predecessor-version":[{"id":3217,"href":"https:\/\/catedra.us.es\/catedraemvisesa\/wp-json\/wp\/v2\/pages\/1729\/revisions\/3217"}],"up":[{"embeddable":true,"href":"https:\/\/catedra.us.es\/catedraemvisesa\/wp-json\/wp\/v2\/pages\/1490"}],"wp:attachment":[{"href":"https:\/\/catedra.us.es\/catedraemvisesa\/wp-json\/wp\/v2\/media?parent=1729"}],"curies":[{"name":"wp","href":"https:\/\/api.w.org\/{rel}","templated":true}]}}