{"id":1732,"date":"2022-02-25T09:40:56","date_gmt":"2022-02-25T09:40:56","guid":{"rendered":"http:\/\/catedra.us.es\/catedraemvisesa\/?page_id=1732"},"modified":"2023-05-20T16:47:44","modified_gmt":"2023-05-20T16:47:44","slug":"conferencias","status":"publish","type":"page","link":"https:\/\/catedra.us.es\/catedraemvisesa\/formacion\/conferencias\/","title":{"rendered":"Conferencias"},"content":{"rendered":"\t\t<div data-elementor-type=\"wp-page\" data-elementor-id=\"1732\" class=\"elementor elementor-1732\" data-elementor-settings=\"[]\">\n\t\t\t\t\t\t<div class=\"elementor-inner\">\n\t\t\t\t\t\t\t<div class=\"elementor-section-wrap\">\n\t\t\t\t\t\t\t<section class=\"elementor-section elementor-top-section elementor-element elementor-element-5bfc797 elementor-section-full_width elementor-section-height-min-height cabecera elementor-section-height-default elementor-section-items-middle\" data-id=\"5bfc797\" data-element_type=\"section\" data-settings=\"{&quot;background_background&quot;:&quot;classic&quot;}\">\n\t\t\t\t\t\t<div class=\"elementor-container elementor-column-gap-default\">\n\t\t\t\t\t\t\t<div class=\"elementor-row\">\n\t\t\t\t\t<div class=\"elementor-column elementor-col-100 elementor-top-column elementor-element elementor-element-1c70d67\" data-id=\"1c70d67\" data-element_type=\"column\">\n\t\t\t<div class=\"elementor-column-wrap elementor-element-populated\">\n\t\t\t\t\t\t\t<div class=\"elementor-widget-wrap\">\n\t\t\t\t\t\t<div class=\"elementor-element elementor-element-230b48c elementor-widget elementor-widget-heading\" data-id=\"230b48c\" data-element_type=\"widget\" data-widget_type=\"heading.default\">\n\t\t\t\t<div class=\"elementor-widget-container\">\n\t\t\t<h1 class=\"elementor-heading-title elementor-size-default\">conferencias<\/h1>\t\t<\/div>\n\t\t\t\t<\/div>\n\t\t\t\t\t\t<\/div>\n\t\t\t\t\t<\/div>\n\t\t<\/div>\n\t\t\t\t\t\t\t\t<\/div>\n\t\t\t\t\t<\/div>\n\t\t<\/section>\n\t\t\t\t<section class=\"elementor-section elementor-top-section elementor-element elementor-element-8a1c05c elementor-section-boxed elementor-section-height-default elementor-section-height-default\" data-id=\"8a1c05c\" data-element_type=\"section\" data-settings=\"{&quot;background_background&quot;:&quot;classic&quot;}\">\n\t\t\t\t\t\t<div class=\"elementor-container elementor-column-gap-default\">\n\t\t\t\t\t\t\t<div class=\"elementor-row\">\n\t\t\t\t\t<div class=\"elementor-column elementor-col-100 elementor-top-column elementor-element elementor-element-20592e0\" data-id=\"20592e0\" data-element_type=\"column\">\n\t\t\t<div class=\"elementor-column-wrap elementor-element-populated\">\n\t\t\t\t\t\t\t<div class=\"elementor-widget-wrap\">\n\t\t\t\t\t\t<div class=\"elementor-element elementor-element-7060bfb premium-blog-align-left elementor-widget elementor-widget-premium-addon-blog\" data-id=\"7060bfb\" data-element_type=\"widget\" data-widget_type=\"premium-addon-blog.default\">\n\t\t\t\t<div class=\"elementor-widget-container\">\n\t\t\t\t<div class=\"premium-blog\">\r\n\t\t\t\t\t\t\t<div class=\"premium-blog-filter\">\r\n\t\t\t<ul class=\"premium-blog-filters-container\">\r\n\t\t\t\t\t\t\t\t\t<li>\r\n\t\t\t\t\t\t<a href=\"javascript:;\" class=\"category active\" data-filter=\"*\">\r\n\t\t\t\t\t\t\t<span>Todas<\/span>\r\n\t\t\t\t\t\t<\/a>\r\n\t\t\t\t\t<\/li>\r\n\t\t\t\t\t\t\t\t\t\t\t\t\t\t<li>\r\n\t\t\t\t\t\t\t<a href=\"javascript:;\" class=\"category\" data-filter=\"conferencias-2022\">\r\n\t\t\t\t\t\t\t\t<span>Conferencias 2022<\/span>\r\n\t\t\t\t\t\t\t<\/a>\r\n\t\t\t\t\t\t<\/li>\r\n\t\t\t\t\t\t\t\t\t\t<li>\r\n\t\t\t\t\t\t\t<a href=\"javascript:;\" class=\"category\" data-filter=\"conferencias-2023\">\r\n\t\t\t\t\t\t\t\t<span>Conferencias 2023<\/span>\r\n\t\t\t\t\t\t\t<\/a>\r\n\t\t\t\t\t\t<\/li>\r\n\t\t\t\t\t\t\t<\/ul>\r\n\t\t<\/div>\r\n\t\t\t\t\t\t<div class=\"premium-blog-wrap premium-blog-even\" data-scroll=\"1\" data-layout=\"even\" data-equal=\"\" data-page=\"1732\">\r\n\t\t\t\t\t<div class=\"premium-blog-post-outer-container conferencias conferencias-2023\">\n\t\t\t<div class=\"premium-blog-post-container premium-blog-skin-classic\">\n\t\t\t\t\t\t\t\t\t<div class=\"premium-blog-thumb-effect-wrapper\">\n\t\t\t\t\t\t<div class=\"premium-blog-thumbnail-container premium-blog-none-effect\">\n\t\t\t\t\t\t\t<img decoding=\"async\" width=\"500\" height=\"500\" src=\"https:\/\/catedra.us.es\/catedraemvisesa\/wp-content\/uploads\/2023\/03\/RRSS_De-Lapuerta-500x500.jpg\" class=\"attachment-thumbnail size-thumbnail\" alt=\"\" loading=\"lazy\" \/>\t\t\t\t\t\t<\/div>\n\t\t\t\t\t\t\t\t\t\t\t\t\t<div class=\"premium-blog-thumbnail-overlay\">\n\t\t\t\t\t\t\t\t<a class=\"elementor-icon\" href=\"https:\/\/catedra.us.es\/catedraemvisesa\/2023\/03\/21\/de-lapuerta-campo-arquitectos\/\" target=\"_self\"><\/a>\n\t\t\t\t\t\t\t<\/div>\n\t\t\t\t\t\t\t\t\t\t\t<\/div>\n\t\t\t\t\t\t\t\t\t\t\t\t<div class=\"premium-blog-content-wrapper \">\n\t\t\t\t\t<div class=\"premium-blog-content-wrapper-inner\">\n\t\t\t\t\t\t<div class=\"premium-blog-inner-container\">\n\t\t\t\t\t\t\t<div class=\"premium-blog-entry-container\">\n\t\t\t\t\t\t\t\t\t\t\t\t\t\t\t\t\t\t<h2 class=\"premium-blog-entry-title\">\n\t\t\t<a href=\"https:\/\/catedra.us.es\/catedraemvisesa\/2023\/03\/21\/de-lapuerta-campo-arquitectos\/\" target=\"_self\">\n\t\t\t\tDe Lapuerta + Campo Arquitectos\t\t\t<\/a>\n\t\t<\/h2>\n\t\t\t\t<div class=\"premium-blog-entry-meta\">\n\t\t\t\n\t\t\t\n\t\t\t\n\t\t\t\t\t<\/div>\n\t\t\n\t\t\t\t\t\t\t<\/div>\n\t\t\t\t\t\t<\/div>\n\n\t\t\t\t\t\t\t\t\t\t\t\t\t\t\t\t\t<\/div>\n\t\t\t\t<\/div>\n\t\t\t<\/div>\n\t\t<\/div>\n\n\t\t\t\t<div class=\"premium-blog-post-outer-container conferencias-2023 congresos\">\n\t\t\t<div class=\"premium-blog-post-container premium-blog-skin-classic\">\n\t\t\t\t\t\t\t\t\t<div class=\"premium-blog-thumb-effect-wrapper\">\n\t\t\t\t\t\t<div class=\"premium-blog-thumbnail-container premium-blog-none-effect\">\n\t\t\t\t\t\t\t<img decoding=\"async\" width=\"500\" height=\"500\" src=\"https:\/\/catedra.us.es\/catedraemvisesa\/wp-content\/uploads\/2023\/03\/Imagen-estatica_Raul-Valles2-500x500.jpg\" class=\"attachment-thumbnail size-thumbnail\" alt=\"\" loading=\"lazy\" \/>\t\t\t\t\t\t<\/div>\n\t\t\t\t\t\t\t\t\t\t\t\t\t<div class=\"premium-blog-thumbnail-overlay\">\n\t\t\t\t\t\t\t\t<a class=\"elementor-icon\" href=\"https:\/\/catedra.us.es\/catedraemvisesa\/2023\/03\/14\/uruguay-cooperativismo-de-vivienda-y-universidad-experiencias-practicas-y-aprendizajes-raul-valles-barreto\/\" target=\"_self\"><\/a>\n\t\t\t\t\t\t\t<\/div>\n\t\t\t\t\t\t\t\t\t\t\t<\/div>\n\t\t\t\t\t\t\t\t\t\t\t\t<div class=\"premium-blog-content-wrapper \">\n\t\t\t\t\t<div class=\"premium-blog-content-wrapper-inner\">\n\t\t\t\t\t\t<div class=\"premium-blog-inner-container\">\n\t\t\t\t\t\t\t<div class=\"premium-blog-entry-container\">\n\t\t\t\t\t\t\t\t\t\t\t\t\t\t\t\t\t\t<h2 class=\"premium-blog-entry-title premium-blog-entry-title\">\n\t\t\t<a href=\"https:\/\/catedra.us.es\/catedraemvisesa\/2023\/03\/14\/uruguay-cooperativismo-de-vivienda-y-universidad-experiencias-practicas-y-aprendizajes-raul-valles-barreto\/\" target=\"_self\">\n\t\t\t\t\u00abUruguay. Cooperativismo de vivienda y universidad. Experiencias, pr\u00e1cticas y aprendizajes\u00bb Ra\u00fal Vall\u00e9s Barreto\t\t\t<\/a>\n\t\t<\/h2>\n\t\t\t\t<div class=\"premium-blog-entry-meta\">\n\t\t\t\n\t\t\t\n\t\t\t\n\t\t\t\t\t<\/div>\n\t\t\n\t\t\t\t\t\t\t<\/div>\n\t\t\t\t\t\t<\/div>\n\n\t\t\t\t\t\t\t\t\t\t\t\t\t\t\t\t\t<\/div>\n\t\t\t\t<\/div>\n\t\t\t<\/div>\n\t\t<\/div>\n\n\t\t\t\t<div class=\"premium-blog-post-outer-container conferencias-2022\">\n\t\t\t<div class=\"premium-blog-post-container premium-blog-skin-classic\">\n\t\t\t\t\t\t\t\t\t<div class=\"premium-blog-thumb-effect-wrapper\">\n\t\t\t\t\t\t<div class=\"premium-blog-thumbnail-container premium-blog-none-effect\">\n\t\t\t\t\t\t\t<img decoding=\"async\" width=\"500\" height=\"500\" src=\"https:\/\/catedra.us.es\/catedraemvisesa\/wp-content\/uploads\/2022\/04\/imagen-estatica-directo-1-500x500.jpg\" class=\"attachment-thumbnail size-thumbnail\" alt=\"\" loading=\"lazy\" \/>\t\t\t\t\t\t<\/div>\n\t\t\t\t\t\t\t\t\t\t\t\t\t<div class=\"premium-blog-thumbnail-overlay\">\n\t\t\t\t\t\t\t\t<a class=\"elementor-icon\" href=\"https:\/\/catedra.us.es\/catedraemvisesa\/2022\/05\/11\/vivienda-social-en-cuba-martin-dominguez-ruslan-munoz-y-pablo-rabasco\/\" target=\"_self\"><\/a>\n\t\t\t\t\t\t\t<\/div>\n\t\t\t\t\t\t\t\t\t\t\t<\/div>\n\t\t\t\t\t\t\t\t\t\t\t\t<div class=\"premium-blog-content-wrapper \">\n\t\t\t\t\t<div class=\"premium-blog-content-wrapper-inner\">\n\t\t\t\t\t\t<div class=\"premium-blog-inner-container\">\n\t\t\t\t\t\t\t<div class=\"premium-blog-entry-container\">\n\t\t\t\t\t\t\t\t\t\t\t\t\t\t\t\t\t\t<h2 class=\"premium-blog-entry-title premium-blog-entry-title premium-blog-entry-title\">\n\t\t\t<a href=\"https:\/\/catedra.us.es\/catedraemvisesa\/2022\/05\/11\/vivienda-social-en-cuba-martin-dominguez-ruslan-munoz-y-pablo-rabasco\/\" target=\"_self\">\n\t\t\t\t&#8216;Vivienda Social en Cuba. Mart\u00edn Dom\u00ednguez&#8217; Ruslan Mu\u00f1oz y Pablo Rabasco\t\t\t<\/a>\n\t\t<\/h2>\n\t\t\t\t<div class=\"premium-blog-entry-meta\">\n\t\t\t\n\t\t\t\n\t\t\t\n\t\t\t\t\t<\/div>\n\t\t\n\t\t\t\t\t\t\t<\/div>\n\t\t\t\t\t\t<\/div>\n\n\t\t\t\t\t\t\t\t\t\t\t\t\t\t\t\t\t<\/div>\n\t\t\t\t<\/div>\n\t\t\t<\/div>\n\t\t<\/div>\n\n\t\t\t\t<div class=\"premium-blog-post-outer-container conferencias-2022\">\n\t\t\t<div class=\"premium-blog-post-container premium-blog-skin-classic\">\n\t\t\t\t\t\t\t\t\t<div class=\"premium-blog-thumb-effect-wrapper\">\n\t\t\t\t\t\t<div class=\"premium-blog-thumbnail-container premium-blog-none-effect\">\n\t\t\t\t\t\t\t<img decoding=\"async\" width=\"500\" height=\"500\" src=\"https:\/\/catedra.us.es\/catedraemvisesa\/wp-content\/uploads\/2022\/05\/CARTELA-10-MARZO-500x500.jpg\" class=\"attachment-thumbnail size-thumbnail\" alt=\"\" loading=\"lazy\" \/>\t\t\t\t\t\t<\/div>\n\t\t\t\t\t\t\t\t\t\t\t\t\t<div class=\"premium-blog-thumbnail-overlay\">\n\t\t\t\t\t\t\t\t<a class=\"elementor-icon\" href=\"https:\/\/catedra.us.es\/catedraemvisesa\/2022\/03\/10\/amann-canovas-maruri\/\" target=\"_self\"><\/a>\n\t\t\t\t\t\t\t<\/div>\n\t\t\t\t\t\t\t\t\t\t\t<\/div>\n\t\t\t\t\t\t\t\t\t\t\t\t<div class=\"premium-blog-content-wrapper \">\n\t\t\t\t\t<div class=\"premium-blog-content-wrapper-inner\">\n\t\t\t\t\t\t<div class=\"premium-blog-inner-container\">\n\t\t\t\t\t\t\t<div class=\"premium-blog-entry-container\">\n\t\t\t\t\t\t\t\t\t\t\t\t\t\t\t\t\t\t<h2 class=\"premium-blog-entry-title premium-blog-entry-title premium-blog-entry-title premium-blog-entry-title\">\n\t\t\t<a href=\"https:\/\/catedra.us.es\/catedraemvisesa\/2022\/03\/10\/amann-canovas-maruri\/\" target=\"_self\">\n\t\t\t\tAmann C\u00e1novas Maruri\t\t\t<\/a>\n\t\t<\/h2>\n\t\t\t\t<div class=\"premium-blog-entry-meta\">\n\t\t\t\n\t\t\t\n\t\t\t\n\t\t\t\t\t<\/div>\n\t\t\n\t\t\t\t\t\t\t<\/div>\n\t\t\t\t\t\t<\/div>\n\n\t\t\t\t\t\t\t\t\t\t\t\t\t\t\t\t\t<\/div>\n\t\t\t\t<\/div>\n\t\t\t<\/div>\n\t\t<\/div>\n\n\t\t\t\t<div class=\"premium-blog-post-outer-container conferencias-2022\">\n\t\t\t<div class=\"premium-blog-post-container premium-blog-skin-classic\">\n\t\t\t\t\t\t\t\t\t<div class=\"premium-blog-thumb-effect-wrapper\">\n\t\t\t\t\t\t<div class=\"premium-blog-thumbnail-container premium-blog-none-effect\">\n\t\t\t\t\t\t\t<img decoding=\"async\" width=\"500\" height=\"500\" src=\"https:\/\/catedra.us.es\/catedraemvisesa\/wp-content\/uploads\/2022\/05\/CARTELA-9-MARZO-500x500.jpg\" class=\"attachment-thumbnail size-thumbnail\" alt=\"\" loading=\"lazy\" \/>\t\t\t\t\t\t<\/div>\n\t\t\t\t\t\t\t\t\t\t\t\t\t<div class=\"premium-blog-thumbnail-overlay\">\n\t\t\t\t\t\t\t\t<a class=\"elementor-icon\" href=\"https:\/\/catedra.us.es\/catedraemvisesa\/2022\/03\/09\/roldan-y-berengue\/\" target=\"_self\"><\/a>\n\t\t\t\t\t\t\t<\/div>\n\t\t\t\t\t\t\t\t\t\t\t<\/div>\n\t\t\t\t\t\t\t\t\t\t\t\t<div class=\"premium-blog-content-wrapper \">\n\t\t\t\t\t<div class=\"premium-blog-content-wrapper-inner\">\n\t\t\t\t\t\t<div class=\"premium-blog-inner-container\">\n\t\t\t\t\t\t\t<div class=\"premium-blog-entry-container\">\n\t\t\t\t\t\t\t\t\t\t\t\t\t\t\t\t\t\t<h2 class=\"premium-blog-entry-title premium-blog-entry-title premium-blog-entry-title premium-blog-entry-title premium-blog-entry-title\">\n\t\t\t<a href=\"https:\/\/catedra.us.es\/catedraemvisesa\/2022\/03\/09\/roldan-y-berengue\/\" target=\"_self\">\n\t\t\t\tRold\u00e1n &#038; Berengu\u00e9\t\t\t<\/a>\n\t\t<\/h2>\n\t\t\t\t<div class=\"premium-blog-entry-meta\">\n\t\t\t\n\t\t\t\n\t\t\t\n\t\t\t\t\t<\/div>\n\t\t\n\t\t\t\t\t\t\t<\/div>\n\t\t\t\t\t\t<\/div>\n\n\t\t\t\t\t\t\t\t\t\t\t\t\t\t\t\t\t<\/div>\n\t\t\t\t<\/div>\n\t\t\t<\/div>\n\t\t<\/div>\n\n\t\t\t\t<\/div>\r\n\t<\/div>\r\n\t\t\t\t<\/div>\n\t\t\t\t<\/div>\n\t\t\t\t\t\t<\/div>\n\t\t\t\t\t<\/div>\n\t\t<\/div>\n\t\t\t\t\t\t\t\t<\/div>\n\t\t\t\t\t<\/div>\n\t\t<\/section>\n\t\t\t\t\t\t<\/div>\n\t\t\t\t\t\t<\/div>\n\t\t\t\t\t<\/div>\n\t\t","protected":false},"excerpt":{"rendered":"<p>conferencias Todas Conferencias 2022 Conferencias 2023 De Lapuerta + Campo Arquitectos \u00abUruguay. Cooperativismo de vivienda y universidad. Experiencias, pr\u00e1cticas y aprendizajes\u00bb Ra\u00fal Vall\u00e9s Barreto &#8216;Vivienda Social en Cuba. Mart\u00edn Dom\u00ednguez&#8217; Ruslan Mu\u00f1oz y Pablo Rabasco Amann C\u00e1novas Maruri Rold\u00e1n &#038; Berengu\u00e9<\/p>\n","protected":false},"author":5,"featured_media":0,"parent":1490,"menu_order":0,"comment_status":"closed","ping_status":"closed","template":"","meta":{"site-sidebar-layout":"no-sidebar","site-content-layout":"page-builder","ast-global-header-display":"","ast-main-header-display":"","ast-hfb-above-header-display":"","ast-hfb-below-header-display":"","ast-hfb-mobile-header-display":"","site-post-title":"disabled","ast-breadcrumbs-content":"","ast-featured-img":"disabled","footer-sml-layout":"","theme-transparent-header-meta":"","adv-header-id-meta":"","stick-header-meta":"","header-above-stick-meta":"","header-main-stick-meta":"","header-below-stick-meta":""},"yoast_head":"<title>Conferencias - C\u00e1tedra Vivienda<\/title>\n<meta name=\"description\" content=\"\u00daltimas conferencias referentes a C\u00e1tedra Vivienda-EMVISESA Universidad de Sevilla. Descubre las pr\u00f3ximas agendadas.\" \/>\n<meta name=\"robots\" content=\"index, follow, max-snippet:-1, max-image-preview:large, max-video-preview:-1\" \/>\n<link rel=\"canonical\" href=\"https:\/\/catedra.us.es\/catedraemvisesa\/formacion\/conferencias\/\" \/>\n<meta property=\"og:locale\" content=\"es_ES\" \/>\n<meta property=\"og:type\" content=\"article\" \/>\n<meta property=\"og:title\" content=\"Conferencias - C\u00e1tedra Vivienda\" \/>\n<meta property=\"og:description\" content=\"\u00daltimas conferencias referentes a C\u00e1tedra Vivienda-EMVISESA Universidad de Sevilla. Descubre las pr\u00f3ximas agendadas.\" \/>\n<meta property=\"og:url\" content=\"https:\/\/catedra.us.es\/catedraemvisesa\/formacion\/conferencias\/\" \/>\n<meta property=\"og:site_name\" content=\"C\u00e1tedra Vivienda\" \/>\n<meta property=\"article:modified_time\" content=\"2023-05-20T16:47:44+00:00\" \/>\n<meta property=\"og:image\" content=\"https:\/\/catedra.us.es\/catedraemvisesa\/wp-content\/uploads\/2023\/03\/RRSS_De-Lapuerta-500x500.jpg\" \/>\n<meta name=\"twitter:card\" content=\"summary_large_image\" \/>\n<meta name=\"twitter:label1\" content=\"Tiempo de lectura\" \/>\n\t<meta name=\"twitter:data1\" content=\"2 minutos\" \/>\n<script type=\"application\/ld+json\" class=\"yoast-schema-graph\">{\"@context\":\"https:\/\/schema.org\",\"@graph\":[{\"@type\":\"WebPage\",\"@id\":\"https:\/\/catedra.us.es\/catedraemvisesa\/formacion\/conferencias\/\",\"url\":\"https:\/\/catedra.us.es\/catedraemvisesa\/formacion\/conferencias\/\",\"name\":\"Conferencias - C\u00e1tedra Vivienda\",\"isPartOf\":{\"@id\":\"https:\/\/catedra.us.es\/catedraemvisesa\/#website\"},\"datePublished\":\"2022-02-25T09:40:56+00:00\",\"dateModified\":\"2023-05-20T16:47:44+00:00\",\"description\":\"\u00daltimas conferencias referentes a C\u00e1tedra Vivienda-EMVISESA Universidad de Sevilla. Descubre las pr\u00f3ximas agendadas.\",\"breadcrumb\":{\"@id\":\"https:\/\/catedra.us.es\/catedraemvisesa\/formacion\/conferencias\/#breadcrumb\"},\"inLanguage\":\"es\",\"potentialAction\":[{\"@type\":\"ReadAction\",\"target\":[\"https:\/\/catedra.us.es\/catedraemvisesa\/formacion\/conferencias\/\"]}]},{\"@type\":\"BreadcrumbList\",\"@id\":\"https:\/\/catedra.us.es\/catedraemvisesa\/formacion\/conferencias\/#breadcrumb\",\"itemListElement\":[{\"@type\":\"ListItem\",\"position\":1,\"name\":\"C\u00e1tedra Vivienda\",\"item\":\"https:\/\/catedra.us.es\/catedraemvisesa\/\"},{\"@type\":\"ListItem\",\"position\":2,\"name\":\"Formaci\u00f3n\",\"item\":\"https:\/\/catedra.us.es\/catedraemvisesa\/formacion\/\"},{\"@type\":\"ListItem\",\"position\":3,\"name\":\"Conferencias\"}]},{\"@type\":\"WebSite\",\"@id\":\"https:\/\/catedra.us.es\/catedraemvisesa\/#website\",\"url\":\"https:\/\/catedra.us.es\/catedraemvisesa\/\",\"name\":\"C\u00e1tedra Vivienda\",\"description\":\"-\",\"publisher\":{\"@id\":\"https:\/\/catedra.us.es\/catedraemvisesa\/#organization\"},\"potentialAction\":[{\"@type\":\"SearchAction\",\"target\":{\"@type\":\"EntryPoint\",\"urlTemplate\":\"https:\/\/catedra.us.es\/catedraemvisesa\/?s={search_term_string}\"},\"query-input\":\"required name=search_term_string\"}],\"inLanguage\":\"es\"},{\"@type\":\"Organization\",\"@id\":\"https:\/\/catedra.us.es\/catedraemvisesa\/#organization\",\"name\":\"C\u00e1tedra Vivienda EMVISESA - Universidad de Sevilla\",\"url\":\"https:\/\/catedra.us.es\/catedraemvisesa\/\",\"logo\":{\"@type\":\"ImageObject\",\"inLanguage\":\"es\",\"@id\":\"https:\/\/catedra.us.es\/catedraemvisesa\/#\/schema\/logo\/image\/\",\"url\":\"https:\/\/catedra.us.es\/catedraemvisesa\/wp-content\/uploads\/2022\/03\/275125850_112577394700310_3927920400154476459_n.jpeg\",\"contentUrl\":\"https:\/\/catedra.us.es\/catedraemvisesa\/wp-content\/uploads\/2022\/03\/275125850_112577394700310_3927920400154476459_n.jpeg\",\"width\":675,\"height\":675,\"caption\":\"C\u00e1tedra Vivienda EMVISESA - Universidad de Sevilla\"},\"image\":{\"@id\":\"https:\/\/catedra.us.es\/catedraemvisesa\/#\/schema\/logo\/image\/\"}}]}<\/script>","yoast_head_json":{"title":"Conferencias - C\u00e1tedra Vivienda","description":"\u00daltimas conferencias referentes a C\u00e1tedra Vivienda-EMVISESA Universidad de Sevilla. Descubre las pr\u00f3ximas agendadas.","robots":{"index":"index","follow":"follow","max-snippet":"max-snippet:-1","max-image-preview":"max-image-preview:large","max-video-preview":"max-video-preview:-1"},"canonical":"https:\/\/catedra.us.es\/catedraemvisesa\/formacion\/conferencias\/","og_locale":"es_ES","og_type":"article","og_title":"Conferencias - C\u00e1tedra Vivienda","og_description":"\u00daltimas conferencias referentes a C\u00e1tedra Vivienda-EMVISESA Universidad de Sevilla. Descubre las pr\u00f3ximas agendadas.","og_url":"https:\/\/catedra.us.es\/catedraemvisesa\/formacion\/conferencias\/","og_site_name":"C\u00e1tedra Vivienda","article_modified_time":"2023-05-20T16:47:44+00:00","og_image":[{"url":"https:\/\/catedra.us.es\/catedraemvisesa\/wp-content\/uploads\/2023\/03\/RRSS_De-Lapuerta-500x500.jpg"}],"twitter_card":"summary_large_image","twitter_misc":{"Tiempo de lectura":"2 minutos"},"schema":{"@context":"https:\/\/schema.org","@graph":[{"@type":"WebPage","@id":"https:\/\/catedra.us.es\/catedraemvisesa\/formacion\/conferencias\/","url":"https:\/\/catedra.us.es\/catedraemvisesa\/formacion\/conferencias\/","name":"Conferencias - C\u00e1tedra Vivienda","isPartOf":{"@id":"https:\/\/catedra.us.es\/catedraemvisesa\/#website"},"datePublished":"2022-02-25T09:40:56+00:00","dateModified":"2023-05-20T16:47:44+00:00","description":"\u00daltimas conferencias referentes a C\u00e1tedra Vivienda-EMVISESA Universidad de Sevilla. Descubre las pr\u00f3ximas agendadas.","breadcrumb":{"@id":"https:\/\/catedra.us.es\/catedraemvisesa\/formacion\/conferencias\/#breadcrumb"},"inLanguage":"es","potentialAction":[{"@type":"ReadAction","target":["https:\/\/catedra.us.es\/catedraemvisesa\/formacion\/conferencias\/"]}]},{"@type":"BreadcrumbList","@id":"https:\/\/catedra.us.es\/catedraemvisesa\/formacion\/conferencias\/#breadcrumb","itemListElement":[{"@type":"ListItem","position":1,"name":"C\u00e1tedra Vivienda","item":"https:\/\/catedra.us.es\/catedraemvisesa\/"},{"@type":"ListItem","position":2,"name":"Formaci\u00f3n","item":"https:\/\/catedra.us.es\/catedraemvisesa\/formacion\/"},{"@type":"ListItem","position":3,"name":"Conferencias"}]},{"@type":"WebSite","@id":"https:\/\/catedra.us.es\/catedraemvisesa\/#website","url":"https:\/\/catedra.us.es\/catedraemvisesa\/","name":"C\u00e1tedra Vivienda","description":"-","publisher":{"@id":"https:\/\/catedra.us.es\/catedraemvisesa\/#organization"},"potentialAction":[{"@type":"SearchAction","target":{"@type":"EntryPoint","urlTemplate":"https:\/\/catedra.us.es\/catedraemvisesa\/?s={search_term_string}"},"query-input":"required name=search_term_string"}],"inLanguage":"es"},{"@type":"Organization","@id":"https:\/\/catedra.us.es\/catedraemvisesa\/#organization","name":"C\u00e1tedra Vivienda EMVISESA - Universidad de Sevilla","url":"https:\/\/catedra.us.es\/catedraemvisesa\/","logo":{"@type":"ImageObject","inLanguage":"es","@id":"https:\/\/catedra.us.es\/catedraemvisesa\/#\/schema\/logo\/image\/","url":"https:\/\/catedra.us.es\/catedraemvisesa\/wp-content\/uploads\/2022\/03\/275125850_112577394700310_3927920400154476459_n.jpeg","contentUrl":"https:\/\/catedra.us.es\/catedraemvisesa\/wp-content\/uploads\/2022\/03\/275125850_112577394700310_3927920400154476459_n.jpeg","width":675,"height":675,"caption":"C\u00e1tedra Vivienda EMVISESA - Universidad de Sevilla"},"image":{"@id":"https:\/\/catedra.us.es\/catedraemvisesa\/#\/schema\/logo\/image\/"}}]}},"_links":{"self":[{"href":"https:\/\/catedra.us.es\/catedraemvisesa\/wp-json\/wp\/v2\/pages\/1732"}],"collection":[{"href":"https:\/\/catedra.us.es\/catedraemvisesa\/wp-json\/wp\/v2\/pages"}],"about":[{"href":"https:\/\/catedra.us.es\/catedraemvisesa\/wp-json\/wp\/v2\/types\/page"}],"author":[{"embeddable":true,"href":"https:\/\/catedra.us.es\/catedraemvisesa\/wp-json\/wp\/v2\/users\/5"}],"replies":[{"embeddable":true,"href":"https:\/\/catedra.us.es\/catedraemvisesa\/wp-json\/wp\/v2\/comments?post=1732"}],"version-history":[{"count":22,"href":"https:\/\/catedra.us.es\/catedraemvisesa\/wp-json\/wp\/v2\/pages\/1732\/revisions"}],"predecessor-version":[{"id":3308,"href":"https:\/\/catedra.us.es\/catedraemvisesa\/wp-json\/wp\/v2\/pages\/1732\/revisions\/3308"}],"up":[{"embeddable":true,"href":"https:\/\/catedra.us.es\/catedraemvisesa\/wp-json\/wp\/v2\/pages\/1490"}],"wp:attachment":[{"href":"https:\/\/catedra.us.es\/catedraemvisesa\/wp-json\/wp\/v2\/media?parent=1732"}],"curies":[{"name":"wp","href":"https:\/\/api.w.org\/{rel}","templated":true}]}}