{"id":2,"date":"2025-01-15T11:48:16","date_gmt":"2025-01-15T10:48:16","guid":{"rendered":"http:\/\/catedra.us.es\/catedrahe\/?page_id=2"},"modified":"2025-09-23T10:54:04","modified_gmt":"2025-09-23T08:54:04","slug":"catedra","status":"publish","type":"page","link":"https:\/\/catedra.us.es\/catedrahe\/catedra\/","title":{"rendered":"C\u00e1tedra"},"content":{"rendered":"\n<h2 class=\"wp-block-heading\"><strong>C\u00e1tedra Hitachi Energy<\/strong><\/h2>\n\n\n\n<figure class=\"wp-block-image size-full\"><img fetchpriority=\"high\" decoding=\"async\" width=\"1100\" height=\"500\" src=\"https:\/\/catedra.us.es\/catedrahe\/wp-content\/uploads\/2025\/09\/img_4132.jpg\" alt=\"\" class=\"wp-image-471\"\/><\/figure>\n\n\n\n<p>La C\u00e1tedra Hitachi Energy sella una larga trayectoria de vinculaci\u00f3n entre la Universidad de Sevilla e Hitachi Energy ya que las \u00e1reas de ingenier\u00eda e I+D de la f\u00e1brica de transformadores que Hitachi Energy tiene en C\u00f3rdoba, en una apuesta por la innovaci\u00f3n, vienen trabajando de forma conjunta con grupos de investigaci\u00f3n del Centro.<\/p>\n\n\n\n<p>Hitachi Energy es un l\u00edder mundial en tecnolog\u00eda que impulsa un futuro energ\u00e9tico sostenible. Atiende a clientes en los sectores de la generaci\u00f3n, transporte y distribuci\u00f3n de energ\u00eda el\u00e9ctrica, industria e infraestructuras, proporcionando soluciones y servicios innovadores integrando toda la cadena de valor.<\/p>\n\n\n\n<p>Potenciar los proyectos de investigaci\u00f3n, as\u00ed como estrechar y formalizar la relaci\u00f3n de la compa\u00f1\u00eda con los estudiantes de ingenier\u00eda que, en un futuro no muy lejano, ser\u00e1n los profesionales que nutran a la industria, ha sido el objetivo de fundaci\u00f3n de la nueva C\u00e1tedra.&nbsp;<\/p>\n\n\n\n<p>La formaci\u00f3n de dichos estudiantes se ver\u00e1 beneficiada gracias a los programas de conferencias, sesiones y congresos que tendr\u00e1n lugar en el marco de la C\u00e1tedra, as\u00ed como por la propuesta de temas relacionados con la actividad de Hitachi Energy sobre los que el alumnado podr\u00e1 desarrollar sus trabajos de fin de grados y m\u00e1steres. Asimismo, otro pilar fundamental que se afianza con esta uni\u00f3n es el de las becas y ofertas de pr\u00e1cticas en distintas \u00e1reas de la compa\u00f1\u00eda.<\/p>\n\n\n\n<h2 class=\"wp-block-heading\">Composici\u00f3n de la c\u00e1tedra<\/h2>\n\n\n\n<p>La C\u00e1tedra est\u00e1 constituida por un equipo de profesionales pertenecientes a la Universidad de Sevilla y a Hitachi Energy. A continuaci\u00f3n, se presentan los miembros, organizados seg\u00fan su v\u00ednculo con cada entidad.<\/p>\n\n\n\n<p>Miembros de la Universidad de Sevilla:<\/p>\n\n\n\n<ul class=\"wp-block-list\">\n<li><strong>D. Manuel Felipe Rosa Iglesias<\/strong> \u2013 Vicerrector de Transferencia del Conocimiento.<\/li>\n\n\n\n<li><strong>D. Carlos Navarro Pintado<\/strong> \u2013 Catedr\u00e1tico Depto. Ing. Mec\u00e1nica y Fabricaci\u00f3n.<\/li>\n\n\n\n<li><strong>D. Jos\u00e9 Mar\u00eda Maza Ortega<\/strong> \u2013 Catedr\u00e1tico Depto. Ing. El\u00e9ctrica.<\/li>\n\n\n\n<li><strong>D. Jes\u00fas V\u00e1zquez Valeo<\/strong> \u2013 Catedr\u00e1tico Depto. Ing. Mec\u00e1nica y Fabricaci\u00f3n.<\/li>\n<\/ul>\n\n\n\n<p>Miembros de Hitachi Energy:<\/p>\n\n\n\n<ul class=\"wp-block-list\">\n<li><strong>D. Francisco J. Bola\u00f1os Valverde<\/strong> \u2013 General Manager Power Transformers.<\/li>\n\n\n\n<li><strong>Da. Marta Mu\u00f1oz Ruiz<\/strong> \u2013 Technology Center Manager SEU.<\/li>\n\n\n\n<li><strong>D. Miguel Aguirre Gim\u00e9nez<\/strong> \u2013 Trafoschool Manager.<\/li>\n<\/ul>\n","protected":false},"excerpt":{"rendered":"<p>C\u00e1tedra Hitachi Energy La C\u00e1tedra Hitachi Energy sella una larga trayectoria de vinculaci\u00f3n entre la&hellip;<\/p>\n","protected":false},"author":1,"featured_media":0,"parent":0,"menu_order":0,"comment_status":"closed","ping_status":"open","template":"","meta":{"footnotes":""},"class_list":["post-2","page","type-page","status-publish","hentry"],"_links":{"self":[{"href":"https:\/\/catedra.us.es\/catedrahe\/wp-json\/wp\/v2\/pages\/2","targetHints":{"allow":["GET"]}}],"collection":[{"href":"https:\/\/catedra.us.es\/catedrahe\/wp-json\/wp\/v2\/pages"}],"about":[{"href":"https:\/\/catedra.us.es\/catedrahe\/wp-json\/wp\/v2\/types\/page"}],"author":[{"embeddable":true,"href":"https:\/\/catedra.us.es\/catedrahe\/wp-json\/wp\/v2\/users\/1"}],"replies":[{"embeddable":true,"href":"https:\/\/catedra.us.es\/catedrahe\/wp-json\/wp\/v2\/comments?post=2"}],"version-history":[{"count":5,"href":"https:\/\/catedra.us.es\/catedrahe\/wp-json\/wp\/v2\/pages\/2\/revisions"}],"predecessor-version":[{"id":472,"href":"https:\/\/catedra.us.es\/catedrahe\/wp-json\/wp\/v2\/pages\/2\/revisions\/472"}],"wp:attachment":[{"href":"https:\/\/catedra.us.es\/catedrahe\/wp-json\/wp\/v2\/media?parent=2"}],"curies":[{"name":"wp","href":"https:\/\/api.w.org\/{rel}","templated":true}]}}