{"id":306,"date":"2025-03-17T10:55:00","date_gmt":"2025-03-17T09:55:00","guid":{"rendered":"https:\/\/catedra.us.es\/catedrahe\/?page_id=306"},"modified":"2025-09-23T10:22:48","modified_gmt":"2025-09-23T08:22:48","slug":"proteccion-de-datos","status":"publish","type":"page","link":"https:\/\/catedra.us.es\/catedrahe\/proteccion-de-datos\/","title":{"rendered":"Protecci\u00f3n de datos\u00a0"},"content":{"rendered":"\n<hr class=\"wp-block-separator has-alpha-channel-opacity\"\/>\n\n\n\n<h2 class=\"wp-block-heading\">Protecci\u00f3n de datos<\/h2>\n\n\n\n<p>El nuevo Reglamento&nbsp;<strong><em>(UE)<\/em>2016\/679<\/strong>&nbsp;del parlamento Europeo y del Consejo, relativo a la protecci\u00f3n de las personas f\u00edsicas en lo que respecta al tratamiento de datos personales y a la libre circulaci\u00f3n de estos datos&nbsp;<em>(RGPD)<\/em>&nbsp;entr\u00f3 en vigor en mayo de 2016 . El art\u00edculo&nbsp;<strong>37.1.a)<\/strong>&nbsp;de la citada normativa establece que cuando el tratamiento de datos personales sea llevado a cabo por una autoridad u organismo p\u00fablico, como es el caso de la Universidad de Sevilla, el responsable del tratamiento deber\u00e1 designar un Delegado de Protecci\u00f3n de Datos.<\/p>\n\n\n\n<p>De este modo y en cumplimiento de dicho art\u00edculo, la US cre\u00f3 la figura Delegado de Protecci\u00f3n de Datos, encargado en supervisar y ayudar al responsable en todo lo concerniente al cumplimiento del&nbsp;<strong>RGPD<\/strong>, mediante labores de informaci\u00f3n, asesoramiento y cooperaci\u00f3n con la autoridad de control.<\/p>\n\n\n\n<p>La Universidad de Sevilla, como responsable de los tratamientos de datos personales que en ella se realizan, est\u00e1 comprometida con la protecci\u00f3n de los datos personales incluidos en sus distintos tratamientos, como manifestaci\u00f3n de la protecci\u00f3n del derecho fundamental a la autodeterminaci\u00f3n informativa de los interesados.<\/p>\n\n\n\n<div class=\"wp-block-file\"><a id=\"wp-block-file--media-980ab442-f210-4280-987b-612e7896984d\" href=\"http:\/\/catedra.us.es\/catedrahe\/wp-content\/uploads\/2025\/03\/proteccion_datos.pdf\">Descarga el PDF<\/a><a href=\"http:\/\/catedra.us.es\/catedrahe\/wp-content\/uploads\/2025\/03\/proteccion_datos.pdf\" class=\"wp-block-file__button wp-element-button\" download aria-describedby=\"wp-block-file--media-980ab442-f210-4280-987b-612e7896984d\">Descarga<\/a><\/div>\n\n\n\n<a href=\"https:\/\/osi.us.es\/\" target=\"_blank\">Ir al Pol\u00edtica de Protecci\u00f3n de datos de la Universidad de Sevilla<\/a>\n","protected":false},"excerpt":{"rendered":"<p>Protecci\u00f3n de datos El nuevo Reglamento&nbsp;(UE)2016\/679&nbsp;del parlamento Europeo y del Consejo, relativo a la protecci\u00f3n&hellip;<\/p>\n","protected":false},"author":1,"featured_media":0,"parent":0,"menu_order":0,"comment_status":"closed","ping_status":"closed","template":"","meta":{"footnotes":""},"class_list":["post-306","page","type-page","status-publish","hentry"],"_links":{"self":[{"href":"https:\/\/catedra.us.es\/catedrahe\/wp-json\/wp\/v2\/pages\/306","targetHints":{"allow":["GET"]}}],"collection":[{"href":"https:\/\/catedra.us.es\/catedrahe\/wp-json\/wp\/v2\/pages"}],"about":[{"href":"https:\/\/catedra.us.es\/catedrahe\/wp-json\/wp\/v2\/types\/page"}],"author":[{"embeddable":true,"href":"https:\/\/catedra.us.es\/catedrahe\/wp-json\/wp\/v2\/users\/1"}],"replies":[{"embeddable":true,"href":"https:\/\/catedra.us.es\/catedrahe\/wp-json\/wp\/v2\/comments?post=306"}],"version-history":[{"count":7,"href":"https:\/\/catedra.us.es\/catedrahe\/wp-json\/wp\/v2\/pages\/306\/revisions"}],"predecessor-version":[{"id":444,"href":"https:\/\/catedra.us.es\/catedrahe\/wp-json\/wp\/v2\/pages\/306\/revisions\/444"}],"wp:attachment":[{"href":"https:\/\/catedra.us.es\/catedrahe\/wp-json\/wp\/v2\/media?parent=306"}],"curies":[{"name":"wp","href":"https:\/\/api.w.org\/{rel}","templated":true}]}}