{"id":309,"date":"2025-03-17T10:56:08","date_gmt":"2025-03-17T09:56:08","guid":{"rendered":"https:\/\/catedra.us.es\/catedrahe\/?page_id=309"},"modified":"2025-09-23T10:23:09","modified_gmt":"2025-09-23T08:23:09","slug":"aviso-legal","status":"publish","type":"page","link":"https:\/\/catedra.us.es\/catedrahe\/aviso-legal\/","title":{"rendered":"Aviso legal"},"content":{"rendered":"\n<hr class=\"wp-block-separator has-alpha-channel-opacity\"\/>\n\n\n\n<h2 class=\"wp-block-heading\">Aviso legal<\/h2>\n\n\n\n<h4 class=\"wp-block-heading has-text-align-center\">Informaci\u00f3n general en relaci\u00f3n con el portal <a href=\"https:\/\/catedra.us.es\/catedrahe\">https:\/\/catedra.us.es\/catedrahe<\/a><\/h4>\n\n\n\n<p>En cumplimiento de lo previsto en la&nbsp;<strong>Ley 34\/2002<\/strong>, de 11 de julio, de Servicios de la Sociedad de la Informaci\u00f3n y de Comercio Electr\u00f3nico, as\u00ed como en otras normas de legal aplicaci\u00f3n, se pone en conocimiento de los usuarios del Portal de Internet&nbsp;<strong>https:\/\/catedra.us.es\/catedrahe<\/strong>&nbsp;los siguientes datos de informaci\u00f3n general:<\/p>\n\n\n\n<ol class=\"wp-block-list\">\n<li>El presente portal constituye el Sitio Oficial en Internet de la&nbsp;<strong>C\u00c1TEDRA HITACHI ENERGY DE LA ESCUELA T\u00c9CNICA SUPERIOR DE INGENIER\u00cdA<\/strong>&nbsp;de la UNIVERSIDAD DE SEVILLA. Ha sido creado y es mantenido a instancias de la&nbsp;<em>UNIVERSIDAD DE SEVILLA<\/em>, quien es su propietaria, as\u00ed como de aquellos nombres de dominio que a \u00e9l conducen.<\/li>\n\n\n\n<li>La UNIVERSIDAD DE SEVILLA es una instituci\u00f3n p\u00fablica educativa.<\/li>\n\n\n\n<li>La UNIVERSIDAD DE SEVILLA est\u00e1 provista de C.I.F. n\u00b0 Q-4118001-I<\/li>\n\n\n\n<li>La sede de la UNIVERSIDAD DE SEVILLA se encuentra en:\n<ul class=\"wp-block-list\">\n<li>C\/ S. Fernando, 4&nbsp;<em>(C.P. 41004)<\/em>&nbsp;SEVILLA<\/li>\n\n\n\n<li>ESPA\u00d1A<\/li>\n<\/ul>\n<\/li>\n\n\n\n<li>Los usuarios del presente portal podr\u00e1n establecer una comunicaci\u00f3n directa y efectiva con la UNIVERSIDAD DE SEVILLA mediante comunicaci\u00f3n escrita remitida a su domicilio social, indicado en el punto 4 de los que componen esta Informaci\u00f3n General.<\/li>\n<\/ol>\n","protected":false},"excerpt":{"rendered":"<p>Aviso legal Informaci\u00f3n general en relaci\u00f3n con el portal https:\/\/catedra.us.es\/catedrahe En cumplimiento de lo previsto&hellip;<\/p>\n","protected":false},"author":1,"featured_media":0,"parent":0,"menu_order":0,"comment_status":"closed","ping_status":"closed","template":"","meta":{"footnotes":""},"class_list":["post-309","page","type-page","status-publish","hentry"],"_links":{"self":[{"href":"https:\/\/catedra.us.es\/catedrahe\/wp-json\/wp\/v2\/pages\/309","targetHints":{"allow":["GET"]}}],"collection":[{"href":"https:\/\/catedra.us.es\/catedrahe\/wp-json\/wp\/v2\/pages"}],"about":[{"href":"https:\/\/catedra.us.es\/catedrahe\/wp-json\/wp\/v2\/types\/page"}],"author":[{"embeddable":true,"href":"https:\/\/catedra.us.es\/catedrahe\/wp-json\/wp\/v2\/users\/1"}],"replies":[{"embeddable":true,"href":"https:\/\/catedra.us.es\/catedrahe\/wp-json\/wp\/v2\/comments?post=309"}],"version-history":[{"count":3,"href":"https:\/\/catedra.us.es\/catedrahe\/wp-json\/wp\/v2\/pages\/309\/revisions"}],"predecessor-version":[{"id":445,"href":"https:\/\/catedra.us.es\/catedrahe\/wp-json\/wp\/v2\/pages\/309\/revisions\/445"}],"wp:attachment":[{"href":"https:\/\/catedra.us.es\/catedrahe\/wp-json\/wp\/v2\/media?parent=309"}],"curies":[{"name":"wp","href":"https:\/\/api.w.org\/{rel}","templated":true}]}}