{"id":2,"date":"2021-01-15T09:24:03","date_gmt":"2021-01-15T09:24:03","guid":{"rendered":"http:\/\/atesea.desarrollopaginaweb.es\/?page_id=2"},"modified":"2022-06-17T10:12:02","modified_gmt":"2022-06-17T10:12:02","slug":"aviso-legal","status":"publish","type":"page","link":"https:\/\/catedra.us.es\/catedraiot\/aviso-legal\/","title":{"rendered":"Aviso legal"},"content":{"rendered":"<section class=\"l-section wpb_row height_auto\"><div class=\"l-section-h i-cf\" style=\"padding-top: 5% !important;\"><div class=\"g-cols vc_row type_default valign_top\"><div class=\"vc_col-sm-12 wpb_column vc_column_container\"><div class=\"vc_column-inner\"><div class=\"wpb_wrapper\">\r\n\t<div class=\"wpb_text_column \">\r\n\t\t<div class=\"wpb_wrapper\">\r\n\t\t\t<h4>Aviso legal<\/h4>\n\r\n\t\t<\/div>\r\n\t<\/div>\r\n<div class=\"w-separator size_small\"><\/div>\r\n\t<div class=\"wpb_text_column \">\r\n\t\t<div class=\"wpb_wrapper\">\r\n\t\t\t<p><strong>Aviso legal<\/strong><\/p>\n<p><strong>Aviso Legal e informaci\u00f3n sobre las condiciones de uso del sitio web<\/strong><\/p>\n<p><strong>Datos identificativos del titular del sitio web<\/strong><\/p>\n<p>En cumplimiento del deber de informaci\u00f3n estipulado en el art\u00edculo 10 de la Ley 34\/2002 de 11 de julio de Servicios de la Sociedad de la Informaci\u00f3n y de Comercio Electr\u00f3nico, la UNIVERSIDAD DE SEVILLA, en calidad de titular del website https:\/\/catedra.us.es\/catedradeliot\/, procede a comunicarles los datos identificativos exigidos por la referida norma:<\/p>\n<p><strong>Universidad de Sevilla<\/strong><\/p>\n<ul>\n<li><strong>Denominaci\u00f3n social<\/strong>:\u00a0UNIVERSIDAD DE SEVILLA (US)<\/li>\n<li><strong>Domicilio social: <\/strong>calle San Fernando s\/n. 41004. Sevilla<\/li>\n<li><strong>NIF: Q-4118001I<\/strong><\/li>\n<\/ul>\n<ol>\n<li>La UNIVERSIDAD DE SEVILLA, informa que la web de la CATEDRA DEL INTERNET DE LAS COSAS (https:\/\/catedra.us.es\/catedradeliot\/) tiene por objeto facilitar al p\u00fablico en general, el conocimiento de las actividades que esta C\u00e1tedra realiza y de los productos y servicios que presta, transmitiendo las solicitudes recibidas a los servicios internos correspondientes.<\/li>\n<li>Los derechos de propiedad intelectual del web (<a href=\"https:\/\/catedra.us.es\/catedradeliot\/\" target=\"_blank\" rel=\"noopener\">https:\/\/catedra.us.es\/catedradeliot\/<\/a>) y de los distintos elementos en \u00e9l contenidos son titularidad de la UNIVERSIDAD DE SEVILLA. Corresponde a dicha organizaci\u00f3n el ejercicio exclusivo de los derechos de explotaci\u00f3n de los mismos en cualquier forma y, en especial, los derechos de reproducci\u00f3n, distribuci\u00f3n, comunicaci\u00f3n p\u00fablica y transformaci\u00f3n.<\/li>\n<li>La UNIVERSIDAD DE SEVILLA de conformidad con lo establecido en la Ley Org\u00e1nica 3\/2018, de Protecci\u00f3n de Datos Personales y garant\u00eda de los derechos digitales y en la normativa de desarrollo, garantiza la seguridad y confidencialidad de los datos facilitados por sus usuarios.<\/li>\n<li>La UNIVERSIDAD DE SEVILLA se reserva la facultad de efectuar, en cualquier momento y sin necesidad de previo aviso, modificaciones y actualizaciones de la informaci\u00f3n contenida en su web o en la configuraci\u00f3n y presentaci\u00f3n de \u00e9sta.<\/li>\n<li>La UNIVERSIDAD DE SEVILLA no garantiza la inexistencia de errores en el acceso al web, en su contenido, ni que \u00e9ste se encuentre actualizado, aunque desarrollar\u00e1 sus mejores esfuerzos para, en su caso, evitarlos, subsanarlos o actualizarlos.<\/li>\n<\/ol>\n<ol start=\"6\">\n<li>Tanto el acceso a este web como el uso que pueda hacerse de la informaci\u00f3n contenida en el mismo es de la exclusiva responsabilidad de quien lo realiza. La UNIVERSIDAD DE SEVILLA no responder\u00e1 de ninguna consecuencia, da\u00f1o o perjuicio que pudieran derivarse de dicho acceso o uso de la informaci\u00f3n.<\/li>\n<\/ol>\n<ol>\n<li>La utilizaci\u00f3n no autorizada de la informaci\u00f3n contenida en esta web, as\u00ed como la lesi\u00f3n de los derechos de Propiedad Intelectual o Industrial de la UNIVERSIDAD DE SEVILLA, dar\u00e1 lugar a las responsabilidades legalmente establecidas.<\/li>\n<li>La UNIVERSIDAD DE SEVILLA no se hace responsable de los posibles errores de seguridad que se puedan producir, ni de los posibles da\u00f1os que puedan causarse al sistema inform\u00e1tico del usuario (hardware y software) o en los ficheros almacenados en el mismo, como consecuencia de la presencia de virus en el ordenador del usuario utilizado para la conexi\u00f3n a los servicios y contenidos de (<a href=\"https:\/\/catedra.us.es\/catedradeliot\/\" target=\"_blank\" rel=\"noopener\">https:\/\/catedra.us.es\/catedradeliot\/<\/a>), de un mal funcionamiento del navegador o del uso de versiones no actualizadas del mismo.<\/li>\n<\/ol>\n<p><!-- \/wp:paragraph --><\/p>\n\r\n\t\t<\/div>\r\n\t<\/div>\r\n<\/div><\/div><\/div><\/div><\/div><\/section>\n","protected":false},"excerpt":{"rendered":"Aviso legal Aviso legal Aviso Legal e informaci\u00f3n sobre las condiciones de uso del sitio web Datos identificativos del titular del sitio web En cumplimiento del deber de informaci\u00f3n estipulado en el art\u00edculo 10 de la Ley 34\/2002 de 11 de julio de Servicios de la Sociedad de la Informaci\u00f3n y de Comercio Electr\u00f3nico, la...","protected":false},"author":1,"featured_media":0,"parent":0,"menu_order":0,"comment_status":"closed","ping_status":"closed","template":"","meta":[],"yoast_head":"<!-- This site is optimized with the Yoast SEO plugin v16.0.2 - https:\/\/yoast.com\/wordpress\/plugins\/seo\/ -->\n<title>Aviso legal - C\u00e1tedra IoT<\/title>\n<meta name=\"robots\" content=\"index, follow, max-snippet:-1, max-image-preview:large, max-video-preview:-1\" \/>\n<link rel=\"canonical\" href=\"https:\/\/catedra.us.es\/catedraiot\/aviso-legal\/\" \/>\n<meta property=\"og:locale\" content=\"es_ES\" \/>\n<meta property=\"og:type\" content=\"article\" \/>\n<meta property=\"og:title\" content=\"Aviso legal - C\u00e1tedra IoT\" \/>\n<meta property=\"og:url\" content=\"https:\/\/catedra.us.es\/catedraiot\/aviso-legal\/\" \/>\n<meta property=\"og:site_name\" content=\"C\u00e1tedra IoT\" \/>\n<meta property=\"article:modified_time\" content=\"2022-06-17T10:12:02+00:00\" \/>\n<meta name=\"twitter:card\" content=\"summary_large_image\" \/>\n<meta name=\"twitter:label1\" content=\"Tiempo de lectura\">\n\t<meta name=\"twitter:data1\" content=\"3 minutos\">\n<script type=\"application\/ld+json\" class=\"yoast-schema-graph\">{\"@context\":\"https:\/\/schema.org\",\"@graph\":[{\"@type\":\"Organization\",\"@id\":\"https:\/\/catedra.us.es\/catedraiot\/#organization\",\"name\":\"Catedra del IoT\",\"url\":\"https:\/\/catedra.us.es\/catedraiot\/\",\"sameAs\":[],\"logo\":{\"@type\":\"ImageObject\",\"@id\":\"https:\/\/catedra.us.es\/catedraiot\/#logo\",\"inLanguage\":\"es\",\"url\":\"\",\"caption\":\"Catedra del IoT\"},\"image\":{\"@id\":\"https:\/\/catedra.us.es\/catedraiot\/#logo\"}},{\"@type\":\"WebSite\",\"@id\":\"https:\/\/catedra.us.es\/catedraiot\/#website\",\"url\":\"https:\/\/catedra.us.es\/catedraiot\/\",\"name\":\"C\\u00e1tedra IoT\",\"description\":\"C\\u00e1tedra del Internet de las Cosas\",\"publisher\":{\"@id\":\"https:\/\/catedra.us.es\/catedraiot\/#organization\"},\"potentialAction\":[{\"@type\":\"SearchAction\",\"target\":\"https:\/\/catedra.us.es\/catedraiot\/?s={search_term_string}\",\"query-input\":\"required name=search_term_string\"}],\"inLanguage\":\"es\"},{\"@type\":\"WebPage\",\"@id\":\"https:\/\/catedra.us.es\/catedraiot\/aviso-legal\/#webpage\",\"url\":\"https:\/\/catedra.us.es\/catedraiot\/aviso-legal\/\",\"name\":\"Aviso legal - C\\u00e1tedra IoT\",\"isPartOf\":{\"@id\":\"https:\/\/catedra.us.es\/catedraiot\/#website\"},\"datePublished\":\"2021-01-15T09:24:03+00:00\",\"dateModified\":\"2022-06-17T10:12:02+00:00\",\"breadcrumb\":{\"@id\":\"https:\/\/catedra.us.es\/catedraiot\/aviso-legal\/#breadcrumb\"},\"inLanguage\":\"es\",\"potentialAction\":[{\"@type\":\"ReadAction\",\"target\":[\"https:\/\/catedra.us.es\/catedraiot\/aviso-legal\/\"]}]},{\"@type\":\"BreadcrumbList\",\"@id\":\"https:\/\/catedra.us.es\/catedraiot\/aviso-legal\/#breadcrumb\",\"itemListElement\":[{\"@type\":\"ListItem\",\"position\":1,\"item\":{\"@type\":\"WebPage\",\"@id\":\"https:\/\/catedra.us.es\/catedraiot\/\",\"url\":\"https:\/\/catedra.us.es\/catedraiot\/\",\"name\":\"Portada\"}},{\"@type\":\"ListItem\",\"position\":2,\"item\":{\"@type\":\"WebPage\",\"@id\":\"https:\/\/catedra.us.es\/catedraiot\/aviso-legal\/\",\"url\":\"https:\/\/catedra.us.es\/catedraiot\/aviso-legal\/\",\"name\":\"Aviso legal\"}}]}]}<\/script>\n<!-- \/ Yoast SEO plugin. -->","_links":{"self":[{"href":"https:\/\/catedra.us.es\/catedraiot\/wp-json\/wp\/v2\/pages\/2"}],"collection":[{"href":"https:\/\/catedra.us.es\/catedraiot\/wp-json\/wp\/v2\/pages"}],"about":[{"href":"https:\/\/catedra.us.es\/catedraiot\/wp-json\/wp\/v2\/types\/page"}],"author":[{"embeddable":true,"href":"https:\/\/catedra.us.es\/catedraiot\/wp-json\/wp\/v2\/users\/1"}],"replies":[{"embeddable":true,"href":"https:\/\/catedra.us.es\/catedraiot\/wp-json\/wp\/v2\/comments?post=2"}],"version-history":[{"count":10,"href":"https:\/\/catedra.us.es\/catedraiot\/wp-json\/wp\/v2\/pages\/2\/revisions"}],"predecessor-version":[{"id":7718,"href":"https:\/\/catedra.us.es\/catedraiot\/wp-json\/wp\/v2\/pages\/2\/revisions\/7718"}],"wp:attachment":[{"href":"https:\/\/catedra.us.es\/catedraiot\/wp-json\/wp\/v2\/media?parent=2"}],"curies":[{"name":"wp","href":"https:\/\/api.w.org\/{rel}","templated":true}]}}