{"id":3,"date":"2021-01-15T09:24:03","date_gmt":"2021-01-15T09:24:03","guid":{"rendered":"http:\/\/atesea.desarrollopaginaweb.es\/?page_id=3"},"modified":"2022-06-17T10:13:19","modified_gmt":"2022-06-17T10:13:19","slug":"politica-de-privacidad","status":"publish","type":"page","link":"https:\/\/catedra.us.es\/catedraiot\/politica-de-privacidad\/","title":{"rendered":"Pol\u00edtica de privacidad"},"content":{"rendered":"<section class=\"l-section wpb_row height_auto\"><div class=\"l-section-h i-cf\" style=\"padding-top: 5% !important;\"><div class=\"g-cols vc_row type_default valign_top\"><div class=\"vc_col-sm-12 wpb_column vc_column_container\"><div class=\"vc_column-inner\"><div class=\"wpb_wrapper\">\r\n\t<div class=\"wpb_text_column \">\r\n\t\t<div class=\"wpb_wrapper\">\r\n\t\t\t<h4>Pol\u00edtica de privacidad<\/h4>\n\r\n\t\t<\/div>\r\n\t<\/div>\r\n<div class=\"w-separator size_small\"><\/div>\r\n\t<div class=\"wpb_text_column \">\r\n\t\t<div class=\"wpb_wrapper\">\r\n\t\t\t<p>De conformidad con lo dispuesto en el Reglamento (UE) 2016\/679, de 27 de abril, relativo a la protecci\u00f3n de las personas f\u00edsicas en lo que respecta al tratamiento de datos personales y a la libre circulaci\u00f3n de estos datos (en adelante, RGPD)<\/p>\n<p><strong>\u00bfQUI\u00c9N ES EL RESPONSABLE DE LAS OPERACIONES DE TRATAMIENTOS DE DATOS? <\/strong><\/p>\n<p>La C\u00c1TEDRA DEL INTERNET DE LAS COSAS, DE LA UNIVERSIDAD DE SEVILLA, con NIF Q-4118001I, y domicilio social en calle San Fernando s\/n. 41004, Sevilla, es el responsable en relaci\u00f3n con el tratamiento de sus datos personales seg\u00fan el significado del RGPD. La C\u00c1TEDRA DEL INTERNET DE LAS COSAS tratar\u00e1 determinados datos personales para las finalidades que se describen en esta Pol\u00edtica sobre protecci\u00f3n de datos.<\/p>\n<p><strong>DELEGADO DE PROTECCI\u00d3N DE DATOS<\/strong><\/p>\n<p>Los datos de contacto del Delegado de Protecci\u00f3n de Datos de la C\u00c1TEDRA DEL INTERNET DE LAS COSAS son: Direcci\u00f3n: calle San Fernando s\/n. 41004, Sevilla. Correo electr\u00f3nico: <a href=\"mailto:catedraiot@us.es\">catedraiot@us.es<\/a><\/p>\n<p><strong>\u00bfQU\u00c9 DATOS TRATAMOS?<\/strong><\/p>\n<p>Dato personal significa toda informaci\u00f3n sobre una persona f\u00edsica identificada o identificable (\u201cDatos\u201d). Al suscribir y ejecutar su relaci\u00f3n como usuario final con la C\u00c1TEDRA DEL INTERNET DE LAS COSAS, trataremos Datos personales en la medida en que sea legalmente admisible, especialmente teniendo en cuenta el principio de minimizaci\u00f3n de datos. En concreto, esto afecta a la siguiente informaci\u00f3n:<\/p>\n<p>Los datos personales de cuyo tratamiento es responsable la C\u00c1TEDRA DEL INTERNET DE LAS COSAS, DE LA UNIVERSIDAD DE SEVILLA proceden de distintas fuentes, tal y como se describe a lo largo de esta Pol\u00edtica de Privacidad, para las finalidades que se indican a continuaci\u00f3n, en la medida en que exista una base legal para cada tratamiento.<\/p>\n<p>Formulario Usuarios Actividades de la C\u00e1tedra del Internet de las Cosas<\/p>\n<p>\u2013 Finalidad: Gestionar y controlar a los participantes en las convocatorias de actividades. Gestionar y controlar a las personas, y sus im\u00e1genes, interesadas en las actividades e informaci\u00f3n de la C\u00e1tedra del Internet de las Cosas. Personas que firman los convenios en los que participa la C\u00e1tedra del Internet de las Cosas.<br \/>\n\u2013 Legitimaci\u00f3n: El consentimiento del interesado.<br \/>\n\u2013 Destinatarios: No se ceder\u00e1n datos a terceros, salvo obligaci\u00f3n legal o salvo en aquellos casos en los que sea necesario la cesi\u00f3n a terceros para la correcta realizaci\u00f3n de las actividades.<\/p>\n<p>Suscripciones web y Redes sociales<\/p>\n<p>\u2013 Finalidad: Gestionar el registro de usuarios y las solicitudes que puedan presentar a trav\u00e9s de web y las redes sociales, administrar la presencia de la C\u00c1TEDRA DEL INTERNET DE LAS COSAS en las redes sociales, informando de actividades, productos o servicios, y cualquier otra finalidad que las normativas de las redes sociales permitan (Twitter, Facebook, Instagram, YouTube). En ning\u00fan caso se utilizar\u00e1n las cuentas ni los perfiles de los seguidores o usuarios de las redes sociales para enviar comunicaciones comerciales de manera individual.<br \/>\n\u2013 Legitimaci\u00f3n: El consentimiento del interesado.<br \/>\n\u2013 Destinatarios: No se ceder\u00e1n datos a terceros, salvo obligaci\u00f3n legal o salvo en aquellos casos en los que sea necesario la cesi\u00f3n a terceros para la correcta realizaci\u00f3n de las actividades.<\/p>\n<p><strong>\u00bfCU\u00c1LES SON SUS DERECHOS CUANDO ME FACILITA SUS DATOS PERSONALES?<\/strong><\/p>\n<p>Cualquier interesado podr\u00e1 solicitar el ejercicio de los siguientes derechos:<\/p>\n<p>Derecho de acceso:\u00a0El interesado tendr\u00e1 derecho a obtener confirmaci\u00f3n de si se est\u00e1n tratando o no datos personales que le conciernen.<\/p>\n<p>Derecho de rectificaci\u00f3n:\u00a0El interesado tendr\u00e1 derecho a obtener la rectificaci\u00f3n de los datos personales inexactos que le conciernan o incompletos.<\/p>\n<p>Derecho de supresi\u00f3n:\u00a0El interesado tendr\u00e1 derecho a obtener la supresi\u00f3n de los datos personales que le conciernan cuando los datos personales ya no sean necesarios en relaci\u00f3n con los fines para los que fueron recogidos o tratados de otro modo.<\/p>\n<p>Derecho de limitaci\u00f3n:\u00a0Podr\u00e1 solicitar la limitaci\u00f3n del tratamiento de sus datos personales, en cuyo caso \u00fanicamente los conservar\u00eda para el ejercicio o la defensa de reclamaciones.<\/p>\n<p>Derecho a la portabilidad de sus datos:\u00a0Por lo que puede solicitarnos que sus datos personales automatizados sean cedidos o transferidos a cualquier otra empresa que nos indique en un formato estructurado, inteligible y automatizado.<\/p>\n<p>Derecho de retirar el consentimiento:\u00a0Usted tendr\u00e1 derecho a retirar el consentimiento en cualquier momento, sin que ello afecte a la licitud del tratamiento basado en el consentimiento antes de su retirada.<\/p>\n<p>Derecho de oposici\u00f3n:\u00a0El interesado tendr\u00e1 derecho a oponerse al tratamiento de sus datos.<\/p>\n<p><strong>\u00bfC\u00d3MO PODR\u00c1 EJERCITAR ESTOS DERECHOS?<\/strong><\/p>\n<p>Ponemos a su disposici\u00f3n si nos lo solicitan los formularios donde podr\u00e1 ejercitar estos derechos. Podr\u00e1 solicitarnos en el correo <a href=\"mailto:catedraiot@us.es\">catedraiot@us.es<\/a> indic\u00e1ndonos el derecho que quiere ejercitar y le enviaremos el formulario correspondiente.<\/p>\n<p>El ejercicio de los derechos deber\u00e1 llevarse a cabo mediante comunicaci\u00f3n dirigida al correo electr\u00f3nico catedraiot@us.es o bien en el domicilio social calle San Fernando s\/n. 41004, Sevilla<\/p>\n<p><strong>\u00bfQUI\u00c9N PUEDE EJERCITAR LOS DERECHOS?<\/strong><\/p>\n<p>Los derechos de los interesados son personal\u00edsimos, por lo tanto, ser\u00e1n ejercidos por el titular de los datos acreditando debidamente su identidad (para ello se le solicitar\u00e1 el DNI o equivalente).<\/p>\n<p>Tambi\u00e9n podr\u00e1 ejercerse a trav\u00e9s de representaci\u00f3n legal, en cuyo caso, adem\u00e1s del DNI del interesado o equivalente, habr\u00e1 de aportarse DNI y documento acreditativo aut\u00e9ntico de la representaci\u00f3n del tercero.<\/p>\n<p><strong>\u00bfCU\u00c1L SER\u00c1 NUESTRA OBLIGACI\u00d3N CUANDO EJERCITA ALGUNO DE LOS DERECHOS?<\/strong><\/p>\n<p>El responsable del tratamiento deber\u00e1 contestar la solicitud que se le dirija en todo caso, con independencia de que figuren o no datos personales del afectado o interesado en sus tratamientos.<\/p>\n<p>En el caso de que la solicitud no re\u00fana los requisitos especificados, el responsable del registro de actividad deber\u00e1 solicitar la subsanaci\u00f3n de los mismos.<\/p>\n<p>El responsable de tratamiento responder\u00e1 a las solicitudes en el plazo de un mes a partir de la recepci\u00f3n de la solicitud. Dicho plazo podr\u00e1 prorrogarse otros dos meses en caso necesario, teniendo en cuenta la complejidad y el n\u00famero de solicitudes.\u00a0 El responsable informar\u00e1 al interesado de cualquiera de dichas pr\u00f3rrogas en el plazo de un mes a partir de la recepci\u00f3n de la solicitud, indicando los motivos de la dilaci\u00f3n.<\/p>\n<p><strong>DERECHO DE RECLAMACI\u00d3N A LA AUTORIDAD DE CONTROL<\/strong><\/p>\n<p>Usted, podr\u00e1 solicitar la tutela de derechos que no hayan sido debidamente atendidos a la Agencia Espa\u00f1ola de Protecci\u00f3n de datos. Bien a trav\u00e9s de la sede electr\u00f3nica de su portal web (www.agpd.es), o bien mediante escrito dirigido a su direcci\u00f3n postal (C\/Jorge Juan, 6, 28001-Madrid).<\/p>\n<p><strong>\u00bfQU\u00c9 INFORMACI\u00d3N RECOPILAMOS?<\/strong><\/p>\n<p>En general, puede usar el Sitio Web sin facilitar ninguna informaci\u00f3n de car\u00e1cter personal.<\/p>\n<p>Disponemos de varias secciones en nuestra p\u00e1gina web en las cuales existen formularios de recogida de datos personales que son necesarios para poder prestarle los servicios que nos solicita. Cuando nos remite alguno de estos formularios solicit\u00e1ndonos informaci\u00f3n, el usuario garantiza la autenticidad, exactitud y veracidad de toda la informaci\u00f3n que nos facilite, comprometi\u00e9ndose a mantener actualizados los datos de car\u00e1cter personal que nos facilite de forma que los mismos respondan, en todo momento, a su situaci\u00f3n real. El Usuario ser\u00e1 el \u00fanico responsable de las manifestaciones falsas o inexactas y de los perjuicios que las mismas pudieran causar.<\/p>\n<p>Los datos personales que recabamos son: Nombre, email y tel\u00e9fono.<\/p>\n<p>\u00bfQU\u00c9 MEDIDAS ADOPTAMOS PARA MANTENER SEGURA SU INFORMACI\u00d3N?<\/p>\n<p>Aplicamos medidas t\u00e9cnicas y f\u00edsicas razonables para proteger la informaci\u00f3n que recogemos a trav\u00e9s del Sitio Web.<\/p>\n\r\n\t\t<\/div>\r\n\t<\/div>\r\n<\/div><\/div><\/div><\/div><\/div><\/section>\n","protected":false},"excerpt":{"rendered":"Pol\u00edtica de privacidad De conformidad con lo dispuesto en el Reglamento (UE) 2016\/679, de 27 de abril, relativo a la protecci\u00f3n de las personas f\u00edsicas en lo que respecta al tratamiento de datos personales y a la libre circulaci\u00f3n de estos datos (en adelante, RGPD) \u00bfQUI\u00c9N ES EL RESPONSABLE DE LAS OPERACIONES DE TRATAMIENTOS DE...","protected":false},"author":1,"featured_media":0,"parent":0,"menu_order":0,"comment_status":"closed","ping_status":"closed","template":"","meta":[],"yoast_head":"<!-- This site is optimized with the Yoast SEO plugin v16.0.2 - https:\/\/yoast.com\/wordpress\/plugins\/seo\/ -->\n<title>Pol\u00edtica de privacidad - C\u00e1tedra IoT<\/title>\n<meta name=\"robots\" content=\"index, follow, max-snippet:-1, max-image-preview:large, max-video-preview:-1\" \/>\n<link rel=\"canonical\" href=\"https:\/\/catedra.us.es\/catedraiot\/politica-de-privacidad\/\" \/>\n<meta property=\"og:locale\" content=\"es_ES\" \/>\n<meta property=\"og:type\" content=\"article\" \/>\n<meta property=\"og:title\" content=\"Pol\u00edtica de privacidad - C\u00e1tedra IoT\" \/>\n<meta property=\"og:url\" content=\"https:\/\/catedra.us.es\/catedraiot\/politica-de-privacidad\/\" \/>\n<meta property=\"og:site_name\" content=\"C\u00e1tedra IoT\" \/>\n<meta property=\"article:modified_time\" content=\"2022-06-17T10:13:19+00:00\" \/>\n<meta name=\"twitter:card\" content=\"summary_large_image\" \/>\n<meta name=\"twitter:label1\" content=\"Tiempo de lectura\">\n\t<meta name=\"twitter:data1\" content=\"5 minutos\">\n<script type=\"application\/ld+json\" class=\"yoast-schema-graph\">{\"@context\":\"https:\/\/schema.org\",\"@graph\":[{\"@type\":\"Organization\",\"@id\":\"https:\/\/catedra.us.es\/catedraiot\/#organization\",\"name\":\"Catedra del IoT\",\"url\":\"https:\/\/catedra.us.es\/catedraiot\/\",\"sameAs\":[],\"logo\":{\"@type\":\"ImageObject\",\"@id\":\"https:\/\/catedra.us.es\/catedraiot\/#logo\",\"inLanguage\":\"es\",\"url\":\"\",\"caption\":\"Catedra del IoT\"},\"image\":{\"@id\":\"https:\/\/catedra.us.es\/catedraiot\/#logo\"}},{\"@type\":\"WebSite\",\"@id\":\"https:\/\/catedra.us.es\/catedraiot\/#website\",\"url\":\"https:\/\/catedra.us.es\/catedraiot\/\",\"name\":\"C\\u00e1tedra IoT\",\"description\":\"C\\u00e1tedra del Internet de las Cosas\",\"publisher\":{\"@id\":\"https:\/\/catedra.us.es\/catedraiot\/#organization\"},\"potentialAction\":[{\"@type\":\"SearchAction\",\"target\":\"https:\/\/catedra.us.es\/catedraiot\/?s={search_term_string}\",\"query-input\":\"required name=search_term_string\"}],\"inLanguage\":\"es\"},{\"@type\":\"WebPage\",\"@id\":\"https:\/\/catedra.us.es\/catedraiot\/politica-de-privacidad\/#webpage\",\"url\":\"https:\/\/catedra.us.es\/catedraiot\/politica-de-privacidad\/\",\"name\":\"Pol\\u00edtica de privacidad - C\\u00e1tedra IoT\",\"isPartOf\":{\"@id\":\"https:\/\/catedra.us.es\/catedraiot\/#website\"},\"datePublished\":\"2021-01-15T09:24:03+00:00\",\"dateModified\":\"2022-06-17T10:13:19+00:00\",\"breadcrumb\":{\"@id\":\"https:\/\/catedra.us.es\/catedraiot\/politica-de-privacidad\/#breadcrumb\"},\"inLanguage\":\"es\",\"potentialAction\":[{\"@type\":\"ReadAction\",\"target\":[\"https:\/\/catedra.us.es\/catedraiot\/politica-de-privacidad\/\"]}]},{\"@type\":\"BreadcrumbList\",\"@id\":\"https:\/\/catedra.us.es\/catedraiot\/politica-de-privacidad\/#breadcrumb\",\"itemListElement\":[{\"@type\":\"ListItem\",\"position\":1,\"item\":{\"@type\":\"WebPage\",\"@id\":\"https:\/\/catedra.us.es\/catedraiot\/\",\"url\":\"https:\/\/catedra.us.es\/catedraiot\/\",\"name\":\"Portada\"}},{\"@type\":\"ListItem\",\"position\":2,\"item\":{\"@type\":\"WebPage\",\"@id\":\"https:\/\/catedra.us.es\/catedraiot\/politica-de-privacidad\/\",\"url\":\"https:\/\/catedra.us.es\/catedraiot\/politica-de-privacidad\/\",\"name\":\"Pol\\u00edtica de privacidad\"}}]}]}<\/script>\n<!-- \/ Yoast SEO plugin. -->","_links":{"self":[{"href":"https:\/\/catedra.us.es\/catedraiot\/wp-json\/wp\/v2\/pages\/3"}],"collection":[{"href":"https:\/\/catedra.us.es\/catedraiot\/wp-json\/wp\/v2\/pages"}],"about":[{"href":"https:\/\/catedra.us.es\/catedraiot\/wp-json\/wp\/v2\/types\/page"}],"author":[{"embeddable":true,"href":"https:\/\/catedra.us.es\/catedraiot\/wp-json\/wp\/v2\/users\/1"}],"replies":[{"embeddable":true,"href":"https:\/\/catedra.us.es\/catedraiot\/wp-json\/wp\/v2\/comments?post=3"}],"version-history":[{"count":14,"href":"https:\/\/catedra.us.es\/catedraiot\/wp-json\/wp\/v2\/pages\/3\/revisions"}],"predecessor-version":[{"id":7719,"href":"https:\/\/catedra.us.es\/catedraiot\/wp-json\/wp\/v2\/pages\/3\/revisions\/7719"}],"wp:attachment":[{"href":"https:\/\/catedra.us.es\/catedraiot\/wp-json\/wp\/v2\/media?parent=3"}],"curies":[{"name":"wp","href":"https:\/\/api.w.org\/{rel}","templated":true}]}}