{"id":6259,"date":"2021-01-15T12:22:53","date_gmt":"2021-01-15T12:22:53","guid":{"rendered":"http:\/\/atesea.desarrollopaginaweb.es\/?page_id=6259"},"modified":"2024-02-08T11:37:54","modified_gmt":"2024-02-08T11:37:54","slug":"formacion","status":"publish","type":"page","link":"https:\/\/catedra.us.es\/catedraiot\/formacion\/","title":{"rendered":"Formaci\u00f3n"},"content":{"rendered":"<section class=\"l-section wpb_row height_auto color_custom with_img with_overlay\" style=\" color: #ffffff;\"><div class=\"l-section-img\" style=\"background-image: url(https:\/\/catedra.us.es\/catedraiot\/wp-content\/uploads\/2022\/05\/header-formacion.jpg);background-position: top center;background-repeat: no-repeat;\" data-img-width=\"1920\" data-img-height=\"690\"><\/div><div class=\"l-section-overlay\" style=\"background: rgba(43,44,54,0.32)\"><\/div><div class=\"l-section-h i-cf\"><div class=\"g-cols vc_row type_default valign_top\"><div class=\"vc_col-sm-12 wpb_column vc_column_container\"><div class=\"vc_column-inner\"><div class=\"wpb_wrapper\"><div class=\"g-cols wpb_row  type_default valign_middle vc_inner \"><div class=\"vc_col-sm-8 wpb_column vc_column_container\"><div class=\"vc_column-inner\"><div class=\"wpb_wrapper\"><div class=\"w-separator size_huge\"><\/div>\r\n\t<div class=\"wpb_text_column \">\r\n\t\t<div class=\"wpb_wrapper\">\r\n\t\t\t<h3>Formaci\u00f3n<\/h3>\n\r\n\t\t<\/div>\r\n\t<\/div>\r\n\r\n\t<div class=\"wpb_text_column \">\r\n\t\t<div class=\"wpb_wrapper\">\r\n\t\t\t<p>En esta secci\u00f3n detallaremos informaci\u00f3n sobre participaci\u00f3n en asignaturas relacionadas con<br \/>\nla IoT y jornadas pr\u00e1cticas con alumnos<\/p>\n\r\n\t\t<\/div>\r\n\t<\/div>\r\n<div class=\"w-separator size_huge\"><\/div><\/div><\/div><\/div><div class=\"vc_col-sm-4 wpb_column vc_column_container\"><div class=\"vc_column-inner\"><div class=\"wpb_wrapper\"><\/div><\/div><\/div><\/div><\/div><\/div><\/div><\/div><\/div><\/section><section class=\"l-section wpb_row height_auto\"><div class=\"l-section-h i-cf\" style=\"padding-top: 7% !important;padding-bottom: 7% !important;\"><div class=\"g-cols vc_row type_default valign_bottom\"><div class=\"vc_col-sm-9 wpb_column vc_column_container\"><div class=\"vc_column-inner\"><div class=\"wpb_wrapper\">\r\n\t<div class=\"wpb_text_column \">\r\n\t\t<div class=\"wpb_wrapper\">\r\n\t\t\t<h4>Sesiones formativas C\u00e1tedra del IoT<\/h4>\n<p>Con el objetivo de complementar la formaci\u00f3n de los alumnos de ingenier\u00eda de la Universidad de Sevilla en el campo del IoT y la gesti\u00f3n de la energ\u00eda, se invitar\u00e1 a profesionales de WoodSwallow a compartir conocimientos espec\u00edficos sobre determinados aspectos.<\/p>\n\r\n\t\t<\/div>\r\n\t<\/div>\r\n<\/div><\/div><\/div><div class=\"vc_col-sm-3 wpb_column vc_column_container\"><div class=\"vc_column-inner\"><div class=\"wpb_wrapper\"><div class=\"w-btn-wrapper width_auto align_right\"><a class=\"w-btn us-btn-style_1\" href=\"https:\/\/catedra.us.es\/catedraiot\/formulario-informacion-formacion\/\" style=\"font-size:0.8rem;\"><span class=\"w-btn-label\">Mantenme informado<\/span><\/a><\/div><\/div><\/div><\/div><\/div><\/div><\/section><section class=\"l-section wpb_row height_auto\"><div class=\"l-section-h i-cf\" style=\"padding-bottom: 7% !important;\"><div class=\"g-cols vc_row type_default valign_top reversed\"><div class=\"vc_col-sm-12 wpb_column vc_column_container\"><div class=\"vc_column-inner\"><div class=\"wpb_wrapper\"><div class=\"g-cols wpb_row  type_default valign_top reversed vc_inner \"><div class=\"vc_col-sm-6 wpb_column vc_column_container\"><div class=\"vc_column-inner\"><div class=\"wpb_wrapper\"><div class=\"w-image align_none\"><div class=\"w-image-h\"><img width=\"1167\" height=\"760\" src=\"https:\/\/catedra.us.es\/catedraiot\/wp-content\/uploads\/2022\/04\/ilust4.png\" class=\"attachment-full size-full\" alt=\"\" loading=\"lazy\" srcset=\"https:\/\/catedra.us.es\/catedraiot\/wp-content\/uploads\/2022\/04\/ilust4.png 1167w, https:\/\/catedra.us.es\/catedraiot\/wp-content\/uploads\/2022\/04\/ilust4-300x195.png 300w, https:\/\/catedra.us.es\/catedraiot\/wp-content\/uploads\/2022\/04\/ilust4-1024x667.png 1024w\" sizes=\"(max-width: 1167px) 100vw, 1167px\" \/><\/div><\/div><\/div><\/div><\/div><div class=\"vc_col-sm-6 wpb_column vc_column_container\"><div class=\"vc_column-inner  vc_custom_1650301488519\"><div class=\"wpb_wrapper\"><div class=\"w-iconbox iconpos_left style_default color_primary align_left\"><div class=\"w-iconbox-icon\" style=\"font-size:20px;\"><i class=\"fal fa-bars\"><\/i><\/div><div class=\"w-iconbox-meta\"><h5 class=\"w-iconbox-title\">Dispositivos IoT y Sistemas Embebidos (DISE)<\/h5><div class=\"w-iconbox-text\"><p><strong>Titulaci\u00f3n<\/strong><br \/>\n* M\u00e1ster en Ingenier\u00eda de Telecomunicaci\u00f3n (MIT)<\/p>\n<p><strong>Curso<\/strong><br \/>\nSegundo<\/p>\n<p><strong>Responsable<\/strong><br \/>\nRam\u00f3n Gonz\u00e1lez Carvajal<\/p>\n<p><strong>Cuatrimestre<\/strong><br \/>\nPrimero<\/p>\n<p><strong>Clase Magistral<\/strong>: Manuel \u00c1lvarez, fundador y CEO de WoodSwallow. T\u00edtulo: &#8220;\u00bfCu\u00e1ndo sacar un producto al mercado y a qu\u00e9 precio? Ejemplos pr\u00e1cticos de casos de negocio&#8221;.<\/p>\n<p>Fechas:<\/p>\n<ul>\n<li>Mi\u00e9rcoles 17 de enero de 2024. Hora: 15:30 horas.<\/li>\n<li>Mi\u00e9rcoles 21 de diciembre de 2022. Hora: 15:30 horas.<\/li>\n<\/ul>\n<\/div><\/div><\/div><\/div><\/div><\/div><\/div><\/div><\/div><\/div><\/div><\/div><\/section><section class=\"l-section wpb_row height_auto\"><div class=\"l-section-h i-cf\" style=\"padding-bottom: 7% !important;\"><div class=\"g-cols vc_row type_default valign_top\"><div class=\"vc_col-sm-12 wpb_column vc_column_container\"><div class=\"vc_column-inner\"><div class=\"wpb_wrapper\"><div class=\"g-cols wpb_row  type_default valign_top reversed vc_inner \"><div class=\"vc_col-sm-6 wpb_column vc_column_container\"><div class=\"vc_column-inner  vc_custom_1650301435299\"><div class=\"wpb_wrapper\"><div class=\"w-iconbox iconpos_left style_default color_primary align_left\"><div class=\"w-iconbox-icon\" style=\"font-size:20px;\"><i class=\"fal fa-bars\"><\/i><\/div><div class=\"w-iconbox-meta\"><h5 class=\"w-iconbox-title\">Redes Inal\u00e1mbricas de Sensores<\/h5><div class=\"w-iconbox-text\"><p><strong>Titulaci\u00f3n<\/strong><br \/>\n* M\u00e1ster Universitario en Ingenier\u00eda Electr\u00f3nica, Rob\u00f3tica y Autom\u00e1tica<\/p>\n<p><strong>Curso<\/strong><br \/>\nPrimero<\/p>\n<p><strong>Responsable<\/strong><br \/>\nRam\u00f3n Gonz\u00e1lez Carvajal<\/p>\n<p><strong>Cuatrimestre<\/strong><br \/>\nPrimero<\/p>\n<p><strong>Clase Magistral:<\/strong> Manuel \u00c1lvarez, fundador y CEO de WoodSwallow. T\u00edtulo. &#8220;\u00bfCu\u00e1ndo sacar un producto al mercado y a qu\u00e9 precio? Ejemplos pr\u00e1cticos de casos de negocio&#8221;.<\/p>\n<p>Fechas:<\/p>\n<ul>\n<li>Jueves 25 de enero de 2024. Hora: 17 horas.<\/li>\n<li>Jueves 22 de diciembre de 2022. Hora: 15:30 horas.<\/li>\n<\/ul>\n<\/div><\/div><\/div><\/div><\/div><\/div><div class=\"vc_col-sm-6 wpb_column vc_column_container\"><div class=\"vc_column-inner\"><div class=\"wpb_wrapper\"><div class=\"w-image align_none\"><div class=\"w-image-h\"><img width=\"1134\" height=\"797\" src=\"https:\/\/catedra.us.es\/catedraiot\/wp-content\/uploads\/2022\/04\/ilust3.png\" class=\"attachment-full size-full\" alt=\"\" loading=\"lazy\" srcset=\"https:\/\/catedra.us.es\/catedraiot\/wp-content\/uploads\/2022\/04\/ilust3.png 1134w, https:\/\/catedra.us.es\/catedraiot\/wp-content\/uploads\/2022\/04\/ilust3-300x211.png 300w, https:\/\/catedra.us.es\/catedraiot\/wp-content\/uploads\/2022\/04\/ilust3-1024x720.png 1024w\" sizes=\"(max-width: 1134px) 100vw, 1134px\" \/><\/div><\/div><\/div><\/div><\/div><\/div><div class=\"w-separator size_medium\"><\/div><div class=\"g-cols wpb_row  type_default valign_top vc_inner \"><div class=\"vc_col-sm-6 wpb_column vc_column_container\"><div class=\"vc_column-inner\"><div class=\"wpb_wrapper\"><\/div><\/div><\/div><div class=\"vc_col-sm-6 wpb_column vc_column_container\"><div class=\"vc_column-inner\"><div class=\"wpb_wrapper\"><div class=\"w-iconbox iconpos_left style_default color_primary align_left\"><div class=\"w-iconbox-icon\" style=\"font-size:20px;\"><i class=\"fal fa-bars\"><\/i><\/div><div class=\"w-iconbox-meta\"><h5 class=\"w-iconbox-title\">Redes Inal\u00e1mbricas Sensoriales (RIS)<\/h5><div class=\"w-iconbox-text\"><p><strong>Titulaci\u00f3n<\/strong><br \/>\n* M\u00e1ster en Ingenier\u00eda Electr\u00f3nica, Rob\u00f3tica y Mecatr\u00f3nica (GIERM)<br \/>\n* Master en Ingenier\u00eda Industrial (MII)<\/p>\n<p><strong>Curso<\/strong><br \/>\nPrimero<\/p>\n<p><strong>Responsable<\/strong><br \/>\nAntonio Jes\u00fas Torralba Silgado<\/p>\n<p><strong>Cuatrimestre<\/strong><br \/>\nPrimero<\/p>\n<p><strong>Horario<\/strong><br \/>\nJueves de 15:40 a 17:00<br \/>\njueves de 17:20 a 18:40<\/p>\n<p><strong>Comentarios<\/strong><br \/>\nAsignatura adscrita al Campus de Excelencia Internacional (CEI) Andaluc\u00eda Tech<\/p>\n<\/div><\/div><\/div><\/div><\/div><\/div><\/div><\/div><\/div><\/div><\/div><\/div><\/section><section class=\"l-section wpb_row height_auto\" style=\"padding-right: 10% !important;padding-left: 10% !important;\"><div class=\"l-section-h i-cf\" style=\"padding-bottom: 7% !important;\"><div class=\"g-cols vc_row type_default valign_top reversed\"><div class=\"vc_col-sm-12 wpb_column vc_column_container\"><div class=\"vc_column-inner\"><div class=\"wpb_wrapper\"><div class=\"g-cols wpb_row  type_default valign_middle reversed vc_inner \"><div class=\"vc_col-sm-12 wpb_column vc_column_container\"><div class=\"vc_column-inner\"><div class=\"wpb_wrapper\">\r\n\t<div class=\"wpb_text_column \">\r\n\t\t<div class=\"wpb_wrapper\">\r\n\t\t\t<h4>Jornadas pr\u00e1cticas C\u00e1tedra del IoT<\/h4>\n<p>En el marco de la C\u00e1tedra del IoT se realizar\u00e1n jornadas te\u00f3rico-pr\u00e1cticas en colaboraci\u00f3n con la Escuela T\u00e9cnica Superior de Ingenier\u00eda y la empresa WoodSwallow.<\/p>\n\r\n\t\t<\/div>\r\n\t<\/div>\r\n<\/div><\/div><\/div><\/div><\/div><\/div><\/div><\/div><\/div><\/section>\n","protected":false},"excerpt":{"rendered":"Formaci\u00f3n En esta secci\u00f3n detallaremos informaci\u00f3n sobre participaci\u00f3n en asignaturas relacionadas con la IoT y jornadas pr\u00e1cticas con alumnos Sesiones formativas C\u00e1tedra del IoT Con el objetivo de complementar la formaci\u00f3n de los alumnos de ingenier\u00eda de la Universidad de Sevilla en el campo del IoT y la gesti\u00f3n de la energ\u00eda, se invitar\u00e1 a...","protected":false},"author":1,"featured_media":0,"parent":0,"menu_order":0,"comment_status":"closed","ping_status":"closed","template":"","meta":[],"yoast_head":"<!-- This site is optimized with the Yoast SEO plugin v16.0.2 - https:\/\/yoast.com\/wordpress\/plugins\/seo\/ -->\n<title>Formaci\u00f3n - C\u00e1tedra del IoT<\/title>\n<meta name=\"description\" content=\"En esta secci\u00f3n detallaremos informaci\u00f3n sobre participaci\u00f3n en asignaturas relacionadas con la IoT y jornadas pr\u00e1cticas con alumnos.\" \/>\n<meta name=\"robots\" content=\"index, follow, max-snippet:-1, max-image-preview:large, max-video-preview:-1\" \/>\n<link rel=\"canonical\" href=\"https:\/\/catedra.us.es\/catedraiot\/formacion\/\" \/>\n<meta property=\"og:locale\" content=\"es_ES\" \/>\n<meta property=\"og:type\" content=\"article\" \/>\n<meta property=\"og:title\" content=\"Formaci\u00f3n - C\u00e1tedra del IoT\" \/>\n<meta property=\"og:description\" content=\"En esta secci\u00f3n detallaremos informaci\u00f3n sobre participaci\u00f3n en asignaturas relacionadas con la IoT y jornadas pr\u00e1cticas con alumnos.\" \/>\n<meta property=\"og:url\" content=\"https:\/\/catedra.us.es\/catedraiot\/formacion\/\" \/>\n<meta property=\"og:site_name\" content=\"C\u00e1tedra IoT\" \/>\n<meta property=\"article:modified_time\" content=\"2024-02-08T11:37:54+00:00\" \/>\n<meta name=\"twitter:card\" content=\"summary_large_image\" \/>\n<meta name=\"twitter:label1\" content=\"Tiempo de lectura\">\n\t<meta name=\"twitter:data1\" content=\"2 minutos\">\n<script type=\"application\/ld+json\" class=\"yoast-schema-graph\">{\"@context\":\"https:\/\/schema.org\",\"@graph\":[{\"@type\":\"Organization\",\"@id\":\"https:\/\/catedra.us.es\/catedraiot\/#organization\",\"name\":\"Catedra del IoT\",\"url\":\"https:\/\/catedra.us.es\/catedraiot\/\",\"sameAs\":[],\"logo\":{\"@type\":\"ImageObject\",\"@id\":\"https:\/\/catedra.us.es\/catedraiot\/#logo\",\"inLanguage\":\"es\",\"url\":\"\",\"caption\":\"Catedra del IoT\"},\"image\":{\"@id\":\"https:\/\/catedra.us.es\/catedraiot\/#logo\"}},{\"@type\":\"WebSite\",\"@id\":\"https:\/\/catedra.us.es\/catedraiot\/#website\",\"url\":\"https:\/\/catedra.us.es\/catedraiot\/\",\"name\":\"C\\u00e1tedra IoT\",\"description\":\"C\\u00e1tedra del Internet de las Cosas\",\"publisher\":{\"@id\":\"https:\/\/catedra.us.es\/catedraiot\/#organization\"},\"potentialAction\":[{\"@type\":\"SearchAction\",\"target\":\"https:\/\/catedra.us.es\/catedraiot\/?s={search_term_string}\",\"query-input\":\"required name=search_term_string\"}],\"inLanguage\":\"es\"},{\"@type\":\"WebPage\",\"@id\":\"https:\/\/catedra.us.es\/catedraiot\/formacion\/#webpage\",\"url\":\"https:\/\/catedra.us.es\/catedraiot\/formacion\/\",\"name\":\"Formaci\\u00f3n - C\\u00e1tedra del IoT\",\"isPartOf\":{\"@id\":\"https:\/\/catedra.us.es\/catedraiot\/#website\"},\"datePublished\":\"2021-01-15T12:22:53+00:00\",\"dateModified\":\"2024-02-08T11:37:54+00:00\",\"description\":\"En esta secci\\u00f3n detallaremos informaci\\u00f3n sobre participaci\\u00f3n en asignaturas relacionadas con la IoT y jornadas pr\\u00e1cticas con alumnos.\",\"breadcrumb\":{\"@id\":\"https:\/\/catedra.us.es\/catedraiot\/formacion\/#breadcrumb\"},\"inLanguage\":\"es\",\"potentialAction\":[{\"@type\":\"ReadAction\",\"target\":[\"https:\/\/catedra.us.es\/catedraiot\/formacion\/\"]}]},{\"@type\":\"BreadcrumbList\",\"@id\":\"https:\/\/catedra.us.es\/catedraiot\/formacion\/#breadcrumb\",\"itemListElement\":[{\"@type\":\"ListItem\",\"position\":1,\"item\":{\"@type\":\"WebPage\",\"@id\":\"https:\/\/catedra.us.es\/catedraiot\/\",\"url\":\"https:\/\/catedra.us.es\/catedraiot\/\",\"name\":\"Portada\"}},{\"@type\":\"ListItem\",\"position\":2,\"item\":{\"@type\":\"WebPage\",\"@id\":\"https:\/\/catedra.us.es\/catedraiot\/formacion\/\",\"url\":\"https:\/\/catedra.us.es\/catedraiot\/formacion\/\",\"name\":\"Formaci\\u00f3n\"}}]}]}<\/script>\n<!-- \/ Yoast SEO plugin. -->","_links":{"self":[{"href":"https:\/\/catedra.us.es\/catedraiot\/wp-json\/wp\/v2\/pages\/6259"}],"collection":[{"href":"https:\/\/catedra.us.es\/catedraiot\/wp-json\/wp\/v2\/pages"}],"about":[{"href":"https:\/\/catedra.us.es\/catedraiot\/wp-json\/wp\/v2\/types\/page"}],"author":[{"embeddable":true,"href":"https:\/\/catedra.us.es\/catedraiot\/wp-json\/wp\/v2\/users\/1"}],"replies":[{"embeddable":true,"href":"https:\/\/catedra.us.es\/catedraiot\/wp-json\/wp\/v2\/comments?post=6259"}],"version-history":[{"count":178,"href":"https:\/\/catedra.us.es\/catedraiot\/wp-json\/wp\/v2\/pages\/6259\/revisions"}],"predecessor-version":[{"id":7937,"href":"https:\/\/catedra.us.es\/catedraiot\/wp-json\/wp\/v2\/pages\/6259\/revisions\/7937"}],"wp:attachment":[{"href":"https:\/\/catedra.us.es\/catedraiot\/wp-json\/wp\/v2\/media?parent=6259"}],"curies":[{"name":"wp","href":"https:\/\/api.w.org\/{rel}","templated":true}]}}