{"id":7172,"date":"2022-04-06T16:11:31","date_gmt":"2022-04-06T16:11:31","guid":{"rendered":"https:\/\/catedra.desarrollopaginaweb.es\/?page_id=7172"},"modified":"2022-07-21T10:47:00","modified_gmt":"2022-07-21T10:47:00","slug":"sobre-la-catedra","status":"publish","type":"page","link":"https:\/\/catedra.us.es\/catedraiot\/sobre-la-catedra\/","title":{"rendered":"Sobre la c\u00e1tedra"},"content":{"rendered":"<section class=\"l-section wpb_row height_auto color_custom with_img with_overlay\" style=\" color: #ffffff;\"><div class=\"l-section-img\" style=\"background-image: url(https:\/\/catedra.us.es\/catedraiot\/wp-content\/uploads\/2022\/04\/header-formacion.jpg);background-repeat: no-repeat;\" data-img-width=\"1920\" data-img-height=\"803\"><\/div><div class=\"l-section-overlay\" style=\"background: rgba(43,44,54,0.24)\"><\/div><div class=\"l-section-h i-cf\"><div class=\"g-cols vc_row type_default valign_top\"><div class=\"vc_col-sm-12 wpb_column vc_column_container\"><div class=\"vc_column-inner\"><div class=\"wpb_wrapper\"><div class=\"g-cols wpb_row  type_default valign_middle vc_inner \"><div class=\"vc_col-sm-8 wpb_column vc_column_container\"><div class=\"vc_column-inner\"><div class=\"wpb_wrapper\"><div class=\"w-separator size_huge\"><\/div>\r\n\t<div class=\"wpb_text_column \">\r\n\t\t<div class=\"wpb_wrapper\">\r\n\t\t\t<h3>Sobre la C\u00e1tedra del IoT<\/h3>\n\r\n\t\t<\/div>\r\n\t<\/div>\r\n\r\n\t<div class=\"wpb_text_column \">\r\n\t\t<div class=\"wpb_wrapper\">\r\n\t\t\t<p>La C\u00e1tedra IoT (Internet de las Cosas) nace a finales de 2021 de la colaboraci\u00f3n<br \/>\nentre la Universidad de Sevilla y la empresa WoodSwallow.<\/p>\n\r\n\t\t<\/div>\r\n\t<\/div>\r\n<div class=\"w-separator size_huge\"><\/div><\/div><\/div><\/div><div class=\"vc_col-sm-4 wpb_column vc_column_container\"><div class=\"vc_column-inner\"><div class=\"wpb_wrapper\"><\/div><\/div><\/div><\/div><\/div><\/div><\/div><\/div><\/div><\/section><section class=\"l-section wpb_row height_auto\"><div class=\"l-section-h i-cf\" style=\"padding-top: 7% !important;padding-bottom: 5% !important;\"><div class=\"g-cols vc_row type_default valign_top\"><div class=\"vc_col-sm-12 wpb_column vc_column_container\"><div class=\"vc_column-inner\"><div class=\"wpb_wrapper\"><div class=\"g-cols wpb_row  type_default valign_top vc_inner \"><div class=\"vc_col-sm-12 wpb_column vc_column_container\"><div class=\"vc_column-inner\"><div class=\"wpb_wrapper\">\r\n\t<div class=\"wpb_text_column \">\r\n\t\t<div class=\"wpb_wrapper\">\r\n\t\t\t<h3>La C\u00e1tedra del IoT<br \/>\n(Internet de las Cosas)<\/h3>\n\r\n\t\t<\/div>\r\n\t<\/div>\r\n\r\n\t<div class=\"wpb_text_column \">\r\n\t\t<div class=\"wpb_wrapper\">\r\n\t\t\t<p>La C\u00e1tedra del IoT (Internet de las Cosas) nace a finales de 2021 de la colaboraci\u00f3n entre la Universidad de Sevilla y la empresa WoodSwallow.<\/p>\n<p>Su objetivo es la promoci\u00f3n de actividades docentes y de investigaci\u00f3n interdisciplinar vinculadas al Internet de las Cosas y la gesti\u00f3n inteligente de la energ\u00eda.<\/p>\n<p>Adem\u00e1s, busca acercar a los j\u00f3venes universitarios a la realidad, organizaci\u00f3n y cultura empresarial, favoreciendo la transici\u00f3n hacia el mundo laboral.<\/p>\n<p>Entre las actividades potenciadas por la c\u00e1tedra, destacan los trabajos acad\u00e9micos relacionados con el Internet de las Cosas y la gesti\u00f3n inteligente de la energ\u00eda, como Smart Metering, sistemas embebidos, sistemas operativos en tiempo real o redes de sensores, entre otros.<\/p>\n<p>Las actividades de la c\u00e1tedra est\u00e1n dirigidas a alumnos de cualquier rama de ingenier\u00eda de la Universidad de Sevilla, as\u00ed como a docentes, profesionales del sector, grupos de investigaci\u00f3n, empresas p\u00fablicas o privadas y asociaciones del sector.<\/p>\n\r\n\t\t<\/div>\r\n\t<\/div>\r\n<\/div><\/div><\/div><\/div><\/div><\/div><\/div><\/div><\/div><\/section><section class=\"l-section wpb_row height_auto\"><div class=\"l-section-h i-cf\" style=\"padding-top: 2% !important;padding-bottom: 5% !important;\"><div class=\"g-cols vc_row type_default valign_top gap-0px\"><style>.g-cols.gap-0px{margin:0 calc(-1.5rem - 0px)}.gap-0px > .vc_column_container {padding:0px}<\/style><div class=\"vc_col-sm-12 wpb_column vc_column_container\"><div class=\"vc_column-inner\"><div class=\"wpb_wrapper\"><div class=\"g-cols wpb_row  type_default valign_middle gap-0px vc_inner \"><style>.g-cols.gap-0px{margin:0 calc(-1.5rem - 0px)}.gap-0px > .vc_column_container {padding:0px}<\/style><div class=\"vc_col-sm-6 wpb_column vc_column_container\"><div class=\"vc_column-inner  vc_custom_1651054877183\"><div class=\"wpb_wrapper\"><div class=\"w-image align_left\"><div class=\"w-image-h\"><img width=\"1000\" height=\"697\" src=\"https:\/\/catedra.us.es\/catedraiot\/wp-content\/uploads\/2022\/05\/ETSI_Sevilla.jpg\" class=\"attachment-large size-large\" alt=\"\" loading=\"lazy\" srcset=\"https:\/\/catedra.us.es\/catedraiot\/wp-content\/uploads\/2022\/05\/ETSI_Sevilla.jpg 1000w, https:\/\/catedra.us.es\/catedraiot\/wp-content\/uploads\/2022\/05\/ETSI_Sevilla-300x209.jpg 300w\" sizes=\"(max-width: 1000px) 100vw, 1000px\" \/><\/div><\/div><\/div><\/div><\/div><div class=\"vc_col-sm-6 wpb_column vc_column_container\"><div class=\"vc_column-inner\"><div class=\"wpb_wrapper\">\r\n\t<div class=\"wpb_text_column  vc_custom_1652116293814\">\r\n\t\t<div class=\"wpb_wrapper\">\r\n\t\t\t<h3>Sobre la Universidad de Sevilla<\/h3>\n\r\n\t\t<\/div>\r\n\t<\/div>\r\n\r\n\t<div class=\"wpb_text_column  vc_custom_1652116297112\">\r\n\t\t<div class=\"wpb_wrapper\">\r\n\t\t\t<p>\u201cQuinientos a\u00f1os de historia han convertido a la Universidad de Sevilla en una instituci\u00f3n educativa de referencia para el conocimiento en Espa\u00f1a.\u201d<\/p>\n<p>Gracias a su trayectoria, a su estructura y al equipo humano que le da alma, la Universidad de Sevilla es hoy una referencia en el sistema universitario espa\u00f1ol y europeo.<\/p>\n<p>Los m\u00e1s de 70.000 alumnos matriculados el \u00faltimo curso as\u00ed lo corroboran, convirti\u00e9ndola en la segunda universidad espa\u00f1ola y la primera andaluza en n\u00famero de matriculaciones en su centenar de grados y m\u00e1s de 160 m\u00e1steres.<\/p>\n\r\n\t\t<\/div>\r\n\t<\/div>\r\n<div class=\"w-btn-wrapper width_auto align_left vc_custom_1652116307431\"><a class=\"w-btn us-btn-style_1\" href=\"https:\/\/www.us.es\/\" target=\"_blank\" style=\"font-size:0.6rem;\"><span class=\"w-btn-label\">Portal Universidad de Sevilla (us.es)<\/span><\/a><\/div><\/div><\/div><\/div><\/div><div class=\"w-separator size_large\"><\/div><div class=\"g-cols wpb_row  type_default valign_middle gap-0px vc_inner \"><style>.g-cols.gap-0px{margin:0 calc(-1.5rem - 0px)}.gap-0px > .vc_column_container {padding:0px}<\/style><div class=\"vc_col-sm-6 wpb_column vc_column_container\"><div class=\"vc_column-inner  vc_custom_1651054800405\"><div class=\"wpb_wrapper\">\r\n\t<div class=\"wpb_text_column  vc_custom_1651054919193\">\r\n\t\t<div class=\"wpb_wrapper\">\r\n\t\t\t<h3>Sobre WoodSwallow<\/h3>\n\r\n\t\t<\/div>\r\n\t<\/div>\r\n\r\n\t<div class=\"wpb_text_column  vc_custom_1651054927331\">\r\n\t\t<div class=\"wpb_wrapper\">\r\n\t\t\t<p>WoodSwallow es una empresa tecnol\u00f3gica con visi\u00f3n global que nace para mejorar la vida de las personas a trav\u00e9s del dise\u00f1o de sistemas embebidos y productos de IoT (Internet of Things).<\/p>\n<p>La compa\u00f1\u00eda tiene amplia experiencia en gesti\u00f3n inteligente de la energ\u00eda y movilidad el\u00e9ctrica, y un equipo formado por m\u00e1s de 40 profesionales que destaca por su dominio t\u00e9cnico, capacidad de innovaci\u00f3n y flexibilidad para adaptarse a las necesidades cambiantes de sus clientes y de la sociedad actual.<\/p>\n<p>WoodSwallow cuenta con sede en Sevilla (Espa\u00f1a) y Londres (Reino Unido).<\/p>\n\r\n\t\t<\/div>\r\n\t<\/div>\r\n<div class=\"w-btn-wrapper width_auto align_left vc_custom_1652116316507\"><a class=\"w-btn us-btn-style_1\" href=\"https:\/\/woodswallow.tech\/\" target=\"_blank\" style=\"font-size:0.6rem;\"><span class=\"w-btn-label\">Home - Woodswallow - Specialists in embedded systems and IoT products<\/span><\/a><\/div><\/div><\/div><\/div><div class=\"vc_col-sm-6 wpb_column vc_column_container\"><div class=\"vc_column-inner  vc_custom_1651054859848\"><div class=\"wpb_wrapper\"><div class=\"w-image align_right\"><div class=\"w-image-h\"><img width=\"1000\" height=\"788\" src=\"https:\/\/catedra.us.es\/catedraiot\/wp-content\/uploads\/2022\/04\/foto-equipo.jpg\" class=\"attachment-large size-large\" alt=\"\" loading=\"lazy\" srcset=\"https:\/\/catedra.us.es\/catedraiot\/wp-content\/uploads\/2022\/04\/foto-equipo.jpg 1000w, https:\/\/catedra.us.es\/catedraiot\/wp-content\/uploads\/2022\/04\/foto-equipo-300x236.jpg 300w\" sizes=\"(max-width: 1000px) 100vw, 1000px\" \/><\/div><\/div><\/div><\/div><\/div><\/div><\/div><\/div><\/div><\/div><\/div><\/section><section class=\"l-section wpb_row height_auto\"><div class=\"l-section-h i-cf\" style=\"padding-bottom: 5% !important;\"><div class=\"g-cols vc_row type_default valign_top\"><div class=\"vc_col-sm-12 wpb_column vc_column_container\"><div class=\"vc_column-inner\"><div class=\"wpb_wrapper\"><div class=\"g-cols wpb_row  type_default valign_middle vc_inner  vc_custom_1652180684631\"><div class=\"vc_col-sm-4 wpb_column vc_column_container\"><div class=\"vc_column-inner\"><div class=\"wpb_wrapper\"><div class=\"w-image align_none\"><div class=\"w-image-h\"><img width=\"1024\" height=\"707\" src=\"https:\/\/catedra.us.es\/catedraiot\/wp-content\/uploads\/2022\/04\/Manuel_Alvarez_Ortega_WoodSwallow2-1024x707.jpg\" class=\"attachment-large size-large\" alt=\"\" loading=\"lazy\" srcset=\"https:\/\/catedra.us.es\/catedraiot\/wp-content\/uploads\/2022\/04\/Manuel_Alvarez_Ortega_WoodSwallow2-1024x707.jpg 1024w, https:\/\/catedra.us.es\/catedraiot\/wp-content\/uploads\/2022\/04\/Manuel_Alvarez_Ortega_WoodSwallow2-300x207.jpg 300w, https:\/\/catedra.us.es\/catedraiot\/wp-content\/uploads\/2022\/04\/Manuel_Alvarez_Ortega_WoodSwallow2-1536x1061.jpg 1536w, https:\/\/catedra.us.es\/catedraiot\/wp-content\/uploads\/2022\/04\/Manuel_Alvarez_Ortega_WoodSwallow2.jpg 1920w\" sizes=\"(max-width: 1024px) 100vw, 1024px\" \/><\/div><\/div><\/div><\/div><\/div><div class=\"vc_col-sm-8 wpb_column vc_column_container\"><div class=\"vc_column-inner\"><div class=\"wpb_wrapper\">\r\n\t<div class=\"wpb_text_column  vc_custom_1652180159947\">\r\n\t\t<div class=\"wpb_wrapper\">\r\n\t\t\t<div style=\"padding-top: 20px; padding-bottom: 20px; padding-left: 15px;\"><strong>Manuel \u00c1lvarez<\/strong><br \/>\nFundador de WoodSwallow<br \/>\n\u201cDesde WoodSwallow estamos convencidos del gran potencial del IoT en los pr\u00f3ximos a\u00f1os. Su valor no solo reside en la conexi\u00f3n de los dispositivos, sino en los nuevos servicios y modelos de negocio que facilita. Agricultura de precisi\u00f3n, fabricaci\u00f3n 4.0 o movilidad inteligente son solo algunos ejemplos.\u201d<\/div>\n\r\n\t\t<\/div>\r\n\t<\/div>\r\n<\/div><\/div><\/div><\/div><div class=\"w-separator size_medium\"><\/div><div class=\"g-cols wpb_row  type_default valign_middle vc_inner  vc_custom_1652180687944\"><div class=\"vc_col-sm-4 wpb_column vc_column_container\"><div class=\"vc_column-inner\"><div class=\"wpb_wrapper\"><div class=\"w-image align_none\"><div class=\"w-image-h\"><img width=\"500\" height=\"333\" src=\"https:\/\/catedra.us.es\/catedraiot\/wp-content\/uploads\/2022\/05\/Antobio_Torralba_Director.jpg\" class=\"attachment-large size-large\" alt=\"\" loading=\"lazy\" srcset=\"https:\/\/catedra.us.es\/catedraiot\/wp-content\/uploads\/2022\/05\/Antobio_Torralba_Director.jpg 500w, https:\/\/catedra.us.es\/catedraiot\/wp-content\/uploads\/2022\/05\/Antobio_Torralba_Director-300x200.jpg 300w\" sizes=\"(max-width: 500px) 100vw, 500px\" \/><\/div><\/div><\/div><\/div><\/div><div class=\"vc_col-sm-8 wpb_column vc_column_container\"><div class=\"vc_column-inner\"><div class=\"wpb_wrapper\">\r\n\t<div class=\"wpb_text_column  vc_custom_1655225128108\">\r\n\t\t<div class=\"wpb_wrapper\">\r\n\t\t\t<div style=\"padding-top: 20px; padding-bottom: 20px; padding-left: 15px;\"><strong>Antonio Jes\u00fas Torralba<\/strong><br \/>\nDirector de la C\u00e1tedra del IoT<br \/>\n\u201cTanto la Universidad de Sevilla como WoodSwallow creemos que Andaluc\u00eda debe apostar fuertemente por estas industrias para ser competitiva. Debemos invertir en la formaci\u00f3n de los estudiantes en estas \u00e1reas, creando un punto de uni\u00f3n entre investigaci\u00f3n, docencia y el mercado\u201d.<\/div>\n\r\n\t\t<\/div>\r\n\t<\/div>\r\n<\/div><\/div><\/div><\/div><\/div><\/div><\/div><\/div><\/div><\/section><section class=\"l-section wpb_row height_auto color_custom\" style=\"background: #f7f7f7;padding-right: 10% !important;padding-left: 10% !important;\"><div class=\"l-section-h i-cf\" style=\"padding-top: 2% !important;\"><div class=\"g-cols vc_row type_default valign_top\"><div class=\"vc_col-sm-12 wpb_column vc_column_container\"><div class=\"vc_column-inner\"><div class=\"wpb_wrapper\"><div class=\"w-separator size_large\"><\/div>\r\n\t<div class=\"wpb_text_column \">\r\n\t\t<div class=\"wpb_wrapper\">\r\n\t\t\t<h5 style=\"text-align: center;\">Descubre nuestras actividades<\/h5>\n\r\n\t\t<\/div>\r\n\t<\/div>\r\n<div class=\"w-image align_center\"><div class=\"w-image-h\"><img width=\"150\" height=\"37\" src=\"https:\/\/catedra.us.es\/catedraiot\/wp-content\/uploads\/2022\/04\/sep-gris.jpeg\" class=\"attachment-large size-large\" alt=\"\" loading=\"lazy\" \/><\/div><\/div><div class=\"g-cols wpb_row  type_default valign_top gap-10px vc_inner  vc_custom_1614763893798\"><style>.g-cols.gap-10px{margin:0 calc(-1.5rem - 10px)}.gap-10px > .vc_column_container {padding:10px}<\/style><div class=\"vc_col-sm-3 wpb_column vc_column_container has-fill\"><div class=\"vc_column-inner  vc_custom_1650301090872\"><div class=\"wpb_wrapper\"><div class=\"w-separator size_medium\"><\/div><div class=\"w-iconbox iconpos_top style_default color_primary align_center no_title no_text\"><div class=\"w-iconbox-icon\"><i class=\"fal fa-graduation-cap\"><\/i><\/div><div class=\"w-iconbox-meta\"><\/div><\/div><div class=\"w-separator size_small\"><\/div>\r\n\t<div class=\"wpb_text_column \">\r\n\t\t<div class=\"wpb_wrapper\">\r\n\t\t\t<p style=\"text-align: center;\"><strong>PREMIOS TFG Y TFM<\/strong><\/p>\n\r\n\t\t<\/div>\r\n\t<\/div>\r\n<div class=\"w-btn-wrapper width_auto align_center\"><a class=\"w-btn us-btn-style_1\" href=\"https:\/\/catedra.us.es\/catedraiot\/trabajos-fin-de-grado-y-masters\/\" style=\"font-size:0.8rem;\"><span class=\"w-btn-label\">M\u00e1s informaci\u00f3n<\/span><\/a><\/div><div class=\"w-separator size_medium\"><\/div><\/div><\/div><\/div><div class=\"vc_col-sm-3 wpb_column vc_column_container has-fill\"><div class=\"vc_column-inner  vc_custom_1650301102593\"><div class=\"wpb_wrapper\"><div class=\"w-separator size_medium\"><\/div><div class=\"w-iconbox iconpos_top style_default color_primary align_center no_title no_text\"><div class=\"w-iconbox-icon\"><i class=\"fal fa-file-certificate\"><\/i><\/div><div class=\"w-iconbox-meta\"><\/div><\/div><div class=\"w-separator size_small\"><\/div>\r\n\t<div class=\"wpb_text_column \">\r\n\t\t<div class=\"wpb_wrapper\">\r\n\t\t\t<p style=\"text-align: center;\"><strong>FORMACI\u00d3N<\/strong><\/p>\n\r\n\t\t<\/div>\r\n\t<\/div>\r\n<div class=\"w-btn-wrapper width_auto align_center\"><a class=\"w-btn us-btn-style_1\" href=\"https:\/\/catedra.us.es\/catedraiot\/formacion\/\" style=\"font-size:0.8rem;\"><span class=\"w-btn-label\">M\u00e1s informaci\u00f3n<\/span><\/a><\/div><div class=\"w-separator size_medium\"><\/div><\/div><\/div><\/div><div class=\"vc_col-sm-3 wpb_column vc_column_container has-fill\"><div class=\"vc_column-inner  vc_custom_1650301116641\"><div class=\"wpb_wrapper\"><div class=\"w-separator size_medium\"><\/div><div class=\"w-iconbox iconpos_top style_default color_primary align_center no_title no_text\"><div class=\"w-iconbox-icon\"><i class=\"fal fa-calendar-alt\"><\/i><\/div><div class=\"w-iconbox-meta\"><\/div><\/div><div class=\"w-separator size_small\"><\/div>\r\n\t<div class=\"wpb_text_column \">\r\n\t\t<div class=\"wpb_wrapper\">\r\n\t\t\t<p style=\"text-align: center;\"><strong>EVENTOS<\/strong><\/p>\n\r\n\t\t<\/div>\r\n\t<\/div>\r\n<div class=\"w-btn-wrapper width_auto align_center\"><a class=\"w-btn us-btn-style_1\" href=\"https:\/\/catedra.us.es\/catedraiot\/eventos\/\" style=\"font-size:0.8rem;\"><span class=\"w-btn-label\">M\u00e1s informaci\u00f3n<\/span><\/a><\/div><div class=\"w-separator size_medium\"><\/div><\/div><\/div><\/div><div class=\"vc_col-sm-3 wpb_column vc_column_container has-fill\"><div class=\"vc_column-inner  vc_custom_1650301129343\"><div class=\"wpb_wrapper\"><div class=\"w-separator size_medium\"><\/div><div class=\"w-iconbox iconpos_top style_default color_primary align_center no_title no_text\"><div class=\"w-iconbox-icon\"><i class=\"fal fa-head-side-brain\"><\/i><\/div><div class=\"w-iconbox-meta\"><\/div><\/div><div class=\"w-separator size_small\"><\/div>\r\n\t<div class=\"wpb_text_column \">\r\n\t\t<div class=\"wpb_wrapper\">\r\n\t\t\t<p style=\"text-align: center;\"><strong>I+D+i<\/strong><\/p>\n\r\n\t\t<\/div>\r\n\t<\/div>\r\n<div class=\"w-btn-wrapper width_auto align_center\"><a class=\"w-btn us-btn-style_1\" href=\"https:\/\/catedra.us.es\/catedraiot\/idi\/\" style=\"font-size:0.8rem;\"><span class=\"w-btn-label\">M\u00e1s informaci\u00f3n<\/span><\/a><\/div><div class=\"w-separator size_medium\"><\/div><\/div><\/div><\/div><\/div><div class=\"w-separator size_large\"><\/div><\/div><\/div><\/div><\/div><\/div><\/section>\n","protected":false},"excerpt":{"rendered":"Sobre la C\u00e1tedra del IoT La C\u00e1tedra IoT (Internet de las Cosas) nace a finales de 2021 de la colaboraci\u00f3n entre la Universidad de Sevilla y la empresa WoodSwallow. La C\u00e1tedra del IoT (Internet de las Cosas) La C\u00e1tedra del IoT (Internet de las Cosas) nace a finales de 2021 de la colaboraci\u00f3n entre la...","protected":false},"author":1,"featured_media":0,"parent":0,"menu_order":0,"comment_status":"closed","ping_status":"closed","template":"","meta":[],"yoast_head":"<!-- This site is optimized with the Yoast SEO plugin v16.0.2 - https:\/\/yoast.com\/wordpress\/plugins\/seo\/ -->\n<title>Sobre la C\u00e1tedra - C\u00e1tedra del IoT<\/title>\n<meta name=\"description\" content=\"La C\u00e1tedra del IoT (Internet de las Cosas) nace a finales de 2021 de la colaboraci\u00f3n entre la Universidad de Sevilla y la empresa WoodSwallow.\" \/>\n<meta name=\"robots\" content=\"index, follow, max-snippet:-1, max-image-preview:large, max-video-preview:-1\" \/>\n<link rel=\"canonical\" href=\"https:\/\/catedra.us.es\/catedraiot\/sobre-la-catedra\/\" \/>\n<meta property=\"og:locale\" content=\"es_ES\" \/>\n<meta property=\"og:type\" content=\"article\" \/>\n<meta property=\"og:title\" content=\"Sobre la C\u00e1tedra - C\u00e1tedra del IoT\" \/>\n<meta property=\"og:description\" content=\"La C\u00e1tedra del IoT (Internet de las Cosas) nace a finales de 2021 de la colaboraci\u00f3n entre la Universidad de Sevilla y la empresa WoodSwallow.\" \/>\n<meta property=\"og:url\" content=\"https:\/\/catedra.us.es\/catedraiot\/sobre-la-catedra\/\" \/>\n<meta property=\"og:site_name\" content=\"C\u00e1tedra IoT\" \/>\n<meta property=\"article:modified_time\" content=\"2022-07-21T10:47:00+00:00\" \/>\n<meta name=\"twitter:card\" content=\"summary_large_image\" \/>\n<meta name=\"twitter:label1\" content=\"Tiempo de lectura\">\n\t<meta name=\"twitter:data1\" content=\"8 minutos\">\n<script type=\"application\/ld+json\" class=\"yoast-schema-graph\">{\"@context\":\"https:\/\/schema.org\",\"@graph\":[{\"@type\":\"Organization\",\"@id\":\"https:\/\/catedra.us.es\/catedraiot\/#organization\",\"name\":\"Catedra del IoT\",\"url\":\"https:\/\/catedra.us.es\/catedraiot\/\",\"sameAs\":[],\"logo\":{\"@type\":\"ImageObject\",\"@id\":\"https:\/\/catedra.us.es\/catedraiot\/#logo\",\"inLanguage\":\"es\",\"url\":\"\",\"caption\":\"Catedra del IoT\"},\"image\":{\"@id\":\"https:\/\/catedra.us.es\/catedraiot\/#logo\"}},{\"@type\":\"WebSite\",\"@id\":\"https:\/\/catedra.us.es\/catedraiot\/#website\",\"url\":\"https:\/\/catedra.us.es\/catedraiot\/\",\"name\":\"C\\u00e1tedra IoT\",\"description\":\"C\\u00e1tedra del Internet de las Cosas\",\"publisher\":{\"@id\":\"https:\/\/catedra.us.es\/catedraiot\/#organization\"},\"potentialAction\":[{\"@type\":\"SearchAction\",\"target\":\"https:\/\/catedra.us.es\/catedraiot\/?s={search_term_string}\",\"query-input\":\"required name=search_term_string\"}],\"inLanguage\":\"es\"},{\"@type\":\"WebPage\",\"@id\":\"https:\/\/catedra.us.es\/catedraiot\/sobre-la-catedra\/#webpage\",\"url\":\"https:\/\/catedra.us.es\/catedraiot\/sobre-la-catedra\/\",\"name\":\"Sobre la C\\u00e1tedra - C\\u00e1tedra del IoT\",\"isPartOf\":{\"@id\":\"https:\/\/catedra.us.es\/catedraiot\/#website\"},\"datePublished\":\"2022-04-06T16:11:31+00:00\",\"dateModified\":\"2022-07-21T10:47:00+00:00\",\"description\":\"La C\\u00e1tedra del IoT (Internet de las Cosas) nace a finales de 2021 de la colaboraci\\u00f3n entre la Universidad de Sevilla y la empresa WoodSwallow.\",\"breadcrumb\":{\"@id\":\"https:\/\/catedra.us.es\/catedraiot\/sobre-la-catedra\/#breadcrumb\"},\"inLanguage\":\"es\",\"potentialAction\":[{\"@type\":\"ReadAction\",\"target\":[\"https:\/\/catedra.us.es\/catedraiot\/sobre-la-catedra\/\"]}]},{\"@type\":\"BreadcrumbList\",\"@id\":\"https:\/\/catedra.us.es\/catedraiot\/sobre-la-catedra\/#breadcrumb\",\"itemListElement\":[{\"@type\":\"ListItem\",\"position\":1,\"item\":{\"@type\":\"WebPage\",\"@id\":\"https:\/\/catedra.us.es\/catedraiot\/\",\"url\":\"https:\/\/catedra.us.es\/catedraiot\/\",\"name\":\"Portada\"}},{\"@type\":\"ListItem\",\"position\":2,\"item\":{\"@type\":\"WebPage\",\"@id\":\"https:\/\/catedra.us.es\/catedraiot\/sobre-la-catedra\/\",\"url\":\"https:\/\/catedra.us.es\/catedraiot\/sobre-la-catedra\/\",\"name\":\"Sobre la c\\u00e1tedra\"}}]}]}<\/script>\n<!-- \/ Yoast SEO plugin. -->","_links":{"self":[{"href":"https:\/\/catedra.us.es\/catedraiot\/wp-json\/wp\/v2\/pages\/7172"}],"collection":[{"href":"https:\/\/catedra.us.es\/catedraiot\/wp-json\/wp\/v2\/pages"}],"about":[{"href":"https:\/\/catedra.us.es\/catedraiot\/wp-json\/wp\/v2\/types\/page"}],"author":[{"embeddable":true,"href":"https:\/\/catedra.us.es\/catedraiot\/wp-json\/wp\/v2\/users\/1"}],"replies":[{"embeddable":true,"href":"https:\/\/catedra.us.es\/catedraiot\/wp-json\/wp\/v2\/comments?post=7172"}],"version-history":[{"count":140,"href":"https:\/\/catedra.us.es\/catedraiot\/wp-json\/wp\/v2\/pages\/7172\/revisions"}],"predecessor-version":[{"id":7755,"href":"https:\/\/catedra.us.es\/catedraiot\/wp-json\/wp\/v2\/pages\/7172\/revisions\/7755"}],"wp:attachment":[{"href":"https:\/\/catedra.us.es\/catedraiot\/wp-json\/wp\/v2\/media?parent=7172"}],"curies":[{"name":"wp","href":"https:\/\/api.w.org\/{rel}","templated":true}]}}