{"id":7180,"date":"2022-04-06T16:24:04","date_gmt":"2022-04-06T16:24:04","guid":{"rendered":"https:\/\/catedra.desarrollopaginaweb.es\/?page_id=7180"},"modified":"2024-08-08T12:31:16","modified_gmt":"2024-08-08T12:31:16","slug":"trabajos-fin-de-grado-y-masters","status":"publish","type":"page","link":"https:\/\/catedra.us.es\/catedraiot\/trabajos-fin-de-grado-y-masters\/","title":{"rendered":"Trabajos Fin de Grado y Masters"},"content":{"rendered":"<section class=\"l-section wpb_row height_auto color_custom with_img with_overlay\" style=\" color: #ffffff;\"><div class=\"l-section-img\" style=\"background-image: url(https:\/\/catedra.us.es\/catedraiot\/wp-content\/uploads\/2022\/04\/header-tfgtfm.jpg);background-repeat: no-repeat;\" data-img-width=\"1920\" data-img-height=\"1271\"><\/div><div class=\"l-section-overlay\" style=\"background: rgba(43,44,54,0.24)\"><\/div><div class=\"l-section-h i-cf\"><div class=\"g-cols vc_row type_default valign_top\"><div class=\"vc_col-sm-12 wpb_column vc_column_container\"><div class=\"vc_column-inner\"><div class=\"wpb_wrapper\"><div class=\"g-cols wpb_row  type_default valign_middle vc_inner \"><div class=\"vc_col-sm-8 wpb_column vc_column_container\"><div class=\"vc_column-inner\"><div class=\"wpb_wrapper\"><div class=\"w-separator size_huge\"><\/div>\r\n\t<div class=\"wpb_text_column \">\r\n\t\t<div class=\"wpb_wrapper\">\r\n\t\t\t<h3>TFG y TFM<\/h3>\n\r\n\t\t<\/div>\r\n\t<\/div>\r\n\r\n\t<div class=\"wpb_text_column \">\r\n\t\t<div class=\"wpb_wrapper\">\r\n\t\t\t<p>En esta secci\u00f3n damos a conocer la informaci\u00f3n sobre los trabajos<br \/>\nde fin de grado y de masters a los interesados.<\/p>\n\r\n\t\t<\/div>\r\n\t<\/div>\r\n<div class=\"w-separator size_huge\"><\/div><\/div><\/div><\/div><div class=\"vc_col-sm-4 wpb_column vc_column_container\"><div class=\"vc_column-inner\"><div class=\"wpb_wrapper\"><\/div><\/div><\/div><\/div><\/div><\/div><\/div><\/div><\/div><\/section><section class=\"l-section wpb_row height_auto\"><div class=\"l-section-h i-cf\" style=\"padding-top: 7% !important;padding-bottom: 7% !important;\"><div class=\"g-cols vc_row type_default valign_top reversed\"><div class=\"vc_col-sm-12 wpb_column vc_column_container\"><div class=\"vc_column-inner\"><div class=\"wpb_wrapper\"><div class=\"g-cols wpb_row  type_default valign_middle reversed vc_inner \"><div class=\"vc_col-sm-6 wpb_column vc_column_container\"><div class=\"vc_column-inner  vc_custom_1650301435299\"><div class=\"wpb_wrapper\">\r\n\t<div class=\"wpb_text_column \">\r\n\t\t<div class=\"wpb_wrapper\">\r\n\t\t\t<p><strong style=\"color: #005c9b;\">3\u00aa Edici\u00f3n Premios TGF y TFM<\/strong><\/p>\n\r\n\t\t<\/div>\r\n\t<\/div>\r\n\r\n\t<div class=\"wpb_text_column \">\r\n\t\t<div class=\"wpb_wrapper\">\r\n\t\t\t<h4>Premios a trabajos de fin de grado y m\u00e1ster:<\/h4>\n\r\n\t\t<\/div>\r\n\t<\/div>\r\n\r\n\t<div class=\"wpb_text_column \">\r\n\t\t<div class=\"wpb_wrapper\">\r\n\t\t\t<p>En la C\u00e1tedra del IoT queremos premiar los mejores trabajos de fin de grado o m\u00e1ster relacionados con el Internet de las Cosas y la gesti\u00f3n de la energ\u00eda.<\/p>\n<p>Si tu proyecto est\u00e1 relacionado con alguna de estas tem\u00e1ticas, pres\u00e9ntalo y podr\u00e1s optar a uno de los cuatro premios que se otorgar\u00e1n en esta nueva convocatoria 2023\/24.<\/p>\n<p>Convocatoria dirigida al alumnado de cualquier rama de la ingenier\u00eda de la Universidad de Sevilla. Aplica sobre proyectos presentados y calificados entre el 1 octubre de 2023 y el 30 de septiembre de 2024.<\/p>\n\r\n\t\t<\/div>\r\n\t<\/div>\r\n<div class=\"w-separator size_custom\" style=\"height:12px;\"><\/div><div class=\"w-iconbox iconpos_left style_default color_primary align_left no_title\"><div class=\"w-iconbox-icon\" style=\"font-size:20px;\"><i class=\"fal fa-check\"><\/i><\/div><div class=\"w-iconbox-meta\"><div class=\"w-iconbox-text\"><p><strong>Premios al mejor TFG: Dos premios de 3.000 \u20ac cada uno<\/strong><\/p>\n<\/div><\/div><\/div><div class=\"w-separator size_custom\" style=\"height:8px;\"><\/div><div class=\"w-iconbox iconpos_left style_default color_primary align_left no_title\"><div class=\"w-iconbox-icon\" style=\"font-size:20px;\"><i class=\"fal fa-check\"><\/i><\/div><div class=\"w-iconbox-meta\"><div class=\"w-iconbox-text\"><p><strong>Premios al mejor TFM: Dos premios de 3.500 \u20ac cada uno<\/strong><\/p>\n<\/div><\/div><\/div><div class=\"w-separator size_small\"><\/div><div class=\"w-hwrapper align_left valign_top\"><div class=\"w-btn-wrapper width_auto align_left\"><a class=\"w-btn us-btn-style_1\" href=\"https:\/\/catedra.us.es\/catedraiot\/formulario-inscripcion\/\" style=\"font-size:0.8rem;\"><span class=\"w-btn-label\">Presenta tu candidatura<\/span><\/a><\/div><\/div><\/div><\/div><\/div><div class=\"vc_col-sm-6 wpb_column vc_column_container\"><div class=\"vc_column-inner\"><div class=\"wpb_wrapper\"><div class=\"w-image align_none\"><div class=\"w-image-h\"><img width=\"909\" height=\"672\" src=\"https:\/\/catedra.us.es\/catedraiot\/wp-content\/uploads\/2022\/04\/ilust1.png\" class=\"attachment-full size-full\" alt=\"\" loading=\"lazy\" srcset=\"https:\/\/catedra.us.es\/catedraiot\/wp-content\/uploads\/2022\/04\/ilust1.png 909w, https:\/\/catedra.us.es\/catedraiot\/wp-content\/uploads\/2022\/04\/ilust1-300x222.png 300w\" sizes=\"(max-width: 909px) 100vw, 909px\" \/><\/div><\/div><\/div><\/div><\/div><\/div><\/div><\/div><\/div><\/div><\/div><\/section><section class=\"l-section wpb_row height_auto\"><div class=\"l-section-h i-cf\" style=\"padding-bottom: 7% !important;\"><div class=\"g-cols vc_row type_default valign_top reversed\"><div class=\"vc_col-sm-12 wpb_column vc_column_container\"><div class=\"vc_column-inner\"><div class=\"wpb_wrapper\"><div class=\"g-cols wpb_row  type_default valign_middle reversed vc_inner \"><div class=\"vc_col-sm-6 wpb_column vc_column_container\"><div class=\"vc_column-inner\"><div class=\"wpb_wrapper\"><div class=\"w-image align_none\"><div class=\"w-image-h\"><img width=\"779\" height=\"740\" src=\"https:\/\/catedra.us.es\/catedraiot\/wp-content\/uploads\/2022\/04\/ilust2.png\" class=\"attachment-full size-full\" alt=\"\" loading=\"lazy\" srcset=\"https:\/\/catedra.us.es\/catedraiot\/wp-content\/uploads\/2022\/04\/ilust2.png 779w, https:\/\/catedra.us.es\/catedraiot\/wp-content\/uploads\/2022\/04\/ilust2-300x285.png 300w\" sizes=\"(max-width: 779px) 100vw, 779px\" \/><\/div><\/div><\/div><\/div><\/div><div class=\"vc_col-sm-6 wpb_column vc_column_container\"><div class=\"vc_column-inner  vc_custom_1650301488519\"><div class=\"wpb_wrapper\">\r\n\t<div class=\"wpb_text_column \">\r\n\t\t<div class=\"wpb_wrapper\">\r\n\t\t\t<p><strong style=\"color: #005c9b;\">Apoyo a la investigaci\u00f3n<\/strong><\/p>\n\r\n\t\t<\/div>\r\n\t<\/div>\r\n\r\n\t<div class=\"wpb_text_column \">\r\n\t\t<div class=\"wpb_wrapper\">\r\n\t\t\t<h4>Becas de apoyo a trabajos de fin de grado y m\u00e1ster<\/h4>\n\r\n\t\t<\/div>\r\n\t<\/div>\r\n\r\n\t<div class=\"wpb_text_column \">\r\n\t\t<div class=\"wpb_wrapper\">\r\n\t\t\t<p>La C\u00e1tedra del IoT otorga becas a estudiantes para la realizaci\u00f3n de proyectos de fin de grado o m\u00e1ster sobre tem\u00e1ticas propuestas por la c\u00e1tedra. Dichas tem\u00e1ticas est\u00e1n relacionadas con el Internet de las Cosas y la gesti\u00f3n inteligente de la energ\u00eda.<\/p>\n<p>Las becas contemplan la orientaci\u00f3n y acompa\u00f1amiento de los alumnos por parte de profesionales de la empresa de base tecnol\u00f3gica WoodSwallow, as\u00ed como una asignaci\u00f3n econ\u00f3mica durante la realizaci\u00f3n del proyecto.<\/p>\n<p>El curso acad\u00e9mico 2023\/2024 es el segundo en incluir estas becas de apoyo a trabajo de fin de grado y m\u00e1ster de la C\u00e1tedra del IoT. Presenta tu solicitud para recibir una beca de apoyo a TFG o TFM.<\/p>\n\r\n\t\t<\/div>\r\n\t<\/div>\r\n<div class=\"w-btn-wrapper width_auto align_left\"><a class=\"w-btn us-btn-style_1\" href=\"https:\/\/catedra.us.es\/catedraiot\/inscripcion-becas-tfg-y-tfm\/\" target=\"_blank\" style=\"font-size:0.8rem;\"><span class=\"w-btn-label\">Presenta tu solicitud<\/span><\/a><\/div><\/div><\/div><\/div><\/div><\/div><\/div><\/div><\/div><\/div><\/section>\n","protected":false},"excerpt":{"rendered":"TFG y TFM En esta secci\u00f3n damos a conocer la informaci\u00f3n sobre los trabajos de fin de grado y de masters a los interesados. 3\u00aa Edici\u00f3n Premios TGF y TFM Premios a trabajos de fin de grado y m\u00e1ster: En la C\u00e1tedra del IoT queremos premiar los mejores trabajos de fin de grado o m\u00e1ster...","protected":false},"author":1,"featured_media":0,"parent":0,"menu_order":0,"comment_status":"closed","ping_status":"closed","template":"","meta":[],"yoast_head":"<!-- This site is optimized with the Yoast SEO plugin v16.0.2 - https:\/\/yoast.com\/wordpress\/plugins\/seo\/ -->\n<title>Trabajos Fin de Grado y M\u00e1ster C\u00e1tedra del IoT<\/title>\n<meta name=\"description\" content=\"En esta secci\u00f3n damos a conocer la informaci\u00f3n sobre los premios de la C\u00e1tedra del IoT a trabajos de fin de grado y de master.\" \/>\n<meta name=\"robots\" content=\"index, follow, max-snippet:-1, max-image-preview:large, max-video-preview:-1\" \/>\n<link rel=\"canonical\" href=\"https:\/\/catedra.us.es\/catedraiot\/trabajos-fin-de-grado-y-masters\/\" \/>\n<meta property=\"og:locale\" content=\"es_ES\" \/>\n<meta property=\"og:type\" content=\"article\" \/>\n<meta property=\"og:title\" content=\"Trabajos Fin de Grado y M\u00e1ster C\u00e1tedra del IoT\" \/>\n<meta property=\"og:description\" content=\"En esta secci\u00f3n damos a conocer la informaci\u00f3n sobre los premios de la C\u00e1tedra del IoT a trabajos de fin de grado y de master.\" \/>\n<meta property=\"og:url\" content=\"https:\/\/catedra.us.es\/catedraiot\/trabajos-fin-de-grado-y-masters\/\" \/>\n<meta property=\"og:site_name\" content=\"C\u00e1tedra IoT\" \/>\n<meta property=\"article:modified_time\" content=\"2024-08-08T12:31:16+00:00\" \/>\n<meta name=\"twitter:card\" content=\"summary_large_image\" \/>\n<meta name=\"twitter:label1\" content=\"Tiempo de lectura\">\n\t<meta name=\"twitter:data1\" content=\"2 minutos\">\n<script type=\"application\/ld+json\" class=\"yoast-schema-graph\">{\"@context\":\"https:\/\/schema.org\",\"@graph\":[{\"@type\":\"Organization\",\"@id\":\"https:\/\/catedra.us.es\/catedraiot\/#organization\",\"name\":\"Catedra del IoT\",\"url\":\"https:\/\/catedra.us.es\/catedraiot\/\",\"sameAs\":[],\"logo\":{\"@type\":\"ImageObject\",\"@id\":\"https:\/\/catedra.us.es\/catedraiot\/#logo\",\"inLanguage\":\"es\",\"url\":\"\",\"caption\":\"Catedra del IoT\"},\"image\":{\"@id\":\"https:\/\/catedra.us.es\/catedraiot\/#logo\"}},{\"@type\":\"WebSite\",\"@id\":\"https:\/\/catedra.us.es\/catedraiot\/#website\",\"url\":\"https:\/\/catedra.us.es\/catedraiot\/\",\"name\":\"C\\u00e1tedra IoT\",\"description\":\"C\\u00e1tedra del Internet de las Cosas\",\"publisher\":{\"@id\":\"https:\/\/catedra.us.es\/catedraiot\/#organization\"},\"potentialAction\":[{\"@type\":\"SearchAction\",\"target\":\"https:\/\/catedra.us.es\/catedraiot\/?s={search_term_string}\",\"query-input\":\"required name=search_term_string\"}],\"inLanguage\":\"es\"},{\"@type\":\"WebPage\",\"@id\":\"https:\/\/catedra.us.es\/catedraiot\/trabajos-fin-de-grado-y-masters\/#webpage\",\"url\":\"https:\/\/catedra.us.es\/catedraiot\/trabajos-fin-de-grado-y-masters\/\",\"name\":\"Trabajos Fin de Grado y M\\u00e1ster C\\u00e1tedra del IoT\",\"isPartOf\":{\"@id\":\"https:\/\/catedra.us.es\/catedraiot\/#website\"},\"datePublished\":\"2022-04-06T16:24:04+00:00\",\"dateModified\":\"2024-08-08T12:31:16+00:00\",\"description\":\"En esta secci\\u00f3n damos a conocer la informaci\\u00f3n sobre los premios de la C\\u00e1tedra del IoT a trabajos de fin de grado y de master.\",\"breadcrumb\":{\"@id\":\"https:\/\/catedra.us.es\/catedraiot\/trabajos-fin-de-grado-y-masters\/#breadcrumb\"},\"inLanguage\":\"es\",\"potentialAction\":[{\"@type\":\"ReadAction\",\"target\":[\"https:\/\/catedra.us.es\/catedraiot\/trabajos-fin-de-grado-y-masters\/\"]}]},{\"@type\":\"BreadcrumbList\",\"@id\":\"https:\/\/catedra.us.es\/catedraiot\/trabajos-fin-de-grado-y-masters\/#breadcrumb\",\"itemListElement\":[{\"@type\":\"ListItem\",\"position\":1,\"item\":{\"@type\":\"WebPage\",\"@id\":\"https:\/\/catedra.us.es\/catedraiot\/\",\"url\":\"https:\/\/catedra.us.es\/catedraiot\/\",\"name\":\"Portada\"}},{\"@type\":\"ListItem\",\"position\":2,\"item\":{\"@type\":\"WebPage\",\"@id\":\"https:\/\/catedra.us.es\/catedraiot\/trabajos-fin-de-grado-y-masters\/\",\"url\":\"https:\/\/catedra.us.es\/catedraiot\/trabajos-fin-de-grado-y-masters\/\",\"name\":\"Trabajos Fin de Grado y Masters\"}}]}]}<\/script>\n<!-- \/ Yoast SEO plugin. -->","_links":{"self":[{"href":"https:\/\/catedra.us.es\/catedraiot\/wp-json\/wp\/v2\/pages\/7180"}],"collection":[{"href":"https:\/\/catedra.us.es\/catedraiot\/wp-json\/wp\/v2\/pages"}],"about":[{"href":"https:\/\/catedra.us.es\/catedraiot\/wp-json\/wp\/v2\/types\/page"}],"author":[{"embeddable":true,"href":"https:\/\/catedra.us.es\/catedraiot\/wp-json\/wp\/v2\/users\/1"}],"replies":[{"embeddable":true,"href":"https:\/\/catedra.us.es\/catedraiot\/wp-json\/wp\/v2\/comments?post=7180"}],"version-history":[{"count":44,"href":"https:\/\/catedra.us.es\/catedraiot\/wp-json\/wp\/v2\/pages\/7180\/revisions"}],"predecessor-version":[{"id":7995,"href":"https:\/\/catedra.us.es\/catedraiot\/wp-json\/wp\/v2\/pages\/7180\/revisions\/7995"}],"wp:attachment":[{"href":"https:\/\/catedra.us.es\/catedraiot\/wp-json\/wp\/v2\/media?parent=7180"}],"curies":[{"name":"wp","href":"https:\/\/api.w.org\/{rel}","templated":true}]}}