{"id":7185,"date":"2022-04-06T16:30:50","date_gmt":"2022-04-06T16:30:50","guid":{"rendered":"https:\/\/catedra.desarrollopaginaweb.es\/?page_id=7185"},"modified":"2022-07-21T10:44:31","modified_gmt":"2022-07-21T10:44:31","slug":"eventos","status":"publish","type":"page","link":"https:\/\/catedra.us.es\/catedraiot\/eventos\/","title":{"rendered":"Eventos"},"content":{"rendered":"<section class=\"l-section wpb_row height_auto color_custom with_img with_overlay\" style=\" color: #ffffff;\"><div class=\"l-section-img\" style=\"background-image: url(https:\/\/catedra.us.es\/catedraiot\/wp-content\/uploads\/2022\/05\/header-eventos.jpg);background-repeat: no-repeat;\" data-img-width=\"1920\" data-img-height=\"683\"><\/div><div class=\"l-section-overlay\" style=\"background: rgba(43,44,54,0.24)\"><\/div><div class=\"l-section-h i-cf\"><div class=\"g-cols vc_row type_default valign_top\"><div class=\"vc_col-sm-12 wpb_column vc_column_container\"><div class=\"vc_column-inner\"><div class=\"wpb_wrapper\"><div class=\"g-cols wpb_row  type_default valign_middle vc_inner \"><div class=\"vc_col-sm-8 wpb_column vc_column_container\"><div class=\"vc_column-inner\"><div class=\"wpb_wrapper\"><div class=\"w-separator size_huge\"><\/div>\r\n\t<div class=\"wpb_text_column \">\r\n\t\t<div class=\"wpb_wrapper\">\r\n\t\t\t<h3>Eventos<\/h3>\n\r\n\t\t<\/div>\r\n\t<\/div>\r\n<div class=\"w-separator size_huge\"><\/div><\/div><\/div><\/div><div class=\"vc_col-sm-4 wpb_column vc_column_container\"><div class=\"vc_column-inner\"><div class=\"wpb_wrapper\"><\/div><\/div><\/div><\/div><\/div><\/div><\/div><\/div><\/div><\/section><section class=\"l-section wpb_row height_auto\"><div class=\"l-section-h i-cf\" style=\"padding-top: 7% !important;padding-bottom: 5% !important;\"><div class=\"g-cols vc_row type_default valign_top gap-0px\"><style>.g-cols.gap-0px{margin:0 calc(-1.5rem - 0px)}.gap-0px > .vc_column_container {padding:0px}<\/style><div class=\"vc_col-sm-12 wpb_column vc_column_container\"><div class=\"vc_column-inner\"><div class=\"wpb_wrapper\"><div class=\"g-cols wpb_row  type_default valign_middle gap-0px vc_inner \"><style>.g-cols.gap-0px{margin:0 calc(-1.5rem - 0px)}.gap-0px > .vc_column_container {padding:0px}<\/style><div class=\"vc_col-sm-6 wpb_column vc_column_container\"><div class=\"vc_column-inner  vc_custom_1651054800405\"><div class=\"wpb_wrapper\">\r\n\t<div class=\"wpb_text_column  vc_custom_1651055283605\">\r\n\t\t<div class=\"wpb_wrapper\">\r\n\t\t\t<h3>\u00a1Mantente informado!<\/h3>\n\r\n\t\t<\/div>\r\n\t<\/div>\r\n\r\n\t<div class=\"wpb_text_column  vc_custom_1651055261294\">\r\n\t\t<div class=\"wpb_wrapper\">\r\n\t\t\t<p>Uno de los objetivos de la C\u00e1tedra del Internet de las Cosas es la divulgaci\u00f3n y difusi\u00f3n de conocimiento vinculadas al IoT y a la gesti\u00f3n inteligente de la energ\u00eda.<\/p>\n<p>Para ello, se llevar\u00e1n a cabo una serie de actividades y eventos de difusi\u00f3n en el marco de la C\u00e1tedra.<\/p>\n<p>\u00a1No te pierdas nada, pronto publicaremos informaci\u00f3n sobre los pr\u00f3ximos eventos!<\/p>\n\r\n\t\t<\/div>\r\n\t<\/div>\r\n<div class=\"w-btn-wrapper width_auto align_left vc_custom_1657619249474\"><a class=\"w-btn us-btn-style_1\" href=\"https:\/\/catedra.us.es\/catedraiot\/formulario-informacion-eventos\/\" style=\"font-size:0.8rem;\"><span class=\"w-btn-label\">Mantenme informado<\/span><\/a><\/div><\/div><\/div><\/div><div class=\"vc_col-sm-6 wpb_column vc_column_container\"><div class=\"vc_column-inner  vc_custom_1651054859848\"><div class=\"wpb_wrapper\"><div class=\"w-image align_none\"><div class=\"w-image-h\"><img width=\"1024\" height=\"761\" src=\"https:\/\/catedra.us.es\/catedraiot\/wp-content\/uploads\/2022\/04\/eventos-1024x761.png\" class=\"attachment-large size-large\" alt=\"\" loading=\"lazy\" srcset=\"https:\/\/catedra.us.es\/catedraiot\/wp-content\/uploads\/2022\/04\/eventos-1024x761.png 1024w, https:\/\/catedra.us.es\/catedraiot\/wp-content\/uploads\/2022\/04\/eventos-300x223.png 300w, https:\/\/catedra.us.es\/catedraiot\/wp-content\/uploads\/2022\/04\/eventos.png 1041w\" sizes=\"(max-width: 1024px) 100vw, 1024px\" \/><\/div><\/div><\/div><\/div><\/div><\/div><\/div><\/div><\/div><\/div><\/div><\/section>\n","protected":false},"excerpt":{"rendered":"Eventos .g-cols.gap-0px{margin:0 calc(-1.5rem - 0px)}.gap-0px > .vc_column_container {padding:0px}.g-cols.gap-0px{margin:0 calc(-1.5rem - 0px)}.gap-0px > .vc_column_container {padding:0px} \u00a1Mantente informado! Uno de los objetivos de la C\u00e1tedra del Internet de las Cosas es la divulgaci\u00f3n y difusi\u00f3n de conocimiento vinculadas al IoT y a la gesti\u00f3n inteligente de la energ\u00eda. Para ello, se llevar\u00e1n a cabo una serie de...","protected":false},"author":1,"featured_media":0,"parent":0,"menu_order":0,"comment_status":"closed","ping_status":"closed","template":"","meta":[],"yoast_head":"<!-- This site is optimized with the Yoast SEO plugin v16.0.2 - https:\/\/yoast.com\/wordpress\/plugins\/seo\/ -->\n<title>Eventos - C\u00e1tedra del IoT<\/title>\n<meta name=\"description\" content=\"Uno de los objetivos de la C\u00e1tedra del IoT es la divulgaci\u00f3n y difusi\u00f3n de conocimiento vinculadas al IoT y a la gesti\u00f3n de la energ\u00eda a trav\u00e9s de eventos.\" \/>\n<meta name=\"robots\" content=\"index, follow, max-snippet:-1, max-image-preview:large, max-video-preview:-1\" \/>\n<link rel=\"canonical\" href=\"https:\/\/catedra.us.es\/catedraiot\/eventos\/\" \/>\n<meta property=\"og:locale\" content=\"es_ES\" \/>\n<meta property=\"og:type\" content=\"article\" \/>\n<meta property=\"og:title\" content=\"Eventos - C\u00e1tedra del IoT\" \/>\n<meta property=\"og:description\" content=\"Uno de los objetivos de la C\u00e1tedra del IoT es la divulgaci\u00f3n y difusi\u00f3n de conocimiento vinculadas al IoT y a la gesti\u00f3n de la energ\u00eda a trav\u00e9s de eventos.\" \/>\n<meta property=\"og:url\" content=\"https:\/\/catedra.us.es\/catedraiot\/eventos\/\" \/>\n<meta property=\"og:site_name\" content=\"C\u00e1tedra IoT\" \/>\n<meta property=\"article:modified_time\" content=\"2022-07-21T10:44:31+00:00\" \/>\n<meta name=\"twitter:card\" content=\"summary_large_image\" \/>\n<meta name=\"twitter:label1\" content=\"Tiempo de lectura\">\n\t<meta name=\"twitter:data1\" content=\"1 minuto\">\n<script type=\"application\/ld+json\" class=\"yoast-schema-graph\">{\"@context\":\"https:\/\/schema.org\",\"@graph\":[{\"@type\":\"Organization\",\"@id\":\"https:\/\/catedra.us.es\/catedraiot\/#organization\",\"name\":\"Catedra del IoT\",\"url\":\"https:\/\/catedra.us.es\/catedraiot\/\",\"sameAs\":[],\"logo\":{\"@type\":\"ImageObject\",\"@id\":\"https:\/\/catedra.us.es\/catedraiot\/#logo\",\"inLanguage\":\"es\",\"url\":\"\",\"caption\":\"Catedra del IoT\"},\"image\":{\"@id\":\"https:\/\/catedra.us.es\/catedraiot\/#logo\"}},{\"@type\":\"WebSite\",\"@id\":\"https:\/\/catedra.us.es\/catedraiot\/#website\",\"url\":\"https:\/\/catedra.us.es\/catedraiot\/\",\"name\":\"C\\u00e1tedra IoT\",\"description\":\"C\\u00e1tedra del Internet de las Cosas\",\"publisher\":{\"@id\":\"https:\/\/catedra.us.es\/catedraiot\/#organization\"},\"potentialAction\":[{\"@type\":\"SearchAction\",\"target\":\"https:\/\/catedra.us.es\/catedraiot\/?s={search_term_string}\",\"query-input\":\"required name=search_term_string\"}],\"inLanguage\":\"es\"},{\"@type\":\"WebPage\",\"@id\":\"https:\/\/catedra.us.es\/catedraiot\/eventos\/#webpage\",\"url\":\"https:\/\/catedra.us.es\/catedraiot\/eventos\/\",\"name\":\"Eventos - C\\u00e1tedra del IoT\",\"isPartOf\":{\"@id\":\"https:\/\/catedra.us.es\/catedraiot\/#website\"},\"datePublished\":\"2022-04-06T16:30:50+00:00\",\"dateModified\":\"2022-07-21T10:44:31+00:00\",\"description\":\"Uno de los objetivos de la C\\u00e1tedra del IoT es la divulgaci\\u00f3n y difusi\\u00f3n de conocimiento vinculadas al IoT y a la gesti\\u00f3n de la energ\\u00eda a trav\\u00e9s de eventos.\",\"breadcrumb\":{\"@id\":\"https:\/\/catedra.us.es\/catedraiot\/eventos\/#breadcrumb\"},\"inLanguage\":\"es\",\"potentialAction\":[{\"@type\":\"ReadAction\",\"target\":[\"https:\/\/catedra.us.es\/catedraiot\/eventos\/\"]}]},{\"@type\":\"BreadcrumbList\",\"@id\":\"https:\/\/catedra.us.es\/catedraiot\/eventos\/#breadcrumb\",\"itemListElement\":[{\"@type\":\"ListItem\",\"position\":1,\"item\":{\"@type\":\"WebPage\",\"@id\":\"https:\/\/catedra.us.es\/catedraiot\/\",\"url\":\"https:\/\/catedra.us.es\/catedraiot\/\",\"name\":\"Portada\"}},{\"@type\":\"ListItem\",\"position\":2,\"item\":{\"@type\":\"WebPage\",\"@id\":\"https:\/\/catedra.us.es\/catedraiot\/eventos\/\",\"url\":\"https:\/\/catedra.us.es\/catedraiot\/eventos\/\",\"name\":\"Eventos\"}}]}]}<\/script>\n<!-- \/ Yoast SEO plugin. -->","_links":{"self":[{"href":"https:\/\/catedra.us.es\/catedraiot\/wp-json\/wp\/v2\/pages\/7185"}],"collection":[{"href":"https:\/\/catedra.us.es\/catedraiot\/wp-json\/wp\/v2\/pages"}],"about":[{"href":"https:\/\/catedra.us.es\/catedraiot\/wp-json\/wp\/v2\/types\/page"}],"author":[{"embeddable":true,"href":"https:\/\/catedra.us.es\/catedraiot\/wp-json\/wp\/v2\/users\/1"}],"replies":[{"embeddable":true,"href":"https:\/\/catedra.us.es\/catedraiot\/wp-json\/wp\/v2\/comments?post=7185"}],"version-history":[{"count":22,"href":"https:\/\/catedra.us.es\/catedraiot\/wp-json\/wp\/v2\/pages\/7185\/revisions"}],"predecessor-version":[{"id":7753,"href":"https:\/\/catedra.us.es\/catedraiot\/wp-json\/wp\/v2\/pages\/7185\/revisions\/7753"}],"wp:attachment":[{"href":"https:\/\/catedra.us.es\/catedraiot\/wp-json\/wp\/v2\/media?parent=7185"}],"curies":[{"name":"wp","href":"https:\/\/api.w.org\/{rel}","templated":true}]}}