{"id":7310,"date":"2022-04-13T11:47:22","date_gmt":"2022-04-13T11:47:22","guid":{"rendered":"https:\/\/catedra.desarrollopaginaweb.es\/?page_id=7310"},"modified":"2024-08-08T12:40:34","modified_gmt":"2024-08-08T12:40:34","slug":"formulario-inscripcion","status":"publish","type":"page","link":"https:\/\/catedra.us.es\/catedraiot\/formulario-inscripcion\/","title":{"rendered":"Formulario inscripci\u00f3n premios TFG y TFM"},"content":{"rendered":"<section class=\"l-section wpb_row height_auto\" style=\"padding-right: 10% !important;padding-left: 10% !important;\"><div class=\"l-section-h i-cf\" style=\"padding-top: 5% !important;\"><div class=\"g-cols vc_row type_default valign_top\"><div class=\"vc_col-sm-12 wpb_column vc_column_container animate_afb\"><div class=\"vc_column-inner\"><div class=\"wpb_wrapper\"><div class=\"w-separator size_medium\"><\/div><div class=\"g-cols wpb_row  type_default valign_bottom vc_inner \"><div class=\"vc_col-sm-12 wpb_column vc_column_container\"><div class=\"vc_column-inner\"><div class=\"wpb_wrapper\">\r\n\t<div class=\"wpb_text_column \">\r\n\t\t<div class=\"wpb_wrapper\">\r\n\t\t\t<h4 style=\"text-align: center;\">PRESENTA TU CANDIDATURA A LA 3\u00aa EDICI\u00d3N DE LOS PREMIOS TFG Y TFM<br \/>\nDE LA C\u00c1TEDRA DEL INTERNET DE LAS COSAS<\/h4>\n\r\n\t\t<\/div>\r\n\t<\/div>\r\n<div class=\"w-separator size_small\"><\/div><\/div><\/div><\/div><\/div><div class=\"w-separator size_medium\"><\/div><\/div><\/div><\/div><\/div><\/div><\/section><section class=\"l-section wpb_row height_auto\"><div class=\"l-section-h i-cf\"><div class=\"g-cols vc_row type_default valign_top\"><div class=\"vc_col-sm-3 wpb_column vc_column_container\"><div class=\"vc_column-inner\"><div class=\"wpb_wrapper\"><\/div><\/div><\/div><div class=\"vc_col-sm-6 wpb_column vc_column_container\"><div class=\"vc_column-inner\"><div class=\"wpb_wrapper\">\r\n\t<div class=\"wpb_text_column \">\r\n\t\t<div class=\"wpb_wrapper\">\r\n\t\t\t<h6 style=\"text-align: center;\">\u00bfQUI\u00c9N PUEDE PRESENTARSE?<\/h6>\n<p>Estos premios est\u00e1n dirigidos al alumnado de cualquier rama de la ingenier\u00eda de la Universidad de Sevilla. Sin embargo, cualquier alumno de la Universidad de Sevilla que as\u00ed lo desee, independientemente de su titulaci\u00f3n, puede presentar su candidatura a los mismos.<\/p>\n<p>Los TFG y TFM que se presenten deber\u00e1n versar sobre una tem\u00e1tica relacionada con el Internet de las Cosas, valor\u00e1ndose positivamente aquellas que traten sobre aplicaciones de gesti\u00f3n inteligente de la energ\u00eda o electromovilidad.<\/p>\n\r\n\t\t<\/div>\r\n\t<\/div>\r\n<div class=\"w-separator size_medium\"><\/div><\/div><\/div><\/div><div class=\"vc_col-sm-3 wpb_column vc_column_container\"><div class=\"vc_column-inner\"><div class=\"wpb_wrapper\"><\/div><\/div><\/div><\/div><\/div><\/section><section class=\"l-section wpb_row height_auto\"><div class=\"l-section-h i-cf\"><div class=\"g-cols vc_row type_default valign_top\"><div class=\"vc_col-sm-12 wpb_column vc_column_container\"><div class=\"vc_column-inner\"><div class=\"wpb_wrapper\"><div class=\"w-tabs layout_default accordion title_atleft icon_plus iconpos_right vc_custom_1652196601141 \"><div class=\"w-tabs-list items_1\"><div class=\"w-tabs-list-h\"><div class=\"w-tabs-item\"><a href=\"#1652281444044-be2f76f7-a6c3\" class=\"w-tabs-item-h\"><span class=\"w-tabs-item-title\"><strong>COMPRUEBA SI PUEDES PRESENTAR TU TFG O TFM SEG\u00daN SU TEM\u00c1TICA<\/strong><\/span><\/a><\/div><\/div><\/div><div class=\"w-tabs-sections\"><div class=\"w-tabs-sections-h\"><div class=\"w-tabs-section\" id=\"1652281444044-be2f76f7-a6c3\"><a href=\"#1652281444044-be2f76f7-a6c3\" class=\"w-tabs-section-header\"><div class=\"w-tabs-section-header-h\"><div class=\"w-tabs-section-title\"><strong>COMPRUEBA SI PUEDES PRESENTAR TU TFG O TFM SEG\u00daN SU TEM\u00c1TICA<\/strong><\/div><div class=\"w-tabs-section-control\"><\/div><\/div><\/a><div class=\"w-tabs-section-content\"><div class=\"w-tabs-section-content-h i-cf\">\r\n\t<div class=\"wpb_text_column \">\r\n\t\t<div class=\"wpb_wrapper\">\r\n\t\t\t<p>*Los TFG y TFM presentados deber\u00e1n versar al menos sobre una de las tem\u00e1ticas contempladas en las bases de los premios y que se exponen a continuaci\u00f3n:<\/p>\n<p><strong>Categor\u00eda Hardware<\/strong><br \/>\nProyecto de an\u00e1lisis, investigaci\u00f3n, desarrollo, prototipado, o implementaci\u00f3n sobre alguna de las siguientes tem\u00e1ticas:<br \/>\n&#8211; Dise\u00f1o de antenas para equipos embebidos<br \/>\n&#8211; Inversores para instalaciones dom\u00e9sticas<br \/>\n&#8211; Comunicaciones celulares para embebidos (por ejemplo: 5G, LTE-M, NB-IoT, etc.)<br \/>\n&#8211; Dise\u00f1o de equipos IoT de bajo consumo<br \/>\n&#8211; Compatibilidad electromagn\u00e9tica<br \/>\n&#8211; Power Line Comunications (por ejemplo: PRIME V.1.4, G3-PLC, HomePlug)<br \/>\n&#8211; Cargador de veh\u00edculos el\u00e9ctricos ligeros (motocicletas, bicicletas, patinetes, etc)<br \/>\n&#8211; Cargador de coches el\u00e9ctricos dom\u00e9sticos AC o DC<\/p>\n<p><strong>Categor\u00eda Firmware embebido<br \/>\n<\/strong>Proyecto de an\u00e1lisis, investigaci\u00f3n, desarrollo, prototipado, o implementaci\u00f3n sobre alguna de las siguientes tem\u00e1ticas:<br \/>\n&#8211; Comunicaciones celulares (por ejemplo: 5G, LTE-M, NB-IoT, etc.) para embebidos<br \/>\n&#8211; Dise\u00f1o de equipos IoT de bajo consumo<br \/>\n&#8211; Protocolos Matter, ZigBee, BLE, u otro tipo de tecnolog\u00edas HAN (Home Area network)<br \/>\n&#8211; Protocolos de telelectura de sensores (est\u00e1ndar o propietario)<br \/>\n&#8211; Protocolos de telemedida de energ\u00eda: dlms\/cosem<br \/>\n&#8211; Desarrollo embebido de sistemas de gesti\u00f3n de energ\u00eda dom\u00e9sticos (HEMS o Home Energy Management Systems)<br \/>\n&#8211; Dise\u00f1o de firmware embebido basada en RUST<br \/>\n&#8211; Power Line Comunications (por ejemplo: PRIME V.1.4, G3-PLC, HomePlug)<br \/>\n&#8211; Cargador de veh\u00edculos el\u00e9ctricos ligeros (motocicletas, bicicletas, patinetes, etc)<br \/>\n&#8211; Protocolos de cargadores de coches el\u00e9ctricos (OCPP2.0.1. e ISO15118) incluyendo aplicaciones de carga o V2G<\/p>\n\r\n\t\t<\/div>\r\n\t<\/div>\r\n<\/div><\/div><\/div><\/div><\/div><\/div><\/div><\/div><\/div><\/div><\/div><\/section><section class=\"l-section wpb_row height_auto\"><div class=\"l-section-h i-cf\"><div class=\"g-cols vc_row type_default valign_top\"><div class=\"vc_col-sm-3 wpb_column vc_column_container\"><div class=\"vc_column-inner\"><div class=\"wpb_wrapper\"><\/div><\/div><\/div><div class=\"vc_col-sm-6 wpb_column vc_column_container\"><div class=\"vc_column-inner\"><div class=\"wpb_wrapper\"><div class=\"w-separator size_medium\"><\/div>\r\n\t<div class=\"wpb_text_column \">\r\n\t\t<div class=\"wpb_wrapper\">\r\n\t\t\t<h6 style=\"text-align: center;\">\u00bfEN QU\u00c9 CONSISTEN LOS PREMIOS?<\/h6>\n<p>En esta 3\u00aa edici\u00f3n de los premios TFG y TFM de la C\u00e1tedra del Internet de las Cosas se otorgar\u00e1n un total de cuatro premios. Dos premios a los mejores TFG con una dotaci\u00f3n de 3.000\u20ac cada uno, y dos premios a los mejores TFM con una dotaci\u00f3n de 3.500\u20ac cada uno.<\/p>\n\r\n\t\t<\/div>\r\n\t<\/div>\r\n<div class=\"w-separator size_custom\" style=\"height:12px;\"><\/div>\r\n\t<div class=\"wpb_text_column \">\r\n\t\t<div class=\"wpb_wrapper\">\r\n\t\t\t<h6 style=\"text-align: center;\">PLAZO DE PRESENTACI\u00d3N<\/h6>\n<p>El plazo de entrega de solicitudes estar\u00e1 abierto hasta el 20 de diciembre de 2024 a las 23.59 horas.<\/p>\n\r\n\t\t<\/div>\r\n\t<\/div>\r\n<div class=\"w-separator size_custom\" style=\"height:12px;\"><\/div>\r\n\t<div class=\"wpb_text_column \">\r\n\t\t<div class=\"wpb_wrapper\">\r\n\t\t\t<h6 style=\"text-align: center;\">\u00bfC\u00d3MO PRESENTO MI CANDIDATURA?<\/h6>\n<p>Los interesados deber\u00e1n completar la solicitud para concurrir al III Premio C\u00e1tedra del Internet de las Cosas al mejor Trabajo Fin de Grado \/ M\u00e1ster y enviarla por correo electr\u00f3nico a la direcci\u00f3n de correo catedraiot@us.es junto a la siguiente documentaci\u00f3n:<\/p>\n\r\n\t\t<\/div>\r\n\t<\/div>\r\n<div class=\"w-iconbox iconpos_left style_default color_primary align_left no_title\"><div class=\"w-iconbox-icon\" style=\"font-size:20px;\"><i class=\"far fa-minus\"><\/i><\/div><div class=\"w-iconbox-meta\"><div class=\"w-iconbox-text\"><p>a) Fotocopia del Documento Nacional de Identidad<\/p>\n<\/div><\/div><\/div><div class=\"w-separator size_custom\" style=\"height:8px;\"><\/div><div class=\"w-iconbox iconpos_left style_default color_primary align_left no_title\"><div class=\"w-iconbox-icon\" style=\"font-size:20px;\"><i class=\"far fa-minus\"><\/i><\/div><div class=\"w-iconbox-meta\"><div class=\"w-iconbox-text\"><p>b) Una copia completa del Trabajo de Fin de Grado\/M\u00e1ster en formato PDF, no superior a 10 MB.<\/p>\n<\/div><\/div><\/div><div class=\"w-separator size_custom\" style=\"height:8px;\"><\/div><div class=\"w-iconbox iconpos_left style_default color_primary align_left no_title\"><div class=\"w-iconbox-icon\" style=\"font-size:20px;\"><i class=\"far fa-minus\"><\/i><\/div><div class=\"w-iconbox-meta\"><div class=\"w-iconbox-text\"><p>c) Resumen del Trabajo de Fin de Grado\/M\u00e1ster con una extensi\u00f3n m\u00e1xima de cinco p\u00e1ginas, en el que obligatoriamente deber\u00e1n incluirse los siguientes conceptos: objeto del trabajo, resultados obtenidos e inter\u00e9s del tema tratado.<\/p>\n<\/div><\/div><\/div><div class=\"w-separator size_custom\" style=\"height:8px;\"><\/div><div class=\"w-iconbox iconpos_left style_default color_primary align_left no_title\"><div class=\"w-iconbox-icon\" style=\"font-size:20px;\"><i class=\"far fa-minus\"><\/i><\/div><div class=\"w-iconbox-meta\"><div class=\"w-iconbox-text\"><p>d) Certificado acreditativo de haber recibido la calificaci\u00f3n de 8 o superior.<\/p>\n<\/div><\/div><\/div><div class=\"w-separator size_custom\" style=\"height:8px;\"><\/div><div class=\"w-iconbox iconpos_left style_default color_primary align_left no_title\"><div class=\"w-iconbox-icon\" style=\"font-size:20px;\"><i class=\"far fa-minus\"><\/i><\/div><div class=\"w-iconbox-meta\"><div class=\"w-iconbox-text\"><p>e) Justificante oficial de que se ha realizado el TFG o TFM en una titulaci\u00f3n oficial impartida en la Universidad de Sevilla. Ser\u00e1n v\u00e1lidos expedientes acad\u00e9micos, documentos proporcionados por la secretar\u00eda, etc.<\/p>\n<\/div><\/div><\/div><div class=\"w-separator size_small\"><\/div><div class=\"w-hwrapper align_left valign_top\"><div class=\"w-btn-wrapper width_auto align_left\"><a class=\"w-btn us-btn-style_1\" href=\"https:\/\/catedra.us.es\/catedraiot\/anexo-i-solicitud-para-concurrir-a-la-3o-edicion-premio-catedra-del-internet-de-las-cosas\/\" target=\"_blank\" style=\"font-size:0.7rem;\"><span class=\"w-btn-label\">DESCARGA LA SOLICITUD DE PARTICIPACI\u00d3N<\/span><\/a><\/div><div class=\"w-btn-wrapper width_auto align_left\"><a class=\"w-btn us-btn-style_1\" href=\"https:\/\/catedra.us.es\/catedraiot\/bases-concurso-3o-edicion-premios-tfg-y-tfm_catedra-iot\/\" target=\"_blank\" style=\"font-size:0.7rem;\"><span class=\"w-btn-label\">CONSULTA LAS BASES DEL CONCURSO<\/span><\/a><\/div><\/div><div class=\"w-separator size_custom\" style=\"height:12px;\"><\/div><\/div><\/div><\/div><div class=\"vc_col-sm-3 wpb_column vc_column_container\"><div class=\"vc_column-inner\"><div class=\"wpb_wrapper\"><\/div><\/div><\/div><\/div><\/div><\/section><section class=\"l-section wpb_row height_auto\"><div class=\"l-section-h i-cf\"><div class=\"g-cols vc_row type_default valign_top\"><div class=\"vc_col-sm-3 wpb_column vc_column_container\"><div class=\"vc_column-inner\"><div class=\"wpb_wrapper\"><\/div><\/div><\/div><div class=\"vc_col-sm-6 wpb_column vc_column_container\"><div class=\"vc_column-inner\"><div class=\"wpb_wrapper\"><div class=\"w-separator size_medium\"><\/div>\r\n\t<div class=\"wpb_text_column \">\r\n\t\t<div class=\"wpb_wrapper\">\r\n\t\t\t<h6 style=\"text-align: center;\">IMPORTANTE<\/h6>\n<p>*Una vez enviada toda la documentaci\u00f3n, y tras su revisi\u00f3n por parte de la c\u00e1tedra, recibir\u00e1s un correo electr\u00f3nico confirmando la correcta recepci\u00f3n de tu candidatura junto con un n\u00famero de confirmaci\u00f3n. Si no recibes un correo electr\u00f3nico de confirmaci\u00f3n, por favor, escr\u00edbenos a catedraiot@us.es indicando dicha incidencia.<\/p>\n\r\n\t\t<\/div>\r\n\t<\/div>\r\n<div class=\"w-separator size_medium\"><\/div><\/div><\/div><\/div><div class=\"vc_col-sm-3 wpb_column vc_column_container\"><div class=\"vc_column-inner\"><div class=\"wpb_wrapper\"><\/div><\/div><\/div><\/div><\/div><\/section>\n","protected":false},"excerpt":{"rendered":"PRESENTA TU CANDIDATURA A LA 3\u00aa EDICI\u00d3N DE LOS PREMIOS TFG Y TFM DE LA C\u00c1TEDRA DEL INTERNET DE LAS COSAS \u00bfQUI\u00c9N PUEDE PRESENTARSE? Estos premios est\u00e1n dirigidos al alumnado de cualquier rama de la ingenier\u00eda de la Universidad de Sevilla. Sin embargo, cualquier alumno de la Universidad de Sevilla que as\u00ed lo desee, independientemente...","protected":false},"author":1,"featured_media":0,"parent":0,"menu_order":0,"comment_status":"closed","ping_status":"closed","template":"","meta":[],"yoast_head":"<!-- This site is optimized with the Yoast SEO plugin v16.0.2 - https:\/\/yoast.com\/wordpress\/plugins\/seo\/ -->\n<title>Formulario inscripci\u00f3n premios TFG y TFM - C\u00e1tedra IoT<\/title>\n<meta name=\"robots\" content=\"index, follow, max-snippet:-1, max-image-preview:large, max-video-preview:-1\" \/>\n<link rel=\"canonical\" href=\"https:\/\/catedra.us.es\/catedraiot\/formulario-inscripcion\/\" \/>\n<meta property=\"og:locale\" content=\"es_ES\" \/>\n<meta property=\"og:type\" content=\"article\" \/>\n<meta property=\"og:title\" content=\"Formulario inscripci\u00f3n premios TFG y TFM - C\u00e1tedra IoT\" \/>\n<meta property=\"og:url\" content=\"https:\/\/catedra.us.es\/catedraiot\/formulario-inscripcion\/\" \/>\n<meta property=\"og:site_name\" content=\"C\u00e1tedra IoT\" \/>\n<meta property=\"article:modified_time\" content=\"2024-08-08T12:40:34+00:00\" \/>\n<meta name=\"twitter:card\" content=\"summary_large_image\" \/>\n<meta name=\"twitter:label1\" content=\"Tiempo de lectura\">\n\t<meta name=\"twitter:data1\" content=\"3 minutos\">\n<script type=\"application\/ld+json\" class=\"yoast-schema-graph\">{\"@context\":\"https:\/\/schema.org\",\"@graph\":[{\"@type\":\"Organization\",\"@id\":\"https:\/\/catedra.us.es\/catedraiot\/#organization\",\"name\":\"Catedra del IoT\",\"url\":\"https:\/\/catedra.us.es\/catedraiot\/\",\"sameAs\":[],\"logo\":{\"@type\":\"ImageObject\",\"@id\":\"https:\/\/catedra.us.es\/catedraiot\/#logo\",\"inLanguage\":\"es\",\"url\":\"\",\"caption\":\"Catedra del IoT\"},\"image\":{\"@id\":\"https:\/\/catedra.us.es\/catedraiot\/#logo\"}},{\"@type\":\"WebSite\",\"@id\":\"https:\/\/catedra.us.es\/catedraiot\/#website\",\"url\":\"https:\/\/catedra.us.es\/catedraiot\/\",\"name\":\"C\\u00e1tedra IoT\",\"description\":\"C\\u00e1tedra del Internet de las Cosas\",\"publisher\":{\"@id\":\"https:\/\/catedra.us.es\/catedraiot\/#organization\"},\"potentialAction\":[{\"@type\":\"SearchAction\",\"target\":\"https:\/\/catedra.us.es\/catedraiot\/?s={search_term_string}\",\"query-input\":\"required name=search_term_string\"}],\"inLanguage\":\"es\"},{\"@type\":\"WebPage\",\"@id\":\"https:\/\/catedra.us.es\/catedraiot\/formulario-inscripcion\/#webpage\",\"url\":\"https:\/\/catedra.us.es\/catedraiot\/formulario-inscripcion\/\",\"name\":\"Formulario inscripci\\u00f3n premios TFG y TFM - C\\u00e1tedra IoT\",\"isPartOf\":{\"@id\":\"https:\/\/catedra.us.es\/catedraiot\/#website\"},\"datePublished\":\"2022-04-13T11:47:22+00:00\",\"dateModified\":\"2024-08-08T12:40:34+00:00\",\"breadcrumb\":{\"@id\":\"https:\/\/catedra.us.es\/catedraiot\/formulario-inscripcion\/#breadcrumb\"},\"inLanguage\":\"es\",\"potentialAction\":[{\"@type\":\"ReadAction\",\"target\":[\"https:\/\/catedra.us.es\/catedraiot\/formulario-inscripcion\/\"]}]},{\"@type\":\"BreadcrumbList\",\"@id\":\"https:\/\/catedra.us.es\/catedraiot\/formulario-inscripcion\/#breadcrumb\",\"itemListElement\":[{\"@type\":\"ListItem\",\"position\":1,\"item\":{\"@type\":\"WebPage\",\"@id\":\"https:\/\/catedra.us.es\/catedraiot\/\",\"url\":\"https:\/\/catedra.us.es\/catedraiot\/\",\"name\":\"Portada\"}},{\"@type\":\"ListItem\",\"position\":2,\"item\":{\"@type\":\"WebPage\",\"@id\":\"https:\/\/catedra.us.es\/catedraiot\/formulario-inscripcion\/\",\"url\":\"https:\/\/catedra.us.es\/catedraiot\/formulario-inscripcion\/\",\"name\":\"Formulario inscripci\\u00f3n premios TFG y TFM\"}}]}]}<\/script>\n<!-- \/ Yoast SEO plugin. -->","_links":{"self":[{"href":"https:\/\/catedra.us.es\/catedraiot\/wp-json\/wp\/v2\/pages\/7310"}],"collection":[{"href":"https:\/\/catedra.us.es\/catedraiot\/wp-json\/wp\/v2\/pages"}],"about":[{"href":"https:\/\/catedra.us.es\/catedraiot\/wp-json\/wp\/v2\/types\/page"}],"author":[{"embeddable":true,"href":"https:\/\/catedra.us.es\/catedraiot\/wp-json\/wp\/v2\/users\/1"}],"replies":[{"embeddable":true,"href":"https:\/\/catedra.us.es\/catedraiot\/wp-json\/wp\/v2\/comments?post=7310"}],"version-history":[{"count":67,"href":"https:\/\/catedra.us.es\/catedraiot\/wp-json\/wp\/v2\/pages\/7310\/revisions"}],"predecessor-version":[{"id":7998,"href":"https:\/\/catedra.us.es\/catedraiot\/wp-json\/wp\/v2\/pages\/7310\/revisions\/7998"}],"wp:attachment":[{"href":"https:\/\/catedra.us.es\/catedraiot\/wp-json\/wp\/v2\/media?parent=7310"}],"curies":[{"name":"wp","href":"https:\/\/api.w.org\/{rel}","templated":true}]}}