{"id":7613,"date":"2022-05-10T14:11:25","date_gmt":"2022-05-10T14:11:25","guid":{"rendered":"https:\/\/catedra.desarrollopaginaweb.es\/?page_id=7613"},"modified":"2022-07-21T10:45:49","modified_gmt":"2022-07-21T10:45:49","slug":"formulario-informacion-formacion","status":"publish","type":"page","link":"https:\/\/catedra.us.es\/catedraiot\/formulario-informacion-formacion\/","title":{"rendered":"Formulario informaci\u00f3n Formaci\u00f3n"},"content":{"rendered":"<section class=\"l-section wpb_row height_auto\" style=\"padding-right: 10% !important;padding-left: 10% !important;\"><div class=\"l-section-h i-cf\" style=\"padding-top: 5% !important;\"><div class=\"g-cols vc_row type_default valign_top\"><div class=\"vc_col-sm-12 wpb_column vc_column_container animate_afb\"><div class=\"vc_column-inner\"><div class=\"wpb_wrapper\"><div class=\"w-separator size_medium\"><\/div><div class=\"g-cols wpb_row  type_default valign_bottom vc_inner \"><div class=\"vc_col-sm-12 wpb_column vc_column_container\"><div class=\"vc_column-inner\"><div class=\"wpb_wrapper\">\r\n\t<div class=\"wpb_text_column \">\r\n\t\t<div class=\"wpb_wrapper\">\r\n\t\t\t<h4 style=\"text-align: center;\">Mantente informado sobre las sesiones formativas<\/h4>\n\r\n\t\t<\/div>\r\n\t<\/div>\r\n\r\n\t<div class=\"wpb_text_column \">\r\n\t\t<div class=\"wpb_wrapper\">\r\n\t\t\t<p style=\"text-align: center;\">Rellena el siguiente formulario si quieres que te avisemos cuando haya sesiones formativas.<\/p>\n\r\n\t\t<\/div>\r\n\t<\/div>\r\n<\/div><\/div><\/div><\/div><div class=\"w-separator size_medium\"><\/div><div class=\"g-cols wpb_row  type_default valign_top vc_inner \"><div class=\"vc_col-sm-2 wpb_column vc_column_container\"><div class=\"vc_column-inner\"><div class=\"wpb_wrapper\"><\/div><\/div><\/div><div class=\"vc_col-sm-8 wpb_column vc_column_container\"><div class=\"vc_column-inner\"><div class=\"wpb_wrapper\">\r\n\t<div class=\"wpb_text_column \">\r\n\t\t<div class=\"wpb_wrapper\">\r\n\t\t\t<div data-uniq='69dfcbbbce8d0' class='uniq-69dfcbbbce8d0 formcraft-css form-live align-center'><style type='text\/css' scoped='scoped'>.formcraft-css input[type=checkbox], .formcraft-css input[type=color], .formcraft-css input[type=date], .formcraft-css input[type=datetime], .formcraft-css input[type=datetime-local], .formcraft-css input[type=email], .formcraft-css input[type=month], .formcraft-css input[type=number], .formcraft-css input[type=search], .formcraft-css input[type=radio], .formcraft-css input[type=tel], .formcraft-css input[type=time], .formcraft-css input[type=url], .formcraft-css input[type=week], .formcraft-css input[type=text], .formcraft-css input[type=password], .formcraft-css select, .formcraft-css textarea {\n    border: 1px solid #000;\n    border-top-color: #000000;\n    border-left-color: #000000;\n    border-radius: 2px;\n    box-shadow: 1px 1px 0 #eee inset;\n    -webkit-box-shadow: 1px 1px 0 #eee inset;\n    padding: 9px 12px 8px;\n    font-size: 1em;\n    font-family: inherit;\n    line-height: normal;\n    box-sizing: border-box;\n    -moz-box-sizing: border-box;\n    transition: border-color .2s;\n    -webkit-transition: border-color .2s;\n    float: none;\n}<\/style><div class='form-logic'>\"\"<\/div><div class=\"fc-pagination-cover fc-pagination-1\">\n\t\t\t\t\t\t<div class=\"fc-pagination\" style=\"width: 100%\">\n\t\t\t\t\t\t\t<div class=\"pagination-trigger \" data-index=\"0\">\n\t\t\t\t\t\t\t\t<span class=\"page-number\"><span >1<\/span><\/span>\n\t\t\t\t\t\t\t\t<span class=\"page-name \"><\/span>\n\t\t\t\t\t\t\t\t\n\t\t\t\t\t\t\t<\/div>\n\t\t\t\t\t\t<\/div>\n\t\t\t\t\t<\/div>\n\t\t\t\t\t\n\t\t\t\t\t<style scoped=\"scoped\" >\n\t\t\t\t\t@media (max-width : 480px) {\n\t\t\t\t\t\t.fc_modal-dialog-4 .fc-pagination-cover .fc-pagination\n\t\t\t\t\t\t{\n\t\t\t\t\t\tbackground-color: #ffffff !important;\n\t\t\t\t\t\t}\n\t\t\t\t\t}\n\t\t\t\t\t\t.formcraft-css .fc-form.fc-form-4 .form-element .submit-cover .submit-button,\n\t\t\t\t\t\t.formcraft-css .fc-form.fc-form-4 .form-element .fileupload-cover .button-file,\n\t\t\t\t\t\t.formcraft-css .fc-form.fc-form-4 .form-element .field-cover .button,\n\t\t\t\t\t\t#ui-datepicker-div.fc-datepicker .ui-datepicker-header,\n\t\t\t\t\t\t.formcraft-css .fc-form.fc-form-4 .stripe-amount-show\n\t\t\t\t\t\t{\n\t\t\t\t\t\t\tbackground: #005c9b;\n\t\t\t\t\t\t\tcolor: #fff;\n\t\t\t\t\t\t}\n\t\t\t\t\t\t.formcraft-css .fc-form.fc-form-4 .form-element .slider-cover .ui-slider-range\n\t\t\t\t\t\t{\n\t\t\t\t\t\t\tbackground: #005c9b;\n\t\t\t\t\t\t}\n\t\t\t\t\t\t#ui-datepicker-div.fc-datepicker .ui-datepicker-header,\n\t\t\t\t\t\t.formcraft-css .fc-form .field-cover>div.full hr\n\t\t\t\t\t\t{\n\t\t\t\t\t\t\tborder-color: #005088;\n\t\t\t\t\t\t}\n\t\t\t\t\t\t#ui-datepicker-div.fc-datepicker .ui-datepicker-prev:hover,\n\t\t\t\t\t\t#ui-datepicker-div.fc-datepicker .ui-datepicker-next:hover,\n\t\t\t\t\t\t#ui-datepicker-div.fc-datepicker select.ui-datepicker-month:hover,\n\t\t\t\t\t\t#ui-datepicker-div.fc-datepicker select.ui-datepicker-year:hover\n\t\t\t\t\t\t{\n\t\t\t\t\t\t\tbackground-color: #005088;\n\t\t\t\t\t\t}\n\t\t\t\t\t\t.formcraft-css .fc-pagination>div.active .page-number,\n\t\t\t\t\t\t.formcraft-css .form-cover-builder .fc-pagination>div:first-child .page-number\n\t\t\t\t\t\t{\n\t\t\t\t\t\t\tbackground-color: #005c9b;\n\t\t\t\t\t\t\tborder-color: #005088;\n\t\t\t\t\t\t\tcolor: #fff;\n\t\t\t\t\t\t}\n\t\t\t\t\t\t#ui-datepicker-div.fc-datepicker table.ui-datepicker-calendar th,\n\t\t\t\t\t\t#ui-datepicker-div.fc-datepicker table.ui-datepicker-calendar td.ui-datepicker-today a,\n\t\t\t\t\t\t.formcraft-css .fc-form.fc-form-4 .form-element .star-cover label,\n\t\t\t\t\t\thtml .formcraft-css .fc-form.label-floating .form-element .field-cover.has-focus>span,\n\t\t\t\t\t\t.formcraft-css .fc-form.fc-form-4 .form-element .customText-cover a,\n\t\t\t\t\t\t.formcraft-css .prev-next>div span:hover\n\t\t\t\t\t\t{\n\t\t\t\t\t\t\tcolor: #005c9b;\n\t\t\t\t\t\t}\n\t\t\t\t\t\t.formcraft-css .fc-form.fc-form-4 .form-element .customText-cover a:hover\n\t\t\t\t\t\t{\n\t\t\t\t\t\t\tcolor: #005088;\n\t\t\t\t\t\t}\n\t\t\t\t\t\thtml .formcraft-css .fc-form.fc-form-4.label-floating .form-element .field-cover > span\n\t\t\t\t\t\t{\n\t\t\t\t\t\t\tcolor: #000000;\n\t\t\t\t\t\t}\n\t\t\t\t\t\t.formcraft-css .fc-form.fc-form-4.label-floating .form-element .field-cover input[type=\"text\"],\n\t\t\t\t\t\t.formcraft-css .fc-form.fc-form-4.label-floating .form-element .field-cover input[type=\"email\"],\n\t\t\t\t\t\t.formcraft-css .fc-form.fc-form-4.label-floating .form-element .field-cover input[type=\"password\"],\n\t\t\t\t\t\t.formcraft-css .fc-form.fc-form-4.label-floating .form-element .field-cover input[type=\"tel\"],\n\t\t\t\t\t\t.formcraft-css .fc-form.fc-form-4.label-floating .form-element .field-cover textarea,\n\t\t\t\t\t\t.formcraft-css .fc-form.fc-form-4.label-floating .form-element .field-cover select,\n\t\t\t\t\t\t.formcraft-css .fc-form.fc-form-4.label-floating .form-element .field-cover .time-fields-cover\n\t\t\t\t\t\t{\n\t\t\t\t\t\t\tborder-bottom-color: #000000;\n\t\t\t\t\t\t\tcolor: #000000;\n\t\t\t\t\t\t}\n\t\t\t\t\t\t.formcraft-css .fc-form.fc-form-4 .form-element .field-cover input[type=\"text\"],\n\t\t\t\t\t\t.formcraft-css .fc-form.fc-form-4 .form-element .field-cover input[type=\"password\"],\n\t\t\t\t\t\t.formcraft-css .fc-form.fc-form-4 .form-element .field-cover input[type=\"email\"],\n\t\t\t\t\t\t.formcraft-css .fc-form.fc-form-4 .form-element .field-cover input[type=\"tel\"],\n\t\t\t\t\t\t.formcraft-css .fc-form.fc-form-4 .form-element .field-cover select,\n\t\t\t\t\t\t.formcraft-css .fc-form.fc-form-4 .form-element .field-cover textarea\n\t\t\t\t\t\t{\n\t\t\t\t\t\t\tbackground-color: #ffffff;\n\t\t\t\t\t\t}\n\t\t\t\t\t\t.formcraft-css .fc-form.fc-form-4 .form-element .star-cover label .star\t\t\t\n\t\t\t\t\t\t{\n\t\t\t\t\t\t\ttext-shadow: 0px 1px 0px #005088;\n\t\t\t\t\t\t}\n\t\t\t\t\t\t.formcraft-css .fc-form.fc-form-4 .form-element .slider-cover .ui-slider-range\n\t\t\t\t\t\t{\n\t\t\t\t\t\t\tbox-shadow: 0px 1px 1px #005088 inset;\n\t\t\t\t\t\t}\n\t\t\t\t\t\t.formcraft-css .fc-form.fc-form-4 .form-element .fileupload-cover .button-file,\n\t\t\t\t\t\t.formcraft-css .fc-form.fc-form-4 .form-element .stripe-amount-show\n\t\t\t\t\t\t{\n\t\t\t\t\t\t\tborder-color: #005088;\n\t\t\t\t\t\t}\n\t\t\t\t\t\t.formcraft-css .fc-form.fc-form-4 .stripe-cover.field-cover div.stripe-amount-show::before\n\t\t\t\t\t\t{\n\t\t\t\t\t\t\tborder-top-color: #005088;\n\t\t\t\t\t\t}\n\t\t\t\t\t\t.formcraft-css .fc-form.fc-form-4 .stripe-cover.field-cover div.stripe-amount-show::after\n\t\t\t\t\t\t{\n\t\t\t\t\t\t\tborder-right-color: #005c9b;\n\t\t\t\t\t\t}\n\t\t\t\t\t\t.formcraft-css .fc-form.fc-form-4 .form-element .stripe-amount-show,\n\t\t\t\t\t\t.formcraft-css .fc-form.fc-form-4 .form-element .submit-cover .submit-button .text,\n\t\t\t\t\t\t.formcraft-css .fc-form.fc-form-4 .form-element .field-cover .button\n\t\t\t\t\t\t{\n\t\t\t\t\t\t\ttext-shadow: 1px 0px 3px #005088;\n\t\t\t\t\t\t}\n\t\t\t\t\t\t.formcraft-css .fc-form.fc-form-4 input[type=\"checkbox\"]:checked,\n\t\t\t\t\t\t.formcraft-css .fc-form.fc-form-4 input[type=\"radio\"]:checked\n\t\t\t\t\t\t{\n\t\t\t\t\t\t\tborder-color: #005c9b;\n\t\t\t\t\t\t\tbackground-color: #005c9b;\t\t\t\t\t\t\n\t\t\t\t\t\t}\n\t\t\t\t\t\t.formcraft-css .fc-form.fc-form-4 input[type=\"checkbox\"]:hover,\n\t\t\t\t\t\t.formcraft-css .fc-form.fc-form-4 input[type=\"radio\"]:hover,\n\t\t\t\t\t\t.formcraft-css .fc-form.fc-form-4 input[type=\"checkbox\"]:focus,\n\t\t\t\t\t\t.formcraft-css .fc-form.fc-form-4 input[type=\"radio\"]:focus,\n\t\t\t\t\t\t.formcraft-css .fc-form.fc-form-4 label:hover>input[type=\"checkbox\"],\n\t\t\t\t\t\t.formcraft-css .fc-form.fc-form-4 label:hover>input[type=\"radio\"]\n\t\t\t\t\t\t{\n\t\t\t\t\t\t\tborder-color: #005c9b;\n\t\t\t\t\t\t}\n\t\t\t\t\t\t.formcraft-css .fc-form.fc-form-4 .form-element .form-element-html input[type=\"password\"]:focus,\n\t\t\t\t\t\t.formcraft-css .fc-form.fc-form-4 .form-element .form-element-html input[type=\"email\"]:focus,\n\t\t\t\t\t\t.formcraft-css .fc-form.fc-form-4 .form-element .form-element-html input[type=\"tel\"]:focus,\n\t\t\t\t\t\t.formcraft-css .fc-form.fc-form-4 .form-element .form-element-html input[type=\"text\"]:focus,\n\t\t\t\t\t\t.formcraft-css .fc-form.fc-form-4 .form-element .form-element-html textarea:focus,\n\t\t\t\t\t\t.formcraft-css .fc-form.fc-form-4 .form-element .form-element-html select:focus\n\t\t\t\t\t\t{\n\t\t\t\t\t\t\tborder-color: #005c9b;\n\t\t\t\t\t\t}\n\t\t\t\t\t\t.formcraft-css .fc-form.fc-form-4\t\t\t\t\t\t{\n\t\t\t\t\t\t\tfont-family: inherit;\n\t\t\t\t\t\t}\n\t\t\t\t\t\t@media (max-width : 480px) {\n\t\t\t\t\t\t\thtml .dedicated-page,\n\t\t\t\t\t\t\thtml .dedicated-page .formcraft-css .fc-pagination > div.active\n\t\t\t\t\t\t\t{\n\t\t\t\t\t\t\t\tbackground: #ffffff;\n\t\t\t\t\t\t\t}\n\t\t\t\t\t\t}\n\t\t\t\t\t<\/style>\n\t\t\t\t\t<div class=\"form-cover\">\n\t\t\t\t\t\t<form data-thousand=\"\" data-decimal=\".\" data-delay=\"\" data-id=\"4\" class=\"fc-form fc-form-4 align- fc-temp-class spin- save-form- dont-submit-hidden- disable-enter- label-placeholder frame-hidden remove-asterisk-true icons-hide-true field-alignment-left\" style=\"width: 700px; color: #000000; font-size: 100%; background: #ffffff\">\n\t\t\t\t\t\t\t<div class=\"form-page form-page-0\" data-index=\"0\">\n\t\t\t\t\t\t\t\t\n\t\t\t\t\t\t\t\t<div class=\"form-page-content ng-pristine   ng-isolate-scope \">\n\t\t\t\t\t\t\t\t\t<!-- ngRepeat: element in page track by element.identifier --><div data-identifier=\"field1\" data-index=\"0\" style=\"width: 100%\" class=\" form-element form-element-field1 options-true index-true form-element-0 default-false form-element-type-oneLineText is-required-true odd -handle\">\n\t\t\t\t\t\t\t\t\t\t<div class=\"form-element-html\"><div ><div class=\"oneLineText-cover field-cover  \"><span class=\"sub-label-true\"><span class=\"main-label\"><span >Nombre completo*<\/span><\/span><span class=\"sub-label\"><\/span><\/span><div><span class=\"error\"><\/span><input type=\"text\" placeholder=\"Nombre completo*\" data-field-id=\"field1\" name=\"field1[]\" data-min-char=\"\" data-max-char=\"\" data-val-type=\"\" data-regexp=\"\" data-is-required=\"true\" data-allow-spaces=\"true\" class=\"validation-lenient\" data-placement=\"right\" data-toggle=\"tooltip\" tooltip=\"\" data-trigger=\"focus\" data-html=\"true\" data-input-mask=\"\" data-mask-placeholder=\"\" data-original-title=\"\"><i class=\"no-icon\"><\/i><\/div><\/div><\/div><\/div>\n\t\t\t\t\t\t\t\t\t\t\n\t\t\t\t\t\t\t\t\t<\/div><!-- end ngRepeat: element in page track by element.identifier --><div data-identifier=\"field4\" data-index=\"1\" style=\"width: 100%\" class=\" even form-element form-element-field4 options-true index-true form-element-1 default-false form-element-type-oneLineText is-required-true -handle\">\n\t\t\t\t\t\t\t\t\t\t<div class=\"form-element-html\"><div ><div class=\"oneLineText-cover field-cover  \"><span class=\"sub-label-true\"><span class=\"main-label\"><span >Tel\u00e9fono*<\/span><\/span><span class=\"sub-label\"><\/span><\/span><div><span class=\"error\"><\/span><input type=\"text\" placeholder=\"Tel\u00e9fono*\" data-field-id=\"field4\" name=\"field4[]\" data-min-char=\"\" data-max-char=\"\" data-val-type=\"\" data-regexp=\"\" data-is-required=\"true\" data-allow-spaces=\"true\" class=\"validation-lenient\" data-placement=\"right\" data-toggle=\"tooltip\" tooltip=\"\" data-trigger=\"focus\" data-html=\"true\" data-input-mask=\"\" data-mask-placeholder=\"\" data-original-title=\"\"><i class=\"no-icon\"><\/i><\/div><\/div><\/div><\/div>\n\t\t\t\t\t\t\t\t\t\t\n\t\t\t\t\t\t\t\t\t<\/div><!-- end ngRepeat: element in page track by element.identifier --><div data-identifier=\"field3\" data-index=\"2\" style=\"width: 100%\" class=\" form-element form-element-field3 options-true index-true form-element-2 default-false form-element-type-email is-required-true odd -handle\">\n\t\t\t\t\t\t\t\t\t\t<div class=\"form-element-html\"><div ><div class=\"email-cover field-cover  \"><span class=\"sub-label-false\"><span class=\"main-label\"><span >Correo electr\u00f3nico*<\/span><\/span><span class=\"sub-label\"><\/span><\/span><div><span class=\"error\"><\/span><input placeholder=\"Correo electr\u00f3nico*\" data-field-id=\"field3\" type=\"text\" data-val-type=\"email\" data-is-required=\"true\" name=\"field3\" class=\"validation-lenient\" data-placement=\"right\" data-toggle=\"tooltip\" tooltip=\"\" data-trigger=\"focus\" data-html=\"true\" data-original-title=\"\"><i class=\"icon-mail\"><\/i><\/div><\/div><\/div><\/div>\n\t\t\t\t\t\t\t\t\t\t\n\t\t\t\t\t\t\t\t\t<\/div><!-- end ngRepeat: element in page track by element.identifier --><div data-identifier=\"field7\" data-index=\"3\" style=\"width: 100%\" class=\" even form-element form-element-field7 options-false index-false form-element-3 default-false form-element-type-checkbox is-required-true -handle\">\n\t\t\t\t\t\t\t\t\t\t<div class=\"form-element-html\"><div ><div class=\"images- checkbox-cover field-cover\"><span class=\"sub-label-false\"><span class=\"main-label\"><\/span><span class=\"sub-label\"><\/span><\/span><div data-placement=\"right\" data-toggle=\"tooltip\" tooltip=\"\" data-trigger=\"hover\" data-html=\"true\" data-original-title=\"\"><span class=\"error\"><\/span><!-- ngRepeat: opt in element.elementDefaults.optionsListShow --><label style=\"width:\" ><img><input data-field-id=\"field7\" type=\"radio\" data-is-required=\"true\" name=\"field7[]\" value=\"Consiento el uso de mis datos para los fines indicados en la  <a href=&quot;\/politica-de-privacidad&quot;>Pol\u00edtica de Privacidad<\/a>\" class=\"validation-lenient\"><span><span >Consiento el uso de mis datos para los fines indicados en la  <\/span><a href=\"\/politica-de-privacidad\" >Pol\u00edtica de Privacidad<\/a><\/span><\/label><!-- end ngRepeat: opt in element.elementDefaults.optionsListShow --><\/div><\/div><\/div><\/div>\n\t\t\t\t\t\t\t\t\t\t\n\t\t\t\t\t\t\t\t\t<\/div><!-- end ngRepeat: element in page track by element.identifier --><div data-identifier=\"field8\" data-index=\"4\" style=\"width: 100%\" class=\" form-element form-element-field8 options-false index-false form-element-4 default-false form-element-type-checkbox is-required-true odd -handle\">\n\t\t\t\t\t\t\t\t\t\t<div class=\"form-element-html\"><div ><div class=\"images- checkbox-cover field-cover\"><span class=\"sub-label-false\"><span class=\"main-label\"><\/span><span class=\"sub-label\"><\/span><\/span><div data-placement=\"right\" data-toggle=\"tooltip\" tooltip=\"\" data-trigger=\"hover\" data-html=\"true\" data-original-title=\"\"><span class=\"error\"><\/span><!-- ngRepeat: opt in element.elementDefaults.optionsListShow --><label style=\"width:\" ><img><input data-field-id=\"field8\" type=\"radio\" data-is-required=\"true\" name=\"field8[]\" value=\"Consiento el uso de mis datos en los fines indicados en la <a href=&quot;\/politica-de-privacidad&quot;>Pol\u00edtica de Privacidad<\/a> para la suscripci\u00f3n en blog.\" class=\"validation-lenient\"><span><span >Consiento el uso de mis datos en los fines indicados en la <\/span><a href=\"\/politica-de-privacidad\" >Pol\u00edtica de Privacidad<\/a><span > para la suscripci\u00f3n en blog.<\/span><\/span><\/label><!-- end ngRepeat: opt in element.elementDefaults.optionsListShow --><\/div><\/div><\/div><\/div>\n\t\t\t\t\t\t\t\t\t\t\n\t\t\t\t\t\t\t\t\t<\/div><!-- end ngRepeat: element in page track by element.identifier --><div data-identifier=\"field6\" data-index=\"5\" style=\"width: 100%\" class=\" even form-element form-element-field6 options-false index-false form-element-5 default-false form-element-type-submit is-required-false -handle\">\n\t\t\t\t\t\t\t\t\t\t<div class=\"form-element-html\"><div ><div class=\"animate-false align-center wide-false submit-cover field-cover\"><button type=\"submit\" class=\"button submit-button\"><span class=\"text \">ENVIAR SOLICITUD<\/span><span class=\"spin-cover\"><i style=\"color:\" class=\"loading-icon icon-cog animate-spin\"><\/i><\/span><\/button><\/div><div class=\"submit-response \"><\/div><input type=\"text\" class=\"required_field \" name=\"website\"><\/div><\/div>\n\t\t\t\t\t\t\t\t\t\t\n\t\t\t\t\t\t\t\t\t<\/div><!-- end ngRepeat: element in page track by element.identifier -->\n\t\t\t\t\t\t\t\t<\/div>\n\t\t\t\t\t\t\t<\/div>\n\t\t\t\t\t\t<\/form>\n\t\t\t\t\t\t<div class=\"prev-next prev-next-1\" style=\"width: 700px; color: #000000; font-size: 100%; background: #ffffff\">\n\t\t\t\t\t\t\t<div><input type=\"text\" class=\"ng-pristine  \"><span class=\"inactive page-prev \"><i class=\"icon-angle-left\"><\/i>Previous<\/span><\/div>\n\t\t\t\t\t\t\t<div><input type=\"text\" class=\"ng-pristine  \"><span class=\"page-next \">Next<i class=\"icon-angle-right\"><\/i><\/span><\/div>\n\t\t\t\t\t\t<\/div>\n\t\t\t\t\t<\/div><\/div>\n\r\n\t\t<\/div>\r\n\t<\/div>\r\n<\/div><\/div><\/div><div class=\"vc_col-sm-2 wpb_column vc_column_container\"><div class=\"vc_column-inner\"><div class=\"wpb_wrapper\"><\/div><\/div><\/div><\/div><\/div><\/div><\/div><\/div><\/div><\/section>\n","protected":false},"excerpt":{"rendered":"Mantente informado sobre las sesiones formativas Rellena el siguiente formulario si quieres que te avisemos cuando haya sesiones formativas. .formcraft-css input[type=checkbox], .formcraft-css input[type=color], .formcraft-css input[type=date], .formcraft-css input[type=datetime], .formcraft-css input[type=datetime-local], .formcraft-css input[type=email], .formcraft-css input[type=month], .formcraft-css input[type=number], .formcraft-css input[type=search], .formcraft-css input[type=radio], .formcraft-css input[type=tel], .formcraft-css input[type=time], .formcraft-css input[type=url], .formcraft-css input[type=week], .formcraft-css input[type=text], .formcraft-css input[type=password], .formcraft-css select, .formcraft-css textarea...","protected":false},"author":1,"featured_media":0,"parent":0,"menu_order":0,"comment_status":"closed","ping_status":"closed","template":"","meta":[],"yoast_head":"<!-- This site is optimized with the Yoast SEO plugin v16.0.2 - https:\/\/yoast.com\/wordpress\/plugins\/seo\/ -->\n<title>Formulario informaci\u00f3n Formaci\u00f3n - C\u00e1tedra del IoT<\/title>\n<meta name=\"description\" content=\"Mantente informado sobre las sesiones formativas y dem\u00e1s actividades de informaci\u00f3n de la C\u00e1tedra del IoT.\" \/>\n<meta name=\"robots\" content=\"index, follow, max-snippet:-1, max-image-preview:large, max-video-preview:-1\" \/>\n<link rel=\"canonical\" href=\"https:\/\/catedra.us.es\/catedraiot\/formulario-informacion-formacion\/\" \/>\n<meta property=\"og:locale\" content=\"es_ES\" \/>\n<meta property=\"og:type\" content=\"article\" \/>\n<meta property=\"og:title\" content=\"Formulario informaci\u00f3n Formaci\u00f3n - C\u00e1tedra del IoT\" \/>\n<meta property=\"og:description\" content=\"Mantente informado sobre las sesiones formativas y dem\u00e1s actividades de informaci\u00f3n de la C\u00e1tedra del IoT.\" \/>\n<meta property=\"og:url\" content=\"https:\/\/catedra.us.es\/catedraiot\/formulario-informacion-formacion\/\" \/>\n<meta property=\"og:site_name\" content=\"C\u00e1tedra IoT\" \/>\n<meta property=\"article:modified_time\" content=\"2022-07-21T10:45:49+00:00\" \/>\n<meta name=\"twitter:card\" content=\"summary_large_image\" \/>\n<meta name=\"twitter:label1\" content=\"Tiempo de lectura\">\n\t<meta name=\"twitter:data1\" content=\"1 minuto\">\n<script type=\"application\/ld+json\" class=\"yoast-schema-graph\">{\"@context\":\"https:\/\/schema.org\",\"@graph\":[{\"@type\":\"Organization\",\"@id\":\"https:\/\/catedra.us.es\/catedraiot\/#organization\",\"name\":\"Catedra del IoT\",\"url\":\"https:\/\/catedra.us.es\/catedraiot\/\",\"sameAs\":[],\"logo\":{\"@type\":\"ImageObject\",\"@id\":\"https:\/\/catedra.us.es\/catedraiot\/#logo\",\"inLanguage\":\"es\",\"url\":\"\",\"caption\":\"Catedra del IoT\"},\"image\":{\"@id\":\"https:\/\/catedra.us.es\/catedraiot\/#logo\"}},{\"@type\":\"WebSite\",\"@id\":\"https:\/\/catedra.us.es\/catedraiot\/#website\",\"url\":\"https:\/\/catedra.us.es\/catedraiot\/\",\"name\":\"C\\u00e1tedra IoT\",\"description\":\"C\\u00e1tedra del Internet de las Cosas\",\"publisher\":{\"@id\":\"https:\/\/catedra.us.es\/catedraiot\/#organization\"},\"potentialAction\":[{\"@type\":\"SearchAction\",\"target\":\"https:\/\/catedra.us.es\/catedraiot\/?s={search_term_string}\",\"query-input\":\"required name=search_term_string\"}],\"inLanguage\":\"es\"},{\"@type\":\"WebPage\",\"@id\":\"https:\/\/catedra.us.es\/catedraiot\/formulario-informacion-formacion\/#webpage\",\"url\":\"https:\/\/catedra.us.es\/catedraiot\/formulario-informacion-formacion\/\",\"name\":\"Formulario informaci\\u00f3n Formaci\\u00f3n - C\\u00e1tedra del IoT\",\"isPartOf\":{\"@id\":\"https:\/\/catedra.us.es\/catedraiot\/#website\"},\"datePublished\":\"2022-05-10T14:11:25+00:00\",\"dateModified\":\"2022-07-21T10:45:49+00:00\",\"description\":\"Mantente informado sobre las sesiones formativas y dem\\u00e1s actividades de informaci\\u00f3n de la C\\u00e1tedra del IoT.\",\"breadcrumb\":{\"@id\":\"https:\/\/catedra.us.es\/catedraiot\/formulario-informacion-formacion\/#breadcrumb\"},\"inLanguage\":\"es\",\"potentialAction\":[{\"@type\":\"ReadAction\",\"target\":[\"https:\/\/catedra.us.es\/catedraiot\/formulario-informacion-formacion\/\"]}]},{\"@type\":\"BreadcrumbList\",\"@id\":\"https:\/\/catedra.us.es\/catedraiot\/formulario-informacion-formacion\/#breadcrumb\",\"itemListElement\":[{\"@type\":\"ListItem\",\"position\":1,\"item\":{\"@type\":\"WebPage\",\"@id\":\"https:\/\/catedra.us.es\/catedraiot\/\",\"url\":\"https:\/\/catedra.us.es\/catedraiot\/\",\"name\":\"Portada\"}},{\"@type\":\"ListItem\",\"position\":2,\"item\":{\"@type\":\"WebPage\",\"@id\":\"https:\/\/catedra.us.es\/catedraiot\/formulario-informacion-formacion\/\",\"url\":\"https:\/\/catedra.us.es\/catedraiot\/formulario-informacion-formacion\/\",\"name\":\"Formulario informaci\\u00f3n Formaci\\u00f3n\"}}]}]}<\/script>\n<!-- \/ Yoast SEO plugin. -->","_links":{"self":[{"href":"https:\/\/catedra.us.es\/catedraiot\/wp-json\/wp\/v2\/pages\/7613"}],"collection":[{"href":"https:\/\/catedra.us.es\/catedraiot\/wp-json\/wp\/v2\/pages"}],"about":[{"href":"https:\/\/catedra.us.es\/catedraiot\/wp-json\/wp\/v2\/types\/page"}],"author":[{"embeddable":true,"href":"https:\/\/catedra.us.es\/catedraiot\/wp-json\/wp\/v2\/users\/1"}],"replies":[{"embeddable":true,"href":"https:\/\/catedra.us.es\/catedraiot\/wp-json\/wp\/v2\/comments?post=7613"}],"version-history":[{"count":2,"href":"https:\/\/catedra.us.es\/catedraiot\/wp-json\/wp\/v2\/pages\/7613\/revisions"}],"predecessor-version":[{"id":7651,"href":"https:\/\/catedra.us.es\/catedraiot\/wp-json\/wp\/v2\/pages\/7613\/revisions\/7651"}],"wp:attachment":[{"href":"https:\/\/catedra.us.es\/catedraiot\/wp-json\/wp\/v2\/media?parent=7613"}],"curies":[{"name":"wp","href":"https:\/\/api.w.org\/{rel}","templated":true}]}}