{"id":7775,"date":"2022-11-24T12:14:31","date_gmt":"2022-11-24T12:14:31","guid":{"rendered":"https:\/\/catedra.us.es\/catedraiot\/?page_id=7775"},"modified":"2024-04-04T08:57:00","modified_gmt":"2024-04-04T08:57:00","slug":"inscripcion-becas-tfg-y-tfm","status":"publish","type":"page","link":"https:\/\/catedra.us.es\/catedraiot\/inscripcion-becas-tfg-y-tfm\/","title":{"rendered":"Formulario inscripci\u00f3n becas TFG y TFM"},"content":{"rendered":"<section class=\"l-section wpb_row height_auto\"><div class=\"l-section-h i-cf\"><div class=\"g-cols vc_row type_default valign_top\"><div class=\"vc_col-sm-12 wpb_column vc_column_container\"><div class=\"vc_column-inner\"><div class=\"wpb_wrapper\">\r\n\t<div class=\"wpb_text_column \">\r\n\t\t<div class=\"wpb_wrapper\">\r\n\t\t\t\r\n\t\t<\/div>\r\n\t<\/div>\r\n<div class=\"w-separator size_medium\"><\/div><\/div><\/div><\/div><\/div><\/div><\/section><section class=\"l-section wpb_row height_auto\"><div class=\"l-section-h i-cf\"><div class=\"g-cols vc_row type_default valign_top\"><div class=\"vc_col-sm-12 wpb_column vc_column_container\"><div class=\"vc_column-inner\"><div class=\"wpb_wrapper\"><div class=\"w-separator size_small\"><\/div><\/div><\/div><\/div><\/div><\/div><\/section><section class=\"l-section wpb_row height_auto\"><div class=\"l-section-h i-cf\"><div class=\"g-cols vc_row type_default valign_top\"><div class=\"vc_col-sm-12 wpb_column vc_column_container\"><div class=\"vc_column-inner\"><div class=\"wpb_wrapper\">\r\n\t<div class=\"wpb_text_column \">\r\n\t\t<div class=\"wpb_wrapper\">\r\n\t\t\t<h4 style=\"text-align: center;\">PRESENTA TU SOLICITUD PARA LA<br \/>\n2\u00aa EDICI\u00d3N DE LAS BECAS<br \/>\nC\u00c1TEDRA DEL IOT PARA TFG Y TFM<\/h4>\n\r\n\t\t<\/div>\r\n\t<\/div>\r\n<div class=\"w-separator size_small\"><\/div><\/div><\/div><\/div><\/div><\/div><\/section><section class=\"l-section wpb_row height_auto\"><div class=\"l-section-h i-cf\"><div class=\"g-cols vc_row type_default valign_top\"><div class=\"vc_col-sm-3 wpb_column vc_column_container\"><div class=\"vc_column-inner\"><div class=\"wpb_wrapper\"><\/div><\/div><\/div><div class=\"vc_col-sm-6 wpb_column vc_column_container\"><div class=\"vc_column-inner\"><div class=\"wpb_wrapper\">\r\n\t<div class=\"wpb_text_column \">\r\n\t\t<div class=\"wpb_wrapper\">\r\n\t\t\t<h6 style=\"text-align: center;\">\u00bfQUI\u00c9N PUEDE SOLICITAR UNA BECA?<\/h6>\n<p>Estas becas est\u00e1n dirigidas al alumnado de cualquier rama de la ingenier\u00eda de la Universidad de Sevilla. Tienen por objeto apoyar a estudiantes que realicen sus TFG o TFM en base a alguna de las tem\u00e1ticas propuestas por la c\u00e1tedra. Dichos proyectos deber\u00e1n ser presentados, como tarde, en septiembre de 2024. Con esta iniciativa, la c\u00e1tedra busca promover la investigaci\u00f3n y el desarrollo en el campo del Internet de las Cosas y la gesti\u00f3n inteligente de la energ\u00eda.<\/p>\n\r\n\t\t<\/div>\r\n\t<\/div>\r\n<\/div><\/div><\/div><div class=\"vc_col-sm-3 wpb_column vc_column_container\"><div class=\"vc_column-inner\"><div class=\"wpb_wrapper\"><\/div><\/div><\/div><\/div><\/div><\/section><section class=\"l-section wpb_row height_auto\"><div class=\"l-section-h i-cf\"><div class=\"g-cols vc_row type_default valign_top\"><div class=\"vc_col-sm-12 wpb_column vc_column_container\"><div class=\"vc_column-inner\"><div class=\"wpb_wrapper\"><div class=\"w-separator size_medium\"><\/div><\/div><\/div><\/div><\/div><\/div><\/section><section class=\"l-section wpb_row height_auto\"><div class=\"l-section-h i-cf\"><div class=\"g-cols vc_row type_default valign_top\"><div class=\"vc_col-sm-2 wpb_column vc_column_container\"><div class=\"vc_column-inner\"><div class=\"wpb_wrapper\"><\/div><\/div><\/div><div class=\"vc_col-sm-8 wpb_column vc_column_container\"><div class=\"vc_column-inner\"><div class=\"wpb_wrapper\"><div class=\"w-tabs layout_default accordion title_atcenter icon_plus iconpos_right vc_custom_1669291042852 \"><div class=\"w-tabs-list items_1\"><div class=\"w-tabs-list-h\"><div class=\"w-tabs-item\"><a href=\"#1669133191641-73fd2444-9804\" class=\"w-tabs-item-h\"><span class=\"w-tabs-item-title\"><strong>CONSULTA LAS TEM\u00c1TICAS PROPUESTAS<\/strong><\/span><\/a><\/div><\/div><\/div><div class=\"w-tabs-sections\"><div class=\"w-tabs-sections-h\"><div class=\"w-tabs-section\" id=\"1669133191641-73fd2444-9804\"><a href=\"#1669133191641-73fd2444-9804\" class=\"w-tabs-section-header\"><div class=\"w-tabs-section-header-h\"><div class=\"w-tabs-section-title\"><strong>CONSULTA LAS TEM\u00c1TICAS PROPUESTAS<\/strong><\/div><div class=\"w-tabs-section-control\"><\/div><\/div><\/a><div class=\"w-tabs-section-content\"><div class=\"w-tabs-section-content-h i-cf\">\r\n\t<div class=\"wpb_text_column \">\r\n\t\t<div class=\"wpb_wrapper\">\r\n\t\t\t<p>Los alumnos becados deber\u00e1n elaborar su TFG o TFM sobre alguna de las siguientes tem\u00e1ticas propuestas:<\/p>\n<p><strong>Tem\u00e1tica 1<\/strong>: <strong>Dise\u00f1o y simulaci\u00f3n de antenas de circuito impreso para equipos embebidos IoT.\u00a0<\/strong><\/p>\n<p>El dise\u00f1o de antenas deber\u00e1 enfocarse a las tecnolog\u00edas m\u00e1s relevantes usadas actualmente en el mundo IoT: <em>BLE bluetooth low energy, Zigbee<\/em> (2.4GHz y 868MHz), NB IoT y Wifi.<\/p>\n<p>Para la simulaci\u00f3n de antenas se valorar\u00e1 el uso de software de simulaci\u00f3n de campos electromagn\u00e9ticos con licencia educacional como pueden ser HFSS (Ansys) o CST <em>microwave studio<\/em>. Comparativa de par\u00e1metros relevantes entre la antena simulada y la antena fabricada. Adaptaci\u00f3n de impedancias, patr\u00f3n y ganancia de antena y eficiencia.<\/p>\n<p><strong>Tem\u00e1tica 2<\/strong>: <strong>Estudio y test de las nuevas tecnolog\u00edas de red para IoT orientadas a los hogares conectados: Thread y Matter<\/strong><\/p>\n<p>Desarrollo de una red de sensores basada en Matter. Evaluar las distintas tecnolog\u00edas empleadas para el transporte desarrollando dispositivos basados en WiFi y Thread.<\/p>\n<p>Elementos a desarrollar:<\/p>\n<ul>\n<li>Matter controller: Elemento de control que actuar\u00e1 directamente sobre actuadores Matter.<\/li>\n<li>Matter wi-fi end device: Actuador o sensor. Elemento Wi-Fi que se conectar\u00e1 a la red matter.<\/li>\n<li>Matter thread end device: Actuador o sensor. Elemento thread que se conectar\u00e1 a la red Matter. Requiere de border router para poder comunicarse con el resto de la red.<\/li>\n<li>Thread Border Router: Elemento intermedio que conecta los equipos Thread a la red IP.<\/li>\n<\/ul>\n<p><strong>Tem\u00e1tica 3<\/strong>: <strong>An\u00e1lisis y simulaci\u00f3n de placas de circuito impreso.<\/strong><\/p>\n<ul>\n<li>Realizar simulaciones del dise\u00f1o electr\u00f3nico con los distintos paquetes de simulaci\u00f3n de Ansys sw<\/li>\n<li>Simulaci\u00f3n de compatibilidad electromagn\u00e9tica<\/li>\n<li>Simulaci\u00f3n de integridad de la se\u00f1al<\/li>\n<li>Simulaciones t\u00e9rmicas<\/li>\n<li>Simulaci\u00f3n de flujo de corriente<\/li>\n<\/ul>\n<p><strong>Tem\u00e1tica 4<\/strong>: <strong>Uso de la interfaz JTAG para las pruebas funcionales de HW.<\/strong><\/p>\n<p>Investigar el uso del BOUNDARY SCAN para el testeo no invasivo de PCBs. La tecnolog\u00eda boundary-scan permite la lectura\/escritura de valores directamente en los puertos de microcontroladores sin la necesidad de cargar firmware. El proyecto consistir\u00e1 en los siguientes hitos:<\/p>\n<ul>\n<li>Estudio de la tecnolog\u00eda boundary-scan y elaboraci\u00f3n de documento con los requisitos para poder emplearla.<\/li>\n<li>Selecci\u00f3n de herramientas software y hardware para aplicar boundary-scan.<\/li>\n<li>Dise\u00f1o de test funcionales usando boundary-scan sobre una placa hardware. Dichos test incluir\u00e1n:\n<ul>\n<li>Integridad conexionado de MCU.<\/li>\n<li>Lectura de valores l\u00f3gicos.<\/li>\n<li>Escritura de valores l\u00f3gicos.<\/li>\n<li>Prueba de comunicaciones (I2C, SPI, UART).<\/li>\n<\/ul>\n<\/li>\n<\/ul>\n\r\n\t\t<\/div>\r\n\t<\/div>\r\n<\/div><\/div><\/div><\/div><\/div><\/div><\/div><\/div><\/div><div class=\"vc_col-sm-2 wpb_column vc_column_container\"><div class=\"vc_column-inner\"><div class=\"wpb_wrapper\"><\/div><\/div><\/div><\/div><\/div><\/section><section class=\"l-section wpb_row height_auto\"><div class=\"l-section-h i-cf\"><div class=\"g-cols vc_row type_default valign_top\"><div class=\"vc_col-sm-12 wpb_column vc_column_container\"><div class=\"vc_column-inner\"><div class=\"wpb_wrapper\"><\/div><\/div><\/div><\/div><\/div><\/section><section class=\"l-section wpb_row height_auto\"><div class=\"l-section-h i-cf\"><div class=\"g-cols vc_row type_default valign_top\"><div class=\"vc_col-sm-3 wpb_column vc_column_container\"><div class=\"vc_column-inner\"><div class=\"wpb_wrapper\"><\/div><\/div><\/div><div class=\"vc_col-sm-6 wpb_column vc_column_container\"><div class=\"vc_column-inner\"><div class=\"wpb_wrapper\"><div class=\"w-separator size_medium\"><\/div>\r\n\t<div class=\"wpb_text_column \">\r\n\t\t<div class=\"wpb_wrapper\">\r\n\t\t\t<h6 style=\"text-align: center;\">\u00bfEN QU\u00c9 CONSISTEN LAS BECAS?<\/h6>\n<p>En esta segunda edici\u00f3n, la C\u00e1tedra del IoT seleccionar\u00e1 a dos alumnos entre aquellos que hayan presentado su solicitud. Los alumnos seleccionados se beneficiar\u00e1n de sendas becas de apoyo que durar\u00e1n cinco meses y contar\u00e1n con una dotaci\u00f3n econ\u00f3mica de 3500 euros para realizar su TFG o TFM.<\/p>\n\r\n\t\t<\/div>\r\n\t<\/div>\r\n<div class=\"w-separator size_custom\" style=\"height:12PX;\"><\/div>\r\n\t<div class=\"wpb_text_column \">\r\n\t\t<div class=\"wpb_wrapper\">\r\n\t\t\t<h6 style=\"text-align: center;\">PLAZO DE PRESENTACI\u00d3N DE SOLICITUDES<\/h6>\n<p>La convocatoria para solicitar las becas de la C\u00e1tedra del IoT se encuentra publicada en la web de la Fundaci\u00f3n de Investigaci\u00f3n de la Universidad de Sevilla (FIUS) y <strong>el plazo para presentar solicitudes finaliza el pr\u00f3ximo 18 de abril.\u00a0<\/strong><\/p>\n\r\n\t\t<\/div>\r\n\t<\/div>\r\n<\/div><\/div><\/div><div class=\"vc_col-sm-3 wpb_column vc_column_container\"><div class=\"vc_column-inner\"><div class=\"wpb_wrapper\"><\/div><\/div><\/div><\/div><\/div><\/section><section class=\"l-section wpb_row height_auto\"><div class=\"l-section-h i-cf\"><div class=\"g-cols vc_row type_default valign_top\"><div class=\"vc_col-sm-3 wpb_column vc_column_container\"><div class=\"vc_column-inner\"><div class=\"wpb_wrapper\"><\/div><\/div><\/div><div class=\"vc_col-sm-6 wpb_column vc_column_container\"><div class=\"vc_column-inner\"><div class=\"wpb_wrapper\"><div class=\"w-separator size_custom\" style=\"height:12px;\"><\/div>\r\n\t<div class=\"wpb_text_column \">\r\n\t\t<div class=\"wpb_wrapper\">\r\n\t\t\t<h6 style=\"text-align: center;\">\u00bfC\u00d3MO PRESENTO MI SOLICITUD?<\/h6>\n<p>Los interesados en solicitar una beca C\u00e1tedra del Internet de las Cosas para realizar el Trabajo Fin de Grado o Trabajo Fin de M\u00e1ster deber\u00e1n presentar su solicitud a trav\u00e9s de la p\u00e1gina web de la Fundaci\u00f3n de Investigaci\u00f3n de la Universidad de Sevilla (FIUS) siguiendo las instrucciones indicadas en las convocatorias correspondientes.<\/p>\n<ul>\n<li><a id=\"OWA2042221e-91c7-5f46-a315-43f0b6285b2c\" class=\"OWAAutoLink\" href=\"https:\/\/fius.us.es\/4414-convocatoria-de-beca-estudiante-matriculado-de-4o-curso-de-grado-y-que-vaya-a-comenzar-el-tfg-de-cualquier-grado-de-ingenieria-de-la-u-s\/\" target=\"_blank\" rel=\"noopener\" data-loopstyle=\"linkonly\">Consulta aqu\u00ed la convocatoria para solicitar una beca para realizar tu TFG<\/a><\/li>\n<li><a id=\"OWA4f9294dc-2a72-c3e6-4b0b-56d24d8a1ed0\" class=\"OWAAutoLink\" href=\"https:\/\/fius.us.es\/4414-convocatoria-de-beca-grado-en-ingenieria-de-tecnologias-industriales-grado-en-ingenieria-de-las-tecnologias-de-telecomunicacion-grado-en-ingenieria-de-la-energia-o-cualquier-otro-grado-de-ing\/\" target=\"_blank\" rel=\"noopener\" data-loopstyle=\"linkonly\">Consulta aqu\u00ed la convocatoria para solicitar una beca para realizar tu TFM<\/a><\/li>\n<\/ul>\n<p>Para consultar cualquier duda relativa a las becas, pueden ponerse en contacto con la C\u00e1tedra del Internet de las Cosas enviando un correo electr\u00f3nico a la direcci\u00f3n catedraiot@us.es.<\/p>\n\r\n\t\t<\/div>\r\n\t<\/div>\r\n<\/div><\/div><\/div><div class=\"vc_col-sm-3 wpb_column vc_column_container\"><div class=\"vc_column-inner\"><div class=\"wpb_wrapper\"><\/div><\/div><\/div><\/div><\/div><\/section><section class=\"l-section wpb_row height_auto\"><div class=\"l-section-h i-cf\"><div class=\"g-cols vc_row type_default valign_top\"><div class=\"vc_col-sm-12 wpb_column vc_column_container\"><div class=\"vc_column-inner\"><div class=\"wpb_wrapper\"><div class=\"w-separator size_custom\" style=\"height:12px;\"><\/div><div class=\"w-separator size_medium\"><\/div><\/div><\/div><\/div><\/div><\/div><\/section><section class=\"l-section wpb_row height_auto\"><div class=\"l-section-h i-cf\"><div class=\"g-cols vc_row type_default valign_top\"><div class=\"vc_col-sm-3 wpb_column vc_column_container\"><div class=\"vc_column-inner\"><div class=\"wpb_wrapper\"><div class=\"w-separator size_medium\"><\/div><\/div><\/div><\/div><div class=\"vc_col-sm-6 wpb_column vc_column_container\"><div class=\"vc_column-inner\"><div class=\"wpb_wrapper\"><div class=\"w-separator size_medium\"><\/div><\/div><\/div><\/div><div class=\"vc_col-sm-3 wpb_column vc_column_container\"><div class=\"vc_column-inner\"><div class=\"wpb_wrapper\"><\/div><\/div><\/div><\/div><\/div><\/section>\n","protected":false},"excerpt":{"rendered":"PRESENTA TU SOLICITUD PARA LA 2\u00aa EDICI\u00d3N DE LAS BECAS C\u00c1TEDRA DEL IOT PARA TFG Y TFM \u00bfQUI\u00c9N PUEDE SOLICITAR UNA BECA? Estas becas est\u00e1n dirigidas al alumnado de cualquier rama de la ingenier\u00eda de la Universidad de Sevilla. Tienen por objeto apoyar a estudiantes que realicen sus TFG o TFM en base a alguna...","protected":false},"author":1,"featured_media":0,"parent":0,"menu_order":0,"comment_status":"closed","ping_status":"closed","template":"","meta":[],"yoast_head":"<!-- This site is optimized with the Yoast SEO plugin v16.0.2 - https:\/\/yoast.com\/wordpress\/plugins\/seo\/ -->\n<title>Formulario inscripci\u00f3n becas TFG y TFM - C\u00e1tedra IoT<\/title>\n<meta name=\"description\" content=\"En esta primera edici\u00f3n, la C\u00e1tedra del IoT otorgar\u00e1 becas de apoyo para la realizaci\u00f3n de TFG o TFM.\" \/>\n<meta name=\"robots\" content=\"index, follow, max-snippet:-1, max-image-preview:large, max-video-preview:-1\" \/>\n<link rel=\"canonical\" href=\"https:\/\/catedra.us.es\/catedraiot\/inscripcion-becas-tfg-y-tfm\/\" \/>\n<meta property=\"og:locale\" content=\"es_ES\" \/>\n<meta property=\"og:type\" content=\"article\" \/>\n<meta property=\"og:title\" content=\"Formulario inscripci\u00f3n becas TFG y TFM - C\u00e1tedra IoT\" \/>\n<meta property=\"og:description\" content=\"En esta primera edici\u00f3n, la C\u00e1tedra del IoT otorgar\u00e1 becas de apoyo para la realizaci\u00f3n de TFG o TFM.\" \/>\n<meta property=\"og:url\" content=\"https:\/\/catedra.us.es\/catedraiot\/inscripcion-becas-tfg-y-tfm\/\" \/>\n<meta property=\"og:site_name\" content=\"C\u00e1tedra IoT\" \/>\n<meta property=\"article:modified_time\" content=\"2024-04-04T08:57:00+00:00\" \/>\n<meta name=\"twitter:card\" content=\"summary_large_image\" \/>\n<meta name=\"twitter:label1\" content=\"Tiempo de lectura\">\n\t<meta name=\"twitter:data1\" content=\"4 minutos\">\n<script type=\"application\/ld+json\" class=\"yoast-schema-graph\">{\"@context\":\"https:\/\/schema.org\",\"@graph\":[{\"@type\":\"Organization\",\"@id\":\"https:\/\/catedra.us.es\/catedraiot\/#organization\",\"name\":\"Catedra del IoT\",\"url\":\"https:\/\/catedra.us.es\/catedraiot\/\",\"sameAs\":[],\"logo\":{\"@type\":\"ImageObject\",\"@id\":\"https:\/\/catedra.us.es\/catedraiot\/#logo\",\"inLanguage\":\"es\",\"url\":\"\",\"caption\":\"Catedra del IoT\"},\"image\":{\"@id\":\"https:\/\/catedra.us.es\/catedraiot\/#logo\"}},{\"@type\":\"WebSite\",\"@id\":\"https:\/\/catedra.us.es\/catedraiot\/#website\",\"url\":\"https:\/\/catedra.us.es\/catedraiot\/\",\"name\":\"C\\u00e1tedra IoT\",\"description\":\"C\\u00e1tedra del Internet de las Cosas\",\"publisher\":{\"@id\":\"https:\/\/catedra.us.es\/catedraiot\/#organization\"},\"potentialAction\":[{\"@type\":\"SearchAction\",\"target\":\"https:\/\/catedra.us.es\/catedraiot\/?s={search_term_string}\",\"query-input\":\"required name=search_term_string\"}],\"inLanguage\":\"es\"},{\"@type\":\"WebPage\",\"@id\":\"https:\/\/catedra.us.es\/catedraiot\/inscripcion-becas-tfg-y-tfm\/#webpage\",\"url\":\"https:\/\/catedra.us.es\/catedraiot\/inscripcion-becas-tfg-y-tfm\/\",\"name\":\"Formulario inscripci\\u00f3n becas TFG y TFM - C\\u00e1tedra IoT\",\"isPartOf\":{\"@id\":\"https:\/\/catedra.us.es\/catedraiot\/#website\"},\"datePublished\":\"2022-11-24T12:14:31+00:00\",\"dateModified\":\"2024-04-04T08:57:00+00:00\",\"description\":\"En esta primera edici\\u00f3n, la C\\u00e1tedra del IoT otorgar\\u00e1 becas de apoyo para la realizaci\\u00f3n de TFG o TFM.\",\"breadcrumb\":{\"@id\":\"https:\/\/catedra.us.es\/catedraiot\/inscripcion-becas-tfg-y-tfm\/#breadcrumb\"},\"inLanguage\":\"es\",\"potentialAction\":[{\"@type\":\"ReadAction\",\"target\":[\"https:\/\/catedra.us.es\/catedraiot\/inscripcion-becas-tfg-y-tfm\/\"]}]},{\"@type\":\"BreadcrumbList\",\"@id\":\"https:\/\/catedra.us.es\/catedraiot\/inscripcion-becas-tfg-y-tfm\/#breadcrumb\",\"itemListElement\":[{\"@type\":\"ListItem\",\"position\":1,\"item\":{\"@type\":\"WebPage\",\"@id\":\"https:\/\/catedra.us.es\/catedraiot\/\",\"url\":\"https:\/\/catedra.us.es\/catedraiot\/\",\"name\":\"Portada\"}},{\"@type\":\"ListItem\",\"position\":2,\"item\":{\"@type\":\"WebPage\",\"@id\":\"https:\/\/catedra.us.es\/catedraiot\/inscripcion-becas-tfg-y-tfm\/\",\"url\":\"https:\/\/catedra.us.es\/catedraiot\/inscripcion-becas-tfg-y-tfm\/\",\"name\":\"Formulario inscripci\\u00f3n becas TFG y TFM\"}}]}]}<\/script>\n<!-- \/ Yoast SEO plugin. -->","_links":{"self":[{"href":"https:\/\/catedra.us.es\/catedraiot\/wp-json\/wp\/v2\/pages\/7775"}],"collection":[{"href":"https:\/\/catedra.us.es\/catedraiot\/wp-json\/wp\/v2\/pages"}],"about":[{"href":"https:\/\/catedra.us.es\/catedraiot\/wp-json\/wp\/v2\/types\/page"}],"author":[{"embeddable":true,"href":"https:\/\/catedra.us.es\/catedraiot\/wp-json\/wp\/v2\/users\/1"}],"replies":[{"embeddable":true,"href":"https:\/\/catedra.us.es\/catedraiot\/wp-json\/wp\/v2\/comments?post=7775"}],"version-history":[{"count":40,"href":"https:\/\/catedra.us.es\/catedraiot\/wp-json\/wp\/v2\/pages\/7775\/revisions"}],"predecessor-version":[{"id":7988,"href":"https:\/\/catedra.us.es\/catedraiot\/wp-json\/wp\/v2\/pages\/7775\/revisions\/7988"}],"wp:attachment":[{"href":"https:\/\/catedra.us.es\/catedraiot\/wp-json\/wp\/v2\/media?parent=7775"}],"curies":[{"name":"wp","href":"https:\/\/api.w.org\/{rel}","templated":true}]}}