{"id":11227,"date":"2024-10-02T10:40:46","date_gmt":"2024-10-02T08:40:46","guid":{"rendered":"https:\/\/catedra.us.es\/catedrartveus\/?page_id=11227"},"modified":"2026-03-26T14:16:05","modified_gmt":"2026-03-26T13:16:05","slug":"publicaciones","status":"publish","type":"page","link":"https:\/\/catedra.us.es\/catedrartveus\/publicaciones\/","title":{"rendered":"Publicaciones"},"content":{"rendered":"<div class=\"wpb-content-wrapper\"><p>[vc_row][vc_column width=\u00bb1\/3&#8243;][vc_column_text]<a href=\"https:\/\/editorial.us.es\/detalle-libro\/720746\/v-cuaderno-catedra-rtve-us-produccion-audiovisual-conversaciones-con-agus-jimenez-y-jose-carlos-de-isla\" target=\"_blank\" rel=\"noopener\"><img loading=\"lazy\" decoding=\"async\" class=\"wp-image-11481 size-full aligncenter\" src=\"https:\/\/catedra.us.es\/catedrartveus\/wp-content\/uploads\/2026\/03\/tienda_gem-imagenes.jpg\" alt=\"\" width=\"395\" height=\"530\" \/><\/a><\/p>\n<p style=\"text-align: center;\">Garc\u00eda Gordillo, Mar\u00eda del Mar y \u00c1ngeles Mart\u00ednez Garc\u00eda (coords.) (2026): V Cuaderno C\u00e1tedra RTVE-US. Producci\u00f3n Audiovisual. Conversaciones con Agus Jim\u00e9nez y Jos\u00e9 Carlos de Isla. Contenidos Culturales y Creatividad en el Sector Audiovisual y Digital. Sevilla: Editorial Universidad de Sevilla (Colecci\u00f3n Cultura viva, n.\u00ba 55).<\/p>\n<p>[\/vc_column_text][\/vc_column][vc_column width=\u00bb1\/3&#8243;][vc_column_text]<a href=\"https:\/\/editorial.us.es\/es\/detalle-libro\/720729\/iv-cuaderno-catedra-rtve-us-inteligencia-artificial-y-periodismo-conversaciones-con-montserrat-rigall\" target=\"_blank\" rel=\"noopener\"><img loading=\"lazy\" decoding=\"async\" class=\"aligncenter wp-image-11456 size-full\" src=\"https:\/\/catedra.us.es\/catedrartveus\/wp-content\/uploads\/2026\/02\/Libro-Inteligencia-artificial-y-periodismo.jpg\" alt=\"\" width=\"395\" height=\"530\" \/><\/a><\/p>\n<p style=\"text-align: center;\">Garc\u00eda Gordillo, Mar\u00eda del Mar y \u00c1ngeles Mart\u00ednez Garc\u00eda (coords.) (2025): IV Cuaderno C\u00e1tedra RTVE-US. Inteligencia artificial y periodismo. Conversaciones con Montserrat Rigall. Sevilla: Editorial Universidad de Sevilla (Colecci\u00f3n Cultura viva, n.\u00ba 53).<\/p>\n<p>[\/vc_column_text][\/vc_column][vc_column width=\u00bb1\/3&#8243;][vc_column_text]<a href=\"https:\/\/editorial.us.es\/es\/detalle-libro\/720692\/iii-cuaderno-catedra-rtve-us-gamificacion-y-realidad-virtual-en-entornos-educativos\" target=\"_blank\" rel=\"noopener\"><img loading=\"lazy\" decoding=\"async\" class=\"wp-image-11435 size-full aligncenter\" src=\"https:\/\/catedra.us.es\/catedrartveus\/wp-content\/uploads\/2025\/11\/Captura.jpg\" alt=\"\" width=\"395\" height=\"531\" \/><\/a><\/p>\n<p style=\"text-align: center;\">Mar\u00eda del Mar Garc\u00eda Gordillo y Mart\u00ednez-Garc\u00eda, \u00c1ngeles (coords.) (2025): Gamificaci\u00f3n y realidad virtual en entornos educativos. Sevilla: Editorial Universidad de Sevilla (Colecci\u00f3n Cultura viva, n.\u00ba 51).<\/p>\n<p>[\/vc_column_text][\/vc_column][\/vc_row][vc_row][vc_column width=\u00bb1\/3&#8243;][vc_column_text]<a href=\"https:\/\/editorial.us.es\/es\/detalle-libro\/720626\/ii-cuaderno-catedra-rtve-us-conversaciones-con-javier-gutierrez-redactor-de-internacional-tve\" target=\"_blank\" rel=\"noopener\"><img loading=\"lazy\" decoding=\"async\" class=\"aligncenter wp-image-11342 size-full\" src=\"https:\/\/catedra.us.es\/catedrartveus\/wp-content\/uploads\/2025\/03\/tienda_gem-imagenes.jpg\" alt=\"\" width=\"395\" height=\"530\" \/><\/a><\/p>\n<p style=\"text-align: center;\">Garc\u00eda-Gordillo, Mar y \u00c1ngeles Mart\u00ednez-Garc\u00eda (coords.) (2025): II Cuaderno C\u00e1tedra RTVE-US. Conversaciones con Javier Guti\u00e9rrez, Redactor de internacional TVE. Sevilla: Editorial Universidad de Sevilla (Colecci\u00f3n Cultura viva, n.\u00ba 49).<\/p>\n<p>[\/vc_column_text][\/vc_column][vc_column width=\u00bb1\/3&#8243;][vc_column_text]<a href=\"https:\/\/editorial.us.es\/es\/detalle-libro\/720583\/i-cuaderno-catedra-rtve-us-conversaciones-con-samuel-martin-mateos-director-de-la-2\" target=\"_blank\" rel=\"noopener\"><img loading=\"lazy\" decoding=\"async\" class=\"size-full wp-image-11236 aligncenter\" src=\"https:\/\/catedra.us.es\/catedrartveus\/wp-content\/uploads\/2024\/10\/I-Cuaderno-Catedra.jpg\" alt=\"\" width=\"395\" height=\"534\" \/><\/a><\/p>\n<p style=\"text-align: center;\">Garc\u00eda-Gordillo, Mar y Mart\u00ednez-Garc\u00eda, \u00c1ngeles (coords.) (2024): I Cuaderno C\u00e1tedra RTVE-US. Conversaciones con Samuel Mart\u00edn Mateos, director de La 2. Sevilla: Editorial Universidad de Sevilla (Colecci\u00f3n Cultura viva, n.\u00ba 47).<\/p>\n<p>[\/vc_column_text][\/vc_column][vc_column width=\u00bb1\/3&#8243;][\/vc_column][\/vc_row]<\/p>\n<\/div>","protected":false},"excerpt":{"rendered":"<p>[vc_row][vc_column width=\u00bb1\/3&#8243;][vc_column_text] Garc\u00eda Gordillo, Mar\u00eda del Mar y \u00c1ngeles Mart\u00ednez Garc\u00eda (coords.) (2026): V Cuaderno C\u00e1tedra RTVE-US. Producci\u00f3n Audiovisual. Conversaciones<\/p>\n","protected":false},"author":1,"featured_media":0,"parent":0,"menu_order":0,"comment_status":"closed","ping_status":"closed","template":"","meta":{"footnotes":""},"yoast_head":"<!-- This site is optimized with the Yoast SEO plugin v23.5 - https:\/\/yoast.com\/wordpress\/plugins\/seo\/ -->\n<title>Publicaciones - C\u00e1tedra RTVE Universidad de Sevilla<\/title>\n<meta name=\"robots\" content=\"index, follow, max-snippet:-1, max-image-preview:large, max-video-preview:-1\" \/>\n<link rel=\"canonical\" href=\"https:\/\/catedra.us.es\/catedrartveus\/publicaciones\/\" \/>\n<meta property=\"og:locale\" content=\"es_ES\" \/>\n<meta property=\"og:type\" content=\"article\" \/>\n<meta property=\"og:title\" content=\"Publicaciones - C\u00e1tedra RTVE Universidad de Sevilla\" \/>\n<meta property=\"og:description\" content=\"[vc_row][vc_column width=\u00bb1\/3&#8243;][vc_column_text] Garc\u00eda Gordillo, Mar\u00eda del Mar y \u00c1ngeles Mart\u00ednez Garc\u00eda (coords.) (2026): V Cuaderno C\u00e1tedra RTVE-US. Producci\u00f3n Audiovisual. Conversaciones\" \/>\n<meta property=\"og:url\" content=\"https:\/\/catedra.us.es\/catedrartveus\/publicaciones\/\" \/>\n<meta property=\"og:site_name\" content=\"C\u00e1tedra RTVE Universidad de Sevilla\" \/>\n<meta property=\"article:modified_time\" content=\"2026-03-26T13:16:05+00:00\" \/>\n<meta property=\"og:image\" content=\"https:\/\/catedra.us.es\/catedrartveus\/wp-content\/uploads\/2026\/03\/tienda_gem-imagenes.jpg\" \/>\n<meta name=\"twitter:card\" content=\"summary_large_image\" \/>\n<meta name=\"twitter:label1\" content=\"Tiempo de lectura\" \/>\n\t<meta name=\"twitter:data1\" content=\"2 minutos\" \/>\n<script type=\"application\/ld+json\" class=\"yoast-schema-graph\">{\"@context\":\"https:\/\/schema.org\",\"@graph\":[{\"@type\":\"WebPage\",\"@id\":\"https:\/\/catedra.us.es\/catedrartveus\/publicaciones\/\",\"url\":\"https:\/\/catedra.us.es\/catedrartveus\/publicaciones\/\",\"name\":\"Publicaciones - C\u00e1tedra RTVE Universidad de Sevilla\",\"isPartOf\":{\"@id\":\"https:\/\/catedra.us.es\/catedrartveus\/#website\"},\"primaryImageOfPage\":{\"@id\":\"https:\/\/catedra.us.es\/catedrartveus\/publicaciones\/#primaryimage\"},\"image\":{\"@id\":\"https:\/\/catedra.us.es\/catedrartveus\/publicaciones\/#primaryimage\"},\"thumbnailUrl\":\"https:\/\/catedra.us.es\/catedrartveus\/wp-content\/uploads\/2026\/03\/tienda_gem-imagenes.jpg\",\"datePublished\":\"2024-10-02T08:40:46+00:00\",\"dateModified\":\"2026-03-26T13:16:05+00:00\",\"breadcrumb\":{\"@id\":\"https:\/\/catedra.us.es\/catedrartveus\/publicaciones\/#breadcrumb\"},\"inLanguage\":\"es\",\"potentialAction\":[{\"@type\":\"ReadAction\",\"target\":[\"https:\/\/catedra.us.es\/catedrartveus\/publicaciones\/\"]}]},{\"@type\":\"ImageObject\",\"inLanguage\":\"es\",\"@id\":\"https:\/\/catedra.us.es\/catedrartveus\/publicaciones\/#primaryimage\",\"url\":\"https:\/\/catedra.us.es\/catedrartveus\/wp-content\/uploads\/2026\/03\/tienda_gem-imagenes.jpg\",\"contentUrl\":\"https:\/\/catedra.us.es\/catedrartveus\/wp-content\/uploads\/2026\/03\/tienda_gem-imagenes.jpg\",\"width\":395,\"height\":530},{\"@type\":\"BreadcrumbList\",\"@id\":\"https:\/\/catedra.us.es\/catedrartveus\/publicaciones\/#breadcrumb\",\"itemListElement\":[{\"@type\":\"ListItem\",\"position\":1,\"name\":\"Portada\",\"item\":\"https:\/\/catedra.us.es\/catedrartveus\/\"},{\"@type\":\"ListItem\",\"position\":2,\"name\":\"Publicaciones\"}]},{\"@type\":\"WebSite\",\"@id\":\"https:\/\/catedra.us.es\/catedrartveus\/#website\",\"url\":\"https:\/\/catedra.us.es\/catedrartveus\/\",\"name\":\"C\u00e1tedra RTVE Universidad de Sevilla\",\"description\":\"\",\"potentialAction\":[{\"@type\":\"SearchAction\",\"target\":{\"@type\":\"EntryPoint\",\"urlTemplate\":\"https:\/\/catedra.us.es\/catedrartveus\/?s={search_term_string}\"},\"query-input\":{\"@type\":\"PropertyValueSpecification\",\"valueRequired\":true,\"valueName\":\"search_term_string\"}}],\"inLanguage\":\"es\"}]}<\/script>\n<!-- \/ Yoast SEO plugin. -->","yoast_head_json":{"title":"Publicaciones - C\u00e1tedra RTVE Universidad de Sevilla","robots":{"index":"index","follow":"follow","max-snippet":"max-snippet:-1","max-image-preview":"max-image-preview:large","max-video-preview":"max-video-preview:-1"},"canonical":"https:\/\/catedra.us.es\/catedrartveus\/publicaciones\/","og_locale":"es_ES","og_type":"article","og_title":"Publicaciones - C\u00e1tedra RTVE Universidad de Sevilla","og_description":"[vc_row][vc_column width=\u00bb1\/3&#8243;][vc_column_text] Garc\u00eda Gordillo, Mar\u00eda del Mar y \u00c1ngeles Mart\u00ednez Garc\u00eda (coords.) (2026): V Cuaderno C\u00e1tedra RTVE-US. Producci\u00f3n Audiovisual. Conversaciones","og_url":"https:\/\/catedra.us.es\/catedrartveus\/publicaciones\/","og_site_name":"C\u00e1tedra RTVE Universidad de Sevilla","article_modified_time":"2026-03-26T13:16:05+00:00","og_image":[{"url":"https:\/\/catedra.us.es\/catedrartveus\/wp-content\/uploads\/2026\/03\/tienda_gem-imagenes.jpg"}],"twitter_card":"summary_large_image","twitter_misc":{"Tiempo de lectura":"2 minutos"},"schema":{"@context":"https:\/\/schema.org","@graph":[{"@type":"WebPage","@id":"https:\/\/catedra.us.es\/catedrartveus\/publicaciones\/","url":"https:\/\/catedra.us.es\/catedrartveus\/publicaciones\/","name":"Publicaciones - C\u00e1tedra RTVE Universidad de Sevilla","isPartOf":{"@id":"https:\/\/catedra.us.es\/catedrartveus\/#website"},"primaryImageOfPage":{"@id":"https:\/\/catedra.us.es\/catedrartveus\/publicaciones\/#primaryimage"},"image":{"@id":"https:\/\/catedra.us.es\/catedrartveus\/publicaciones\/#primaryimage"},"thumbnailUrl":"https:\/\/catedra.us.es\/catedrartveus\/wp-content\/uploads\/2026\/03\/tienda_gem-imagenes.jpg","datePublished":"2024-10-02T08:40:46+00:00","dateModified":"2026-03-26T13:16:05+00:00","breadcrumb":{"@id":"https:\/\/catedra.us.es\/catedrartveus\/publicaciones\/#breadcrumb"},"inLanguage":"es","potentialAction":[{"@type":"ReadAction","target":["https:\/\/catedra.us.es\/catedrartveus\/publicaciones\/"]}]},{"@type":"ImageObject","inLanguage":"es","@id":"https:\/\/catedra.us.es\/catedrartveus\/publicaciones\/#primaryimage","url":"https:\/\/catedra.us.es\/catedrartveus\/wp-content\/uploads\/2026\/03\/tienda_gem-imagenes.jpg","contentUrl":"https:\/\/catedra.us.es\/catedrartveus\/wp-content\/uploads\/2026\/03\/tienda_gem-imagenes.jpg","width":395,"height":530},{"@type":"BreadcrumbList","@id":"https:\/\/catedra.us.es\/catedrartveus\/publicaciones\/#breadcrumb","itemListElement":[{"@type":"ListItem","position":1,"name":"Portada","item":"https:\/\/catedra.us.es\/catedrartveus\/"},{"@type":"ListItem","position":2,"name":"Publicaciones"}]},{"@type":"WebSite","@id":"https:\/\/catedra.us.es\/catedrartveus\/#website","url":"https:\/\/catedra.us.es\/catedrartveus\/","name":"C\u00e1tedra RTVE Universidad de Sevilla","description":"","potentialAction":[{"@type":"SearchAction","target":{"@type":"EntryPoint","urlTemplate":"https:\/\/catedra.us.es\/catedrartveus\/?s={search_term_string}"},"query-input":{"@type":"PropertyValueSpecification","valueRequired":true,"valueName":"search_term_string"}}],"inLanguage":"es"}]}},"_links":{"self":[{"href":"https:\/\/catedra.us.es\/catedrartveus\/wp-json\/wp\/v2\/pages\/11227"}],"collection":[{"href":"https:\/\/catedra.us.es\/catedrartveus\/wp-json\/wp\/v2\/pages"}],"about":[{"href":"https:\/\/catedra.us.es\/catedrartveus\/wp-json\/wp\/v2\/types\/page"}],"author":[{"embeddable":true,"href":"https:\/\/catedra.us.es\/catedrartveus\/wp-json\/wp\/v2\/users\/1"}],"replies":[{"embeddable":true,"href":"https:\/\/catedra.us.es\/catedrartveus\/wp-json\/wp\/v2\/comments?post=11227"}],"version-history":[{"count":9,"href":"https:\/\/catedra.us.es\/catedrartveus\/wp-json\/wp\/v2\/pages\/11227\/revisions"}],"predecessor-version":[{"id":11486,"href":"https:\/\/catedra.us.es\/catedrartveus\/wp-json\/wp\/v2\/pages\/11227\/revisions\/11486"}],"wp:attachment":[{"href":"https:\/\/catedra.us.es\/catedrartveus\/wp-json\/wp\/v2\/media?parent=11227"}],"curies":[{"name":"wp","href":"https:\/\/api.w.org\/{rel}","templated":true}]}}