{"id":14,"date":"2024-02-26T11:35:05","date_gmt":"2024-02-26T10:35:05","guid":{"rendered":"http:\/\/catedra.us.es\/catedrartveus\/?page_id=14"},"modified":"2025-12-09T17:05:41","modified_gmt":"2025-12-09T16:05:41","slug":"quienes-somos","status":"publish","type":"page","link":"https:\/\/catedra.us.es\/catedrartveus\/la-catedra\/quienes-somos\/","title":{"rendered":"Qui\u00e9nes somos"},"content":{"rendered":"<div class=\"wpb-content-wrapper\"><p>[vc_row][vc_column][vc_column_text]<\/p>\n<h3 style=\"text-align: center;\">Equipo de la C\u00e1tedra<\/h3>\n<hr \/>\n<h3 style=\"text-align: center;\"><\/h3>\n<p>[\/vc_column_text][vc_column_text][\/vc_column_text][\/vc_column][\/vc_row][vc_row][vc_column][vc_column_text]<\/p>\n<h3 style=\"text-align: center;\">Comisi\u00f3n Rectora<\/h3>\n<hr \/>\n<h3 style=\"text-align: center;\"><\/h3>\n<p>[\/vc_column_text][vc_column_text][\/vc_column_text][\/vc_column][\/vc_row]<\/p>\n<\/div>","protected":false},"excerpt":{"rendered":"<p>[vc_row][vc_column][vc_column_text] Equipo de la C\u00e1tedra [\/vc_column_text][vc_column_text][\/vc_column_text][\/vc_column][\/vc_row][vc_row][vc_column][vc_column_text] Comisi\u00f3n Rectora [\/vc_column_text][vc_column_text][\/vc_column_text][\/vc_column][\/vc_row]<\/p>\n","protected":false},"author":1,"featured_media":0,"parent":11,"menu_order":0,"comment_status":"closed","ping_status":"closed","template":"","meta":{"footnotes":""},"yoast_head":"<!-- This site is optimized with the Yoast SEO plugin v23.5 - https:\/\/yoast.com\/wordpress\/plugins\/seo\/ -->\n<title>Qui\u00e9nes somos - C\u00e1tedra RTVE Universidad de Sevilla<\/title>\n<meta name=\"robots\" content=\"index, follow, max-snippet:-1, max-image-preview:large, max-video-preview:-1\" \/>\n<link rel=\"canonical\" href=\"https:\/\/catedra.us.es\/catedrartveus\/la-catedra\/quienes-somos\/\" \/>\n<meta property=\"og:locale\" content=\"es_ES\" \/>\n<meta property=\"og:type\" content=\"article\" \/>\n<meta property=\"og:title\" content=\"Qui\u00e9nes somos - C\u00e1tedra RTVE Universidad de Sevilla\" \/>\n<meta property=\"og:description\" content=\"[vc_row][vc_column][vc_column_text] Equipo de la C\u00e1tedra [\/vc_column_text][vc_column_text][\/vc_column_text][\/vc_column][\/vc_row][vc_row][vc_column][vc_column_text] Comisi\u00f3n Rectora [\/vc_column_text][vc_column_text][\/vc_column_text][\/vc_column][\/vc_row]\" \/>\n<meta property=\"og:url\" content=\"https:\/\/catedra.us.es\/catedrartveus\/la-catedra\/quienes-somos\/\" \/>\n<meta property=\"og:site_name\" content=\"C\u00e1tedra RTVE Universidad de Sevilla\" \/>\n<meta property=\"article:modified_time\" content=\"2025-12-09T16:05:41+00:00\" \/>\n<meta name=\"twitter:card\" content=\"summary_large_image\" \/>\n<meta name=\"twitter:label1\" content=\"Tiempo de lectura\" \/>\n\t<meta name=\"twitter:data1\" content=\"1 minuto\" \/>\n<script type=\"application\/ld+json\" class=\"yoast-schema-graph\">{\"@context\":\"https:\/\/schema.org\",\"@graph\":[{\"@type\":\"WebPage\",\"@id\":\"https:\/\/catedra.us.es\/catedrartveus\/la-catedra\/quienes-somos\/\",\"url\":\"https:\/\/catedra.us.es\/catedrartveus\/la-catedra\/quienes-somos\/\",\"name\":\"Qui\u00e9nes somos - C\u00e1tedra RTVE Universidad de Sevilla\",\"isPartOf\":{\"@id\":\"https:\/\/catedra.us.es\/catedrartveus\/#website\"},\"datePublished\":\"2024-02-26T10:35:05+00:00\",\"dateModified\":\"2025-12-09T16:05:41+00:00\",\"breadcrumb\":{\"@id\":\"https:\/\/catedra.us.es\/catedrartveus\/la-catedra\/quienes-somos\/#breadcrumb\"},\"inLanguage\":\"es\",\"potentialAction\":[{\"@type\":\"ReadAction\",\"target\":[\"https:\/\/catedra.us.es\/catedrartveus\/la-catedra\/quienes-somos\/\"]}]},{\"@type\":\"BreadcrumbList\",\"@id\":\"https:\/\/catedra.us.es\/catedrartveus\/la-catedra\/quienes-somos\/#breadcrumb\",\"itemListElement\":[{\"@type\":\"ListItem\",\"position\":1,\"name\":\"Portada\",\"item\":\"https:\/\/catedra.us.es\/catedrartveus\/\"},{\"@type\":\"ListItem\",\"position\":2,\"name\":\"La C\u00e1tedra\",\"item\":\"https:\/\/catedra.us.es\/catedrartveus\/la-catedra\/\"},{\"@type\":\"ListItem\",\"position\":3,\"name\":\"Qui\u00e9nes somos\"}]},{\"@type\":\"WebSite\",\"@id\":\"https:\/\/catedra.us.es\/catedrartveus\/#website\",\"url\":\"https:\/\/catedra.us.es\/catedrartveus\/\",\"name\":\"C\u00e1tedra RTVE Universidad de Sevilla\",\"description\":\"\",\"potentialAction\":[{\"@type\":\"SearchAction\",\"target\":{\"@type\":\"EntryPoint\",\"urlTemplate\":\"https:\/\/catedra.us.es\/catedrartveus\/?s={search_term_string}\"},\"query-input\":{\"@type\":\"PropertyValueSpecification\",\"valueRequired\":true,\"valueName\":\"search_term_string\"}}],\"inLanguage\":\"es\"}]}<\/script>\n<!-- \/ Yoast SEO plugin. -->","yoast_head_json":{"title":"Qui\u00e9nes somos - C\u00e1tedra RTVE Universidad de Sevilla","robots":{"index":"index","follow":"follow","max-snippet":"max-snippet:-1","max-image-preview":"max-image-preview:large","max-video-preview":"max-video-preview:-1"},"canonical":"https:\/\/catedra.us.es\/catedrartveus\/la-catedra\/quienes-somos\/","og_locale":"es_ES","og_type":"article","og_title":"Qui\u00e9nes somos - C\u00e1tedra RTVE Universidad de Sevilla","og_description":"[vc_row][vc_column][vc_column_text] Equipo de la C\u00e1tedra [\/vc_column_text][vc_column_text][\/vc_column_text][\/vc_column][\/vc_row][vc_row][vc_column][vc_column_text] Comisi\u00f3n Rectora [\/vc_column_text][vc_column_text][\/vc_column_text][\/vc_column][\/vc_row]","og_url":"https:\/\/catedra.us.es\/catedrartveus\/la-catedra\/quienes-somos\/","og_site_name":"C\u00e1tedra RTVE Universidad de Sevilla","article_modified_time":"2025-12-09T16:05:41+00:00","twitter_card":"summary_large_image","twitter_misc":{"Tiempo de lectura":"1 minuto"},"schema":{"@context":"https:\/\/schema.org","@graph":[{"@type":"WebPage","@id":"https:\/\/catedra.us.es\/catedrartveus\/la-catedra\/quienes-somos\/","url":"https:\/\/catedra.us.es\/catedrartveus\/la-catedra\/quienes-somos\/","name":"Qui\u00e9nes somos - C\u00e1tedra RTVE Universidad de Sevilla","isPartOf":{"@id":"https:\/\/catedra.us.es\/catedrartveus\/#website"},"datePublished":"2024-02-26T10:35:05+00:00","dateModified":"2025-12-09T16:05:41+00:00","breadcrumb":{"@id":"https:\/\/catedra.us.es\/catedrartveus\/la-catedra\/quienes-somos\/#breadcrumb"},"inLanguage":"es","potentialAction":[{"@type":"ReadAction","target":["https:\/\/catedra.us.es\/catedrartveus\/la-catedra\/quienes-somos\/"]}]},{"@type":"BreadcrumbList","@id":"https:\/\/catedra.us.es\/catedrartveus\/la-catedra\/quienes-somos\/#breadcrumb","itemListElement":[{"@type":"ListItem","position":1,"name":"Portada","item":"https:\/\/catedra.us.es\/catedrartveus\/"},{"@type":"ListItem","position":2,"name":"La C\u00e1tedra","item":"https:\/\/catedra.us.es\/catedrartveus\/la-catedra\/"},{"@type":"ListItem","position":3,"name":"Qui\u00e9nes somos"}]},{"@type":"WebSite","@id":"https:\/\/catedra.us.es\/catedrartveus\/#website","url":"https:\/\/catedra.us.es\/catedrartveus\/","name":"C\u00e1tedra RTVE Universidad de Sevilla","description":"","potentialAction":[{"@type":"SearchAction","target":{"@type":"EntryPoint","urlTemplate":"https:\/\/catedra.us.es\/catedrartveus\/?s={search_term_string}"},"query-input":{"@type":"PropertyValueSpecification","valueRequired":true,"valueName":"search_term_string"}}],"inLanguage":"es"}]}},"_links":{"self":[{"href":"https:\/\/catedra.us.es\/catedrartveus\/wp-json\/wp\/v2\/pages\/14"}],"collection":[{"href":"https:\/\/catedra.us.es\/catedrartveus\/wp-json\/wp\/v2\/pages"}],"about":[{"href":"https:\/\/catedra.us.es\/catedrartveus\/wp-json\/wp\/v2\/types\/page"}],"author":[{"embeddable":true,"href":"https:\/\/catedra.us.es\/catedrartveus\/wp-json\/wp\/v2\/users\/1"}],"replies":[{"embeddable":true,"href":"https:\/\/catedra.us.es\/catedrartveus\/wp-json\/wp\/v2\/comments?post=14"}],"version-history":[{"count":4,"href":"https:\/\/catedra.us.es\/catedrartveus\/wp-json\/wp\/v2\/pages\/14\/revisions"}],"predecessor-version":[{"id":63,"href":"https:\/\/catedra.us.es\/catedrartveus\/wp-json\/wp\/v2\/pages\/14\/revisions\/63"}],"up":[{"embeddable":true,"href":"https:\/\/catedra.us.es\/catedrartveus\/wp-json\/wp\/v2\/pages\/11"}],"wp:attachment":[{"href":"https:\/\/catedra.us.es\/catedrartveus\/wp-json\/wp\/v2\/media?parent=14"}],"curies":[{"name":"wp","href":"https:\/\/api.w.org\/{rel}","templated":true}]}}