{"id":16,"date":"2024-02-26T11:35:22","date_gmt":"2024-02-26T10:35:22","guid":{"rendered":"http:\/\/catedra.us.es\/catedrartveus\/?page_id=16"},"modified":"2024-10-01T09:39:30","modified_gmt":"2024-10-01T07:39:30","slug":"objetivos","status":"publish","type":"page","link":"https:\/\/catedra.us.es\/catedrartveus\/la-catedra\/objetivos\/","title":{"rendered":"Objetivos"},"content":{"rendered":"<p>La C\u00e1tedra de Contenidos Culturales y Creatividad en el \u00e1mbito audiovisual y digital RTVE en la <a href=\"https:\/\/www.us.es\/\" target=\"_blank\" rel=\"noopener\"><strong>Universidad de Sevilla<\/strong><\/a> tiene como objetivo principal la investigaci\u00f3n, el an\u00e1lisis, la comparaci\u00f3n y la elaboraci\u00f3n de propuestas alternativas en el \u00e1mbito de los contenidos culturales y la creatividad en el sistema audiovisual y digital.<\/p>\n<p><img loading=\"lazy\" decoding=\"async\" class=\" wp-image-11184 alignright\" src=\"http:\/\/catedra.us.es\/catedrartveus\/wp-content\/uploads\/2024\/10\/fcom-4-300x200.jpg\" alt=\"\" width=\"518\" height=\"345\" srcset=\"https:\/\/catedra.us.es\/catedrartveus\/wp-content\/uploads\/2024\/10\/fcom-4-300x200.jpg 300w, https:\/\/catedra.us.es\/catedrartveus\/wp-content\/uploads\/2024\/10\/fcom-4-700x467.jpg 700w, https:\/\/catedra.us.es\/catedrartveus\/wp-content\/uploads\/2024\/10\/fcom-4-768x512.jpg 768w, https:\/\/catedra.us.es\/catedrartveus\/wp-content\/uploads\/2024\/10\/fcom-4.jpg 1000w\" sizes=\"(max-width: 518px) 100vw, 518px\" \/>Para la consecuci\u00f3n de dicho objetivo la c\u00e1tedra RTVE US se propone la creaci\u00f3n de un observatorio de contenidos culturales y creatividad en el actual sistema audiovisual y en la comunicaci\u00f3n digital OC3. Se promover\u00e1n seminarios, encuentros, jornadas y otros <a href=\"https:\/\/catedra.us.es\/catedrartveus\/eventos\/\"><strong>eventos<\/strong><\/a> para mantener una implicaci\u00f3n activa de los distintos agentes y colectivos y poder debatir las propuestas que se planteen.<\/p>\n<p>Uno de los principales intereses de la c\u00e1tedra es establecer sinergias con <a href=\"https:\/\/catedra.us.es\/catedrartveus\/la-catedra\/grupos-de-investigacion\/\"><strong>otros colectivos investigadores<\/strong><\/a>, as\u00ed como asociaciones y otras entidades que compartan el objetivo principal de la c\u00e1tedra. Adem\u00e1s, se pretende impulsar las publicaciones para propiciar una difusi\u00f3n internacional de los logros conseguidos y fomentar la elaboraci\u00f3n de tesis doctorales enmarcadas en este \u00e1mbito.<\/p>\n<p>En el \u00e1mbito de la transferencia, la C\u00e1tedra RTVE US sigue una l\u00ednea que trabaja en la elaboraci\u00f3n de audiovisuales y celebraci\u00f3n de encuentros que propicien el acercamiento entre el mundo profesional y el acad\u00e9mico. En cuanto a la divulgaci\u00f3n cient\u00edfica, la c\u00e1tedra trabaja en la elaboraci\u00f3n de materiales, adem\u00e1s de la organizaci\u00f3n de eventos, de tal forma que los resultados lleguen a la sociedad de una forma \u00f3ptima.<\/p>\n<p>Con car\u00e1cter semestral, la c\u00e1tedra RTVE US presenta a la Universidad de Sevilla y a la <a href=\"https:\/\/www.rtve.es\/\" target=\"_blank\" rel=\"noopener\"><strong>Corporaci\u00f3n RTVE<\/strong><\/a> los resultados de sus proyectos, actividades e investigaciones desarrolladas.<\/p>\n","protected":false},"excerpt":{"rendered":"<p>La C\u00e1tedra de Contenidos Culturales y Creatividad en el \u00e1mbito audiovisual y digital RTVE en la Universidad de Sevilla tiene<\/p>\n","protected":false},"author":1,"featured_media":0,"parent":11,"menu_order":0,"comment_status":"closed","ping_status":"closed","template":"","meta":{"footnotes":""},"yoast_head":"<!-- This site is optimized with the Yoast SEO plugin v23.5 - https:\/\/yoast.com\/wordpress\/plugins\/seo\/ -->\n<title>Objetivos - C\u00e1tedra RTVE Universidad de Sevilla<\/title>\n<meta name=\"robots\" content=\"index, follow, max-snippet:-1, max-image-preview:large, max-video-preview:-1\" \/>\n<link rel=\"canonical\" href=\"https:\/\/catedra.us.es\/catedrartveus\/la-catedra\/objetivos\/\" \/>\n<meta property=\"og:locale\" content=\"es_ES\" \/>\n<meta property=\"og:type\" content=\"article\" \/>\n<meta property=\"og:title\" content=\"Objetivos - C\u00e1tedra RTVE Universidad de Sevilla\" \/>\n<meta property=\"og:description\" content=\"La C\u00e1tedra de Contenidos Culturales y Creatividad en el \u00e1mbito audiovisual y digital RTVE en la Universidad de Sevilla tiene\" \/>\n<meta property=\"og:url\" content=\"https:\/\/catedra.us.es\/catedrartveus\/la-catedra\/objetivos\/\" \/>\n<meta property=\"og:site_name\" content=\"C\u00e1tedra RTVE Universidad de Sevilla\" \/>\n<meta property=\"article:modified_time\" content=\"2024-10-01T07:39:30+00:00\" \/>\n<meta property=\"og:image\" content=\"http:\/\/catedra.us.es\/catedrartveus\/wp-content\/uploads\/2024\/10\/fcom-4-300x200.jpg\" \/>\n<meta name=\"twitter:card\" content=\"summary_large_image\" \/>\n<meta name=\"twitter:label1\" content=\"Tiempo de lectura\" \/>\n\t<meta name=\"twitter:data1\" content=\"2 minutos\" \/>\n<script type=\"application\/ld+json\" class=\"yoast-schema-graph\">{\"@context\":\"https:\/\/schema.org\",\"@graph\":[{\"@type\":\"WebPage\",\"@id\":\"https:\/\/catedra.us.es\/catedrartveus\/la-catedra\/objetivos\/\",\"url\":\"https:\/\/catedra.us.es\/catedrartveus\/la-catedra\/objetivos\/\",\"name\":\"Objetivos - C\u00e1tedra RTVE Universidad de Sevilla\",\"isPartOf\":{\"@id\":\"https:\/\/catedra.us.es\/catedrartveus\/#website\"},\"primaryImageOfPage\":{\"@id\":\"https:\/\/catedra.us.es\/catedrartveus\/la-catedra\/objetivos\/#primaryimage\"},\"image\":{\"@id\":\"https:\/\/catedra.us.es\/catedrartveus\/la-catedra\/objetivos\/#primaryimage\"},\"thumbnailUrl\":\"http:\/\/catedra.us.es\/catedrartveus\/wp-content\/uploads\/2024\/10\/fcom-4-300x200.jpg\",\"datePublished\":\"2024-02-26T10:35:22+00:00\",\"dateModified\":\"2024-10-01T07:39:30+00:00\",\"breadcrumb\":{\"@id\":\"https:\/\/catedra.us.es\/catedrartveus\/la-catedra\/objetivos\/#breadcrumb\"},\"inLanguage\":\"es\",\"potentialAction\":[{\"@type\":\"ReadAction\",\"target\":[\"https:\/\/catedra.us.es\/catedrartveus\/la-catedra\/objetivos\/\"]}]},{\"@type\":\"ImageObject\",\"inLanguage\":\"es\",\"@id\":\"https:\/\/catedra.us.es\/catedrartveus\/la-catedra\/objetivos\/#primaryimage\",\"url\":\"https:\/\/catedra.us.es\/catedrartveus\/wp-content\/uploads\/2024\/10\/fcom-4.jpg\",\"contentUrl\":\"https:\/\/catedra.us.es\/catedrartveus\/wp-content\/uploads\/2024\/10\/fcom-4.jpg\",\"width\":1000,\"height\":667},{\"@type\":\"BreadcrumbList\",\"@id\":\"https:\/\/catedra.us.es\/catedrartveus\/la-catedra\/objetivos\/#breadcrumb\",\"itemListElement\":[{\"@type\":\"ListItem\",\"position\":1,\"name\":\"Portada\",\"item\":\"https:\/\/catedra.us.es\/catedrartveus\/\"},{\"@type\":\"ListItem\",\"position\":2,\"name\":\"La C\u00e1tedra\",\"item\":\"https:\/\/catedra.us.es\/catedrartveus\/la-catedra\/\"},{\"@type\":\"ListItem\",\"position\":3,\"name\":\"Objetivos\"}]},{\"@type\":\"WebSite\",\"@id\":\"https:\/\/catedra.us.es\/catedrartveus\/#website\",\"url\":\"https:\/\/catedra.us.es\/catedrartveus\/\",\"name\":\"C\u00e1tedra RTVE Universidad de Sevilla\",\"description\":\"\",\"potentialAction\":[{\"@type\":\"SearchAction\",\"target\":{\"@type\":\"EntryPoint\",\"urlTemplate\":\"https:\/\/catedra.us.es\/catedrartveus\/?s={search_term_string}\"},\"query-input\":{\"@type\":\"PropertyValueSpecification\",\"valueRequired\":true,\"valueName\":\"search_term_string\"}}],\"inLanguage\":\"es\"}]}<\/script>\n<!-- \/ Yoast SEO plugin. -->","yoast_head_json":{"title":"Objetivos - C\u00e1tedra RTVE Universidad de Sevilla","robots":{"index":"index","follow":"follow","max-snippet":"max-snippet:-1","max-image-preview":"max-image-preview:large","max-video-preview":"max-video-preview:-1"},"canonical":"https:\/\/catedra.us.es\/catedrartveus\/la-catedra\/objetivos\/","og_locale":"es_ES","og_type":"article","og_title":"Objetivos - C\u00e1tedra RTVE Universidad de Sevilla","og_description":"La C\u00e1tedra de Contenidos Culturales y Creatividad en el \u00e1mbito audiovisual y digital RTVE en la Universidad de Sevilla tiene","og_url":"https:\/\/catedra.us.es\/catedrartveus\/la-catedra\/objetivos\/","og_site_name":"C\u00e1tedra RTVE Universidad de Sevilla","article_modified_time":"2024-10-01T07:39:30+00:00","og_image":[{"url":"http:\/\/catedra.us.es\/catedrartveus\/wp-content\/uploads\/2024\/10\/fcom-4-300x200.jpg"}],"twitter_card":"summary_large_image","twitter_misc":{"Tiempo de lectura":"2 minutos"},"schema":{"@context":"https:\/\/schema.org","@graph":[{"@type":"WebPage","@id":"https:\/\/catedra.us.es\/catedrartveus\/la-catedra\/objetivos\/","url":"https:\/\/catedra.us.es\/catedrartveus\/la-catedra\/objetivos\/","name":"Objetivos - C\u00e1tedra RTVE Universidad de Sevilla","isPartOf":{"@id":"https:\/\/catedra.us.es\/catedrartveus\/#website"},"primaryImageOfPage":{"@id":"https:\/\/catedra.us.es\/catedrartveus\/la-catedra\/objetivos\/#primaryimage"},"image":{"@id":"https:\/\/catedra.us.es\/catedrartveus\/la-catedra\/objetivos\/#primaryimage"},"thumbnailUrl":"http:\/\/catedra.us.es\/catedrartveus\/wp-content\/uploads\/2024\/10\/fcom-4-300x200.jpg","datePublished":"2024-02-26T10:35:22+00:00","dateModified":"2024-10-01T07:39:30+00:00","breadcrumb":{"@id":"https:\/\/catedra.us.es\/catedrartveus\/la-catedra\/objetivos\/#breadcrumb"},"inLanguage":"es","potentialAction":[{"@type":"ReadAction","target":["https:\/\/catedra.us.es\/catedrartveus\/la-catedra\/objetivos\/"]}]},{"@type":"ImageObject","inLanguage":"es","@id":"https:\/\/catedra.us.es\/catedrartveus\/la-catedra\/objetivos\/#primaryimage","url":"https:\/\/catedra.us.es\/catedrartveus\/wp-content\/uploads\/2024\/10\/fcom-4.jpg","contentUrl":"https:\/\/catedra.us.es\/catedrartveus\/wp-content\/uploads\/2024\/10\/fcom-4.jpg","width":1000,"height":667},{"@type":"BreadcrumbList","@id":"https:\/\/catedra.us.es\/catedrartveus\/la-catedra\/objetivos\/#breadcrumb","itemListElement":[{"@type":"ListItem","position":1,"name":"Portada","item":"https:\/\/catedra.us.es\/catedrartveus\/"},{"@type":"ListItem","position":2,"name":"La C\u00e1tedra","item":"https:\/\/catedra.us.es\/catedrartveus\/la-catedra\/"},{"@type":"ListItem","position":3,"name":"Objetivos"}]},{"@type":"WebSite","@id":"https:\/\/catedra.us.es\/catedrartveus\/#website","url":"https:\/\/catedra.us.es\/catedrartveus\/","name":"C\u00e1tedra RTVE Universidad de Sevilla","description":"","potentialAction":[{"@type":"SearchAction","target":{"@type":"EntryPoint","urlTemplate":"https:\/\/catedra.us.es\/catedrartveus\/?s={search_term_string}"},"query-input":{"@type":"PropertyValueSpecification","valueRequired":true,"valueName":"search_term_string"}}],"inLanguage":"es"}]}},"_links":{"self":[{"href":"https:\/\/catedra.us.es\/catedrartveus\/wp-json\/wp\/v2\/pages\/16"}],"collection":[{"href":"https:\/\/catedra.us.es\/catedrartveus\/wp-json\/wp\/v2\/pages"}],"about":[{"href":"https:\/\/catedra.us.es\/catedrartveus\/wp-json\/wp\/v2\/types\/page"}],"author":[{"embeddable":true,"href":"https:\/\/catedra.us.es\/catedrartveus\/wp-json\/wp\/v2\/users\/1"}],"replies":[{"embeddable":true,"href":"https:\/\/catedra.us.es\/catedrartveus\/wp-json\/wp\/v2\/comments?post=16"}],"version-history":[{"count":6,"href":"https:\/\/catedra.us.es\/catedrartveus\/wp-json\/wp\/v2\/pages\/16\/revisions"}],"predecessor-version":[{"id":11185,"href":"https:\/\/catedra.us.es\/catedrartveus\/wp-json\/wp\/v2\/pages\/16\/revisions\/11185"}],"up":[{"embeddable":true,"href":"https:\/\/catedra.us.es\/catedrartveus\/wp-json\/wp\/v2\/pages\/11"}],"wp:attachment":[{"href":"https:\/\/catedra.us.es\/catedrartveus\/wp-json\/wp\/v2\/media?parent=16"}],"curies":[{"name":"wp","href":"https:\/\/api.w.org\/{rel}","templated":true}]}}