{"id":43,"date":"2024-03-13T09:07:44","date_gmt":"2024-03-13T08:07:44","guid":{"rendered":"https:\/\/catedra.us.es\/catedrartveus\/?page_id=43"},"modified":"2024-03-13T09:07:44","modified_gmt":"2024-03-13T08:07:44","slug":"politica-de-privacidad","status":"publish","type":"page","link":"https:\/\/catedra.us.es\/catedrartveus\/politica-de-privacidad\/","title":{"rendered":"Pol\u00edtica de privacidad"},"content":{"rendered":"<p>UNIVERSIDAD DE SEVILLA garantiza la protecci\u00f3n y confidencialidad de los datos personales, de cualquier tipo que nos proporcionen nuestras empresas clientes de acuerdo con lo dispuesto en el Reglamento General de Protecci\u00f3n de Datos de Car\u00e1cter Personal.<\/p>\n<p>Todos los datos facilitados por nuestras empresas clientes a UNIVERSIDAD DE SEVILLA o a su personal, ser\u00e1n incluidos en un fichero automatizado de datos de car\u00e1cter personal creado y mantenido bajo la responsabilidad de UNIVERSIDAD DE SEVILLA, imprescindible para prestar los servicios solicitados por los usuarios.<\/p>\n<p>Los datos facilitados ser\u00e1n tratados en los t\u00e9rminos establecidos en el Reglamento General de Protecci\u00f3n de Datos de Car\u00e1cter Personal, en este sentido UNIVERSIDAD DE SEVILLA ha adoptado los niveles de protecci\u00f3n que legalmente se exigen, y ha instalado todas las medidas t\u00e9cnicas a su alcance para evitar la p\u00e9rdida, mal uso, alteraci\u00f3n, acceso no autorizado por terceros. No obstante, el usuario debe ser consciente de que las medidas de seguridad en Internet no son inexpugnables.<\/p>\n<p>En caso en que considere oportuno que se cedan sus datos de car\u00e1cter personal a otras entidades, el usuario ser\u00e1 informado de los datos cedidos, de la finalidad del fichero y del nombre y direcci\u00f3n del cesionario, para que de su consentimiento inequ\u00edvoco al respecto.<\/p>\n<p>En cumplimiento de lo establecido en el RGPD, el usuario podr\u00e1 ejercer sus derechos de acceso, rectificaci\u00f3n, cancelaci\u00f3n\/supresi\u00f3n, oposici\u00f3n, limitaci\u00f3n o portabilidad. Para ello debe de contactar con nosotros en C\/ S. Fernando, 4 (C.P. 41004) SEVILLA<\/p>\n","protected":false},"excerpt":{"rendered":"<p>UNIVERSIDAD DE SEVILLA garantiza la protecci\u00f3n y confidencialidad de los datos personales, de cualquier tipo que nos proporcionen nuestras empresas<\/p>\n","protected":false},"author":1,"featured_media":0,"parent":0,"menu_order":0,"comment_status":"closed","ping_status":"closed","template":"","meta":{"footnotes":""},"yoast_head":"<!-- This site is optimized with the Yoast SEO plugin v23.5 - https:\/\/yoast.com\/wordpress\/plugins\/seo\/ -->\n<title>Pol\u00edtica de privacidad - C\u00e1tedra RTVE Universidad de Sevilla<\/title>\n<meta name=\"robots\" content=\"noindex, nofollow\" \/>\n<meta property=\"og:locale\" content=\"es_ES\" \/>\n<meta property=\"og:type\" content=\"article\" \/>\n<meta property=\"og:title\" content=\"Pol\u00edtica de privacidad - C\u00e1tedra RTVE Universidad de Sevilla\" \/>\n<meta property=\"og:description\" content=\"UNIVERSIDAD DE SEVILLA garantiza la protecci\u00f3n y confidencialidad de los datos personales, de cualquier tipo que nos proporcionen nuestras empresas\" \/>\n<meta property=\"og:url\" content=\"https:\/\/catedra.us.es\/catedrartveus\/politica-de-privacidad\/\" \/>\n<meta property=\"og:site_name\" content=\"C\u00e1tedra RTVE Universidad de Sevilla\" \/>\n<meta name=\"twitter:card\" content=\"summary_large_image\" \/>\n<meta name=\"twitter:label1\" content=\"Tiempo de lectura\" \/>\n\t<meta name=\"twitter:data1\" content=\"2 minutos\" \/>\n<script type=\"application\/ld+json\" class=\"yoast-schema-graph\">{\"@context\":\"https:\/\/schema.org\",\"@graph\":[{\"@type\":\"WebPage\",\"@id\":\"https:\/\/catedra.us.es\/catedrartveus\/politica-de-privacidad\/\",\"url\":\"https:\/\/catedra.us.es\/catedrartveus\/politica-de-privacidad\/\",\"name\":\"Pol\u00edtica de privacidad - C\u00e1tedra RTVE Universidad de Sevilla\",\"isPartOf\":{\"@id\":\"https:\/\/catedra.us.es\/catedrartveus\/#website\"},\"datePublished\":\"2024-03-13T08:07:44+00:00\",\"dateModified\":\"2024-03-13T08:07:44+00:00\",\"breadcrumb\":{\"@id\":\"https:\/\/catedra.us.es\/catedrartveus\/politica-de-privacidad\/#breadcrumb\"},\"inLanguage\":\"es\",\"potentialAction\":[{\"@type\":\"ReadAction\",\"target\":[\"https:\/\/catedra.us.es\/catedrartveus\/politica-de-privacidad\/\"]}]},{\"@type\":\"BreadcrumbList\",\"@id\":\"https:\/\/catedra.us.es\/catedrartveus\/politica-de-privacidad\/#breadcrumb\",\"itemListElement\":[{\"@type\":\"ListItem\",\"position\":1,\"name\":\"Portada\",\"item\":\"https:\/\/catedra.us.es\/catedrartveus\/\"},{\"@type\":\"ListItem\",\"position\":2,\"name\":\"Pol\u00edtica de privacidad\"}]},{\"@type\":\"WebSite\",\"@id\":\"https:\/\/catedra.us.es\/catedrartveus\/#website\",\"url\":\"https:\/\/catedra.us.es\/catedrartveus\/\",\"name\":\"C\u00e1tedra RTVE Universidad de Sevilla\",\"description\":\"\",\"potentialAction\":[{\"@type\":\"SearchAction\",\"target\":{\"@type\":\"EntryPoint\",\"urlTemplate\":\"https:\/\/catedra.us.es\/catedrartveus\/?s={search_term_string}\"},\"query-input\":{\"@type\":\"PropertyValueSpecification\",\"valueRequired\":true,\"valueName\":\"search_term_string\"}}],\"inLanguage\":\"es\"}]}<\/script>\n<!-- \/ Yoast SEO plugin. -->","yoast_head_json":{"title":"Pol\u00edtica de privacidad - C\u00e1tedra RTVE Universidad de Sevilla","robots":{"index":"noindex","follow":"nofollow"},"og_locale":"es_ES","og_type":"article","og_title":"Pol\u00edtica de privacidad - C\u00e1tedra RTVE Universidad de Sevilla","og_description":"UNIVERSIDAD DE SEVILLA garantiza la protecci\u00f3n y confidencialidad de los datos personales, de cualquier tipo que nos proporcionen nuestras empresas","og_url":"https:\/\/catedra.us.es\/catedrartveus\/politica-de-privacidad\/","og_site_name":"C\u00e1tedra RTVE Universidad de Sevilla","twitter_card":"summary_large_image","twitter_misc":{"Tiempo de lectura":"2 minutos"},"schema":{"@context":"https:\/\/schema.org","@graph":[{"@type":"WebPage","@id":"https:\/\/catedra.us.es\/catedrartveus\/politica-de-privacidad\/","url":"https:\/\/catedra.us.es\/catedrartveus\/politica-de-privacidad\/","name":"Pol\u00edtica de privacidad - C\u00e1tedra RTVE Universidad de Sevilla","isPartOf":{"@id":"https:\/\/catedra.us.es\/catedrartveus\/#website"},"datePublished":"2024-03-13T08:07:44+00:00","dateModified":"2024-03-13T08:07:44+00:00","breadcrumb":{"@id":"https:\/\/catedra.us.es\/catedrartveus\/politica-de-privacidad\/#breadcrumb"},"inLanguage":"es","potentialAction":[{"@type":"ReadAction","target":["https:\/\/catedra.us.es\/catedrartveus\/politica-de-privacidad\/"]}]},{"@type":"BreadcrumbList","@id":"https:\/\/catedra.us.es\/catedrartveus\/politica-de-privacidad\/#breadcrumb","itemListElement":[{"@type":"ListItem","position":1,"name":"Portada","item":"https:\/\/catedra.us.es\/catedrartveus\/"},{"@type":"ListItem","position":2,"name":"Pol\u00edtica de privacidad"}]},{"@type":"WebSite","@id":"https:\/\/catedra.us.es\/catedrartveus\/#website","url":"https:\/\/catedra.us.es\/catedrartveus\/","name":"C\u00e1tedra RTVE Universidad de Sevilla","description":"","potentialAction":[{"@type":"SearchAction","target":{"@type":"EntryPoint","urlTemplate":"https:\/\/catedra.us.es\/catedrartveus\/?s={search_term_string}"},"query-input":{"@type":"PropertyValueSpecification","valueRequired":true,"valueName":"search_term_string"}}],"inLanguage":"es"}]}},"_links":{"self":[{"href":"https:\/\/catedra.us.es\/catedrartveus\/wp-json\/wp\/v2\/pages\/43"}],"collection":[{"href":"https:\/\/catedra.us.es\/catedrartveus\/wp-json\/wp\/v2\/pages"}],"about":[{"href":"https:\/\/catedra.us.es\/catedrartveus\/wp-json\/wp\/v2\/types\/page"}],"author":[{"embeddable":true,"href":"https:\/\/catedra.us.es\/catedrartveus\/wp-json\/wp\/v2\/users\/1"}],"replies":[{"embeddable":true,"href":"https:\/\/catedra.us.es\/catedrartveus\/wp-json\/wp\/v2\/comments?post=43"}],"version-history":[{"count":1,"href":"https:\/\/catedra.us.es\/catedrartveus\/wp-json\/wp\/v2\/pages\/43\/revisions"}],"predecessor-version":[{"id":44,"href":"https:\/\/catedra.us.es\/catedrartveus\/wp-json\/wp\/v2\/pages\/43\/revisions\/44"}],"wp:attachment":[{"href":"https:\/\/catedra.us.es\/catedrartveus\/wp-json\/wp\/v2\/media?parent=43"}],"curies":[{"name":"wp","href":"https:\/\/api.w.org\/{rel}","templated":true}]}}