{"id":138,"date":"2025-10-29T17:49:33","date_gmt":"2025-10-29T16:49:33","guid":{"rendered":"https:\/\/catedra.us.es\/catedraschneider\/?page_id=138"},"modified":"2025-10-29T18:07:28","modified_gmt":"2025-10-29T17:07:28","slug":"schneider-trainee-program","status":"publish","type":"page","link":"https:\/\/catedra.us.es\/catedraschneider\/schneider-trainee-program\/","title":{"rendered":"Schneider Trainee Program"},"content":{"rendered":"\t\t<div data-elementor-type=\"wp-page\" data-elementor-id=\"138\" class=\"elementor elementor-138\" data-elementor-post-type=\"page\">\n\t\t\t\t<div class=\"elementor-element elementor-element-d2bc280 e-flex e-con-boxed elementor-invisible e-con e-parent\" data-id=\"d2bc280\" data-element_type=\"container\" data-settings=\"{&quot;animation&quot;:&quot;fadeInLeft&quot;}\">\n\t\t\t\t\t<div class=\"e-con-inner\">\n\t\t\t\t\t<\/div>\n\t\t\t\t<\/div>\n\t\t<div class=\"elementor-element elementor-element-593b3ffc e-flex e-con-boxed elementor-invisible e-con e-parent\" data-id=\"593b3ffc\" data-element_type=\"container\" data-settings=\"{&quot;animation&quot;:&quot;fadeInUp&quot;}\">\n\t\t\t\t\t<div class=\"e-con-inner\">\n\t\t\t\t<div class=\"elementor-element elementor-element-ea6b88b elementor-widget elementor-widget-heading\" data-id=\"ea6b88b\" data-element_type=\"widget\" data-widget_type=\"heading.default\">\n\t\t\t\t\t<h4 class=\"elementor-heading-title elementor-size-default\">Presentaci\u00f3n del programa de pr\u00e1cticas<\/h4>\t\t\t\t<\/div>\n\t\t\t\t<div class=\"elementor-element elementor-element-9e507e5 elementor-widget elementor-widget-text-editor\" data-id=\"9e507e5\" data-element_type=\"widget\" data-widget_type=\"text-editor.default\">\n\t\t\t\t\t\t\t\t\t\n<p style=\"font-weight: 400;\">\u00bfQuieres vivir la experiencia de una\u00a0<strong>Multinacional\u00a0<\/strong>con el dinamismo de una\u00a0<strong>Startup<\/strong>?<\/p>\n<p style=\"font-weight: 400;\">Si est\u00e1s buscando unas pr\u00e1cticas que pongan a prueba tus habilidades e impulsen tu carrera, nuestro\u00a0<strong>Schneider Trainee Program es para ti.<\/strong><\/p>\n<p style=\"font-weight: 400;\">Forma parte de un ambiente inclusivo en el que podr\u00e1s\u00a0<strong>cocrear soluciones a retos clave de la industria\u00a0<\/strong>aprendiendo de nuestros expertos.<\/p>\n<p style=\"font-weight: 400;\">Lleva tu creatividad e innovaci\u00f3n a otro nivel mientras disfrutas de unas\u00a0<strong>pr\u00e1cticas remuneradas con horario flexible y workshops interactivos.<\/strong><\/p>\n<p style=\"font-weight: 400;\">\u00danete a nuestra\u00a0<strong>#SEGreatPeople<\/strong><\/p>\n\t\t\t\t\t\t\t\t<\/div>\n\t\t\t\t\t<\/div>\n\t\t\t\t<\/div>\n\t\t<div class=\"elementor-element elementor-element-98d04b1 e-flex e-con-boxed e-con e-parent\" data-id=\"98d04b1\" data-element_type=\"container\" data-settings=\"{&quot;animation&quot;:&quot;none&quot;}\">\n\t\t\t\t\t<div class=\"e-con-inner\">\n\t\t<div class=\"elementor-element elementor-element-b8026c1 e-con-full animated-slow e-flex elementor-invisible e-con e-child\" data-id=\"b8026c1\" data-element_type=\"container\" data-settings=\"{&quot;animation&quot;:&quot;fadeInLeft&quot;}\">\n\t\t\t\t<div class=\"elementor-element elementor-element-7e67e55 elementor-widget elementor-widget-video\" data-id=\"7e67e55\" data-element_type=\"widget\" data-settings=\"{&quot;youtube_url&quot;:&quot;https:\\\/\\\/youtu.be\\\/VbldHPFltQQ&quot;,&quot;video_type&quot;:&quot;youtube&quot;,&quot;controls&quot;:&quot;yes&quot;}\" data-widget_type=\"video.default\">\n\t\t\t\t\t\t\t<div class=\"elementor-wrapper elementor-open-inline\">\n\t\t\t<div class=\"elementor-video\"><\/div>\t\t<\/div>\n\t\t\t\t\t\t<\/div>\n\t\t\t\t<\/div>\n\t\t<div class=\"elementor-element elementor-element-0794dc4 e-con-full animated-slow e-flex elementor-invisible e-con e-child\" data-id=\"0794dc4\" data-element_type=\"container\" data-settings=\"{&quot;animation&quot;:&quot;fadeInRight&quot;}\">\n\t\t\t\t<div class=\"elementor-element elementor-element-cb5c4b9 elementor-widget elementor-widget-text-editor\" data-id=\"cb5c4b9\" data-element_type=\"widget\" data-widget_type=\"text-editor.default\">\n\t\t\t\t\t\t\t\t\t\n<p style=\"font-weight: 400;\"><strong>Participando en nuestro Trainee Program obtendr\u00e1s:<\/strong><\/p>\n<p style=\"font-weight: 400;\">\ud83c\udfafUna experiencia especialmente dise\u00f1ada para tu aprendizaje y desarrollo<\/p>\n<p style=\"font-weight: 400;\">\ud83d\udcb5Pr\u00e1cticas remuneradas (en funci\u00f3n del horario que establezcas, m\u00edn. 20 horas y m\u00e1x. 30 horas por semana, 700-900\u20ac\/mes)<\/p>\n<p style=\"font-weight: 400;\">\ud83e\udd29Seguimiento de tu evoluci\u00f3n y aprendizaje<\/p>\n<p style=\"font-weight: 400;\">\ud83d\ude80Acceso ilimitado a la plataforma Coursera con m\u00e1s de 10K cursos online<\/p>\n<p style=\"font-weight: 400;\">\u231aFlexibilidad horaria para compaginarlo con tus estudios<\/p>\n<p style=\"font-weight: 400;\">\ud83e\uddd8\u200d\u2642\ufe0fUn d\u00eda de libre disposici\u00f3n al mes (acumulable)<\/p>\n<p style=\"font-weight: 400;\">\ud83d\udcbb\u00a0Posibilidad de colaborar en remoto seg\u00fan el puesto (hasta 2 d\u00edas por semana)<\/p>\n<p style=\"font-weight: 400;\">\ud83d\ude4cDuraci\u00f3n de 6 meses con posibilidad de prorrogar o contrataci\u00f3n<\/p>\n\t\t\t\t\t\t\t\t<\/div>\n\t\t\t\t<\/div>\n\t\t\t\t\t<\/div>\n\t\t\t\t<\/div>\n\t\t<div class=\"elementor-element elementor-element-3674e9f e-flex e-con-boxed elementor-invisible e-con e-parent\" data-id=\"3674e9f\" data-element_type=\"container\" data-settings=\"{&quot;animation&quot;:&quot;fadeInUp&quot;}\">\n\t\t\t\t\t<div class=\"e-con-inner\">\n\t\t\t\t<div class=\"elementor-element elementor-element-b45fb30 elementor-widget elementor-widget-heading\" data-id=\"b45fb30\" data-element_type=\"widget\" data-widget_type=\"heading.default\">\n\t\t\t\t\t<h4 class=\"elementor-heading-title elementor-size-default\">Link al portal de empleo:<\/h4>\t\t\t\t<\/div>\n\t\t\t\t<div class=\"elementor-element elementor-element-517646d elementor-widget elementor-widget-text-editor\" data-id=\"517646d\" data-element_type=\"widget\" data-widget_type=\"text-editor.default\">\n\t\t\t\t\t\t\t\t\t\n<p style=\"font-weight: 400;\">Revisa nuestras vacantes de pr\u00e1cticas vigentes ingresando <a href=\"https:\/\/careers.se.com\/global\/jobs?keywords=stp25&amp;lang=es-ES&amp;page=1&amp;sortBy=relevance&amp;location=Sevilla,%20Andaluc%C3%ADa,%20Espa%C3%B1a&amp;woe=7&amp;regionCode=ES&amp;stretchUnit=KILOMETERS&amp;stretch=10\" target=\"_blank\" rel=\"noopener\">aqu\u00ed<\/a>.<\/p>\n\t\t\t\t\t\t\t\t<\/div>\n\t\t\t\t\t<\/div>\n\t\t\t\t<\/div>\n\t\t<div class=\"elementor-element elementor-element-11e04fb e-flex e-con-boxed elementor-invisible e-con e-parent\" data-id=\"11e04fb\" data-element_type=\"container\" data-settings=\"{&quot;animation&quot;:&quot;fadeInUp&quot;}\">\n\t\t\t\t\t<div class=\"e-con-inner\">\n\t\t\t\t<div class=\"elementor-element elementor-element-3467f1f elementor-widget elementor-widget-image\" data-id=\"3467f1f\" data-element_type=\"widget\" data-widget_type=\"image.default\">\n\t\t\t\t\t\t\t\t\t\t\t\t\t\t\t<img fetchpriority=\"high\" decoding=\"async\" width=\"700\" height=\"193\" src=\"https:\/\/catedra.us.es\/catedraschneider\/wp-content\/uploads\/2025\/10\/schneider_lio_life_green_rgb.png\" class=\"attachment-large size-large wp-image-36\" alt=\"\" srcset=\"https:\/\/catedra.us.es\/catedraschneider\/wp-content\/uploads\/2025\/10\/schneider_lio_life_green_rgb.png 700w, https:\/\/catedra.us.es\/catedraschneider\/wp-content\/uploads\/2025\/10\/schneider_lio_life_green_rgb-300x83.png 300w\" sizes=\"(max-width: 700px) 100vw, 700px\" \/>\t\t\t\t\t\t\t\t\t\t\t\t\t\t\t<\/div>\n\t\t\t\t\t<\/div>\n\t\t\t\t<\/div>\n\t\t\t\t<\/div>\n\t\t","protected":false},"excerpt":{"rendered":"<p>Presentaci\u00f3n del programa de pr\u00e1cticas \u00bfQuieres vivir la experiencia de una\u00a0Multinacional\u00a0con el dinamismo de una\u00a0Startup? Si est\u00e1s buscando unas pr\u00e1cticas que pongan a prueba tus habilidades e impulsen tu carrera, nuestro\u00a0Schneider Trainee Program es para ti. Forma parte de un ambiente inclusivo en el que podr\u00e1s\u00a0cocrear soluciones a retos clave de la industria\u00a0aprendiendo de nuestros [&hellip;]<\/p>\n","protected":false},"author":1,"featured_media":0,"parent":0,"menu_order":9,"comment_status":"closed","ping_status":"closed","template":"","meta":{"footnotes":""},"class_list":["post-138","page","type-page","status-publish","hentry"],"_links":{"self":[{"href":"https:\/\/catedra.us.es\/catedraschneider\/wp-json\/wp\/v2\/pages\/138","targetHints":{"allow":["GET"]}}],"collection":[{"href":"https:\/\/catedra.us.es\/catedraschneider\/wp-json\/wp\/v2\/pages"}],"about":[{"href":"https:\/\/catedra.us.es\/catedraschneider\/wp-json\/wp\/v2\/types\/page"}],"author":[{"embeddable":true,"href":"https:\/\/catedra.us.es\/catedraschneider\/wp-json\/wp\/v2\/users\/1"}],"replies":[{"embeddable":true,"href":"https:\/\/catedra.us.es\/catedraschneider\/wp-json\/wp\/v2\/comments?post=138"}],"version-history":[{"count":10,"href":"https:\/\/catedra.us.es\/catedraschneider\/wp-json\/wp\/v2\/pages\/138\/revisions"}],"predecessor-version":[{"id":150,"href":"https:\/\/catedra.us.es\/catedraschneider\/wp-json\/wp\/v2\/pages\/138\/revisions\/150"}],"wp:attachment":[{"href":"https:\/\/catedra.us.es\/catedraschneider\/wp-json\/wp\/v2\/media?parent=138"}],"curies":[{"name":"wp","href":"https:\/\/api.w.org\/{rel}","templated":true}]}}