{"id":2,"date":"2025-08-28T17:17:27","date_gmt":"2025-08-28T15:17:27","guid":{"rendered":"http:\/\/catedra.us.es\/catedraschneider\/?page_id=2"},"modified":"2025-10-29T15:12:53","modified_gmt":"2025-10-29T14:12:53","slug":"inicio","status":"publish","type":"page","link":"https:\/\/catedra.us.es\/catedraschneider\/","title":{"rendered":"Inicio"},"content":{"rendered":"\t\t<div data-elementor-type=\"wp-page\" data-elementor-id=\"2\" class=\"elementor elementor-2\" data-elementor-post-type=\"page\">\n\t\t\t\t<div class=\"elementor-element elementor-element-d2bc280 e-flex e-con-boxed elementor-invisible e-con e-parent\" data-id=\"d2bc280\" data-element_type=\"container\" data-settings=\"{&quot;animation&quot;:&quot;fadeInLeft&quot;}\">\n\t\t\t\t\t<div class=\"e-con-inner\">\n\t\t\t\t\t<\/div>\n\t\t\t\t<\/div>\n\t\t<div class=\"elementor-element elementor-element-593b3ffc e-flex e-con-boxed elementor-invisible e-con e-parent\" data-id=\"593b3ffc\" data-element_type=\"container\" data-settings=\"{&quot;animation&quot;:&quot;fadeInUp&quot;}\">\n\t\t\t\t\t<div class=\"e-con-inner\">\n\t\t\t\t<div class=\"elementor-element elementor-element-7e9be9c2 elementor-widget elementor-widget-text-editor\" data-id=\"7e9be9c2\" data-element_type=\"widget\" data-widget_type=\"text-editor.default\">\n\t\t\t\t\t\t\t\t\t\n<p><strong>C\u00c1TEDRA SCHNEIDER ELECTRIC:<\/strong> Digitalizaci\u00f3n e inteligencia artificial industrial<\/p>\n\n<p>\u00a0La C\u00e1tedra tendr\u00e1 por objetivo fundamental la promoci\u00f3n de actividades docentes y de investigaci\u00f3n interdisciplinar vinculada a la Digitalizaci\u00f3n e inteligencia artificial industrial: impulsando la transici\u00f3n sostenible y energ\u00e9tica que estudien la realidad, problem\u00e1tica y perspectivas del desarrollo de nuevas estrategias y tecnolog\u00edas en este \u00e1mbito.<\/p>\n\n<p>\u00a0Igualmente fomentar\u00e1 en los j\u00f3venes universitarios una cultura empresarial a trav\u00e9s de la formaci\u00f3n de distintos aspectos relativos a la organizaci\u00f3n, a la cultura y a los valores dentro de la empresa, desde todos los puntos de vista que se estimen relevantes, ocup\u00e1ndose de desarrollar los programas formativos y las tareas de investigaci\u00f3n que contribuyan a mejorar la formaci\u00f3n de estas materias entre los estudiantes de la Universidad de Sevilla.<\/p>\n\n<p>La c\u00e1tedra potenciar\u00e1 trabajos acad\u00e9micos solventes relacionadas con la transformaci\u00f3n digital de la gesti\u00f3n y automatizaci\u00f3n de la energ\u00eda el\u00e9ctrica, la integraci\u00f3n de energ\u00eda renovables y sostenibles, el estudio de nuevas tecnolog\u00edas y tendencias, la aplicaci\u00f3n de soluciones de Tecnolog\u00edas de la Informaci\u00f3n y de las Comunicaciones (TIC).<\/p>\n\n<p>\u00a0<\/p>\n\t\t\t\t\t\t\t\t<\/div>\n\t\t\t\t\t<\/div>\n\t\t\t\t<\/div>\n\t\t<div class=\"elementor-element elementor-element-2e326fe e-flex e-con-boxed elementor-invisible e-con e-parent\" data-id=\"2e326fe\" data-element_type=\"container\" data-settings=\"{&quot;animation&quot;:&quot;fadeInUp&quot;}\">\n\t\t\t\t\t<div class=\"e-con-inner\">\n\t\t\t\t<div class=\"elementor-element elementor-element-f2dc5c1 elementor-widget elementor-widget-image\" data-id=\"f2dc5c1\" data-element_type=\"widget\" data-widget_type=\"image.default\">\n\t\t\t\t\t\t\t\t\t\t\t\t\t\t\t<img fetchpriority=\"high\" decoding=\"async\" width=\"700\" height=\"193\" src=\"https:\/\/catedra.us.es\/catedraschneider\/wp-content\/uploads\/2025\/10\/schneider_lio_life_green_rgb.png\" class=\"attachment-large size-large wp-image-36\" alt=\"\" srcset=\"https:\/\/catedra.us.es\/catedraschneider\/wp-content\/uploads\/2025\/10\/schneider_lio_life_green_rgb.png 700w, https:\/\/catedra.us.es\/catedraschneider\/wp-content\/uploads\/2025\/10\/schneider_lio_life_green_rgb-300x83.png 300w\" sizes=\"(max-width: 700px) 100vw, 700px\" \/>\t\t\t\t\t\t\t\t\t\t\t\t\t\t\t<\/div>\n\t\t\t\t\t<\/div>\n\t\t\t\t<\/div>\n\t\t\t\t<\/div>\n\t\t","protected":false},"excerpt":{"rendered":"<p>C\u00c1TEDRA SCHNEIDER ELECTRIC: Digitalizaci\u00f3n e inteligencia artificial industrial \u00a0La C\u00e1tedra tendr\u00e1 por objetivo fundamental la promoci\u00f3n de actividades docentes y de investigaci\u00f3n interdisciplinar vinculada a la Digitalizaci\u00f3n e inteligencia artificial industrial: impulsando la transici\u00f3n sostenible y energ\u00e9tica que estudien la realidad, problem\u00e1tica y perspectivas del desarrollo de nuevas estrategias y tecnolog\u00edas en este \u00e1mbito. \u00a0Igualmente [&hellip;]<\/p>\n","protected":false},"author":1,"featured_media":0,"parent":0,"menu_order":1,"comment_status":"closed","ping_status":"closed","template":"","meta":{"footnotes":""},"class_list":["post-2","page","type-page","status-publish","hentry"],"_links":{"self":[{"href":"https:\/\/catedra.us.es\/catedraschneider\/wp-json\/wp\/v2\/pages\/2","targetHints":{"allow":["GET"]}}],"collection":[{"href":"https:\/\/catedra.us.es\/catedraschneider\/wp-json\/wp\/v2\/pages"}],"about":[{"href":"https:\/\/catedra.us.es\/catedraschneider\/wp-json\/wp\/v2\/types\/page"}],"author":[{"embeddable":true,"href":"https:\/\/catedra.us.es\/catedraschneider\/wp-json\/wp\/v2\/users\/1"}],"replies":[{"embeddable":true,"href":"https:\/\/catedra.us.es\/catedraschneider\/wp-json\/wp\/v2\/comments?post=2"}],"version-history":[{"count":29,"href":"https:\/\/catedra.us.es\/catedraschneider\/wp-json\/wp\/v2\/pages\/2\/revisions"}],"predecessor-version":[{"id":93,"href":"https:\/\/catedra.us.es\/catedraschneider\/wp-json\/wp\/v2\/pages\/2\/revisions\/93"}],"wp:attachment":[{"href":"https:\/\/catedra.us.es\/catedraschneider\/wp-json\/wp\/v2\/media?parent=2"}],"curies":[{"name":"wp","href":"https:\/\/api.w.org\/{rel}","templated":true}]}}