{"id":217,"date":"2025-11-25T15:12:09","date_gmt":"2025-11-25T14:12:09","guid":{"rendered":"https:\/\/catedra.us.es\/catedraschneider\/?page_id=217"},"modified":"2025-11-25T15:23:07","modified_gmt":"2025-11-25T14:23:07","slug":"becas","status":"publish","type":"page","link":"https:\/\/catedra.us.es\/catedraschneider\/becas\/","title":{"rendered":"Becas"},"content":{"rendered":"\t\t<div data-elementor-type=\"wp-page\" data-elementor-id=\"217\" class=\"elementor elementor-217\" data-elementor-post-type=\"page\">\n\t\t\t\t<div class=\"elementor-element elementor-element-d2bc280 e-flex e-con-boxed elementor-invisible e-con e-parent\" data-id=\"d2bc280\" data-element_type=\"container\" data-settings=\"{&quot;animation&quot;:&quot;fadeInLeft&quot;}\">\n\t\t\t\t\t<div class=\"e-con-inner\">\n\t\t\t\t\t<\/div>\n\t\t\t\t<\/div>\n\t\t<div class=\"elementor-element elementor-element-7dcfe92 e-flex e-con-boxed elementor-invisible e-con e-parent\" data-id=\"7dcfe92\" data-element_type=\"container\" data-settings=\"{&quot;animation&quot;:&quot;fadeInUp&quot;}\">\n\t\t\t\t\t<div class=\"e-con-inner\">\n\t\t\t\t<div class=\"elementor-element elementor-element-8ec0015 elementor-widget elementor-widget-heading\" data-id=\"8ec0015\" data-element_type=\"widget\" data-widget_type=\"heading.default\">\n\t\t\t\t\t<h4 class=\"elementor-heading-title elementor-size-default\">Pruebas Funcionales Asistidas por Inteligencia Artificial<\/h4>\t\t\t\t<\/div>\n\t\t\t\t<div class=\"elementor-element elementor-element-f5b6ba0 elementor-widget elementor-widget-text-editor\" data-id=\"f5b6ba0\" data-element_type=\"widget\" data-widget_type=\"text-editor.default\">\n\t\t\t\t\t\t\t\t\t<p><b>\u00a0<\/b>La Inteligencia Artificial Generativa (IAGen) se ha convertido en una pieza fundamental del desarrollo de software. Uno de los aspectos en los que est\u00e1n resultando decisiva es la fase de pruebas donde permite dar apoyo tanto en la generaci\u00f3n de pruebas, como en la mejora de pruebas existentes. Esto incluye tareas como generaci\u00f3n de datos de pruebas realistas, generaci\u00f3n de or\u00e1culos de prueba, detecci\u00f3n de malos olores o c\u00e1lculo de cobertura, entre otros. El objetivo principal de este trabajo es analizar c\u00f3mo\u00a0las t\u00e9cnicas de IAGen actuales, y en particular los grandes modelos de lenguaje (LLMs), pueden contribuir a mejorar las pruebas funcionales en Schneider Electric.<\/p>\n<p><!-- \/wp:paragraph --><\/p>\t\t\t\t\t\t\t\t<\/div>\n\t\t\t\t\t<\/div>\n\t\t\t\t<\/div>\n\t\t<div class=\"elementor-element elementor-element-f287ae9 e-flex e-con-boxed elementor-invisible e-con e-parent\" data-id=\"f287ae9\" data-element_type=\"container\" data-settings=\"{&quot;animation&quot;:&quot;fadeInUp&quot;}\">\n\t\t\t\t\t<div class=\"e-con-inner\">\n\t\t\t\t<div class=\"elementor-element elementor-element-280bb70 elementor-widget elementor-widget-heading\" data-id=\"280bb70\" data-element_type=\"widget\" data-widget_type=\"heading.default\">\n\t\t\t\t\t<h4 class=\"elementor-heading-title elementor-size-default\">Objetivos<\/h4>\t\t\t\t<\/div>\n\t\t\t\t<div class=\"elementor-element elementor-element-9545c29 elementor-widget elementor-widget-text-editor\" data-id=\"9545c29\" data-element_type=\"widget\" data-widget_type=\"text-editor.default\">\n\t\t\t\t\t\t\t\t\t<ul>\n<li>Estudio y modelado del ecosistema de pruebas funcionales, tanto de verificaci\u00f3n como de validaci\u00f3n, de uno de los subsistemas de Schneider Electric.<\/li>\n<li>Estudio exploratorio del uso de LLMs comerciales para la generaci\u00f3n y mejora de pruebas existentes incluyendo tareas de generaci\u00f3n de datos de prueba, generaci\u00f3n de or\u00e1culos de prueba (assertions), generaci\u00f3n de casos de prueba y c\u00e1lculo de cobertura.<\/li>\n<\/ul>\n<p><!-- \/wp:paragraph --><\/p>\t\t\t\t\t\t\t\t<\/div>\n\t\t\t\t\t<\/div>\n\t\t\t\t<\/div>\n\t\t<div class=\"elementor-element elementor-element-856d1a0 e-flex e-con-boxed elementor-invisible e-con e-parent\" data-id=\"856d1a0\" data-element_type=\"container\" data-settings=\"{&quot;animation&quot;:&quot;fadeInUp&quot;}\">\n\t\t\t\t\t<div class=\"e-con-inner\">\n\t\t\t\t<div class=\"elementor-element elementor-element-c85154b elementor-widget elementor-widget-heading\" data-id=\"c85154b\" data-element_type=\"widget\" data-widget_type=\"heading.default\">\n\t\t\t\t\t<h4 class=\"elementor-heading-title elementor-size-default\">Planificaci\u00f3n temporal de tareas aproximada<\/h4>\t\t\t\t<\/div>\n\t\t\t\t<div class=\"elementor-element elementor-element-c48d991 elementor-widget elementor-widget-text-editor\" data-id=\"c48d991\" data-element_type=\"widget\" data-widget_type=\"text-editor.default\">\n\t\t\t\t\t\t\t\t\t<ul>\n<li><span style=\"font-size: 11pt; font-family: Calibri, sans-serif;\">Estudio y modelado del ecosistema de pruebas funcionales del subsistema seleccionado.<\/span><\/li>\n<li>An\u00e1lisis de la literatura sobre el uso de IAGen en pruebas.<\/li>\n<li>Aplicaci\u00f3n de LLMs industriales con distintas t\u00e9cnicas de prompting a las tareas de pruebas seleccionadas. Dise\u00f1o y ejecuci\u00f3n de experimentos.<\/li>\n<li>Evaluaci\u00f3n cuantitativa y cualitativa de los resultados.<\/li>\n<\/ul>\n<p><!-- \/wp:paragraph --><\/p>\t\t\t\t\t\t\t\t<\/div>\n\t\t\t\t\t<\/div>\n\t\t\t\t<\/div>\n\t\t<div class=\"elementor-element elementor-element-8a33c7b e-flex e-con-boxed elementor-invisible e-con e-parent\" data-id=\"8a33c7b\" data-element_type=\"container\" data-settings=\"{&quot;animation&quot;:&quot;fadeInUp&quot;}\">\n\t\t\t\t\t<div class=\"e-con-inner\">\n\t\t\t\t<div class=\"elementor-element elementor-element-1d64720 elementor-widget elementor-widget-heading\" data-id=\"1d64720\" data-element_type=\"widget\" data-widget_type=\"heading.default\">\n\t\t\t\t\t<h4 class=\"elementor-heading-title elementor-size-default\">Tutores:\n<\/h4>\t\t\t\t<\/div>\n\t\t\t\t<div class=\"elementor-element elementor-element-70f47bc elementor-widget elementor-widget-text-editor\" data-id=\"70f47bc\" data-element_type=\"widget\" data-widget_type=\"text-editor.default\">\n\t\t\t\t\t\t\t\t\t<!-- wp:paragraph -->\n<p><em><strong>Sergio Segura (US) y Lourdes\u00a0Sanz (Schneider)<\/strong>.<\/em><\/p>\n<!-- \/wp:paragraph -->\t\t\t\t\t\t\t\t<\/div>\n\t\t\t\t\t<\/div>\n\t\t\t\t<\/div>\n\t\t<div class=\"elementor-element elementor-element-8c96a75 e-flex e-con-boxed elementor-invisible e-con e-parent\" data-id=\"8c96a75\" data-element_type=\"container\" data-settings=\"{&quot;animation&quot;:&quot;fadeInUp&quot;}\">\n\t\t\t\t\t<div class=\"e-con-inner\">\n\t\t\t\t<div class=\"elementor-element elementor-element-6bd07d6 elementor-widget elementor-widget-text-editor\" data-id=\"6bd07d6\" data-element_type=\"widget\" data-widget_type=\"text-editor.default\">\n\t\t\t\t\t\t\t\t\t<p><strong>Si tienes alguna consulta adicional escribe a\u00a0<a class=\"mailto-link\" href=\"mailto:schneiderus@us.es\" target=\"_blank\" rel=\"noopener\">schneiderus@us.es<\/a><\/strong><u><\/u><u><\/u><\/p>\n<p><!-- \/wp:paragraph --><\/p>\t\t\t\t\t\t\t\t<\/div>\n\t\t\t\t\t<\/div>\n\t\t\t\t<\/div>\n\t\t<div class=\"elementor-element elementor-element-2e326fe e-flex e-con-boxed elementor-invisible e-con e-parent\" data-id=\"2e326fe\" data-element_type=\"container\" data-settings=\"{&quot;animation&quot;:&quot;fadeInUp&quot;}\">\n\t\t\t\t\t<div class=\"e-con-inner\">\n\t\t\t\t<div class=\"elementor-element elementor-element-f2dc5c1 elementor-widget elementor-widget-image\" data-id=\"f2dc5c1\" data-element_type=\"widget\" data-widget_type=\"image.default\">\n\t\t\t\t\t\t\t\t\t\t\t\t\t\t\t<img fetchpriority=\"high\" decoding=\"async\" width=\"700\" height=\"193\" src=\"https:\/\/catedra.us.es\/catedraschneider\/wp-content\/uploads\/2025\/10\/schneider_lio_life_green_rgb.png\" class=\"attachment-large size-large wp-image-36\" alt=\"\" srcset=\"https:\/\/catedra.us.es\/catedraschneider\/wp-content\/uploads\/2025\/10\/schneider_lio_life_green_rgb.png 700w, https:\/\/catedra.us.es\/catedraschneider\/wp-content\/uploads\/2025\/10\/schneider_lio_life_green_rgb-300x83.png 300w\" sizes=\"(max-width: 700px) 100vw, 700px\" \/>\t\t\t\t\t\t\t\t\t\t\t\t\t\t\t<\/div>\n\t\t\t\t\t<\/div>\n\t\t\t\t<\/div>\n\t\t\t\t<\/div>\n\t\t","protected":false},"excerpt":{"rendered":"<p>Pruebas Funcionales Asistidas por Inteligencia Artificial \u00a0La Inteligencia Artificial Generativa (IAGen) se ha convertido en una pieza fundamental del desarrollo de software. Uno de los aspectos en los que est\u00e1n resultando decisiva es la fase de pruebas donde permite dar apoyo tanto en la generaci\u00f3n de pruebas, como en la mejora de pruebas existentes. Esto [&hellip;]<\/p>\n","protected":false},"author":1,"featured_media":0,"parent":0,"menu_order":7,"comment_status":"closed","ping_status":"closed","template":"","meta":{"footnotes":""},"class_list":["post-217","page","type-page","status-publish","hentry"],"_links":{"self":[{"href":"https:\/\/catedra.us.es\/catedraschneider\/wp-json\/wp\/v2\/pages\/217","targetHints":{"allow":["GET"]}}],"collection":[{"href":"https:\/\/catedra.us.es\/catedraschneider\/wp-json\/wp\/v2\/pages"}],"about":[{"href":"https:\/\/catedra.us.es\/catedraschneider\/wp-json\/wp\/v2\/types\/page"}],"author":[{"embeddable":true,"href":"https:\/\/catedra.us.es\/catedraschneider\/wp-json\/wp\/v2\/users\/1"}],"replies":[{"embeddable":true,"href":"https:\/\/catedra.us.es\/catedraschneider\/wp-json\/wp\/v2\/comments?post=217"}],"version-history":[{"count":10,"href":"https:\/\/catedra.us.es\/catedraschneider\/wp-json\/wp\/v2\/pages\/217\/revisions"}],"predecessor-version":[{"id":233,"href":"https:\/\/catedra.us.es\/catedraschneider\/wp-json\/wp\/v2\/pages\/217\/revisions\/233"}],"wp:attachment":[{"href":"https:\/\/catedra.us.es\/catedraschneider\/wp-json\/wp\/v2\/media?parent=217"}],"curies":[{"name":"wp","href":"https:\/\/api.w.org\/{rel}","templated":true}]}}