{"id":300,"date":"2025-04-11T15:01:06","date_gmt":"2025-04-11T13:01:06","guid":{"rendered":"https:\/\/catedra.us.es\/ecosocial\/?page_id=300"},"modified":"2025-09-10T14:06:14","modified_gmt":"2025-09-10T12:06:14","slug":"enlaces-de-interes","status":"publish","type":"page","link":"https:\/\/catedra.us.es\/ecosocial\/enlaces-de-interes\/","title":{"rendered":"Enlaces de inter\u00e9s"},"content":{"rendered":"\t\t<div data-elementor-type=\"wp-page\" data-elementor-id=\"300\" class=\"elementor elementor-300\" data-elementor-post-type=\"page\">\n\t\t\t\t<div class=\"elementor-element elementor-element-6ee990b e-flex e-con-boxed elementor-invisible e-con e-parent\" data-id=\"6ee990b\" data-element_type=\"container\" data-e-type=\"container\" data-settings=\"{&quot;animation&quot;:&quot;fadeInUp&quot;}\">\n\t\t\t\t\t<div class=\"e-con-inner\">\n\t\t\t\t<div class=\"elementor-element elementor-element-33c6825 elementor-widget elementor-widget-heading\" data-id=\"33c6825\" data-element_type=\"widget\" data-e-type=\"widget\" data-widget_type=\"heading.default\">\n\t\t\t\t\t<h1 class=\"elementor-heading-title elementor-size-default\">Enlaces de inter\u00e9s<\/h1>\t\t\t\t<\/div>\n\t\t\t\t<div class=\"elementor-element elementor-element-239ad0f elementor-widget elementor-widget-text-editor\" data-id=\"239ad0f\" data-element_type=\"widget\" data-e-type=\"widget\" data-widget_type=\"text-editor.default\">\n\t\t\t\t\t\t\t\t\t<ul>\n<li>CEPES, Confederaci\u00f3n Espa\u00f1ola de la Econom\u00eda Social en Espa\u00f1a. <a href=\"https:\/\/www.cepes.es\/\" target=\"_blank\" rel=\"noopener\">https:\/\/www.cepes.es\/<\/a><\/li>\n<\/ul>\n<p>\u00a0<\/p>\n<ul>\n<li>CIRIEC-Espa\u00f1a, Revista de Econom\u00eda P\u00fablica, Social y Cooperativa. <a href=\"http:\/\/www.ciriec-revistaeconomia.es\" target=\"_blank\" rel=\"noopener\">http:\/\/www.ciriec-revistaeconomia.es<\/a><\/li>\n<\/ul>\n<p>\u00a0<\/p>\n<ul>\n<li>CIRIEC-Espa\u00f1a. Centro Internacional de Investigaci\u00f3n e Informaci\u00f3n sobre la Econom\u00eda P\u00fablica, Social y Cooperativa. <a href=\"https:\/\/ciriec.es\/\" target=\"_blank\" rel=\"noopener\">https:\/\/ciriec.es\/<\/a><\/li>\n<\/ul>\n<p>\u00a0<\/p>\n<ul>\n<li>Portal estad\u00edstico de la Econom\u00eda Social. <a href=\"https:\/\/ciriecstat.com\/\" target=\"_blank\" rel=\"noopener\">https:\/\/ciriecstat.com\/<\/a><\/li>\n<\/ul>\n<p>\u00a0<\/p>\n<ul>\n<li>Consejer\u00eda de Empleo, Empresa y Trabajo Aut\u00f3nomo de la Junta de Andaluc\u00eda.<\/li>\n<\/ul>\n<p><a href=\"https:\/\/www.juntadeandalucia.es\/organismos\/empleoempresaytrabajoautonomo\/areas\/economia-social.html\" target=\"_blank\" rel=\"noopener\">https:\/\/www.juntadeandalucia.es\/organismos\/empleoempresaytrabajoautonomo\/areas\/economia-social.html<\/a><\/p>\n<p>\u00a0<\/p>\n<ul>\n<li>Research network for social enterprise. <a href=\"https:\/\/emes.net\/\" target=\"_blank\" rel=\"noopener\">https:\/\/emes.net\/<\/a><\/li>\n<\/ul>\n<p>\u00a0<\/p>\n<ul>\n<li>Ministerio de Trabajo y Econom\u00eda Social. <a href=\"https:\/\/www.mites.gob.es\/\" target=\"_blank\" rel=\"noopener\">https:\/\/www.mites.gob.es\/<\/a><\/li>\n<\/ul>\n<p>\u00a0<\/p>\n<ul>\n<li>Observatorio Espa\u00f1ol de la Econom\u00eda Social y del Trabajo Aut\u00f3nomo. <a href=\"https:\/\/observatorioeconomiasocial.es\/\" target=\"_blank\" rel=\"noopener\">https:\/\/observatorioeconomiasocial.es\/<\/a><\/li>\n<\/ul>\n<p>\u00a0<\/p>\n<ul>\n<li>Observatorio Iberoamericano del Empleo y la Econom\u00eda Social y Cooperativa. <a href=\"http:\/\/www.oibescoop.org\/\" target=\"_blank\" rel=\"noopener\">http:\/\/www.oibescoop.org\/<\/a><\/li>\n<\/ul>\n<p>\u00a0<\/p>\n<ul>\n<li>Portal Abierto de la Empresa Social. <a href=\"https:\/\/www.portalabiertodelaempresasocial.org\/\" target=\"_blank\" rel=\"noopener\">https:\/\/www.portalabiertodelaempresasocial.org\/<\/a><\/li>\n<\/ul>\n<p>\u00a0<\/p>\n<ul>\n<li>REAS, Red de Redes de Econom\u00eda Alternativa y Solidaria. <a href=\"https:\/\/reas.red\/\" target=\"_blank\" rel=\"noopener\">https:\/\/reas.red\/<\/a><\/li>\n<\/ul>\n<p>\u00a0<\/p>\n<ul>\n<li>REVESCO, Revista de Estudios Cooperativos. <a href=\"http:\/\/webs.ucm.es\/info\/revesco\/index.php\" target=\"_blank\" rel=\"noopener\">http:\/\/webs.ucm.es\/info\/revesco\/index.php<\/a><\/li>\n<\/ul>\t\t\t\t\t\t\t\t<\/div>\n\t\t\t\t\t<\/div>\n\t\t\t\t<\/div>\n\t\t\t\t<\/div>\n\t\t","protected":false},"excerpt":{"rendered":"<p>Enlaces de inter\u00e9s CEPES, Confederaci\u00f3n Espa\u00f1ola de la Econom\u00eda Social en Espa\u00f1a. https:\/\/www.cepes.es\/ CIRIEC-Espa\u00f1a, Revista de Econom\u00eda P\u00fablica, Social y Cooperativa. https:\/\/www.ciriec-revistaeconomia.es CIRIEC-Espa\u00f1a. Centro Internacional de Investigaci\u00f3n e Informaci\u00f3n sobre la Econom\u00eda P\u00fablica, Social y Cooperativa. https:\/\/ciriec.es\/ Portal estad\u00edstico de la Econom\u00eda Social. https:\/\/ciriecstat.com\/ Consejer\u00eda de Empleo, Empresa y Trabajo Aut\u00f3nomo de la Junta de [&hellip;]<\/p>\n","protected":false},"author":1,"featured_media":0,"parent":0,"menu_order":4,"comment_status":"closed","ping_status":"closed","template":"","meta":{"footnotes":""},"class_list":["post-300","page","type-page","status-publish","hentry"],"_links":{"self":[{"href":"https:\/\/catedra.us.es\/ecosocial\/wp-json\/wp\/v2\/pages\/300","targetHints":{"allow":["GET"]}}],"collection":[{"href":"https:\/\/catedra.us.es\/ecosocial\/wp-json\/wp\/v2\/pages"}],"about":[{"href":"https:\/\/catedra.us.es\/ecosocial\/wp-json\/wp\/v2\/types\/page"}],"author":[{"embeddable":true,"href":"https:\/\/catedra.us.es\/ecosocial\/wp-json\/wp\/v2\/users\/1"}],"replies":[{"embeddable":true,"href":"https:\/\/catedra.us.es\/ecosocial\/wp-json\/wp\/v2\/comments?post=300"}],"version-history":[{"count":1,"href":"https:\/\/catedra.us.es\/ecosocial\/wp-json\/wp\/v2\/pages\/300\/revisions"}],"predecessor-version":[{"id":635,"href":"https:\/\/catedra.us.es\/ecosocial\/wp-json\/wp\/v2\/pages\/300\/revisions\/635"}],"wp:attachment":[{"href":"https:\/\/catedra.us.es\/ecosocial\/wp-json\/wp\/v2\/media?parent=300"}],"curies":[{"name":"wp","href":"https:\/\/api.w.org\/{rel}","templated":true}]}}