{"id":73,"date":"2025-04-10T13:40:18","date_gmt":"2025-04-10T11:40:18","guid":{"rendered":"https:\/\/catedra.us.es\/ecosocial\/?page_id=73"},"modified":"2026-01-27T11:05:17","modified_gmt":"2026-01-27T10:05:17","slug":"equipo","status":"publish","type":"page","link":"https:\/\/catedra.us.es\/ecosocial\/equipo\/","title":{"rendered":"Equipo"},"content":{"rendered":"\t\t<div data-elementor-type=\"wp-page\" data-elementor-id=\"73\" class=\"elementor elementor-73\" data-elementor-post-type=\"page\">\n\t\t\t\t<div class=\"elementor-element elementor-element-9c616 e-flex e-con-boxed elementor-invisible e-con e-parent\" data-id=\"9c616\" data-element_type=\"container\" data-e-type=\"container\" data-settings=\"{&quot;animation&quot;:&quot;fadeInUp&quot;}\">\n\t\t\t\t\t<div class=\"e-con-inner\">\n\t\t\t\t<div class=\"elementor-element elementor-element-7b7ac1a elementor-widget elementor-widget-heading\" data-id=\"7b7ac1a\" data-element_type=\"widget\" data-e-type=\"widget\" data-widget_type=\"heading.default\">\n\t\t\t\t\t<h1 class=\"elementor-heading-title elementor-size-default\">Nuestro equipo<\/h1>\t\t\t\t<\/div>\n\t\t\t\t<div class=\"elementor-element elementor-element-4bf15403 elementor-widget elementor-widget-text-editor\" data-id=\"4bf15403\" data-element_type=\"widget\" data-e-type=\"widget\" data-widget_type=\"text-editor.default\">\n\t\t\t\t\t\t\t\t\t\n<p>El equipo est\u00e1 formado por personas del <a href=\"https:\/\/departamento.us.es\/deconapli1\/\" target=\"_blank\" rel=\"noopener\">Departamento de Econom\u00eda Aplicada I<\/a> de la Universidad de Sevilla, quienes pertenecen tambi\u00e9n al grupo de investigaci\u00f3n \u201c<a href=\"https:\/\/grupo.us.es\/pymed\/\" target=\"_blank\" rel=\"noopener\">PYME y desarrollo econ\u00f3mico<\/a>\u201d (PYMED), vinculado a dicho departamento.<\/p>\n\t\t\t\t\t\t\t\t<\/div>\n\t\t\t\t\t<\/div>\n\t\t\t\t<\/div>\n\t\t<div class=\"elementor-element elementor-element-f4bc9db e-flex e-con-boxed elementor-invisible e-con e-parent\" data-id=\"f4bc9db\" data-element_type=\"container\" data-e-type=\"container\" data-settings=\"{&quot;animation&quot;:&quot;fadeInUp&quot;,&quot;background_background&quot;:&quot;classic&quot;,&quot;shape_divider_top&quot;:&quot;mountains&quot;,&quot;shape_divider_bottom&quot;:&quot;mountains&quot;}\">\n\t\t\t\t\t<div class=\"e-con-inner\">\n\t\t\t\t<div class=\"elementor-shape elementor-shape-top\" aria-hidden=\"true\" data-negative=\"false\">\n\t\t\t<svg xmlns=\"http:\/\/www.w3.org\/2000\/svg\" viewBox=\"0 0 1000 100\" preserveAspectRatio=\"none\">\n\t<path class=\"elementor-shape-fill\" opacity=\"0.33\" d=\"M473,67.3c-203.9,88.3-263.1-34-320.3,0C66,119.1,0,59.7,0,59.7V0h1000v59.7 c0,0-62.1,26.1-94.9,29.3c-32.8,3.3-62.8-12.3-75.8-22.1C806,49.6,745.3,8.7,694.9,4.7S492.4,59,473,67.3z\"\/>\n\t<path class=\"elementor-shape-fill\" opacity=\"0.66\" d=\"M734,67.3c-45.5,0-77.2-23.2-129.1-39.1c-28.6-8.7-150.3-10.1-254,39.1 s-91.7-34.4-149.2,0C115.7,118.3,0,39.8,0,39.8V0h1000v36.5c0,0-28.2-18.5-92.1-18.5C810.2,18.1,775.7,67.3,734,67.3z\"\/>\n\t<path class=\"elementor-shape-fill\" d=\"M766.1,28.9c-200-57.5-266,65.5-395.1,19.5C242,1.8,242,5.4,184.8,20.6C128,35.8,132.3,44.9,89.9,52.5C28.6,63.7,0,0,0,0 h1000c0,0-9.9,40.9-83.6,48.1S829.6,47,766.1,28.9z\"\/>\n<\/svg>\t\t<\/div>\n\t\t\t\t<div class=\"elementor-shape elementor-shape-bottom\" aria-hidden=\"true\" data-negative=\"false\">\n\t\t\t<svg xmlns=\"http:\/\/www.w3.org\/2000\/svg\" viewBox=\"0 0 1000 100\" preserveAspectRatio=\"none\">\n\t<path class=\"elementor-shape-fill\" opacity=\"0.33\" d=\"M473,67.3c-203.9,88.3-263.1-34-320.3,0C66,119.1,0,59.7,0,59.7V0h1000v59.7 c0,0-62.1,26.1-94.9,29.3c-32.8,3.3-62.8-12.3-75.8-22.1C806,49.6,745.3,8.7,694.9,4.7S492.4,59,473,67.3z\"\/>\n\t<path class=\"elementor-shape-fill\" opacity=\"0.66\" d=\"M734,67.3c-45.5,0-77.2-23.2-129.1-39.1c-28.6-8.7-150.3-10.1-254,39.1 s-91.7-34.4-149.2,0C115.7,118.3,0,39.8,0,39.8V0h1000v36.5c0,0-28.2-18.5-92.1-18.5C810.2,18.1,775.7,67.3,734,67.3z\"\/>\n\t<path class=\"elementor-shape-fill\" d=\"M766.1,28.9c-200-57.5-266,65.5-395.1,19.5C242,1.8,242,5.4,184.8,20.6C128,35.8,132.3,44.9,89.9,52.5C28.6,63.7,0,0,0,0 h1000c0,0-9.9,40.9-83.6,48.1S829.6,47,766.1,28.9z\"\/>\n<\/svg>\t\t<\/div>\n\t\t<div class=\"elementor-element elementor-element-6f2cbec e-con-full e-flex e-con e-child\" data-id=\"6f2cbec\" data-element_type=\"container\" data-e-type=\"container\">\n\t\t<div class=\"elementor-element elementor-element-a31b06d e-con-full e-flex e-con e-child\" data-id=\"a31b06d\" data-element_type=\"container\" data-e-type=\"container\">\n\t\t\t\t<div class=\"elementor-element elementor-element-ccd0827 elementor-widget elementor-widget-image\" data-id=\"ccd0827\" data-element_type=\"widget\" data-e-type=\"widget\" data-widget_type=\"image.default\">\n\t\t\t\t\t\t\t\t\t\t\t\t\t\t\t<img decoding=\"async\" src=\"https:\/\/catedra.us.es\/ecosocial\/wp-content\/uploads\/elementor\/thumbs\/Foto_Carmen-Guzman-5-scaled-e1744285737893-r45hfhoomqsafsbf6u1g5f9dcaiub9vufn3xtpx974.jpg\" title=\"Foto_Carmen Guzm\u00e1n 5\" alt=\"Foto_Carmen Guzm\u00e1n 5\" loading=\"lazy\" \/>\t\t\t\t\t\t\t\t\t\t\t\t\t\t\t<\/div>\n\t\t\t\t<\/div>\n\t\t<div class=\"elementor-element elementor-element-8ed672f e-con-full e-flex e-con e-child\" data-id=\"8ed672f\" data-element_type=\"container\" data-e-type=\"container\">\n\t\t\t\t<div class=\"elementor-element elementor-element-e71a3b7 elementor-widget elementor-widget-heading\" data-id=\"e71a3b7\" data-element_type=\"widget\" data-e-type=\"widget\" data-widget_type=\"heading.default\">\n\t\t\t\t\t<h3 class=\"elementor-heading-title elementor-size-default\">Carmen Guzm\u00e1n Alfonso<\/h3>\t\t\t\t<\/div>\n\t\t\t\t<div class=\"elementor-element elementor-element-54e24de elementor-widget elementor-widget-text-editor\" data-id=\"54e24de\" data-element_type=\"widget\" data-e-type=\"widget\" data-widget_type=\"text-editor.default\">\n\t\t\t\t\t\t\t\t\t<p>Directora de la C\u00e1tedra y Vicedecana de Investigaci\u00f3n, Transferencia y Emprendimiento de la Facultad de Ciencias Econ\u00f3micas y Empresariales. Profesora Titular de Universidad.<\/p>\n<p><a href=\"https:\/\/prisma.us.es\/investigador\/1907\" target=\"_blank\" rel=\"noopener\">https:\/\/prisma.us.es\/investigador\/1907<\/a><\/p>\n<p><a href=\"mailto:Ccguzman2@us.es\">cguzman2@us.es<\/a><\/p>\t\t\t\t\t\t\t\t<\/div>\n\t\t\t\t<\/div>\n\t\t\t\t<\/div>\n\t\t\t\t<div class=\"elementor-element elementor-element-3aa626a elementor-widget-divider--view-line elementor-widget elementor-widget-divider\" data-id=\"3aa626a\" data-element_type=\"widget\" data-e-type=\"widget\" data-widget_type=\"divider.default\">\n\t\t\t\t\t\t\t<div class=\"elementor-divider\">\n\t\t\t<span class=\"elementor-divider-separator\">\n\t\t\t\t\t\t<\/span>\n\t\t<\/div>\n\t\t\t\t\t\t<\/div>\n\t\t<div class=\"elementor-element elementor-element-f1f20b0 e-con-full e-flex e-con e-child\" data-id=\"f1f20b0\" data-element_type=\"container\" data-e-type=\"container\">\n\t\t<div class=\"elementor-element elementor-element-070873e e-con-full e-flex e-con e-child\" data-id=\"070873e\" data-element_type=\"container\" data-e-type=\"container\">\n\t\t\t\t<div class=\"elementor-element elementor-element-6f0ef33 elementor-widget elementor-widget-image\" data-id=\"6f0ef33\" data-element_type=\"widget\" data-e-type=\"widget\" data-widget_type=\"image.default\">\n\t\t\t\t\t\t\t\t\t\t\t\t\t\t\t<img decoding=\"async\" src=\"https:\/\/catedra.us.es\/ecosocial\/wp-content\/uploads\/elementor\/thumbs\/Foto_Lidia-Valiente-r45i7dkbdsyivbt8cvz04dxnrt2uo0l69nuid8ksls.png\" title=\"Foto_Lidia Valiente\" alt=\"Foto_Lidia Valiente\" loading=\"lazy\" \/>\t\t\t\t\t\t\t\t\t\t\t\t\t\t\t<\/div>\n\t\t\t\t<\/div>\n\t\t<div class=\"elementor-element elementor-element-5c7de06 e-con-full e-flex e-con e-child\" data-id=\"5c7de06\" data-element_type=\"container\" data-e-type=\"container\">\n\t\t\t\t<div class=\"elementor-element elementor-element-fd042f9 elementor-widget elementor-widget-heading\" data-id=\"fd042f9\" data-element_type=\"widget\" data-e-type=\"widget\" data-widget_type=\"heading.default\">\n\t\t\t\t\t<h3 class=\"elementor-heading-title elementor-size-default\">Lidia Valiente Palma<\/h3>\t\t\t\t<\/div>\n\t\t\t\t<div class=\"elementor-element elementor-element-f33cb6a elementor-widget elementor-widget-text-editor\" data-id=\"f33cb6a\" data-element_type=\"widget\" data-e-type=\"widget\" data-widget_type=\"text-editor.default\">\n\t\t\t\t\t\t\t\t\t<p>Secretaria de la C\u00e1tedra. Profesora Ayudante Doctora.<\/p>\n<p><a href=\"https:\/\/prisma.us.es\/investigador\/6725\" target=\"_blank\" rel=\"noopener\">https:\/\/prisma.us.es\/investigador\/6725<\/a><\/p>\n<p><a href=\"mailto:Lvaliente@us.es\">lvaliente@us.es<\/a><\/p>\t\t\t\t\t\t\t\t<\/div>\n\t\t\t\t<\/div>\n\t\t\t\t<\/div>\n\t\t\t\t<div class=\"elementor-element elementor-element-4286d18 elementor-widget-divider--view-line elementor-widget elementor-widget-divider\" data-id=\"4286d18\" data-element_type=\"widget\" data-e-type=\"widget\" data-widget_type=\"divider.default\">\n\t\t\t\t\t\t\t<div class=\"elementor-divider\">\n\t\t\t<span class=\"elementor-divider-separator\">\n\t\t\t\t\t\t<\/span>\n\t\t<\/div>\n\t\t\t\t\t\t<\/div>\n\t\t<div class=\"elementor-element elementor-element-ec82501 e-con-full e-flex e-con e-child\" data-id=\"ec82501\" data-element_type=\"container\" data-e-type=\"container\">\n\t\t<div class=\"elementor-element elementor-element-3b3faa7 e-con-full e-flex e-con e-child\" data-id=\"3b3faa7\" data-element_type=\"container\" data-e-type=\"container\">\n\t\t\t\t<div class=\"elementor-element elementor-element-dbee801 elementor-widget elementor-widget-image\" data-id=\"dbee801\" data-element_type=\"widget\" data-e-type=\"widget\" data-widget_type=\"image.default\">\n\t\t\t\t\t\t\t\t\t\t\t\t\t\t\t<img decoding=\"async\" src=\"https:\/\/catedra.us.es\/ecosocial\/wp-content\/uploads\/elementor\/thumbs\/Jose_Fernandez-r45i9jkx51xbmynwpbp1dc8x2sebew6w8dzt77d49c.jpg\" title=\"Jose_Fernandez\" alt=\"Jose_Fernandez\" loading=\"lazy\" \/>\t\t\t\t\t\t\t\t\t\t\t\t\t\t\t<\/div>\n\t\t\t\t<\/div>\n\t\t<div class=\"elementor-element elementor-element-b7354ea e-con-full e-flex e-con e-child\" data-id=\"b7354ea\" data-element_type=\"container\" data-e-type=\"container\">\n\t\t\t\t<div class=\"elementor-element elementor-element-8a5729c elementor-widget elementor-widget-heading\" data-id=\"8a5729c\" data-element_type=\"widget\" data-e-type=\"widget\" data-widget_type=\"heading.default\">\n\t\t\t\t\t<h3 class=\"elementor-heading-title elementor-size-default\">Jos\u00e9 Fern\u00e1ndez Serrano<\/h3>\t\t\t\t<\/div>\n\t\t\t\t<div class=\"elementor-element elementor-element-a07ba53 elementor-widget elementor-widget-text-editor\" data-id=\"a07ba53\" data-element_type=\"widget\" data-e-type=\"widget\" data-widget_type=\"text-editor.default\">\n\t\t\t\t\t\t\t\t\t<p>Profesor Titular de Universidad.<\/p>\n<p><a href=\"https:\/\/prisma.us.es\/investigador\/1317\" target=\"_blank\" rel=\"noopener\">https:\/\/prisma.us.es\/investigador\/1317<\/a><\/p>\n<p><a href=\"mailto:jfserrano@us.es\">jfserrano@us.es<\/a><\/p>\t\t\t\t\t\t\t\t<\/div>\n\t\t\t\t<\/div>\n\t\t\t\t<\/div>\n\t\t\t\t<div class=\"elementor-element elementor-element-a3c3242 elementor-widget-divider--view-line elementor-widget elementor-widget-divider\" data-id=\"a3c3242\" data-element_type=\"widget\" data-e-type=\"widget\" data-widget_type=\"divider.default\">\n\t\t\t\t\t\t\t<div class=\"elementor-divider\">\n\t\t\t<span class=\"elementor-divider-separator\">\n\t\t\t\t\t\t<\/span>\n\t\t<\/div>\n\t\t\t\t\t\t<\/div>\n\t\t<div class=\"elementor-element elementor-element-f6c26de e-con-full e-flex e-con e-child\" data-id=\"f6c26de\" data-element_type=\"container\" data-e-type=\"container\">\n\t\t<div class=\"elementor-element elementor-element-d4ce425 e-con-full e-flex e-con e-child\" data-id=\"d4ce425\" data-element_type=\"container\" data-e-type=\"container\">\n\t\t\t\t<div class=\"elementor-element elementor-element-814b331 elementor-widget elementor-widget-image\" data-id=\"814b331\" data-element_type=\"widget\" data-e-type=\"widget\" data-widget_type=\"image.default\">\n\t\t\t\t\t\t\t\t\t\t\t\t\t\t\t<img decoding=\"async\" src=\"https:\/\/catedra.us.es\/ecosocial\/wp-content\/uploads\/elementor\/thumbs\/foto_DomingoDNI-e1744289131121-r45jw3wwyg3h0blfq518827ti1qlzzoty99wmuj2kw.jpg\" title=\"foto_DomingoDNI\" alt=\"foto_DomingoDNI\" loading=\"lazy\" \/>\t\t\t\t\t\t\t\t\t\t\t\t\t\t\t<\/div>\n\t\t\t\t<\/div>\n\t\t<div class=\"elementor-element elementor-element-3d6efed e-con-full e-flex e-con e-child\" data-id=\"3d6efed\" data-element_type=\"container\" data-e-type=\"container\">\n\t\t\t\t<div class=\"elementor-element elementor-element-592233c elementor-widget elementor-widget-heading\" data-id=\"592233c\" data-element_type=\"widget\" data-e-type=\"widget\" data-widget_type=\"heading.default\">\n\t\t\t\t\t<h3 class=\"elementor-heading-title elementor-size-default\">Domingo Mart\u00edn Mart\u00edn<\/h3>\t\t\t\t<\/div>\n\t\t\t\t<div class=\"elementor-element elementor-element-04a636c elementor-widget elementor-widget-text-editor\" data-id=\"04a636c\" data-element_type=\"widget\" data-e-type=\"widget\" data-widget_type=\"text-editor.default\">\n\t\t\t\t\t\t\t\t\t<p>Profesor Contratado Doctor.<\/p>\n<p><a href=\"https:\/\/prisma.us.es\/investigador\/2512\" target=\"_blank\" rel=\"noopener\">https:\/\/prisma.us.es\/investigador\/2512<\/a><\/p>\n<p><a href=\"mailto:domartin@us.es\">domartin@us.es<\/a><\/p>\t\t\t\t\t\t\t\t<\/div>\n\t\t\t\t<\/div>\n\t\t\t\t<\/div>\n\t\t\t\t<div class=\"elementor-element elementor-element-ca5129a elementor-widget-divider--view-line elementor-widget elementor-widget-divider\" data-id=\"ca5129a\" data-element_type=\"widget\" data-e-type=\"widget\" data-widget_type=\"divider.default\">\n\t\t\t\t\t\t\t<div class=\"elementor-divider\">\n\t\t\t<span class=\"elementor-divider-separator\">\n\t\t\t\t\t\t<\/span>\n\t\t<\/div>\n\t\t\t\t\t\t<\/div>\n\t\t<div class=\"elementor-element elementor-element-8e67a9c e-con-full e-flex e-con e-child\" data-id=\"8e67a9c\" data-element_type=\"container\" data-e-type=\"container\">\n\t\t<div class=\"elementor-element elementor-element-e77da70 e-con-full e-flex e-con e-child\" data-id=\"e77da70\" data-element_type=\"container\" data-e-type=\"container\">\n\t\t\t\t<div class=\"elementor-element elementor-element-79ac923 elementor-widget elementor-widget-image\" data-id=\"79ac923\" data-element_type=\"widget\" data-e-type=\"widget\" data-widget_type=\"image.default\">\n\t\t\t\t\t\t\t\t\t\t\t\t\t\t\t<img decoding=\"async\" src=\"https:\/\/catedra.us.es\/ecosocial\/wp-content\/uploads\/elementor\/thumbs\/Lucas_Olmedo-scaled-ri9ms3zk4gmjy69ups9vig1cd71youw742k4rhj174.jpg\" title=\"Lucas_Olmedo\" alt=\"Lucas_Olmedo\" loading=\"lazy\" \/>\t\t\t\t\t\t\t\t\t\t\t\t\t\t\t<\/div>\n\t\t\t\t<\/div>\n\t\t<div class=\"elementor-element elementor-element-e0ae035 e-con-full e-flex e-con e-child\" data-id=\"e0ae035\" data-element_type=\"container\" data-e-type=\"container\">\n\t\t\t\t<div class=\"elementor-element elementor-element-6441b00 elementor-widget elementor-widget-heading\" data-id=\"6441b00\" data-element_type=\"widget\" data-e-type=\"widget\" data-widget_type=\"heading.default\">\n\t\t\t\t\t<h3 class=\"elementor-heading-title elementor-size-default\">Lucas Olmedo Osuna<\/h3>\t\t\t\t<\/div>\n\t\t\t\t<div class=\"elementor-element elementor-element-a720f2a elementor-widget elementor-widget-text-editor\" data-id=\"a720f2a\" data-element_type=\"widget\" data-e-type=\"widget\" data-widget_type=\"text-editor.default\">\n\t\t\t\t\t\t\t\t\t<p style=\"font-weight: 400;\">Profesor Ayudante Doctor.<\/p>\n<p style=\"font-weight: 400;\"><a href=\"https:\/\/prisma.us.es\/investigador\/10248\" target=\"_blank\" rel=\"noopener\">https:\/\/prisma.us.es\/investigador\/10248<\/a><\/p>\n<p style=\"font-weight: 400;\"><a href=\"mailto:lolmedo1@us.es\">lolmedo1@us.es<\/a>\u00a0<\/p>\t\t\t\t\t\t\t\t<\/div>\n\t\t\t\t<\/div>\n\t\t\t\t<\/div>\n\t\t\t\t<div class=\"elementor-element elementor-element-4a91eb9 elementor-widget-divider--view-line elementor-widget elementor-widget-divider\" data-id=\"4a91eb9\" data-element_type=\"widget\" data-e-type=\"widget\" data-widget_type=\"divider.default\">\n\t\t\t\t\t\t\t<div class=\"elementor-divider\">\n\t\t\t<span class=\"elementor-divider-separator\">\n\t\t\t\t\t\t<\/span>\n\t\t<\/div>\n\t\t\t\t\t\t<\/div>\n\t\t<div class=\"elementor-element elementor-element-047487d e-con-full e-flex e-con e-child\" data-id=\"047487d\" data-element_type=\"container\" data-e-type=\"container\">\n\t\t<div class=\"elementor-element elementor-element-b06ebb1 e-con-full e-flex e-con e-child\" data-id=\"b06ebb1\" data-element_type=\"container\" data-e-type=\"container\">\n\t\t\t\t<div class=\"elementor-element elementor-element-d7bd96c elementor-widget elementor-widget-image\" data-id=\"d7bd96c\" data-element_type=\"widget\" data-e-type=\"widget\" data-widget_type=\"image.default\">\n\t\t\t\t\t\t\t\t\t\t\t\t\t\t\t<img decoding=\"async\" src=\"https:\/\/catedra.us.es\/ecosocial\/wp-content\/uploads\/elementor\/thumbs\/Isidoro_Romero-scaled-e1744289279240-r45jzz111xdwqlzd5t60h341f2oxn713tdtrnsst00.jpg\" title=\"Isidoro_Romero\" alt=\"Isidoro_Romero\" loading=\"lazy\" \/>\t\t\t\t\t\t\t\t\t\t\t\t\t\t\t<\/div>\n\t\t\t\t<\/div>\n\t\t<div class=\"elementor-element elementor-element-a5368b8 e-con-full e-flex e-con e-child\" data-id=\"a5368b8\" data-element_type=\"container\" data-e-type=\"container\">\n\t\t\t\t<div class=\"elementor-element elementor-element-c310db6 elementor-widget elementor-widget-heading\" data-id=\"c310db6\" data-element_type=\"widget\" data-e-type=\"widget\" data-widget_type=\"heading.default\">\n\t\t\t\t\t<h3 class=\"elementor-heading-title elementor-size-default\">Isidoro Romero Luna<\/h3>\t\t\t\t<\/div>\n\t\t\t\t<div class=\"elementor-element elementor-element-f3b1632 elementor-widget elementor-widget-text-editor\" data-id=\"f3b1632\" data-element_type=\"widget\" data-e-type=\"widget\" data-widget_type=\"text-editor.default\">\n\t\t\t\t\t\t\t\t\t<p>Catedr\u00e1tico de Universidad.<\/p>\n<p><a href=\"https:\/\/prisma.us.es\/investigador\/3724\" target=\"_blank\" rel=\"noopener\">https:\/\/prisma.us.es\/investigador\/3724<\/a><\/p>\n<p><a href=\"mailto:isidoro@us.es\">isidoro@us.es<\/a><\/p>\t\t\t\t\t\t\t\t<\/div>\n\t\t\t\t<\/div>\n\t\t\t\t<\/div>\n\t\t\t\t<div class=\"elementor-element elementor-element-81e64b0 elementor-widget-divider--view-line elementor-widget elementor-widget-divider\" data-id=\"81e64b0\" data-element_type=\"widget\" data-e-type=\"widget\" data-widget_type=\"divider.default\">\n\t\t\t\t\t\t\t<div class=\"elementor-divider\">\n\t\t\t<span class=\"elementor-divider-separator\">\n\t\t\t\t\t\t<\/span>\n\t\t<\/div>\n\t\t\t\t\t\t<\/div>\n\t\t<div class=\"elementor-element elementor-element-c6be727 e-con-full e-flex e-con e-child\" data-id=\"c6be727\" data-element_type=\"container\" data-e-type=\"container\">\n\t\t<div class=\"elementor-element elementor-element-edcfc41 e-con-full e-flex e-con e-child\" data-id=\"edcfc41\" data-element_type=\"container\" data-e-type=\"container\">\n\t\t\t\t<div class=\"elementor-element elementor-element-5d4d4ae elementor-widget elementor-widget-image\" data-id=\"5d4d4ae\" data-element_type=\"widget\" data-e-type=\"widget\" data-widget_type=\"image.default\">\n\t\t\t\t\t\t\t\t\t\t\t\t\t\t\t<img decoding=\"async\" src=\"https:\/\/catedra.us.es\/ecosocial\/wp-content\/uploads\/elementor\/thumbs\/Foto-Javier-Santos-e1744289394953-r45k2z4gvvhvtrmcmlw3xtu1qdw58dy8k8ulumcj4g.jpg\" title=\"Foto Javier Santos\" alt=\"Foto Javier Santos\" loading=\"lazy\" \/>\t\t\t\t\t\t\t\t\t\t\t\t\t\t\t<\/div>\n\t\t\t\t<\/div>\n\t\t<div class=\"elementor-element elementor-element-a34d862 e-con-full e-flex e-con e-child\" data-id=\"a34d862\" data-element_type=\"container\" data-e-type=\"container\">\n\t\t\t\t<div class=\"elementor-element elementor-element-c0a1827 elementor-widget elementor-widget-heading\" data-id=\"c0a1827\" data-element_type=\"widget\" data-e-type=\"widget\" data-widget_type=\"heading.default\">\n\t\t\t\t\t<h3 class=\"elementor-heading-title elementor-size-default\">Francisco Javier Santos Cumplido<\/h3>\t\t\t\t<\/div>\n\t\t\t\t<div class=\"elementor-element elementor-element-9c2b43f elementor-widget elementor-widget-text-editor\" data-id=\"9c2b43f\" data-element_type=\"widget\" data-e-type=\"widget\" data-widget_type=\"text-editor.default\">\n\t\t\t\t\t\t\t\t\t<p>Catedr\u00e1tico de Universidad.<\/p>\n<p><a href=\"https:\/\/prisma.us.es\/investigador\/3992\" target=\"_blank\" rel=\"noopener\">https:\/\/prisma.us.es\/investigador\/3992<\/a><\/p>\n<p><a href=\"mailto:fjsantos@us.es\">fjsantos@us.es<\/a><\/p>\t\t\t\t\t\t\t\t<\/div>\n\t\t\t\t<\/div>\n\t\t\t\t<\/div>\n\t\t\t\t<div class=\"elementor-element elementor-element-a9645a9 elementor-widget-divider--view-line elementor-widget elementor-widget-divider\" data-id=\"a9645a9\" data-element_type=\"widget\" data-e-type=\"widget\" data-widget_type=\"divider.default\">\n\t\t\t\t\t\t\t<div class=\"elementor-divider\">\n\t\t\t<span class=\"elementor-divider-separator\">\n\t\t\t\t\t\t<\/span>\n\t\t<\/div>\n\t\t\t\t\t\t<\/div>\n\t\t<div class=\"elementor-element elementor-element-5f658f5 e-con-full e-flex e-con e-child\" data-id=\"5f658f5\" data-element_type=\"container\" data-e-type=\"container\">\n\t\t<div class=\"elementor-element elementor-element-c492cc9 e-con-full e-flex e-con e-child\" data-id=\"c492cc9\" data-element_type=\"container\" data-e-type=\"container\">\n\t\t\t\t<div class=\"elementor-element elementor-element-74db6bd elementor-widget elementor-widget-image\" data-id=\"74db6bd\" data-element_type=\"widget\" data-e-type=\"widget\" data-widget_type=\"image.default\">\n\t\t\t\t\t\t\t\t\t\t\t\t\t\t\t<img decoding=\"async\" src=\"https:\/\/catedra.us.es\/ecosocial\/wp-content\/uploads\/elementor\/thumbs\/Pilar-Tejada-r45kc9r0gw7ymy4acmjalhe57k2tcmuoi93gp4kdlc.jpg\" title=\"Pilar Tejada\" alt=\"Pilar Tejada\" loading=\"lazy\" \/>\t\t\t\t\t\t\t\t\t\t\t\t\t\t\t<\/div>\n\t\t\t\t<\/div>\n\t\t<div class=\"elementor-element elementor-element-ecdfc6b e-con-full e-flex e-con e-child\" data-id=\"ecdfc6b\" data-element_type=\"container\" data-e-type=\"container\">\n\t\t\t\t<div class=\"elementor-element elementor-element-904c921 elementor-widget elementor-widget-heading\" data-id=\"904c921\" data-element_type=\"widget\" data-e-type=\"widget\" data-widget_type=\"heading.default\">\n\t\t\t\t\t<h3 class=\"elementor-heading-title elementor-size-default\">Pilar Tejada Gonz\u00e1lez<\/h3>\t\t\t\t<\/div>\n\t\t\t\t<div class=\"elementor-element elementor-element-f8ccc30 elementor-widget elementor-widget-text-editor\" data-id=\"f8ccc30\" data-element_type=\"widget\" data-e-type=\"widget\" data-widget_type=\"text-editor.default\">\n\t\t\t\t\t\t\t\t\t<p>Profesora Titular de Universidad.<\/p>\n<p><a href=\"https:\/\/prisma.us.es\/investigador\/4135\" target=\"_blank\" rel=\"noopener\">https:\/\/prisma.us.es\/investigador\/4135<\/a><\/p>\n<p><a href=\"mailto:ptejada@us.es\">ptejada@us.es<\/a><\/p>\t\t\t\t\t\t\t\t<\/div>\n\t\t\t\t<\/div>\n\t\t\t\t<\/div>\n\t\t\t\t\t<\/div>\n\t\t\t\t<\/div>\n\t\t\t\t<\/div>\n\t\t","protected":false},"excerpt":{"rendered":"<p>Nuestro equipo El equipo est\u00e1 formado por personas del Departamento de Econom\u00eda Aplicada I de la Universidad de Sevilla, quienes pertenecen tambi\u00e9n al grupo de investigaci\u00f3n \u201cPYME y desarrollo econ\u00f3mico\u201d (PYMED), vinculado a dicho departamento. Carmen Guzm\u00e1n Alfonso Directora de la C\u00e1tedra y Vicedecana de Investigaci\u00f3n, Transferencia y Emprendimiento de la Facultad de Ciencias Econ\u00f3micas [&hellip;]<\/p>\n","protected":false},"author":1,"featured_media":0,"parent":0,"menu_order":2,"comment_status":"closed","ping_status":"closed","template":"","meta":{"footnotes":""},"class_list":["post-73","page","type-page","status-publish","hentry"],"_links":{"self":[{"href":"https:\/\/catedra.us.es\/ecosocial\/wp-json\/wp\/v2\/pages\/73","targetHints":{"allow":["GET"]}}],"collection":[{"href":"https:\/\/catedra.us.es\/ecosocial\/wp-json\/wp\/v2\/pages"}],"about":[{"href":"https:\/\/catedra.us.es\/ecosocial\/wp-json\/wp\/v2\/types\/page"}],"author":[{"embeddable":true,"href":"https:\/\/catedra.us.es\/ecosocial\/wp-json\/wp\/v2\/users\/1"}],"replies":[{"embeddable":true,"href":"https:\/\/catedra.us.es\/ecosocial\/wp-json\/wp\/v2\/comments?post=73"}],"version-history":[{"count":4,"href":"https:\/\/catedra.us.es\/ecosocial\/wp-json\/wp\/v2\/pages\/73\/revisions"}],"predecessor-version":[{"id":680,"href":"https:\/\/catedra.us.es\/ecosocial\/wp-json\/wp\/v2\/pages\/73\/revisions\/680"}],"wp:attachment":[{"href":"https:\/\/catedra.us.es\/ecosocial\/wp-json\/wp\/v2\/media?parent=73"}],"curies":[{"name":"wp","href":"https:\/\/api.w.org\/{rel}","templated":true}]}}