{"id":1770,"date":"2023-02-21T10:36:56","date_gmt":"2023-02-21T10:36:56","guid":{"rendered":"http:\/\/catedra.us.es\/eemedioambiente\/?page_id=1770"},"modified":"2023-02-21T10:37:22","modified_gmt":"2023-02-21T10:37:22","slug":"personal-tecnico","status":"publish","type":"page","link":"https:\/\/catedra.us.es\/eemedioambiente\/organizacion\/personal-tecnico\/","title":{"rendered":"Personal T\u00e9cnico"},"content":{"rendered":"\t\t<div data-elementor-type=\"wp-post\" data-elementor-id=\"1770\" class=\"elementor elementor-1770\">\n\t\t\t\t\t\t<div class=\"elementor-inner\">\n\t\t\t\t<div class=\"elementor-section-wrap\">\n\t\t\t\t\t\t\t\t\t<section class=\"elementor-section elementor-top-section elementor-element elementor-element-c308404 elementor-section-boxed elementor-section-height-default elementor-section-height-default\" data-id=\"c308404\" data-element_type=\"section\">\n\t\t\t\t\t\t<div class=\"elementor-container elementor-column-gap-default\">\n\t\t\t\t\t\t\t<div class=\"elementor-row\">\n\t\t\t\t\t<div class=\"elementor-column elementor-col-100 elementor-top-column elementor-element elementor-element-30a1092c\" data-id=\"30a1092c\" data-element_type=\"column\">\n\t\t\t<div class=\"elementor-column-wrap elementor-element-populated\">\n\t\t\t\t\t\t\t<div class=\"elementor-widget-wrap\">\n\t\t\t\t\t\t<div class=\"elementor-element elementor-element-5fb795a3 elementor-widget elementor-widget-heading\" data-id=\"5fb795a3\" data-element_type=\"widget\" data-widget_type=\"heading.default\">\n\t\t\t\t<div class=\"elementor-widget-container\">\n\t\t\t<h2 class=\"elementor-heading-title elementor-size-default\">Inmaculada Larrad Sabido<\/h2>\t\t<\/div>\n\t\t\t\t<\/div>\n\t\t\t\t<section class=\"elementor-section elementor-inner-section elementor-element elementor-element-6f09c7d elementor-section-boxed elementor-section-height-default elementor-section-height-default\" data-id=\"6f09c7d\" data-element_type=\"section\">\n\t\t\t\t\t\t<div class=\"elementor-container elementor-column-gap-default\">\n\t\t\t\t\t\t\t<div class=\"elementor-row\">\n\t\t\t\t\t<div class=\"elementor-column elementor-col-50 elementor-inner-column elementor-element elementor-element-5df90c2a\" data-id=\"5df90c2a\" data-element_type=\"column\">\n\t\t\t<div class=\"elementor-column-wrap elementor-element-populated\">\n\t\t\t\t\t\t\t<div class=\"elementor-widget-wrap\">\n\t\t\t\t\t\t<div class=\"elementor-element elementor-element-7ff61ebc elementor-widget elementor-widget-image\" data-id=\"7ff61ebc\" data-element_type=\"widget\" data-widget_type=\"image.default\">\n\t\t\t\t<div class=\"elementor-widget-container\">\n\t\t\t\t\t\t\t\t<div class=\"elementor-image\">\n\t\t\t\t\t\t\t\t\t\t\t\t<img width=\"120\" height=\"160\" src=\"https:\/\/catedra.us.es\/eemedioambiente\/wp-content\/uploads\/2018\/02\/inmaculada_larrad.jpg\" class=\"attachment-large size-large\" alt=\"\" loading=\"lazy\" \/>\t\t\t\t\t\t\t\t\t\t\t\t\t\t<\/div>\n\t\t\t\t\t\t<\/div>\n\t\t\t\t<\/div>\n\t\t\t\t\t\t<\/div>\n\t\t\t\t\t<\/div>\n\t\t<\/div>\n\t\t\t\t<div class=\"elementor-column elementor-col-50 elementor-inner-column elementor-element elementor-element-5aa3069c\" data-id=\"5aa3069c\" data-element_type=\"column\">\n\t\t\t<div class=\"elementor-column-wrap elementor-element-populated\">\n\t\t\t\t\t\t\t<div class=\"elementor-widget-wrap\">\n\t\t\t\t\t\t<div class=\"elementor-element elementor-element-41ecdd69 elementor-widget elementor-widget-text-editor\" data-id=\"41ecdd69\" data-element_type=\"widget\" data-widget_type=\"text-editor.default\">\n\t\t\t\t<div class=\"elementor-widget-container\">\n\t\t\t\t\t\t\t\t<div class=\"elementor-text-editor elementor-clearfix\">\n\t\t\t\t<p>Licenciada en Ciencias Qu\u00edmicas y Especialista en Gesti\u00f3n Medioambiental. Diploma de Estudios Avanzados en Econom\u00eda por la Universidad de Sevilla con la calificaci\u00f3n de Sobresaliente. Ha sido responsable del Departamento T\u00e9cnico del Instituto Geatec de Gesti\u00f3n de Calidad y del Medio Ambiente desde el 2007 hasta marzo de 2013.\u00a0Ha sido Investigadora asociada en varios proyectos de investigaci\u00f3n para la Agencia Andaluza de la Energ\u00eda. \u00a0Sus l\u00edneas de investigaci\u00f3n son la Evaluaci\u00f3n Econ\u00f3mica de Pol\u00edticas P\u00fablicas, \u00a0la Econom\u00eda Ambiental y la Econom\u00eda de la Energ\u00eda.<\/p>\t\t\t\t\t<\/div>\n\t\t\t\t\t\t<\/div>\n\t\t\t\t<\/div>\n\t\t\t\t\t\t<\/div>\n\t\t\t\t\t<\/div>\n\t\t<\/div>\n\t\t\t\t\t\t\t\t<\/div>\n\t\t\t\t\t<\/div>\n\t\t<\/section>\n\t\t\t\t\t\t<\/div>\n\t\t\t\t\t<\/div>\n\t\t<\/div>\n\t\t\t\t\t\t\t\t<\/div>\n\t\t\t\t\t<\/div>\n\t\t<\/section>\n\t\t\t\t\t\t\t\t\t<\/div>\n\t\t\t<\/div>\n\t\t\t\t\t<\/div>\n\t\t","protected":false},"excerpt":{"rendered":"<p>Inmaculada Larrad Sabido Licenciada en Ciencias Qu\u00edmicas y Especialista en Gesti\u00f3n Medioambiental. Diploma de Estudios Avanzados en Econom\u00eda por la Universidad de Sevilla con la calificaci\u00f3n de Sobresaliente. Ha sido responsable del Departamento T\u00e9cnico del Instituto Geatec de Gesti\u00f3n de Calidad y del Medio Ambiente desde el 2007 hasta marzo de 2013.\u00a0Ha sido Investigadora asociada [&hellip;]<\/p>\n","protected":false},"author":2,"featured_media":0,"parent":31,"menu_order":1,"comment_status":"closed","ping_status":"closed","template":"","meta":[],"_links":{"self":[{"href":"https:\/\/catedra.us.es\/eemedioambiente\/wp-json\/wp\/v2\/pages\/1770"}],"collection":[{"href":"https:\/\/catedra.us.es\/eemedioambiente\/wp-json\/wp\/v2\/pages"}],"about":[{"href":"https:\/\/catedra.us.es\/eemedioambiente\/wp-json\/wp\/v2\/types\/page"}],"author":[{"embeddable":true,"href":"https:\/\/catedra.us.es\/eemedioambiente\/wp-json\/wp\/v2\/users\/2"}],"replies":[{"embeddable":true,"href":"https:\/\/catedra.us.es\/eemedioambiente\/wp-json\/wp\/v2\/comments?post=1770"}],"version-history":[{"count":4,"href":"https:\/\/catedra.us.es\/eemedioambiente\/wp-json\/wp\/v2\/pages\/1770\/revisions"}],"predecessor-version":[{"id":1774,"href":"https:\/\/catedra.us.es\/eemedioambiente\/wp-json\/wp\/v2\/pages\/1770\/revisions\/1774"}],"up":[{"embeddable":true,"href":"https:\/\/catedra.us.es\/eemedioambiente\/wp-json\/wp\/v2\/pages\/31"}],"wp:attachment":[{"href":"https:\/\/catedra.us.es\/eemedioambiente\/wp-json\/wp\/v2\/media?parent=1770"}],"curies":[{"name":"wp","href":"https:\/\/api.w.org\/{rel}","templated":true}]}}