{"id":1837,"date":"2023-03-01T12:01:56","date_gmt":"2023-03-01T12:01:56","guid":{"rendered":"http:\/\/catedra.us.es\/eemedioambiente\/?page_id=1837"},"modified":"2023-03-16T11:41:27","modified_gmt":"2023-03-16T11:41:27","slug":"jose-manuel-cansino-munoz-repiso","status":"publish","type":"page","link":"https:\/\/catedra.us.es\/eemedioambiente\/investigadores\/jose-manuel-cansino-munoz-repiso\/","title":{"rendered":"Jos\u00e9 Manuel Cansino Mu\u00f1oz-Repiso"},"content":{"rendered":"\t\t<div data-elementor-type=\"wp-post\" data-elementor-id=\"1837\" class=\"elementor elementor-1837\">\n\t\t\t\t\t\t<div class=\"elementor-inner\">\n\t\t\t\t<div class=\"elementor-section-wrap\">\n\t\t\t\t\t\t\t\t\t<section class=\"elementor-section elementor-top-section elementor-element elementor-element-c308404 elementor-section-boxed elementor-section-height-default elementor-section-height-default\" data-id=\"c308404\" data-element_type=\"section\">\n\t\t\t\t\t\t<div class=\"elementor-container elementor-column-gap-default\">\n\t\t\t\t\t\t\t<div class=\"elementor-row\">\n\t\t\t\t\t<div class=\"elementor-column elementor-col-100 elementor-top-column elementor-element elementor-element-30a1092c\" data-id=\"30a1092c\" data-element_type=\"column\">\n\t\t\t<div class=\"elementor-column-wrap elementor-element-populated\">\n\t\t\t\t\t\t\t<div class=\"elementor-widget-wrap\">\n\t\t\t\t\t\t<section class=\"elementor-section elementor-inner-section elementor-element elementor-element-6f09c7d elementor-section-boxed elementor-section-height-default elementor-section-height-default\" data-id=\"6f09c7d\" data-element_type=\"section\">\n\t\t\t\t\t\t<div class=\"elementor-container elementor-column-gap-default\">\n\t\t\t\t\t\t\t<div class=\"elementor-row\">\n\t\t\t\t\t<div class=\"elementor-column elementor-col-50 elementor-inner-column elementor-element elementor-element-5aa3069c\" data-id=\"5aa3069c\" data-element_type=\"column\">\n\t\t\t<div class=\"elementor-column-wrap elementor-element-populated\">\n\t\t\t\t\t\t\t<div class=\"elementor-widget-wrap\">\n\t\t\t\t\t\t<div class=\"elementor-element elementor-element-41ecdd69 elementor-widget elementor-widget-text-editor\" data-id=\"41ecdd69\" data-element_type=\"widget\" data-widget_type=\"text-editor.default\">\n\t\t\t\t<div class=\"elementor-widget-container\">\n\t\t\t\t\t\t\t\t<div class=\"elementor-text-editor elementor-clearfix\">\n\t\t\t\t<p>Director de la C\u00e1tedra e Investigador<\/p>\t\t\t\t\t<\/div>\n\t\t\t\t\t\t<\/div>\n\t\t\t\t<\/div>\n\t\t\t\t<div class=\"elementor-element elementor-element-5fb795a3 elementor-widget elementor-widget-heading\" data-id=\"5fb795a3\" data-element_type=\"widget\" data-widget_type=\"heading.default\">\n\t\t\t\t<div class=\"elementor-widget-container\">\n\t\t\t<h1 class=\"elementor-heading-title elementor-size-default\">Jos\u00e9 Manuel Cansino <\/h1>\t\t<\/div>\n\t\t\t\t<\/div>\n\t\t\t\t<div class=\"elementor-element elementor-element-ab13b73 elementor-widget elementor-widget-text-editor\" data-id=\"ab13b73\" data-element_type=\"widget\" data-widget_type=\"text-editor.default\">\n\t\t\t\t<div class=\"elementor-widget-container\">\n\t\t\t\t\t\t\t\t<div class=\"elementor-text-editor elementor-clearfix\">\n\t\t\t\t<p>Departamento de An\u00e1lisis Econ\u00f3mico y Econom\u00eda Pol\u00edtica. Facultad de Ciencias Econ\u00f3micas y Empresariales. Universidad de Sevilla.<\/p>\t\t\t\t\t<\/div>\n\t\t\t\t\t\t<\/div>\n\t\t\t\t<\/div>\n\t\t\t\t<div class=\"elementor-element elementor-element-7eb5f99 elementor-widget elementor-widget-text-editor\" data-id=\"7eb5f99\" data-element_type=\"widget\" data-widget_type=\"text-editor.default\">\n\t\t\t\t<div class=\"elementor-widget-container\">\n\t\t\t\t\t\t\t\t<div class=\"elementor-text-editor elementor-clearfix\">\n\t\t\t\t<p><strong><a href=\"https:\/\/bibliometria.us.es\/prisma\/investigador\/625\" target=\"_blank\" rel=\"noopener\">P\u00e1gina personal<\/a><\/strong><\/p>\t\t\t\t\t<\/div>\n\t\t\t\t\t\t<\/div>\n\t\t\t\t<\/div>\n\t\t\t\t\t\t<\/div>\n\t\t\t\t\t<\/div>\n\t\t<\/div>\n\t\t\t\t<div class=\"elementor-column elementor-col-50 elementor-inner-column elementor-element elementor-element-5df90c2a\" data-id=\"5df90c2a\" data-element_type=\"column\">\n\t\t\t<div class=\"elementor-column-wrap elementor-element-populated\">\n\t\t\t\t\t\t\t<div class=\"elementor-widget-wrap\">\n\t\t\t\t\t\t<div class=\"elementor-element elementor-element-7ff61ebc elementor-widget elementor-widget-image\" data-id=\"7ff61ebc\" data-element_type=\"widget\" data-widget_type=\"image.default\">\n\t\t\t\t<div class=\"elementor-widget-container\">\n\t\t\t\t\t\t\t\t<div class=\"elementor-image\">\n\t\t\t\t\t\t\t\t\t<figure class=\"wp-caption\">\n\t\t\t\t\t\t\t\t\t\t<img width=\"120\" height=\"160\" src=\"https:\/\/catedra.us.es\/eemedioambiente\/wp-content\/uploads\/2023\/02\/jmc2023.jpg\" class=\"attachment-large size-large\" alt=\"\" loading=\"lazy\" \/>\t\t\t\t\t\t\t\t\t\t\t<figcaption class=\"widget-image-caption wp-caption-text\">Direcci\u00f3n Email: jmcansino@us.es<\/figcaption>\n\t\t\t\t\t\t\t\t\t\t<\/figure>\n\t\t\t\t\t\t\t\t<\/div>\n\t\t\t\t\t\t<\/div>\n\t\t\t\t<\/div>\n\t\t\t\t\t\t<\/div>\n\t\t\t\t\t<\/div>\n\t\t<\/div>\n\t\t\t\t\t\t\t\t<\/div>\n\t\t\t\t\t<\/div>\n\t\t<\/section>\n\t\t\t\t<div class=\"elementor-element elementor-element-1b430b4 elementor-widget elementor-widget-text-editor\" data-id=\"1b430b4\" data-element_type=\"widget\" data-widget_type=\"text-editor.default\">\n\t\t\t\t<div class=\"elementor-widget-container\">\n\t\t\t\t\t\t\t\t<div class=\"elementor-text-editor elementor-clearfix\">\n\t\t\t\t<p><span style=\"text-decoration: underline;\"><strong>Temas de Inter\u00e9s<\/strong><\/span><\/p><ul><li style=\"font-weight: 400;\">Econom\u00eda de la energ\u00eda<\/li><li style=\"font-weight: 400;\">Geopol\u00edtica de la energ\u00eda<\/li><li style=\"font-weight: 400;\">Evaluaci\u00f3n de medidas para la transici\u00f3n a una econom\u00eda baja en emisiones.<\/li><li style=\"font-weight: 400;\">Efecto rebote en el consumo energ\u00e9tico<\/li><li style=\"font-weight: 400;\">An\u00e1lisis de descomposici\u00f3n de los factores determinantes del consumo energ\u00e9tico y emisiones de GEI<\/li><li style=\"font-weight: 400;\">Fiscalidad medioambiental<\/li><\/ul>\t\t\t\t\t<\/div>\n\t\t\t\t\t\t<\/div>\n\t\t\t\t<\/div>\n\t\t\t\t\t\t<\/div>\n\t\t\t\t\t<\/div>\n\t\t<\/div>\n\t\t\t\t\t\t\t\t<\/div>\n\t\t\t\t\t<\/div>\n\t\t<\/section>\n\t\t\t\t\t\t\t\t\t<\/div>\n\t\t\t<\/div>\n\t\t\t\t\t<\/div>\n\t\t","protected":false},"excerpt":{"rendered":"<p>Director de la C\u00e1tedra e Investigador Jos\u00e9 Manuel Cansino Departamento de An\u00e1lisis Econ\u00f3mico y Econom\u00eda Pol\u00edtica. Facultad de Ciencias Econ\u00f3micas y Empresariales. Universidad de Sevilla. P\u00e1gina personal Direcci\u00f3n Email: jmcansino@us.es Temas de Inter\u00e9s Econom\u00eda de la energ\u00eda Geopol\u00edtica de la energ\u00eda Evaluaci\u00f3n de medidas para la transici\u00f3n a una econom\u00eda baja en emisiones. Efecto rebote [&hellip;]<\/p>\n","protected":false},"author":2,"featured_media":0,"parent":1816,"menu_order":1,"comment_status":"closed","ping_status":"closed","template":"","meta":[],"_links":{"self":[{"href":"https:\/\/catedra.us.es\/eemedioambiente\/wp-json\/wp\/v2\/pages\/1837"}],"collection":[{"href":"https:\/\/catedra.us.es\/eemedioambiente\/wp-json\/wp\/v2\/pages"}],"about":[{"href":"https:\/\/catedra.us.es\/eemedioambiente\/wp-json\/wp\/v2\/types\/page"}],"author":[{"embeddable":true,"href":"https:\/\/catedra.us.es\/eemedioambiente\/wp-json\/wp\/v2\/users\/2"}],"replies":[{"embeddable":true,"href":"https:\/\/catedra.us.es\/eemedioambiente\/wp-json\/wp\/v2\/comments?post=1837"}],"version-history":[{"count":35,"href":"https:\/\/catedra.us.es\/eemedioambiente\/wp-json\/wp\/v2\/pages\/1837\/revisions"}],"predecessor-version":[{"id":2341,"href":"https:\/\/catedra.us.es\/eemedioambiente\/wp-json\/wp\/v2\/pages\/1837\/revisions\/2341"}],"up":[{"embeddable":true,"href":"https:\/\/catedra.us.es\/eemedioambiente\/wp-json\/wp\/v2\/pages\/1816"}],"wp:attachment":[{"href":"https:\/\/catedra.us.es\/eemedioambiente\/wp-json\/wp\/v2\/media?parent=1837"}],"curies":[{"name":"wp","href":"https:\/\/api.w.org\/{rel}","templated":true}]}}