{"id":2043,"date":"2023-03-08T11:02:19","date_gmt":"2023-03-08T11:02:19","guid":{"rendered":"http:\/\/catedra.us.es\/eemedioambiente\/?page_id=2043"},"modified":"2023-03-16T11:07:47","modified_gmt":"2023-03-16T11:07:47","slug":"angel-arcos","status":"publish","type":"page","link":"https:\/\/catedra.us.es\/eemedioambiente\/investigadores\/angel-arcos\/","title":{"rendered":"Angel Arcos"},"content":{"rendered":"\t\t<div data-elementor-type=\"wp-post\" data-elementor-id=\"2043\" class=\"elementor elementor-2043\">\n\t\t\t\t\t\t<div class=\"elementor-inner\">\n\t\t\t\t<div class=\"elementor-section-wrap\">\n\t\t\t\t\t\t\t\t\t<section class=\"elementor-section elementor-top-section elementor-element elementor-element-c308404 elementor-section-boxed elementor-section-height-default elementor-section-height-default\" data-id=\"c308404\" data-element_type=\"section\">\n\t\t\t\t\t\t<div class=\"elementor-container elementor-column-gap-default\">\n\t\t\t\t\t\t\t<div class=\"elementor-row\">\n\t\t\t\t\t<div class=\"elementor-column elementor-col-100 elementor-top-column elementor-element elementor-element-30a1092c\" data-id=\"30a1092c\" data-element_type=\"column\">\n\t\t\t<div class=\"elementor-column-wrap elementor-element-populated\">\n\t\t\t\t\t\t\t<div class=\"elementor-widget-wrap\">\n\t\t\t\t\t\t<section class=\"elementor-section elementor-inner-section elementor-element elementor-element-6f09c7d elementor-section-boxed elementor-section-height-default elementor-section-height-default\" data-id=\"6f09c7d\" data-element_type=\"section\">\n\t\t\t\t\t\t<div class=\"elementor-container elementor-column-gap-default\">\n\t\t\t\t\t\t\t<div class=\"elementor-row\">\n\t\t\t\t\t<div class=\"elementor-column elementor-col-50 elementor-inner-column elementor-element elementor-element-5aa3069c\" data-id=\"5aa3069c\" data-element_type=\"column\">\n\t\t\t<div class=\"elementor-column-wrap elementor-element-populated\">\n\t\t\t\t\t\t\t<div class=\"elementor-widget-wrap\">\n\t\t\t\t\t\t<div class=\"elementor-element elementor-element-41ecdd69 elementor-widget elementor-widget-text-editor\" data-id=\"41ecdd69\" data-element_type=\"widget\" data-widget_type=\"text-editor.default\">\n\t\t\t\t<div class=\"elementor-widget-container\">\n\t\t\t\t\t\t\t\t<div class=\"elementor-text-editor elementor-clearfix\">\n\t\t\t\t<p>Investigador\u00a0<\/p>\t\t\t\t\t<\/div>\n\t\t\t\t\t\t<\/div>\n\t\t\t\t<\/div>\n\t\t\t\t<div class=\"elementor-element elementor-element-5fb795a3 elementor-widget elementor-widget-heading\" data-id=\"5fb795a3\" data-element_type=\"widget\" data-widget_type=\"heading.default\">\n\t\t\t\t<div class=\"elementor-widget-container\">\n\t\t\t<h1 class=\"elementor-heading-title elementor-size-default\">\u00c1ngel Arcos <\/h1>\t\t<\/div>\n\t\t\t\t<\/div>\n\t\t\t\t<div class=\"elementor-element elementor-element-ab13b73 elementor-widget elementor-widget-text-editor\" data-id=\"ab13b73\" data-element_type=\"widget\" data-widget_type=\"text-editor.default\">\n\t\t\t\t<div class=\"elementor-widget-container\">\n\t\t\t\t\t\t\t\t<div class=\"elementor-text-editor elementor-clearfix\">\n\t\t\t\t<p>Departamento de Organizaci\u00f3n Industrial y Gesti\u00f3n de Empresas. Escuela T\u00e9cnica Superior de Ingenier\u00eda. Universidad de Sevilla<\/p>\t\t\t\t\t<\/div>\n\t\t\t\t\t\t<\/div>\n\t\t\t\t<\/div>\n\t\t\t\t<div class=\"elementor-element elementor-element-7eb5f99 elementor-widget elementor-widget-text-editor\" data-id=\"7eb5f99\" data-element_type=\"widget\" data-widget_type=\"text-editor.default\">\n\t\t\t\t<div class=\"elementor-widget-container\">\n\t\t\t\t\t\t\t\t<div class=\"elementor-text-editor elementor-clearfix\">\n\t\t\t\t<p><strong><a href=\"https:\/\/bibliometria.us.es\/prisma\/investigador\/196\" target=\"_blank\" rel=\"noopener\">P\u00e1gina personal<\/a><\/strong><\/p>\t\t\t\t\t<\/div>\n\t\t\t\t\t\t<\/div>\n\t\t\t\t<\/div>\n\t\t\t\t\t\t<\/div>\n\t\t\t\t\t<\/div>\n\t\t<\/div>\n\t\t\t\t<div class=\"elementor-column elementor-col-50 elementor-inner-column elementor-element elementor-element-5df90c2a\" data-id=\"5df90c2a\" data-element_type=\"column\">\n\t\t\t<div class=\"elementor-column-wrap elementor-element-populated\">\n\t\t\t\t\t\t\t<div class=\"elementor-widget-wrap\">\n\t\t\t\t\t\t<div class=\"elementor-element elementor-element-7ff61ebc elementor-widget elementor-widget-image\" data-id=\"7ff61ebc\" data-element_type=\"widget\" data-widget_type=\"image.default\">\n\t\t\t\t<div class=\"elementor-widget-container\">\n\t\t\t\t\t\t\t\t<div class=\"elementor-image\">\n\t\t\t\t\t\t\t\t\t<figure class=\"wp-caption\">\n\t\t\t\t\t\t\t\t\t\t<img width=\"754\" height=\"1004\" src=\"https:\/\/catedra.us.es\/eemedioambiente\/wp-content\/uploads\/2023\/03\/aarcos-34.jpg\" class=\"attachment-large size-large\" alt=\"\" loading=\"lazy\" srcset=\"https:\/\/catedra.us.es\/eemedioambiente\/wp-content\/uploads\/2023\/03\/aarcos-34.jpg 754w, https:\/\/catedra.us.es\/eemedioambiente\/wp-content\/uploads\/2023\/03\/aarcos-34-225x300.jpg 225w\" sizes=\"(max-width: 754px) 100vw, 754px\" \/>\t\t\t\t\t\t\t\t\t\t\t<figcaption class=\"widget-image-caption wp-caption-text\">Direcci\u00f3n Email: aarcos@us.es<\/figcaption>\n\t\t\t\t\t\t\t\t\t\t<\/figure>\n\t\t\t\t\t\t\t\t<\/div>\n\t\t\t\t\t\t<\/div>\n\t\t\t\t<\/div>\n\t\t\t\t\t\t<\/div>\n\t\t\t\t\t<\/div>\n\t\t<\/div>\n\t\t\t\t\t\t\t\t<\/div>\n\t\t\t\t\t<\/div>\n\t\t<\/section>\n\t\t\t\t<div class=\"elementor-element elementor-element-1b430b4 elementor-widget elementor-widget-text-editor\" data-id=\"1b430b4\" data-element_type=\"widget\" data-widget_type=\"text-editor.default\">\n\t\t\t\t<div class=\"elementor-widget-container\">\n\t\t\t\t\t\t\t\t<div class=\"elementor-text-editor elementor-clearfix\">\n\t\t\t\t<p><span style=\"text-decoration: underline;\"><strong>Temas de Inter\u00e9s<\/strong><\/span><\/p><ul type=\"1\"><li class=\"m_6226478484053635334MsoListParagraph\">Modelos energ\u00e9ticos sostenible y Regulaci\u00f3n<u><\/u><\/li><li class=\"m_6226478484053635334MsoListParagraph\">Comunidades energ\u00e9ticas.<u><\/u><u><\/u><\/li><li class=\"m_6226478484053635334MsoListParagraph\">Mercados de energ\u00eda el\u00e9ctrica<u><\/u><\/li><li class=\"m_6226478484053635334MsoListParagraph\">Almacenamiento y flexibilidad<u><\/u><\/li><li class=\"m_6226478484053635334MsoListParagraph\">Veh\u00edculo el\u00e9ctrico<\/li><\/ul>\t\t\t\t\t<\/div>\n\t\t\t\t\t\t<\/div>\n\t\t\t\t<\/div>\n\t\t\t\t\t\t<\/div>\n\t\t\t\t\t<\/div>\n\t\t<\/div>\n\t\t\t\t\t\t\t\t<\/div>\n\t\t\t\t\t<\/div>\n\t\t<\/section>\n\t\t\t\t\t\t\t\t\t<\/div>\n\t\t\t<\/div>\n\t\t\t\t\t<\/div>\n\t\t","protected":false},"excerpt":{"rendered":"<p>Investigador\u00a0 \u00c1ngel Arcos Departamento de Organizaci\u00f3n Industrial y Gesti\u00f3n de Empresas. Escuela T\u00e9cnica Superior de Ingenier\u00eda. Universidad de Sevilla P\u00e1gina personal Direcci\u00f3n Email: aarcos@us.es Temas de Inter\u00e9s Modelos energ\u00e9ticos sostenible y Regulaci\u00f3n Comunidades energ\u00e9ticas. Mercados de energ\u00eda el\u00e9ctrica Almacenamiento y flexibilidad Veh\u00edculo el\u00e9ctrico<\/p>\n","protected":false},"author":2,"featured_media":0,"parent":1816,"menu_order":1,"comment_status":"closed","ping_status":"closed","template":"","meta":[],"_links":{"self":[{"href":"https:\/\/catedra.us.es\/eemedioambiente\/wp-json\/wp\/v2\/pages\/2043"}],"collection":[{"href":"https:\/\/catedra.us.es\/eemedioambiente\/wp-json\/wp\/v2\/pages"}],"about":[{"href":"https:\/\/catedra.us.es\/eemedioambiente\/wp-json\/wp\/v2\/types\/page"}],"author":[{"embeddable":true,"href":"https:\/\/catedra.us.es\/eemedioambiente\/wp-json\/wp\/v2\/users\/2"}],"replies":[{"embeddable":true,"href":"https:\/\/catedra.us.es\/eemedioambiente\/wp-json\/wp\/v2\/comments?post=2043"}],"version-history":[{"count":32,"href":"https:\/\/catedra.us.es\/eemedioambiente\/wp-json\/wp\/v2\/pages\/2043\/revisions"}],"predecessor-version":[{"id":2299,"href":"https:\/\/catedra.us.es\/eemedioambiente\/wp-json\/wp\/v2\/pages\/2043\/revisions\/2299"}],"up":[{"embeddable":true,"href":"https:\/\/catedra.us.es\/eemedioambiente\/wp-json\/wp\/v2\/pages\/1816"}],"wp:attachment":[{"href":"https:\/\/catedra.us.es\/eemedioambiente\/wp-json\/wp\/v2\/media?parent=2043"}],"curies":[{"name":"wp","href":"https:\/\/api.w.org\/{rel}","templated":true}]}}