{"id":2542,"date":"2023-04-17T08:49:52","date_gmt":"2023-04-17T08:49:52","guid":{"rendered":"http:\/\/catedra.us.es\/eemedioambiente\/?page_id=2542"},"modified":"2026-01-22T12:21:58","modified_gmt":"2026-01-22T12:21:58","slug":"premio-tfm","status":"publish","type":"page","link":"https:\/\/catedra.us.es\/eemedioambiente\/premio-tfm\/","title":{"rendered":"PREMIO TFM"},"content":{"rendered":"\n<p>La CEEMA reconoce con este premio anual el Trabajo de Fin de M\u00e1ster m\u00e1s destacado del alumnado que se haya desarrollado en el \u00e1mbito de inter\u00e9s de la misma y que haya sido dirigido por al menos un miembro del personal docente e investigador con docencia en alguno de los M\u00e1steres Universitarios adscritos a la Facultad de Ciencias Econ\u00f3micas y Empresariales de la Universidad de Sevilla.<\/p>\n\n\n\n<p>El Trabajo Fin de M\u00e1ster premiado ser\u00e1 reconocido con un \u201cDiploma al Mejor Trabajo Fin de M\u00e1ster\u201d otorgado por CEEMA con el patrocinio de Red El\u00e9ctrica de Espa\u00f1a y tendr\u00e1 un premio en met\u00e1lico.<\/p>\n\n\n\n<p><strong>Plazo y v\u00eda de presentaci\u00f3n: <\/strong>los d\u00edas del <strong>23 de enero al 28 de febrero de 2026 a las 12.00 horas CET <\/strong>a trav\u00e9s de correo electr\u00f3nico economiaenergiayma@gmail.com  indicando en el asunto: PREMIO MEJOR TFM CEEMA<\/p>\n\n\n\n<p><strong>Convocatoria 2025: <\/strong><\/p>\n\n\n\n<p><a href=\"https:\/\/catedra.us.es\/eemedioambiente\/wp-content\/uploads\/2026\/01\/convocatoria-2025-_Premio_Mejor_TFM_CATEDRA.pdf\" target=\"_blank\" rel=\"noreferrer noopener\">Convocatoria 2025<\/a><\/p>\n\n\n\n<p><a href=\"https:\/\/catedra.us.es\/eemedioambiente\/wp-content\/uploads\/2026\/01\/anexo-convocatoria-2025.pdf\" target=\"_blank\" rel=\"noreferrer noopener\">Anexo Convocatoria 2025<\/a><\/p>\n\n\n\n<p><strong>Convocatoria 2024:<\/strong><\/p>\n\n\n\n<p><a rel=\"noreferrer noopener\" href=\"https:\/\/catedra.us.es\/eemedioambiente\/wp-content\/uploads\/2024\/12\/Convocatoria_Premio_Mejor_TFM_2024.pdf\" target=\"_blank\">Convocatoria 2024<\/a><\/p>\n\n\n\n<p><a href=\"https:\/\/catedra.us.es\/eemedioambiente\/wp-content\/uploads\/2024\/12\/Anexo-1-Premio-TFM-2024.pdf\">Anexo Convocatoria 2024<\/a><\/p>\n\n\n\n<p><strong>Convocatoria 2023:<\/strong><\/p>\n\n\n\n<p>Trabajo Fin de M\u00e1ster premiado <a rel=\"noreferrer noopener\" href=\"https:\/\/catedra.us.es\/eemedioambiente\/uncategorized\/premio-tfm-2023\/\" target=\"_blank\">Curso 2022-2023<\/a><\/p>\n\n\n\n<p><\/p>\n\n\n\n<p><\/p>\n","protected":false},"excerpt":{"rendered":"<p>La CEEMA reconoce con este premio anual el Trabajo de Fin de M\u00e1ster m\u00e1s destacado del alumnado que se haya desarrollado en el \u00e1mbito de inter\u00e9s de la misma y que haya sido dirigido por al menos un miembro del personal docente e investigador con docencia en alguno de los M\u00e1steres Universitarios adscritos a la [&hellip;]<\/p>\n","protected":false},"author":2,"featured_media":0,"parent":0,"menu_order":0,"comment_status":"closed","ping_status":"closed","template":"","meta":[],"_links":{"self":[{"href":"https:\/\/catedra.us.es\/eemedioambiente\/wp-json\/wp\/v2\/pages\/2542"}],"collection":[{"href":"https:\/\/catedra.us.es\/eemedioambiente\/wp-json\/wp\/v2\/pages"}],"about":[{"href":"https:\/\/catedra.us.es\/eemedioambiente\/wp-json\/wp\/v2\/types\/page"}],"author":[{"embeddable":true,"href":"https:\/\/catedra.us.es\/eemedioambiente\/wp-json\/wp\/v2\/users\/2"}],"replies":[{"embeddable":true,"href":"https:\/\/catedra.us.es\/eemedioambiente\/wp-json\/wp\/v2\/comments?post=2542"}],"version-history":[{"count":14,"href":"https:\/\/catedra.us.es\/eemedioambiente\/wp-json\/wp\/v2\/pages\/2542\/revisions"}],"predecessor-version":[{"id":3490,"href":"https:\/\/catedra.us.es\/eemedioambiente\/wp-json\/wp\/v2\/pages\/2542\/revisions\/3490"}],"wp:attachment":[{"href":"https:\/\/catedra.us.es\/eemedioambiente\/wp-json\/wp\/v2\/media?parent=2542"}],"curies":[{"name":"wp","href":"https:\/\/api.w.org\/{rel}","templated":true}]}}