{"id":27,"date":"2018-02-22T18:20:36","date_gmt":"2018-02-22T18:20:36","guid":{"rendered":"http:\/\/www.arttium.com\/ruben\/?page_id=27"},"modified":"2019-06-11T10:05:05","modified_gmt":"2019-06-11T10:05:05","slug":"quienes-somos","status":"publish","type":"page","link":"https:\/\/catedra.us.es\/eemedioambiente\/quienes-somos\/","title":{"rendered":"Quienes somos"},"content":{"rendered":"<p>La&nbsp;<strong>C\u00e1tedra de Econom\u00eda de la Energ\u00eda y del Medio Ambiente<\/strong>&nbsp;agrupa a investigadores de la Universidad de Sevilla y de otros centros de investigaci\u00f3n tanto nacionales como&nbsp; internacionales. Desde 2018 la C\u00e1tedra est\u00e1 patrocinada por Red El\u00e9ctrica de Espa\u00f1a. Sus investigaciones se publican en revistas cient\u00edficas con elevado factor de impacto.<\/p>\n<p>Junto con la labor principal de investigaci\u00f3n, la C\u00e1tedra tambi\u00e9n realiza labores de consultor\u00eda y de transferencia del conocimiento en campos como la econom\u00eda de la energ\u00eda, el cambio clim\u00e1tico, el impacto socio econ\u00f3mico de las diferentes tecnolog\u00edas integradas en el mix energ\u00e9tico, la promoci\u00f3n p\u00fablica de estas tecnolog\u00edas o la valoraci\u00f3n econ\u00f3mica del da\u00f1o en la salud&nbsp; respiratoria asociado a la contaminaci\u00f3n ambiental.<\/p>\n","protected":false},"excerpt":{"rendered":"<p>La&nbsp;C\u00e1tedra de Econom\u00eda de la Energ\u00eda y del Medio Ambiente&nbsp;agrupa a investigadores de la Universidad de Sevilla y de otros centros de investigaci\u00f3n tanto nacionales como&nbsp; internacionales. Desde 2018 la C\u00e1tedra est\u00e1 patrocinada por Red El\u00e9ctrica de Espa\u00f1a. Sus investigaciones se publican en revistas cient\u00edficas con elevado factor de impacto. Junto con la labor principal [&hellip;]<\/p>\n","protected":false},"author":1,"featured_media":0,"parent":0,"menu_order":0,"comment_status":"closed","ping_status":"closed","template":"","meta":[],"_links":{"self":[{"href":"https:\/\/catedra.us.es\/eemedioambiente\/wp-json\/wp\/v2\/pages\/27"}],"collection":[{"href":"https:\/\/catedra.us.es\/eemedioambiente\/wp-json\/wp\/v2\/pages"}],"about":[{"href":"https:\/\/catedra.us.es\/eemedioambiente\/wp-json\/wp\/v2\/types\/page"}],"author":[{"embeddable":true,"href":"https:\/\/catedra.us.es\/eemedioambiente\/wp-json\/wp\/v2\/users\/1"}],"replies":[{"embeddable":true,"href":"https:\/\/catedra.us.es\/eemedioambiente\/wp-json\/wp\/v2\/comments?post=27"}],"version-history":[{"count":0,"href":"https:\/\/catedra.us.es\/eemedioambiente\/wp-json\/wp\/v2\/pages\/27\/revisions"}],"wp:attachment":[{"href":"https:\/\/catedra.us.es\/eemedioambiente\/wp-json\/wp\/v2\/media?parent=27"}],"curies":[{"name":"wp","href":"https:\/\/api.w.org\/{rel}","templated":true}]}}