{"id":2744,"date":"2023-10-10T11:52:36","date_gmt":"2023-10-10T11:52:36","guid":{"rendered":"http:\/\/catedra.us.es\/eemedioambiente\/?page_id=2744"},"modified":"2026-03-24T11:29:35","modified_gmt":"2026-03-24T11:29:35","slug":"noticias","status":"publish","type":"page","link":"https:\/\/catedra.us.es\/eemedioambiente\/noticias\/","title":{"rendered":"NOTICIAS"},"content":{"rendered":"\t\t<div data-elementor-type=\"wp-post\" data-elementor-id=\"2744\" class=\"elementor elementor-2744\">\n\t\t\t\t\t\t<div class=\"elementor-inner\">\n\t\t\t\t<div class=\"elementor-section-wrap\">\n\t\t\t\t\t\t\t\t\t<section class=\"elementor-section elementor-top-section elementor-element elementor-element-3d885bf9 elementor-section-boxed elementor-section-height-default elementor-section-height-default\" data-id=\"3d885bf9\" data-element_type=\"section\">\n\t\t\t\t\t\t<div class=\"elementor-container elementor-column-gap-default\">\n\t\t\t\t\t\t\t<div class=\"elementor-row\">\n\t\t\t\t\t<div class=\"elementor-column elementor-col-100 elementor-top-column elementor-element elementor-element-4470114e\" data-id=\"4470114e\" data-element_type=\"column\">\n\t\t\t<div class=\"elementor-column-wrap elementor-element-populated\">\n\t\t\t\t\t\t\t<div class=\"elementor-widget-wrap\">\n\t\t\t\t\t\t<div class=\"elementor-element elementor-element-41d5ff5d elementor-widget elementor-widget-text-editor\" data-id=\"41d5ff5d\" data-element_type=\"widget\" data-widget_type=\"text-editor.default\">\n\t\t\t\t<div class=\"elementor-widget-container\">\n\t\t\t\t\t\t\t\t<div class=\"elementor-text-editor elementor-clearfix\">\n\t\t\t\t<div class=\"view-content\"><div class=\"views-row views-row-1 views-row-odd views-row-first\"><h4><strong>PREMIO de la Facultad de Ciencias Econ\u00f3micas y Empresariales a j\u00f3venes investigadores por publicaciones trimestrales 2026- Primer trimestre:<\/strong><\/h4><p>Cansino, J.M.; <strong>Dugo, V<\/strong>.; Rom\u00e1n-Collado, R.; Ribbot, E. (2025): \u201cDeterminants of electricity demand in Spain by climatic zones\u201d. <em>Utilities Policy,\u00a0<\/em>2025, vol.95, p. 101947.<\/p><p><a href=\"https:\/\/doi.org\/10.1016\/j.jup.2025.101947\">https:\/\/doi.org\/10.1016\/j.jup.2025.101947<\/a><\/p><h4><strong>SEGUNDO PREMIO ANUAL a J\u00f3venes Investigadores por Publicaciones Destacadas del a\u00f1o 2025 de la Facultad de Ciencias Econ\u00f3micas y Empresariales:<\/strong><\/h4><p><strong>Yamuza-Blanco, L.<\/strong>; Monsalve, F.; Rom\u00e1n-Collado, R.; Sanz-D\u00edaz, M.T. (2025): \u201cWhat is behind the producer GHG emissions footprint of textile and clothing in the EU-27? An environmentally extended multi-regional input-output analysis.\u201d <em>Ecological Economics<\/em>, 237, 108697.<\/p><p><a href=\"https:\/\/doi.org\/10.1016\/j.ecolecon.2025.108697\">https:\/\/doi.org\/10.1016\/j.ecolecon.2025.108697<\/a><\/p><p>26\/01\/2026<\/p><h4><strong>PREMIO de la Facultad de Ciencias Econ\u00f3micas y Empresariales a j\u00f3venes investigadores por publicaciones trimestrales 2025- Cuarto trimestre:<\/strong><\/h4><p><strong>Yamuza-Blanco, L.<\/strong>; Monsalve, F.; Rom\u00e1n-Collado, R.; Sanz-D\u00edaz, M.T. (2025): \u201cWhat is behind the producer GHG emissions footprint of textile and clothing in the EU-27? An environmentally extended multi-regional input-output analysis.\u201d <em>Ecological Economics<\/em>, 237, 108697.<\/p><p><a href=\"https:\/\/doi.org\/10.1016\/j.ecolecon.2025.108697\">https:\/\/doi.org\/10.1016\/j.ecolecon.2025.108697<\/a><\/p><p>24\/11\/2025<\/p><h4><strong>PREMIO UNIVERSIDAD DE SEVILLA 2025 A TRABAJOS DE INVESTIGACI\u00d3N DE ESPECIAL RELEVANCIA (RAMA CIENCIAS SOCIALES Y JUR\u00cdDICAS) \u00a0<\/strong><\/h4><p>La<strong> Dra. Roc\u00edo Rom\u00e1n Collado<\/strong>, investigadora de la C\u00e1tedra de Econom\u00eda de la Energ\u00eda y del Medio Ambiente, ha recibido el PREMIO UNIVERSIDAD DE SEVILLA 2025 A TRABAJOS DE INVESTIGACI\u00d3N DE ESPECIAL RELEVANCIA (RAMA CIENCIAS SOCIALES Y JUR\u00cdDICAS) \u00a0por el trabajo titulado \u201cKey effects contributing to changes in energy imports in the EU-27 between 2000 and 2020: A decomposition analysis based on the Sankey diagram\u201d publicado en 2024 en la revista ENERGY ECONOMICS<\/p><p>25\/09\/2025<\/p><h4>Alumnos\u00a0de la asignatura Econom\u00eda de la Energ\u00eda<\/h4><p>La Universidad de Sevilla ha incluido en el Grado de Econom\u00eda la asignatura Econom\u00eda de la Energ\u00eda y de los Recursos Naturales. La asignatura es impartida \u00edntegramente por investigadores de esta C\u00e1tedra. Los alumnos interesados han recibido un certificado que acredita sus conocimientos en la materia.<\/p><p>25\/09\/2025<\/p><h4><b>La Dra. Pablo-Romero, investigadora de la C\u00e1tedra de Econom\u00eda de la Energ\u00eda y Medioambiente, se mantiene en el listado de los investigadores m\u00e1s influyentes realizado por la Universidad de Stanford\u00a0<\/b><\/h4><div><p>Elsevier, la prestigiosa editorial estadounidense ha vuelto a publicar el \u201cranking\u201d de Stanford, elaborado por John P.A. Ioannidis, con los datos actualizados hasta el mes de octubre de 2024. En \u00e9l se aporta informaci\u00f3n estandarizada sobre <em>n\u00famero de publicaciones<\/em>,\u00a0<em>citas<\/em>,\u00a0<em>promedio de citas por a\u00f1o<\/em>,<em>\u00a0\u00edndice H<\/em>,<em>\u00a0\u00edndice HM<\/em>, etc\u00e9tera, de investigadores\/as de todos lugares del mundo.<\/p><p>Entre los elegidos como 100.000 mejores investigadores\/as del mundo seg\u00fan los criterios y m\u00e9tricas citadas anteriormente, figura la Dra. Pablo-Romero en el \u00e1rea de \u00abEnergy\u00bb, destacando en el 2% de los mejores investigadores del mundo.<\/p><p>17\/10\/2024<\/p><\/div><h4><strong>LA US PREMIA UNA INVESTIGACI\u00d3N SOBRE EL CAMBIO DE LAS IMPORTACIONES ENERG\u00c9TICAS EUROPEAS<\/strong><\/h4><p style=\"font-weight: 400;\">La C\u00e1tedra de Econom\u00eda de la Energ\u00eda y del Medio Ambiente Universidad de Sevilla-Red El\u00e9ctrica de Espa\u00f1a (<a href=\"http:\/\/www.eee-tech.org\/\" data-saferedirecturl=\"https:\/\/www.google.com\/url?q=http:\/\/www.eee-tech.org&amp;source=gmail&amp;ust=1718788208198000&amp;usg=AOvVaw0nJ8O27j82SBnwF6zOpBdq\">www.eee-tech.org<\/a>) ha premiado a D\u00f1a Virginia Casado Ruiz por su Trabajo Fin de M\u00e1ster \u201cEfectos clave de los cambios en las importaciones energ\u00e9ticas de la UE-27 entre 2000 y 2020. Un an\u00e1lisis por fuentes de energ\u00eda y pa\u00edses\u201d. La investigaci\u00f3n ha sido dirigida por la Catedr\u00e1tica de Econom\u00eda Aplicada Roc\u00edo Rom\u00e1n-Collado.<\/p><p style=\"font-weight: 400;\">El acto de entrega del premio se realiz\u00f3 en la Facultad de Ciencias Econ\u00f3micas y Empresariales con la presencia del profesor Jos\u00e9 Manuel Cansino, director de la C\u00e1tedra, y D. Jorge Juan Jim\u00e9nez, delegado de Red El\u00e9ctrica \u2013 Redeia.<\/p><p>18\/06\/2024<\/p><h4><b>La Dra. Pablo-Romero, investigadora de la C\u00e1tedra de Econom\u00eda de la Energ\u00eda y Medioambiente, en el listado de los investigadores m\u00e1s influyentes realizado por la Universidad de Stanford <\/b>\u00a0<\/h4><div><p>Elsevier, la prestigiosa editorial estadounidense ha vuelto a publicar el \u201cranking\u201d de Stanford, elaborado por John P.A. Ioannidis, con los datos actualizados hasta el mes de octubre de 2023.\u00a0En \u00e9l se aporta informaci\u00f3n estandarizada sobre\u00a0<em>n\u00famero de publicaciones<\/em>,\u00a0<em>citas<\/em>,\u00a0<em>promedio de citas por a\u00f1o<\/em>,<em>\u00a0\u00edndice H<\/em>,<em>\u00a0\u00edndice HM<\/em>, etc\u00e9tera, de investigadores\/as de todos lugares del mundo.<\/p><p>Entre los elegidos como 100.000 mejores investigadores\/as del mundo seg\u00fan los criterios y m\u00e9tricas citadas anteriormente, figura la Dra. Pablo-Romero en\u00a0el \u00e1rea de \u00abEnergy\u00bb, destacando\u00a0en el top 100 nacional<\/p><p>10\/10\/2023<\/p><\/div><h4>PREMIO de la Facultad de Ciencias Econ\u00f3micas y Empresariales a j\u00f3venes investigadores por publicaciones trimestrales 2023- Segundo trimestre:<\/h4><p>Cansino, J. M., Dugo, V., G\u00e1lvez-Ruiz, D., &amp; Rom\u00e1n-Collado, R. (2023): \u00abWhat drove electricity consumption in the residential sector during the SARS-CoV-2 confinement? A special focus on university students in southern Spain.\u00bb Energy, 262(PB), 125467.<\/p><p>10\/10\/2023<\/p><h4>PREMIO de la Facultad de Ciencias Econ\u00f3micas y Empresariales a j\u00f3venes investigadores por publicaciones trimestrales 2023- Segundo trimestre:<\/h4><p>Rom\u00e1n-Collado, R., Sanz-D\u00edaz, M. T., &amp; Yamuza, L. (2023). Key drivers of the textile and clothing industry decarbonisation within the EU-27. Journal of Environmental Management, 334, 117438.<\/p><p>10\/10\/2023<\/p><div class=\"views-field views-field-title\"><div class=\"view-content\"><h4><strong>PREMIO como Publicaci\u00f3n Cient\u00edfica Destacada de la Facultad de Ciencias Econ\u00f3micas y Empresariales del Cuarto Trimestre de 2022<\/strong> al art\u00edculo:<\/h4><p>Cansino, J.M.; Ordo\u00f1ez, M.; Prieto, M. (2022):\u201d Decomposition and measurement of the rebound effect: the case of energy efficiency improvements in Spain\u201d. Applied Energy,\u00a0 306 (2022) 117961.<\/p><\/div><\/div><\/div><div class=\"views-row views-row-9 views-row-odd views-row-last\"><div class=\"views-field views-field-field-fecha\"><div class=\"field-content\">10\/10\/2023<\/div><\/div><\/div><\/div><div class=\"item-list\">\u00a0<\/div>\t\t\t\t\t<\/div>\n\t\t\t\t\t\t<\/div>\n\t\t\t\t<\/div>\n\t\t\t\t\t\t<\/div>\n\t\t\t\t\t<\/div>\n\t\t<\/div>\n\t\t\t\t\t\t\t\t<\/div>\n\t\t\t\t\t<\/div>\n\t\t<\/section>\n\t\t\t\t\t\t\t\t\t<\/div>\n\t\t\t<\/div>\n\t\t\t\t\t<\/div>\n\t\t","protected":false},"excerpt":{"rendered":"<p>PREMIO de la Facultad de Ciencias Econ\u00f3micas y Empresariales a j\u00f3venes investigadores por publicaciones trimestrales 2026- Primer trimestre: Cansino, J.M.; Dugo, V.; Rom\u00e1n-Collado, R.; Ribbot, E. (2025): \u201cDeterminants of electricity demand in Spain by climatic zones\u201d. Utilities Policy,\u00a02025, vol.95, p. 101947. https:\/\/doi.org\/10.1016\/j.jup.2025.101947 SEGUNDO PREMIO ANUAL a J\u00f3venes Investigadores por Publicaciones Destacadas del a\u00f1o 2025 de [&hellip;]<\/p>\n","protected":false},"author":2,"featured_media":0,"parent":0,"menu_order":0,"comment_status":"closed","ping_status":"closed","template":"","meta":[],"_links":{"self":[{"href":"https:\/\/catedra.us.es\/eemedioambiente\/wp-json\/wp\/v2\/pages\/2744"}],"collection":[{"href":"https:\/\/catedra.us.es\/eemedioambiente\/wp-json\/wp\/v2\/pages"}],"about":[{"href":"https:\/\/catedra.us.es\/eemedioambiente\/wp-json\/wp\/v2\/types\/page"}],"author":[{"embeddable":true,"href":"https:\/\/catedra.us.es\/eemedioambiente\/wp-json\/wp\/v2\/users\/2"}],"replies":[{"embeddable":true,"href":"https:\/\/catedra.us.es\/eemedioambiente\/wp-json\/wp\/v2\/comments?post=2744"}],"version-history":[{"count":53,"href":"https:\/\/catedra.us.es\/eemedioambiente\/wp-json\/wp\/v2\/pages\/2744\/revisions"}],"predecessor-version":[{"id":3572,"href":"https:\/\/catedra.us.es\/eemedioambiente\/wp-json\/wp\/v2\/pages\/2744\/revisions\/3572"}],"wp:attachment":[{"href":"https:\/\/catedra.us.es\/eemedioambiente\/wp-json\/wp\/v2\/media?parent=2744"}],"curies":[{"name":"wp","href":"https:\/\/api.w.org\/{rel}","templated":true}]}}