{"id":37,"date":"2018-02-22T18:22:20","date_gmt":"2018-02-22T18:22:20","guid":{"rendered":"http:\/\/www.arttium.com\/ruben\/?page_id=37"},"modified":"2019-05-31T12:14:14","modified_gmt":"2019-05-31T12:14:14","slug":"seminarios-y-actividades","status":"publish","type":"page","link":"https:\/\/catedra.us.es\/eemedioambiente\/seminarios-y-actividades\/","title":{"rendered":"Seminarios y actividades"},"content":{"rendered":"\t\t<div data-elementor-type=\"wp-post\" data-elementor-id=\"37\" class=\"elementor elementor-37 elementor-bc-flex-widget\">\n\t\t\t\t\t\t<div class=\"elementor-inner\">\n\t\t\t\t<div class=\"elementor-section-wrap\">\n\t\t\t\t\t\t\t\t\t<section class=\"elementor-section elementor-top-section elementor-element elementor-element-17c55732 elementor-section-boxed elementor-section-height-default elementor-section-height-default\" data-id=\"17c55732\" data-element_type=\"section\">\n\t\t\t\t\t\t<div class=\"elementor-container elementor-column-gap-default\">\n\t\t\t\t\t\t\t<div class=\"elementor-row\">\n\t\t\t\t\t<div class=\"elementor-column elementor-col-100 elementor-top-column elementor-element elementor-element-65ede9ad\" data-id=\"65ede9ad\" data-element_type=\"column\">\n\t\t\t<div class=\"elementor-column-wrap elementor-element-populated\">\n\t\t\t\t\t\t\t<div class=\"elementor-widget-wrap\">\n\t\t\t\t\t\t<section class=\"elementor-section elementor-inner-section elementor-element elementor-element-5bb7ae6 elementor-section-boxed elementor-section-height-default elementor-section-height-default\" data-id=\"5bb7ae6\" data-element_type=\"section\">\n\t\t\t\t\t\t<div class=\"elementor-container elementor-column-gap-default\">\n\t\t\t\t\t\t\t<div class=\"elementor-row\">\n\t\t\t\t\t<div class=\"elementor-column elementor-col-50 elementor-inner-column elementor-element elementor-element-22da4aa\" data-id=\"22da4aa\" data-element_type=\"column\">\n\t\t\t<div class=\"elementor-column-wrap elementor-element-populated\">\n\t\t\t\t\t\t\t<div class=\"elementor-widget-wrap\">\n\t\t\t\t\t\t<div class=\"elementor-element elementor-element-ea613b3 elementor-widget elementor-widget-text-editor\" data-id=\"ea613b3\" data-element_type=\"widget\" data-widget_type=\"text-editor.default\">\n\t\t\t\t<div class=\"elementor-widget-container\">\n\t\t\t\t\t\t\t\t<div class=\"elementor-text-editor elementor-clearfix\">\n\t\t\t\t<p>Eventos recientes<\/p>\t\t\t\t\t<\/div>\n\t\t\t\t\t\t<\/div>\n\t\t\t\t<\/div>\n\t\t\t\t\t\t<\/div>\n\t\t\t\t\t<\/div>\n\t\t<\/div>\n\t\t\t\t<div class=\"elementor-column elementor-col-50 elementor-inner-column elementor-element elementor-element-4f3a32f\" data-id=\"4f3a32f\" data-element_type=\"column\">\n\t\t\t<div class=\"elementor-column-wrap elementor-element-populated\">\n\t\t\t\t\t\t\t<div class=\"elementor-widget-wrap\">\n\t\t\t\t\t\t<div class=\"elementor-element elementor-element-aa34b72 elementor-widget elementor-widget-text-editor\" data-id=\"aa34b72\" data-element_type=\"widget\" data-widget_type=\"text-editor.default\">\n\t\t\t\t<div class=\"elementor-widget-container\">\n\t\t\t\t\t\t\t\t<div class=\"elementor-text-editor elementor-clearfix\">\n\t\t\t\t<p style=\"text-align: right;\"><a href=\"http:\/\/catedra.us.es\/eemedioambiente\/category\/seminarios-y-actividades\/\">Ver todos los seminarios<\/a><\/p>\t\t\t\t\t<\/div>\n\t\t\t\t\t\t<\/div>\n\t\t\t\t<\/div>\n\t\t\t\t\t\t<\/div>\n\t\t\t\t\t<\/div>\n\t\t<\/div>\n\t\t\t\t\t\t\t\t<\/div>\n\t\t\t\t\t<\/div>\n\t\t<\/section>\n\t\t\t\t<div class=\"elementor-element elementor-element-a352327 elementor-widget elementor-widget-wp-widget-recent-posts-widget-with-thumbnails\" data-id=\"a352327\" data-element_type=\"widget\" data-widget_type=\"wp-widget-recent-posts-widget-with-thumbnails.default\">\n\t\t\t\t<div class=\"elementor-widget-container\">\n\t\t\t\n<div id=\"rpwwt-wp-widget-recent-posts-widget-with-thumbnails\" class=\"rpwwt-widget\">\r\n\t<ul>\r\n\t\t<li><a href=\"https:\/\/catedra.us.es\/eemedioambiente\/seminarios-y-actividades\/xix-jornada-de-economia-y-medio-ambiente\/\"><span class=\"rpwwt-post-title\">XIX Jornada de Econom\u00eda y Medio Ambiente\u00a0&#8211; Sevilla, 11 de marzo 2026<\/span><\/a><div class=\"rpwwt-post-excerpt\">Evento: XIX Jornada de Econom\u00eda y Medio Ambiente.&nbsp; Fecha: Mi\u00e9rcoles 11 de marzo de 2026 Lugar: Sal\u00f3n de Grados de la Facultad de Ciencias Econ\u00f3micas y Empresariales. Universidad de Sevilla. Horario: De 9:00 h a 14:00 h. VIDEO DISPONIBLE (Medios Audiovisuales de la FCEYE): https:\/\/www.youtube.com\/watch?v=A2P0yZi4Xyo&amp;authuser=0 EL evento <span class=\"rpwwt-post-excerpt-more\"> [\u2026]<\/span><\/div><\/li>\r\n\t\t<li><a href=\"https:\/\/catedra.us.es\/eemedioambiente\/seminarios-y-actividades\/curso-econometria-de-las-redes\/\"><span class=\"rpwwt-post-title\">Curso \u201cEconometr\u00eda de las Redes\u201d<\/span><\/a><div class=\"rpwwt-post-excerpt\">Nos complace comunicar la celebraci\u00f3n del Curso \u201cEconometr\u00eda de las Redes\u201d, que tendr\u00e1 lugar los d\u00edas 20, 21 y 22 de enero de 2026 en la Facultad de Ciencias Econ\u00f3micas y Empresariales de la Universidad de Sevilla. El curso ser\u00e1 impartido por el Prof. Leonardo S\u00e1nchez Arag\u00f3n (learsanc@espol.edu.ec), de la Escuela Superior Polit\u00e9cnica Lugar: Aula <span class=\"rpwwt-post-excerpt-more\"> [\u2026]<\/span><\/div><\/li>\r\n\t\t<li><a href=\"https:\/\/catedra.us.es\/eemedioambiente\/seminarios-y-actividades\/xvi-workshop-on-energy-and-environmental-economics-seville-june-12-th-2025\/\"><span class=\"rpwwt-post-title\">XVI WORKSHOP ON ENERGY AND ENVIRONMENTAL ECONOMICS  &#8211; Seville, June 12 th, 2025<\/span><\/a><div class=\"rpwwt-post-excerpt\">El d\u00eda 12 de junio de 2025 se celebrar\u00e1 de manera PRESENCIAL el XVI Workshop\u00a0on\u00a0Energy\u00a0and Environmental Economics. El evento lo organiza la C\u00e1tedra de Econom\u00eda de la Energ\u00eda y Medio Ambiente Red El\u00e9ctrica de Espa\u00f1a-Universidad de Sevilla y est\u00e1 dirigido por la investigadora Dra. Roc\u00edo Rom\u00e1n. El\u00a0workshop\u00a0se estructura en seis sesiones en las que <span class=\"rpwwt-post-excerpt-more\"> [\u2026]<\/span><\/div><\/li>\r\n\t<\/ul>\r\n<\/div><!-- .rpwwt-widget -->\r\n\t\t<\/div>\n\t\t\t\t<\/div>\n\t\t\t\t\t\t<\/div>\n\t\t\t\t\t<\/div>\n\t\t<\/div>\n\t\t\t\t\t\t\t\t<\/div>\n\t\t\t\t\t<\/div>\n\t\t<\/section>\n\t\t\t\t\t\t\t\t\t<\/div>\n\t\t\t<\/div>\n\t\t\t\t\t<\/div>\n\t\t","protected":false},"excerpt":{"rendered":"<p>Eventos recientes Ver todos los seminarios<\/p>\n","protected":false},"author":1,"featured_media":0,"parent":0,"menu_order":0,"comment_status":"closed","ping_status":"closed","template":"","meta":[],"_links":{"self":[{"href":"https:\/\/catedra.us.es\/eemedioambiente\/wp-json\/wp\/v2\/pages\/37"}],"collection":[{"href":"https:\/\/catedra.us.es\/eemedioambiente\/wp-json\/wp\/v2\/pages"}],"about":[{"href":"https:\/\/catedra.us.es\/eemedioambiente\/wp-json\/wp\/v2\/types\/page"}],"author":[{"embeddable":true,"href":"https:\/\/catedra.us.es\/eemedioambiente\/wp-json\/wp\/v2\/users\/1"}],"replies":[{"embeddable":true,"href":"https:\/\/catedra.us.es\/eemedioambiente\/wp-json\/wp\/v2\/comments?post=37"}],"version-history":[{"count":0,"href":"https:\/\/catedra.us.es\/eemedioambiente\/wp-json\/wp\/v2\/pages\/37\/revisions"}],"wp:attachment":[{"href":"https:\/\/catedra.us.es\/eemedioambiente\/wp-json\/wp\/v2\/media?parent=37"}],"curies":[{"name":"wp","href":"https:\/\/api.w.org\/{rel}","templated":true}]}}