{"id":41,"date":"2018-02-22T18:23:01","date_gmt":"2018-02-22T18:23:01","guid":{"rendered":"http:\/\/www.arttium.com\/ruben\/?page_id=41"},"modified":"2018-02-22T18:23:01","modified_gmt":"2018-02-22T18:23:01","slug":"links","status":"publish","type":"page","link":"https:\/\/catedra.us.es\/eemedioambiente\/links\/","title":{"rendered":"Links"},"content":{"rendered":"<p><strong>DOCUMENTOS DE INTER\u00c9S<\/strong><\/p>\n<ul>\n<li><a href=\"http:\/\/www.idae.es\/index.php\/id.670\/relmenu.303\/mod.pags\/mem.detalle\" target=\"_blank\" rel=\"noopener\">Plan de Energ\u00edas Renovables 2011-2020<\/a><\/li>\n<li><a href=\"http:\/\/www.idae.es\/index.php\/idpag.14\/relmenu.304\/mod.pags\/mem.detalle\" target=\"_blank\" rel=\"noopener\">Plan de Energ\u00edas Renovables (PER) 2005-2010<\/a><\/li>\n<li><a href=\"http:\/\/www.idae.es\/index.php\/id.663\/relmenu.332\/mod.pags\/mem.detalle\" target=\"_blank\" rel=\"noopener\">Plan de Acci\u00f3n\u00a0 de Ahorro y Eficiencia Energ\u00e9tica 2011-2020<\/a><\/li>\n<li><a href=\"http:\/\/www.idae.es\/index.php\/id.67\/relmenu.333\/mod.pags\/mem.detalle\" target=\"_blank\" rel=\"noopener\">Plan de Acci\u00f3n\u00a0 de Ahorro y Eficiencia Energ\u00e9tica 2008-2012<\/a><\/li>\n<li><a href=\"http:\/\/ec.europa.eu\/energy\/renewables\/transparency_platform\/action_plan_en.htm\" target=\"_blank\" rel=\"noopener\">National Renewable Energy Action Plans<\/a><\/li>\n<li><a href=\"http:\/\/www.sostenibilidad-%20es.org\/sites\/default\/files\/_Informes\/anuales\/2011\/sostenibilidadenespana2011.pdf\" target=\"_blank\" rel=\"noopener\">Informe sobre Energ\u00eda y sostenibilidad en Espa\u00f1a 2011<\/a><\/li>\n<li><a href=\"http:\/\/www.mityc.es\/energia\/es-ES\/Novedades\/Paginas\/PAAEE_2011_2020.aspx\" target=\"_blank\" rel=\"noopener\">Plan de Acci\u00f3n de Ahorro y Eficiencia Energ\u00e9tica 2011-2020<\/a><\/li>\n<\/ul>\n<p><strong>ADMINISTRACION GENERAL<\/strong><\/p>\n<ul>\n<li><a href=\"http:\/\/www.marm.es\/es\/\" target=\"_blank\" rel=\"noopener\">Ministerio de Medio Ambiente y Medio Rural y Marino<\/a><\/li>\n<li><a href=\"http:\/\/www.mityc.es\/es-ES\/Paginas\/index.aspx\" target=\"_blank\" rel=\"noopener\">Ministerio de Industria, Turismo y Comercio<\/a><\/li>\n<li><a href=\"http:\/\/www.ciemat.es\/\" target=\"_blank\" rel=\"noopener\">Centro de Investigaciones Energ\u00e9ticas, Medioambientales y Tecnol\u00f3gicas (CIEMAT)<\/a><\/li>\n<li><a href=\"http:\/\/www.cener.com\/es\/index.asp\" target=\"_blank\" rel=\"noopener\">Centro Nacional de Energ\u00edas Renovables (CENER)<\/a><\/li>\n<li><a href=\"http:\/\/www.cne.es\/cne\/Home\" target=\"_blank\" rel=\"noopener\">Comisi\u00f3n Nacional de Energ\u00eda (CNE)<\/a><\/li>\n<li><a href=\"http:\/\/www.idae.es\/\" target=\"_blank\" rel=\"noopener\">Instituto para la Diversificaci\u00f3n y Ahorro de Energ\u00eda<\/a><\/li>\n<\/ul>\n<p><strong>AGENCIAS REGIONALES<\/strong><\/p>\n<ul>\n<li><a href=\"http:\/\/www.agenciaandaluzadelaenergia.es\/agenciadelaenergia\/nav\/com\/portada.jsp\" target=\"_blank\" rel=\"noopener\">Agencia Andaluza de la Energ\u00eda (AAE)<\/a><\/li>\n<li><a href=\"http:\/\/www.faen.info\/\" target=\"_blank\" rel=\"noopener\">Fundaci\u00f3n Asturiana de la Energ\u00eda, FAEN<\/a><\/li>\n<li><a href=\"http:\/\/www.agenergia.org\/\" target=\"_blank\" rel=\"noopener\">Agencia Insular de Energ\u00eda de Tenerife, AIET<\/a><\/li>\n<li><a href=\"http:\/\/www.eren.jcyl.es\/\" target=\"_blank\" rel=\"noopener\">Ente Regional de la Energ\u00eda de Castilla y Le\u00f3n, EREN<\/a><\/li>\n<li><a href=\"http:\/\/www.agecam.es\/_agecam\/default.aspx\" target=\"_blank\" rel=\"noopener\">Agencia de Gesti\u00f3n de la Energ\u00eda de Castilla-La Mancha, AGECAM<\/a><\/li>\n<li><a href=\"http:\/\/www20.gencat.cat\/portal\/site\/icaen\" target=\"_blank\" rel=\"noopener\">Instituto Catal\u00e1n de Energ\u00eda, ICAEN<\/a><\/li>\n<li><a href=\"http:\/\/www.fenercom.com\/\" target=\"_blank\" rel=\"noopener\">Fundaci\u00f3n de la Energ\u00eda de la Comunidad de Madrid, FENERCOM<\/a><\/li>\n<li><a href=\"http:\/\/www.aven.es\/\" target=\"_blank\" rel=\"noopener\">Agencia Valenciana de la Energ\u00eda, AVEN<\/a><\/li>\n<li><a href=\"http:\/\/www.agenex.org\/\" target=\"_blank\" rel=\"noopener\">Agencia Extreme\u00f1a de la Energ\u00eda<\/a><\/li>\n<li><a href=\"http:\/\/www.inega.es\/\" target=\"_blank\" rel=\"noopener\">Instituto Enerx\u00e9tico de Galicia (INEGA)<\/a><\/li>\n<li><a href=\"http:\/\/www.argem.es\/\" target=\"_blank\" rel=\"noopener\">Agencia Regional de Gesti\u00f3n de Energ\u00eda de la Regi\u00f3n de Murcia, ARGEM<\/a><\/li>\n<li><a href=\"http:\/\/www.eve.es\/web\/Portada.aspx\" target=\"_blank\" rel=\"noopener\">Ente Vasco de la Energ\u00eda (EVE)<\/a><\/li>\n<\/ul>\n<p><strong>OTROS ORGANISMOS E INSTITUCIONES\u00a0 NACIONALES<\/strong><\/p>\n<ul>\n<li><a href=\"http:\/\/www.fundacionrenovables.org\/\" target=\"_blank\" rel=\"noopener\">Fundaci\u00f3n Energ\u00edas Renovables<\/a><\/li>\n<li><a href=\"http:\/\/www.empresaclima.org\/\" target=\"_blank\" rel=\"noopener\">Fundaci\u00f3n Empresa y Clima<\/a><\/li>\n<li><a href=\"http:\/\/www.sostenibilidad-es.org\/\" target=\"_blank\" rel=\"noopener\">Observatorio de la Sostenibilidad en Espa\u00f1a<\/a><\/li>\n<li><a href=\"http:\/\/hispareal.uloyola.es\/research-team\/\">Hispalis Regional Economics Applications Laboratory (HREAL)<\/a><\/li>\n<\/ul>\n<p><strong>ORGANISMOS EUROPEOS<\/strong><\/p>\n<ul>\n<li><a href=\"http:\/\/www.pactodelosalcaldes.eu\/index_es.html\" target=\"_blank\" rel=\"noopener\">Covenant of Mayors<\/a><\/li>\n<li><a href=\"http:\/\/www.energy-cities.eu\/\" target=\"_blank\" rel=\"noopener\">Energie-Cit\u00e9s<\/a><\/li>\n<li><a href=\"http:\/\/ec.europa.eu\/energy\/index_en.htm\" target=\"_blank\" rel=\"noopener\">European Commission: Energy<\/a><\/li>\n<li><a href=\"http:\/\/www.erec.org\/\" target=\"_blank\" rel=\"noopener\">European Renewable Energy Council (EREC)<\/a><\/li>\n<li><a href=\"http:\/\/www.eea.europa.eu\/\" target=\"_blank\" rel=\"noopener\">European Environment Agency &#8211; EEA<\/a><\/li>\n<li><a href=\"http:\/\/www.ipcc.ch\/\" target=\"_blank\" rel=\"noopener\">IPCC &#8211; Intergovernmental Panel on Climate Change<\/a><\/li>\n<li><a href=\"http:\/\/www.ref.org.uk\/\" target=\"_blank\" rel=\"noopener\">Renewable Energy Foundation<\/a><\/li>\n<\/ul>\n<p><strong>ORGANISMOS INTERNACIONALES<\/strong><\/p>\n<ul>\n<li><a href=\"http:\/\/www.iea.org\/\" target=\"_blank\" rel=\"noopener\">International Energy Agency<\/a><\/li>\n<li><a href=\"http:\/\/www.oecd.org\/home\/0,2987,en_2649_201185_1_1_1_1_1,00.html\" target=\"_blank\" rel=\"noopener\">Organisation for Economic Co-operation and Development (OECD)<\/a><\/li>\n<li><a href=\"http:\/\/unfccc.int\/2860.php\" target=\"_blank\" rel=\"noopener\">United Nations Framework convention on Climate Change (UNFCCC)<\/a><\/li>\n<li><a href=\"http:\/\/www.weea.org\/\" target=\"_blank\" rel=\"noopener\">World Energy Efficiency Association<\/a><\/li>\n<li><a href=\"http:\/\/www.worldwatch.org\/\" target=\"_blank\" rel=\"noopener\">World Watch Institute<\/a><\/li>\n<\/ul>\n<p><strong>CENTROS DE ESTAD\u00cdSTICA E INVESTIGACI\u00d3N<\/strong><\/p>\n<ul>\n<li><a href=\"http:\/\/ec.europa.eu\/\" target=\"_blank\" rel=\"noopener\">Eurostat<\/a><\/li>\n<li><a href=\"http:\/\/www.eurobserv-er.org\/\" target=\"_blank\" rel=\"noopener\">EurObserv&#8217;ER Barometer<\/a><\/li>\n<li><a href=\"http:\/\/www.ine.es\/\" target=\"_blank\" rel=\"noopener\">Instituto Nacional de Estad\u00edstica (Espa\u00f1a)<\/a><\/li>\n<\/ul>\n<p><strong>REVISTAS TECNICAS Y DE DIVULGACION<\/strong><\/p>\n<ul>\n<li><a href=\"http:\/\/www.bioenergyinternacional.es\/\" target=\"_blank\" rel=\"noopener\">Bioenergy<\/a><\/li>\n<li><a href=\"http:\/\/www.crisisenergetica.org\/\" target=\"_blank\" rel=\"noopener\">Crisis Energ\u00e9tica<\/a><\/li>\n<li><a href=\"http:\/\/www.energias-renovables.com\/\" target=\"_blank\" rel=\"noopener\">Energ\u00edas Renovables<\/a><\/li>\n<li><a href=\"http:\/\/www.erasolar.es\/\" target=\"_blank\" rel=\"noopener\">Era Solar<\/a><\/li>\n<li><a href=\"http:\/\/www.photon.com.es\/\" target=\"_blank\" rel=\"noopener\">Photon<\/a><\/li>\n<\/ul>\n<p><strong>ASOCIACIONES PROFESIONALES<\/strong><\/p>\n<ul>\n<li><a href=\"http:\/\/www.appa.es\/\" target=\"_blank\" rel=\"noopener\">APPA. Asociaci\u00f3n de productores de energ\u00edas renovables<\/a><\/li>\n<li><a href=\"http:\/\/www.aprean.com\/\" target=\"_blank\" rel=\"noopener\">APREAN. Asociaci\u00f3n de promotores y productores de energ\u00edas renovables de Andaluc\u00eda<\/a><\/li>\n<li><a href=\"http:\/\/www.xn--anperasociacin-xob.es\/\" target=\"_blank\" rel=\"noopener\">ANPER. Asociaci\u00f3n nacional de productores e inversores en energ\u00edas renovables<\/a><\/li>\n<li><a href=\"http:\/\/www.asit-solar.com\/\" target=\"_blank\" rel=\"noopener\">ASIT. Asociaci\u00f3n Solar de la Industria T\u00e9rmica<\/a><\/li>\n<li><a href=\"http:\/\/www.xn--asociacin3e-xeb.org\/\" target=\"_blank\" rel=\"noopener\">A3E. Asociaci\u00f3n de empresas de eficiencia energ\u00e9tica<\/a><\/li>\n<li><a href=\"http:\/\/www.avebiom.org\/\" target=\"_blank\" rel=\"noopener\">AVEBIOM. Asociaci\u00f3n espa\u00f1ola de valorizaci\u00f3n energ\u00e9tica de la biomasa<\/a><\/li>\n<li><a href=\"http:\/\/www.protermosolar.com\/\" target=\"_blank\" rel=\"noopener\">PROTERMOSOLAR. Asociaci\u00f3n Espa\u00f1ola de la Industria Solar Termoel\u00e9ctrica<\/a><\/li>\n<li><a href=\"http:\/\/www.anese.es\/\" target=\"_blank\" rel=\"noopener\">ANESE. Asociaci\u00f3n de Empresas de Servicios Energ\u00e9ticos<\/a><\/li>\n<\/ul>\n","protected":false},"excerpt":{"rendered":"<p>DOCUMENTOS DE INTER\u00c9S Plan de Energ\u00edas Renovables 2011-2020 Plan de Energ\u00edas Renovables (PER) 2005-2010 Plan de Acci\u00f3n\u00a0 de Ahorro y Eficiencia Energ\u00e9tica 2011-2020 Plan de Acci\u00f3n\u00a0 de Ahorro y Eficiencia Energ\u00e9tica 2008-2012 National Renewable Energy Action Plans Informe sobre Energ\u00eda y sostenibilidad en Espa\u00f1a 2011 Plan de Acci\u00f3n de Ahorro y Eficiencia Energ\u00e9tica 2011-2020 ADMINISTRACION [&hellip;]<\/p>\n","protected":false},"author":1,"featured_media":0,"parent":0,"menu_order":0,"comment_status":"closed","ping_status":"closed","template":"","meta":[],"_links":{"self":[{"href":"https:\/\/catedra.us.es\/eemedioambiente\/wp-json\/wp\/v2\/pages\/41"}],"collection":[{"href":"https:\/\/catedra.us.es\/eemedioambiente\/wp-json\/wp\/v2\/pages"}],"about":[{"href":"https:\/\/catedra.us.es\/eemedioambiente\/wp-json\/wp\/v2\/types\/page"}],"author":[{"embeddable":true,"href":"https:\/\/catedra.us.es\/eemedioambiente\/wp-json\/wp\/v2\/users\/1"}],"replies":[{"embeddable":true,"href":"https:\/\/catedra.us.es\/eemedioambiente\/wp-json\/wp\/v2\/comments?post=41"}],"version-history":[{"count":0,"href":"https:\/\/catedra.us.es\/eemedioambiente\/wp-json\/wp\/v2\/pages\/41\/revisions"}],"wp:attachment":[{"href":"https:\/\/catedra.us.es\/eemedioambiente\/wp-json\/wp\/v2\/media?parent=41"}],"curies":[{"name":"wp","href":"https:\/\/api.w.org\/{rel}","templated":true}]}}