{"id":6023,"date":"2024-09-21T18:46:12","date_gmt":"2024-09-21T16:46:12","guid":{"rendered":"http:\/\/catedra.us.es\/puertodesevilla\/?page_id=6023"},"modified":"2024-09-25T21:04:11","modified_gmt":"2024-09-25T19:04:11","slug":"presentacion-mision-vision-valores","status":"publish","type":"page","link":"https:\/\/catedra.us.es\/puertodesevilla\/la-catedra\/presentacion-mision-vision-valores\/","title":{"rendered":"Presentaci\u00f3n (Misi\u00f3n, visi\u00f3n, valores)"},"content":{"rendered":"","protected":false},"excerpt":{"rendered":"","protected":false},"author":1,"featured_media":0,"parent":6020,"menu_order":0,"comment_status":"closed","ping_status":"closed","template":"","meta":{"footnotes":""},"class_list":["post-6023","page","type-page","status-publish"],"_links":{"self":[{"href":"https:\/\/catedra.us.es\/puertodesevilla\/wp-json\/wp\/v2\/pages\/6023","targetHints":{"allow":["GET"]}}],"collection":[{"href":"https:\/\/catedra.us.es\/puertodesevilla\/wp-json\/wp\/v2\/pages"}],"about":[{"href":"https:\/\/catedra.us.es\/puertodesevilla\/wp-json\/wp\/v2\/types\/page"}],"author":[{"embeddable":true,"href":"https:\/\/catedra.us.es\/puertodesevilla\/wp-json\/wp\/v2\/users\/1"}],"replies":[{"embeddable":true,"href":"https:\/\/catedra.us.es\/puertodesevilla\/wp-json\/wp\/v2\/comments?post=6023"}],"version-history":[{"count":1,"href":"https:\/\/catedra.us.es\/puertodesevilla\/wp-json\/wp\/v2\/pages\/6023\/revisions"}],"predecessor-version":[{"id":6024,"href":"https:\/\/catedra.us.es\/puertodesevilla\/wp-json\/wp\/v2\/pages\/6023\/revisions\/6024"}],"up":[{"embeddable":true,"href":"https:\/\/catedra.us.es\/puertodesevilla\/wp-json\/wp\/v2\/pages\/6020"}],"wp:attachment":[{"href":"https:\/\/catedra.us.es\/puertodesevilla\/wp-json\/wp\/v2\/media?parent=6023"}],"curies":[{"name":"wp","href":"https:\/\/api.w.org\/{rel}","templated":true}]}}