{"id":6033,"date":"2024-09-21T18:48:22","date_gmt":"2024-09-21T16:48:22","guid":{"rendered":"http:\/\/catedra.us.es\/puertodesevilla\/?page_id=6033"},"modified":"2026-03-24T17:37:06","modified_gmt":"2026-03-24T16:37:06","slug":"premios-tfg-tfm","status":"publish","type":"page","link":"https:\/\/catedra.us.es\/puertodesevilla\/docencia-e-investigacion\/premios-tfg-tfm\/","title":{"rendered":"Premios TFG, TFM"},"content":{"rendered":"[vc_row type=\u00bbin_container\u00bb full_screen_row_position=\u00bbmiddle\u00bb column_margin=\u00bbdefault\u00bb column_direction=\u00bbdefault\u00bb column_direction_tablet=\u00bbdefault\u00bb column_direction_phone=\u00bbdefault\u00bb scene_position=\u00bbcenter\u00bb text_color=\u00bbdark\u00bb text_align=\u00bbleft\u00bb row_border_radius=\u00bbnone\u00bb row_border_radius_applies=\u00bbbg\u00bb overflow=\u00bbvisible\u00bb overlay_strength=\u00bb0.3&#8243; gradient_direction=\u00bbleft_to_right\u00bb shape_divider_position=\u00bbbottom\u00bb bg_image_animation=\u00bbnone\u00bb][vc_column column_padding=\u00bbno-extra-padding\u00bb column_padding_tablet=\u00bbinherit\u00bb column_padding_phone=\u00bbinherit\u00bb column_padding_position=\u00bball\u00bb column_element_direction_desktop=\u00bbdefault\u00bb column_element_spacing=\u00bbdefault\u00bb desktop_text_alignment=\u00bbdefault\u00bb tablet_text_alignment=\u00bbdefault\u00bb phone_text_alignment=\u00bbdefault\u00bb background_color_opacity=\u00bb1&#8243; background_hover_color_opacity=\u00bb1&#8243; column_backdrop_filter=\u00bbnone\u00bb column_shadow=\u00bbnone\u00bb column_border_radius=\u00bbnone\u00bb column_link_target=\u00bb_self\u00bb column_position=\u00bbdefault\u00bb gradient_direction=\u00bbleft_to_right\u00bb overlay_strength=\u00bb0.3&#8243; width=\u00bb1\/1&#8243; tablet_width_inherit=\u00bbdefault\u00bb animation_type=\u00bbdefault\u00bb bg_image_animation=\u00bbnone\u00bb border_type=\u00bbsimple\u00bb column_border_width=\u00bbnone\u00bb column_border_style=\u00bbsolid\u00bb][vc_column_text css=\u00bb\u00bb text_direction=\u00bbdefault\u00bb]\n<h3 style=\"text-align: center;\"><span class=\"TextRun MacChromeBold SCXW132066245 BCX8\" lang=\"ES-ES\" xml:lang=\"ES-ES\" data-contrast=\"auto\"><span class=\"NormalTextRun SCXW132066245 BCX8\" data-ccp-charstyle=\"normaltextrun\" data-ccp-charstyle-defn=\"{&quot;ObjectId&quot;:&quot;ac0262f4-8a9e-5820-b908-2d943c5f7113|1&quot;,&quot;ClassId&quot;:1073872969,&quot;Properties&quot;:[201342446,&quot;1&quot;,201342447,&quot;5&quot;,201342448,&quot;3&quot;,201342449,&quot;1&quot;,469777841,&quot;Cambria&quot;,469777842,&quot;&quot;,469777843,&quot;\uff2d\uff33 \u660e\u671d&quot;,469777844,&quot;Cambria&quot;,201341986,&quot;1&quot;,469769226,&quot;Cambria,\uff2d\uff33 \u660e\u671d&quot;,268442635,&quot;24&quot;,469775450,&quot;normaltextrun&quot;,201340122,&quot;1&quot;,134233614,&quot;true&quot;,469778129,&quot;normaltextrun&quot;,335572020,&quot;1&quot;,469778324,&quot;Default Paragraph Font&quot;]}\">I<\/span><span class=\"NormalTextRun SCXW132066245 BCX8\" data-ccp-charstyle=\"normaltextrun\">I<\/span><span class=\"NormalTextRun SCXW132066245 BCX8\" data-ccp-charstyle=\"normaltextrun\">\u00a0Premio<\/span><span class=\"NormalTextRun SCXW132066245 BCX8\" data-ccp-charstyle=\"normaltextrun\">s<\/span><span class=\"NormalTextRun SCXW132066245 BCX8\" data-ccp-charstyle=\"normaltextrun\">\u00a0C\u00e1tedra Puerto de Sevilla \u2013 Universidad de Sevilla a los Mejores Trabajos de Fin de Grado y M\u00e1ster.<\/span><\/span><span class=\"EOP Selected SCXW132066245 BCX8\" data-ccp-props=\"{&quot;134233117&quot;:false,&quot;134233118&quot;:false,&quot;335551550&quot;:6,&quot;335551620&quot;:6,&quot;335559738&quot;:0,&quot;335559739&quot;:0}\">\u00a0<\/span><\/h3>\n[\/vc_column_text][vc_column_text css=\u00bb\u00bb text_direction=\u00bbdefault\u00bb]\n<p>La Universidad de Sevilla y la Autoridad Portuaria de Sevilla han firmado un convenio para el desarrollo del Proyecto \u201cCentro de Innovaci\u00f3n Universitario de Andaluc\u00eda, Alentejo y Algarve\u201d en el Puerto de Sevilla. Dentro de este marco se crea la c\u00e1tedra Puerto de Sevilla \u2013 Universidad de Sevilla con la finalidad de incentivar y desarrollar actividades docentes, de investigaci\u00f3n y de transferencia de conocimiento en aquellos \u00e1mbitos relacionados con el Puerto de Sevilla<\/p>\n[\/vc_column_text][vc_column_text css=\u00bb\u00bb text_direction=\u00bbdefault\u00bb]\n<p>Entre sus actividades, la C\u00e1tedra presenta el I Premio C\u00e1tedra Puerto de Sevilla \u2013 Universidad de Sevilla a los Mejores Trabajos de Fin de Grado y M\u00e1ster relacionados con el \u00e1mbito portuario que pretende reconocer el talento de estudiantes universitarios y su contribuci\u00f3n al Puerto de Sevilla con iniciativas innovadoras.<\/p>\n[\/vc_column_text][vc_column_text css=\u00bb\u00bb text_direction=\u00bbdefault\u00bb]\n<h4>Bases legales<\/h4>\n[\/vc_column_text][vc_column_text css=\u00bb\u00bb text_direction=\u00bbdefault\u00bb]\n<h4>1. Objeto<\/h4>\n[\/vc_column_text][vc_column_text css=\u00bb\u00bb text_direction=\u00bbdefault\u00bb]\n<p>El objeto de este concurso consiste en premiar a los mejores trabajos acad\u00e9micos fin de grado (en adelante TFG) y trabajos fin de m\u00e1ster (en adelante TFM) relacionados con la actividad portuaria, con el prop\u00f3sito de fomentar e incentivar la investigaci\u00f3n en este \u00e1mbito entre los estudiantes universitarios y j\u00f3venes investigadores, futuros profesionales del sector.<\/p>\n[\/vc_column_text][vc_column_text css=\u00bb\u00bb text_direction=\u00bbdefault\u00bb]\n<h4>2. Caracter\u00edsticas de los premios y dotaci\u00f3n<\/h4>\n[\/vc_column_text][vc_column_text css=\u00bb\u00bb text_direction=\u00bbdefault\u00bb]\n<ul>\n<li><strong>Premio C\u00e1tedra Puerto de Sevilla \u2013 Universidad de Sevilla al mejor Trabajo<\/strong><\/li>\n<li><strong>Fin de M\u00e1ster (TFM) en el \u00e1mbito portuario. Dotaci\u00f3n: 1.000 \u20ac<\/strong><\/li>\n<li><strong>Premio C\u00e1tedra Puerto de Sevilla \u2013 Universidad de Sevilla al mejor Trabajo<\/strong><\/li>\n<li><strong>Fin de Grado (TFG) en el \u00e1mbito portuario. Dotaci\u00f3n: 500 \u20ac<\/strong><\/li>\n<li><strong>Premio TFM \u201cMERLIN Properties \u2013 ZAL Sevilla\u201d. Dotaci\u00f3n 1.000 \u20ac.<\/strong><\/li>\n<li><strong>Premio TFG \u201cMERLIN Properties \u2013 ZAL Sevilla\u201d. Dotaci\u00f3n 500 \u20ac.<\/strong><\/li>\n<li><strong>Premio TFM \u201cSevitrade\u201d. Dotaci\u00f3n 1.000 \u20ac.<\/strong><\/li>\n<li><strong>Premio TFG \u201cSevitrade\u201d. Dotaci\u00f3n 500 \u20ac.<\/strong><\/li>\n<\/ul>\n[\/vc_column_text][vc_column_text css=\u00bb\u00bb text_direction=\u00bbdefault\u00bb]\n<p style=\"font-weight: 400;\">La convocatoria de cualquiera de los premios podr\u00e1 quedar desierta si, a juicio del jurado, los trabajos presentados no re\u00fanen los requisitos t\u00e9cnicos y acad\u00e9micos para ser premiados.<\/p>\n<p style=\"font-weight: 400;\">A juicio del jurado se podr\u00e1n premiar de manera ex-aequo a m\u00e1s de un trabajo en la misma categor\u00eda, recibiendo cada uno de ellos la parte proporcional del premio que corresponda a esa categor\u00eda. Se podr\u00e1n otorgar Menciones Especiales.<\/p>\n<p style=\"font-weight: 400;\">A los premios otorgados se les aplicar\u00e1 la preceptiva retenci\u00f3n reglamentaria a efectos retributivos (IRPF).<\/p>\n[\/vc_column_text][vc_column_text css=\u00bb\u00bb text_direction=\u00bbdefault\u00bb]\n<h4>3. Tem\u00e1tica y caracteristicas de los trabajos<\/h4>\n[\/vc_column_text][vc_column_text css=\u00bb\u00bb text_direction=\u00bbdefault\u00bb]\n<p style=\"font-weight: 400;\">Los trabajos podr\u00e1n estar relacionados con las l\u00edneas de investigaci\u00f3n consideradas prioritarias por la C\u00e1tedra:<\/p>\n<ol>\n<li>Competitividad<\/li>\n<li>Log\u00edstica.<\/li>\n<li>Sostenibilidad y Medio Ambiente.<\/li>\n<li>Turismo y Puerto.<\/li>\n<li>Ciudad y Puerto.<\/li>\n<li>Derecho portuario.<\/li>\n<\/ol>\n<p style=\"font-weight: 400;\">Adem\u00e1s de estas l\u00edneas prioritarias, puede presentarse cualquier Trabajo Fin de Grado o Fin de M\u00e1ster que pueda ser igualmente de inter\u00e9s en el \u00e1mbito portuario.<\/p>\n<p style=\"font-weight: 400;\">Para los premios TFM \u201cSevitrade\u201d y TFG \u201cSevitrade\u201d, las l\u00edneas de investigaci\u00f3n prioritarias son:<\/p>\n<ol>\n<li>Automatizaci\u00f3n de procesos y de accesos a las terminales.<\/li>\n<li>Electrificaci\u00f3n de muelles.<\/li>\n<li>Ampliaci\u00f3n del muelle de la Esclusa.<\/li>\n<li>Sostenibilidad medioambiental en las operaciones portuarias.<\/li>\n<\/ol>\n<p style=\"font-weight: 400;\">Los trabajos presentados a la convocatoria de premios deber\u00e1n cumplir los siguientes requisitos:<\/p>\n<ul>\n<li>Deben ser originales e in\u00e9ditos y estar libres de compromisos de opciones de licencias exclusivas o cualquier tipo de exclusividad respecto de su uso.<\/li>\n<li>Habr\u00e1n debido obtener al menos la calificaci\u00f3n de notable.<\/li>\n<li>Podr\u00e1n presentarse en castellano o en ingl\u00e9s.<\/li>\n<li>No se podr\u00e1n presentar trabajos que est\u00e9n sujetos a alg\u00fan tipo de propiedad intelectual.<\/li>\n<li>En caso de que haya sido galardonado en otras convocatorias de premios se analizar\u00e1 la posible compatibilidad con las presentes bases.<\/li>\n<\/ul>\n[\/vc_column_text][vc_column_text css=\u00bb\u00bb text_direction=\u00bbdefault\u00bb]\n<h4>4. Requisitos de participaci\u00f3n<\/h4>\n[\/vc_column_text][vc_column_text css=\u00bb\u00bb text_direction=\u00bbdefault\u00bb]\n<p style=\"font-weight: 400;\">Podr\u00e1n concurrir a los premios todos los estudiantes de grado y m\u00e1ster, autores de Trabajo Fin de Grado o Trabajo Fin de M\u00e1ster de las titulaciones de la Universidad de Sevilla, presentados durante el curso 2025\/2026.<\/p>\n[\/vc_column_text][vc_column_text css=\u00bb\u00bb text_direction=\u00bbdefault\u00bb]\n<h4>5. Presentacion de solicitudes y documentaci\u00f3n<\/h4>\n[\/vc_column_text][vc_column_text css=\u00bb\u00bb text_direction=\u00bbdefault\u00bb]\n<p style=\"font-weight: 400;\">Los candidatos a los premios deber\u00e1n cumplimentar el siguiente <a href=\"https:\/\/forms.cloud.microsoft\/Pages\/ResponsePage.aspx?id=TmhK77WBHEmpjsezG-bEaeOUEUKKVMNMqw_6N3NJIB1UQlZYUUZYQkJDRUxSNlBTVUZWMDRWUzA1OC4u\">formulario<\/a> presentando la siguiente documentaci\u00f3n:<\/p>\n<ol>\n<li style=\"font-weight: 400;\">Documento resumen del trabajo (m\u00e1x. 6 p\u00e1ginas)<\/li>\n<\/ol>\n<ul>\n<li>T\u00edtulo<\/li>\n<li>Objetivos<\/li>\n<li>Justificaci\u00f3n<\/li>\n<li>Metodolog\u00eda<\/li>\n<li>Resultados<\/li>\n<li>Aplicabilidad e impacto<\/li>\n<li>Principales Conclusiones<\/li>\n<\/ul>\n<p style=\"font-weight: 400;\">En este documento se puede incluir documentaci\u00f3n gr\u00e1fica, como infograf\u00edas o fotograf\u00edas, que permita una f\u00e1cil comprensi\u00f3n de los trabajos desarrollados. El material gr\u00e1fico aportado servir\u00e1 para dar a conocer los trabajos desarrollados a trav\u00e9s de redes sociales y la p\u00e1gina web de la C\u00e1tedra y de la Autoridad Portuaria.<\/p>\n<ol start=\"2\">\n<li style=\"font-weight: 400;\">Certificaci\u00f3n acad\u00e9mica personal o documento que acredite la puntuaci\u00f3n obtenida en el trabajo fin de grado o fin de m\u00e1ster emitida por el centro responsable.<\/li>\n<li style=\"font-weight: 400;\">El trabajo en su totalidad en formato PDF.<\/li>\n<\/ol>\n<p style=\"font-weight: 400;\">Toda documentaci\u00f3n y candidatura que se presente fuera del canal establecido o con posterioridad al plazo de finalizaci\u00f3n de presentaci\u00f3n, no ser\u00e1 tenida en cuenta. Igualmente, si no cumple con las consideraciones recogidas en estas bases, no ser\u00e1 aceptada y no participar\u00e1 en el premio.<\/p>\n[\/vc_column_text][vc_column_text css=\u00bb\u00bb text_direction=\u00bbdefault\u00bb]\n<h4>6. Plazo<\/h4>\n[\/vc_column_text][vc_column_text css=\u00bb\u00bb text_direction=\u00bbdefault\u00bb]\n<div>\n<p class=\"paragraph\"><span class=\"normaltextrun\">La fecha l\u00edmite de presentaci\u00f3n de solicitudes ser\u00e1 el viernes 4 de septiembre de 2026. Recibida las solicitudes, se publicar\u00e1 un listado provisional de admitidos y excluidos en la p\u00e1gina web de la C\u00e1tedra con indicaci\u00f3n de las causas de exclusi\u00f3n. Con la publicaci\u00f3n de dicho listado, se considerar\u00e1 efectuada la correspondiente notificaci\u00f3n a los premiados que autorizan a la C\u00e1tedra a publicar en los medios que consideren oportunos, el nombre del premiado y los datos correspondientes al trabajo presentado.<\/span><\/p>\n<\/div>\n[\/vc_column_text][vc_column_text css=\u00bb\u00bb text_direction=\u00bbdefault\u00bb]\n<h4>7. Evaluaci\u00f3n y fallo<\/h4>\n[\/vc_column_text][vc_column_text css=\u00bb\u00bb text_direction=\u00bbdefault\u00bb]\n<div>\n<p style=\"font-weight: 400;\">Los trabajos ser\u00e1n evaluados por un Jurado constituido anualmente al efecto y compuesto por cinco miembros de prestigio en el \u00e1mbito universitario y del \u00e1mbito portuario.<\/p>\n<p style=\"font-weight: 400;\">El Jurado evaluar\u00e1 los trabajos presentados seg\u00fan los siguientes criterios:<\/p>\n<ul>\n<li>Afinidad con las l\u00edneas de investigaci\u00f3n prioritarias (40%)<\/li>\n<li>Originalidad del tema (20 %)<\/li>\n<li>Resultados obtenidos (20%)<\/li>\n<li>Aplicabilidad pr\u00e1ctica (20%)<\/li>\n<\/ul>\n<\/div>\n[\/vc_column_text][vc_column_text css=\u00bb\u00bb text_direction=\u00bbdefault\u00bb]\n<h4>8. Uso y propiedad intelectual de los trabajos presentados<\/h4>\n[\/vc_column_text][vc_column_text css=\u00bb\u00bb text_direction=\u00bbdefault\u00bb]La propiedad intelectual de los estudios premiados es de sus autores. No obstante, al presentarse al premio, los premiados autorizan la cesi\u00f3n de los derechos de reproducci\u00f3n, distribuci\u00f3n, comunicaci\u00f3n p\u00fablica de los trabajos premiados, por todo el m\u00e1ximo per\u00edodo de tiempo permitido legalmente.<\/p>\n<p>En el caso de que el trabajo premiado haya contado con la colaboraci\u00f3n de organismos, entidades o empresas, \u00e9stas tambi\u00e9n podr\u00e1n constar en la difusi\u00f3n a juicio de los autores del trabajo.[\/vc_column_text][vc_column_text css=\u00bb\u00bb text_direction=\u00bbdefault\u00bb]\n<h4>9. Protecci\u00f3n de datos personales<\/h4>\n[\/vc_column_text][vc_column_text css=\u00bb\u00bb text_direction=\u00bbdefault\u00bb]La Universidad de Sevilla es responsable del presente tratamiento, \u201cTransferencia del Conocimiento y Emprendimiento\u201d que tiene como finalidad la realizaci\u00f3n de actividades de transferencia del conocimiento y emprendimiento.<\/p>\n<p>El tratamiento es necesario para la ejecuci\u00f3n de un contrato en el que el interesado es parte, para el cumplimiento de una misi\u00f3n realizada en inter\u00e9s p\u00fablico, el cumplimiento de una obligaci\u00f3n legal, asimismo, en su caso, se legitima por el consentimiento expreso del interesado para uno o varios fines espec\u00edficos.<\/p>\n<p>Tiene derecho a acceder, rectificar y suprimir sus datos personales, as\u00ed como a otros derechos que puede consultar, junto a una informaci\u00f3n adicional m\u00e1s detallada, en este <a href=\"https:\/\/osi.us.es\/sites\/osi\/files\/doc\/C.I.TransferenciaDelConocimiento.pdf\">enlace.<\/a>[\/vc_column_text][vc_column_text css=\u00bb\u00bb text_direction=\u00bbdefault\u00bb]\n<h4>10. Aceptaci\u00f3n de las bases<\/h4>\n[\/vc_column_text][vc_column_text css=\u00bb\u00bb text_direction=\u00bbdefault\u00bb]La presentaci\u00f3n de cualquier trabajo implica la aceptaci\u00f3n de estas bases.[\/vc_column_text][\/vc_column][vc_column column_padding=\u00bbno-extra-padding\u00bb column_padding_tablet=\u00bbinherit\u00bb column_padding_phone=\u00bbinherit\u00bb column_padding_position=\u00bball\u00bb column_element_direction_desktop=\u00bbdefault\u00bb column_element_spacing=\u00bbdefault\u00bb desktop_text_alignment=\u00bbdefault\u00bb tablet_text_alignment=\u00bbdefault\u00bb phone_text_alignment=\u00bbdefault\u00bb background_color_opacity=\u00bb1&#8243; background_hover_color_opacity=\u00bb1&#8243; column_backdrop_filter=\u00bbnone\u00bb column_shadow=\u00bbnone\u00bb column_border_radius=\u00bbnone\u00bb column_link_target=\u00bb_self\u00bb column_position=\u00bbdefault\u00bb gradient_direction=\u00bbleft_to_right\u00bb overlay_strength=\u00bb0.3&#8243; width=\u00bb1\/1&#8243; tablet_width_inherit=\u00bbdefault\u00bb animation_type=\u00bbdefault\u00bb bg_image_animation=\u00bbnone\u00bb border_type=\u00bbsimple\u00bb column_border_width=\u00bbnone\u00bb column_border_style=\u00bbsolid\u00bb][\/vc_column][\/vc_row][vc_row type=\u00bbin_container\u00bb full_screen_row_position=\u00bbmiddle\u00bb column_margin=\u00bbdefault\u00bb column_direction=\u00bbdefault\u00bb column_direction_tablet=\u00bbdefault\u00bb column_direction_phone=\u00bbdefault\u00bb scene_position=\u00bbcenter\u00bb text_color=\u00bbdark\u00bb text_align=\u00bbleft\u00bb row_border_radius=\u00bbnone\u00bb row_border_radius_applies=\u00bbbg\u00bb overflow=\u00bbvisible\u00bb overlay_strength=\u00bb0.3&#8243; gradient_direction=\u00bbleft_to_right\u00bb shape_divider_position=\u00bbbottom\u00bb bg_image_animation=\u00bbnone\u00bb][vc_column column_padding=\u00bbno-extra-padding\u00bb column_padding_tablet=\u00bbinherit\u00bb column_padding_phone=\u00bbinherit\u00bb column_padding_position=\u00bball\u00bb column_element_direction_desktop=\u00bbdefault\u00bb column_element_spacing=\u00bbdefault\u00bb desktop_text_alignment=\u00bbdefault\u00bb tablet_text_alignment=\u00bbdefault\u00bb phone_text_alignment=\u00bbdefault\u00bb background_color_opacity=\u00bb1&#8243; background_hover_color_opacity=\u00bb1&#8243; column_backdrop_filter=\u00bbnone\u00bb column_shadow=\u00bbnone\u00bb column_border_radius=\u00bbnone\u00bb column_link_target=\u00bb_self\u00bb column_position=\u00bbdefault\u00bb gradient_direction=\u00bbleft_to_right\u00bb overlay_strength=\u00bb0.3&#8243; width=\u00bb1\/1&#8243; tablet_width_inherit=\u00bbdefault\u00bb animation_type=\u00bbdefault\u00bb bg_image_animation=\u00bbnone\u00bb border_type=\u00bbsimple\u00bb column_border_width=\u00bbnone\u00bb column_border_style=\u00bbsolid\u00bb][\/vc_column][\/vc_row]\n","protected":false},"excerpt":{"rendered":"<p>[vc_row type=\u00bbin_container\u00bb full_screen_row_position=\u00bbmiddle\u00bb column_margin=\u00bbdefault\u00bb column_direction=\u00bbdefault\u00bb column_direction_tablet=\u00bbdefault\u00bb column_direction_phone=\u00bbdefault\u00bb scene_position=\u00bbcenter\u00bb text_color=\u00bbdark\u00bb text_align=\u00bbleft\u00bb row_border_radius=\u00bbnone\u00bb row_border_radius_applies=\u00bbbg\u00bb overflow=\u00bbvisible\u00bb overlay_strength=\u00bb0.3&#8243; gradient_direction=\u00bbleft_to_right\u00bb shape_divider_position=\u00bbbottom\u00bb bg_image_animation=\u00bbnone\u00bb][vc_column column_padding=\u00bbno-extra-padding\u00bb column_padding_tablet=\u00bbinherit\u00bb column_padding_phone=\u00bbinherit\u00bb column_padding_position=\u00bball\u00bb column_element_direction_desktop=\u00bbdefault\u00bb column_element_spacing=\u00bbdefault\u00bb desktop_text_alignment=\u00bbdefault\u00bb tablet_text_alignment=\u00bbdefault\u00bb phone_text_alignment=\u00bbdefault\u00bb background_color_opacity=\u00bb1&#8243; background_hover_color_opacity=\u00bb1&#8243; column_backdrop_filter=\u00bbnone\u00bb column_shadow=\u00bbnone\u00bb&#8230;<\/p>\n","protected":false},"author":1,"featured_media":0,"parent":6030,"menu_order":0,"comment_status":"closed","ping_status":"closed","template":"","meta":{"footnotes":""},"class_list":["post-6033","page","type-page","status-publish"],"_links":{"self":[{"href":"https:\/\/catedra.us.es\/puertodesevilla\/wp-json\/wp\/v2\/pages\/6033","targetHints":{"allow":["GET"]}}],"collection":[{"href":"https:\/\/catedra.us.es\/puertodesevilla\/wp-json\/wp\/v2\/pages"}],"about":[{"href":"https:\/\/catedra.us.es\/puertodesevilla\/wp-json\/wp\/v2\/types\/page"}],"author":[{"embeddable":true,"href":"https:\/\/catedra.us.es\/puertodesevilla\/wp-json\/wp\/v2\/users\/1"}],"replies":[{"embeddable":true,"href":"https:\/\/catedra.us.es\/puertodesevilla\/wp-json\/wp\/v2\/comments?post=6033"}],"version-history":[{"count":9,"href":"https:\/\/catedra.us.es\/puertodesevilla\/wp-json\/wp\/v2\/pages\/6033\/revisions"}],"predecessor-version":[{"id":6237,"href":"https:\/\/catedra.us.es\/puertodesevilla\/wp-json\/wp\/v2\/pages\/6033\/revisions\/6237"}],"up":[{"embeddable":true,"href":"https:\/\/catedra.us.es\/puertodesevilla\/wp-json\/wp\/v2\/pages\/6030"}],"wp:attachment":[{"href":"https:\/\/catedra.us.es\/puertodesevilla\/wp-json\/wp\/v2\/media?parent=6033"}],"curies":[{"name":"wp","href":"https:\/\/api.w.org\/{rel}","templated":true}]}}